{"id":1025,"date":"2014-01-01T15:59:10","date_gmt":"2014-01-01T15:59:10","guid":{"rendered":"http:\/\/centrala.org.uk\/?post_type=product&#038;p=1025"},"modified":"2018-08-31T10:33:40","modified_gmt":"2018-08-31T09:33:40","slug":"s-12-future-2-0","status":"publish","type":"product","link":"https:\/\/centrala.org.uk\/centrala_test\/product\/s-12-future-2-0\/","title":{"rendered":"\u0161! #12, Future 2.0"},"content":{"rendered":"<p>Cover by Michael DeForge<\/p>\n<p>Artists: Anja Wicki (Switzerland), Charles Forsman (USA), Chris Kuzma (Canada), Dace Sieti\u0146a (Latvia), Dustin Harbin (USA), Ernests K\u013cavi\u0146\u0161 (Latvia), Ginette Lapalme (Canada), Irkus M. Zeberio (Basque Country), Jane Mai (USA), Jesse Jacobs (Canada), John Martz (Canada), Jon Boam (UK), Julie Delporte (France), K\u00f6nig L\u00fc.Q. (Switzerland), Kuba Woynarowski (Poland), L\u00e9o Quievreux (France), Luke Ramsey (Canada), Maciej Sie\u0144czyk (Poland), M\u0101rti\u0146\u0161 Zutis (Latvia), Melissa Mendes (USA), Michael Comeau (Canada), Michael DeForge (Canada),Nicolas Zouliamis (Belgium), Oskars Pavlovskis (Latvia), Patrick Kyle (Canada), Paul Paetzel (Germany), Ryan Cecil Smith (USA), Steve Wilson (Canada) and Tiina Lehikoinen (Finland)<br \/>\nSpecial Co-Editor: Annie Koyama (Canada)<\/p>\n<div id='gallery-1' class='gallery galleryid-1025 gallery-columns-3 gallery-size-thumbnail'><figure class='gallery-item'>\n\t\t\t<div class='gallery-icon portrait'>\n\t\t\t\t<a href='https:\/\/centrala.org.uk\/centrala_test\/?attachment_id=1027'><img loading=\"lazy\" decoding=\"async\" width=\"210\" height=\"296\" src=\"https:\/\/centrala.org.uk\/centrala_test\/wp-content\/uploads\/2015\/08\/S1201-210x296.jpg\" class=\"attachment-thumbnail size-thumbnail\" alt=\"\" srcset=\"https:\/\/centrala.org.uk\/centrala_test\/wp-content\/uploads\/2015\/08\/S1201-210x296.jpg 210w, https:\/\/centrala.org.uk\/centrala_test\/wp-content\/uploads\/2015\/08\/S1201-640x902.jpg 640w, https:\/\/centrala.org.uk\/centrala_test\/wp-content\/uploads\/2015\/08\/S1201-638x900.jpg 638w, https:\/\/centrala.org.uk\/centrala_test\/wp-content\/uploads\/2015\/08\/S1201-480x676.jpg 480w, https:\/\/centrala.org.uk\/centrala_test\/wp-content\/uploads\/2015\/08\/S1201.jpg 690w\" sizes=\"auto, (max-width: 210px) 100vw, 210px\" \/><\/a>\n\t\t\t<\/div><\/figure><figure class='gallery-item'>\n\t\t\t<div class='gallery-icon portrait'>\n\t\t\t\t<a href='https:\/\/centrala.org.uk\/centrala_test\/?attachment_id=1028'><img loading=\"lazy\" decoding=\"async\" width=\"210\" height=\"296\" src=\"https:\/\/centrala.org.uk\/centrala_test\/wp-content\/uploads\/2015\/08\/S1202-210x296.jpg\" class=\"attachment-thumbnail size-thumbnail\" alt=\"\" srcset=\"https:\/\/centrala.org.uk\/centrala_test\/wp-content\/uploads\/2015\/08\/S1202-210x296.jpg 210w, https:\/\/centrala.org.uk\/centrala_test\/wp-content\/uploads\/2015\/08\/S1202-640x903.jpg 640w, https:\/\/centrala.org.uk\/centrala_test\/wp-content\/uploads\/2015\/08\/S1202-637x900.jpg 637w, https:\/\/centrala.org.uk\/centrala_test\/wp-content\/uploads\/2015\/08\/S1202-480x677.jpg 480w, https:\/\/centrala.org.uk\/centrala_test\/wp-content\/uploads\/2015\/08\/S1202.jpg 660w\" sizes=\"auto, (max-width: 210px) 100vw, 210px\" \/><\/a>\n\t\t\t<\/div><\/figure><figure class='gallery-item'>\n\t\t\t<div class='gallery-icon portrait'>\n\t\t\t\t<a href='https:\/\/centrala.org.uk\/centrala_test\/?attachment_id=1029'><img loading=\"lazy\" decoding=\"async\" width=\"210\" height=\"295\" src=\"https:\/\/centrala.org.uk\/centrala_test\/wp-content\/uploads\/2015\/08\/S1203-210x295.jpg\" class=\"attachment-thumbnail size-thumbnail\" alt=\"\" srcset=\"https:\/\/centrala.org.uk\/centrala_test\/wp-content\/uploads\/2015\/08\/S1203-210x295.jpg 210w, https:\/\/centrala.org.uk\/centrala_test\/wp-content\/uploads\/2015\/08\/S1203-640x900.jpg 640w, https:\/\/centrala.org.uk\/centrala_test\/wp-content\/uploads\/2015\/08\/S1203-639x900.jpg 639w, https:\/\/centrala.org.uk\/centrala_test\/wp-content\/uploads\/2015\/08\/S1203-480x675.jpg 480w, https:\/\/centrala.org.uk\/centrala_test\/wp-content\/uploads\/2015\/08\/S1203.jpg 690w\" sizes=\"auto, (max-width: 210px) 100vw, 210px\" \/><\/a>\n\t\t\t<\/div><\/figure><figure class='gallery-item'>\n\t\t\t<div class='gallery-icon portrait'>\n\t\t\t\t<a href='https:\/\/centrala.org.uk\/centrala_test\/?attachment_id=1030'><img loading=\"lazy\" decoding=\"async\" width=\"210\" height=\"288\" src=\"https:\/\/centrala.org.uk\/centrala_test\/wp-content\/uploads\/2015\/08\/S1204-210x288.jpg\" class=\"attachment-thumbnail size-thumbnail\" alt=\"\" srcset=\"https:\/\/centrala.org.uk\/centrala_test\/wp-content\/uploads\/2015\/08\/S1204-210x288.jpg 210w, https:\/\/centrala.org.uk\/centrala_test\/wp-content\/uploads\/2015\/08\/S1204-640x879.jpg 640w, https:\/\/centrala.org.uk\/centrala_test\/wp-content\/uploads\/2015\/08\/S1204-655x900.jpg 655w, https:\/\/centrala.org.uk\/centrala_test\/wp-content\/uploads\/2015\/08\/S1204-480x659.jpg 480w, https:\/\/centrala.org.uk\/centrala_test\/wp-content\/uploads\/2015\/08\/S1204.jpg 690w\" sizes=\"auto, (max-width: 210px) 100vw, 210px\" \/><\/a>\n\t\t\t<\/div><\/figure><figure class='gallery-item'>\n\t\t\t<div class='gallery-icon portrait'>\n\t\t\t\t<a href='https:\/\/centrala.org.uk\/centrala_test\/?attachment_id=1031'><img loading=\"lazy\" decoding=\"async\" width=\"210\" height=\"296\" src=\"https:\/\/centrala.org.uk\/centrala_test\/wp-content\/uploads\/2015\/08\/S1205-210x296.jpg\" class=\"attachment-thumbnail size-thumbnail\" alt=\"\" srcset=\"https:\/\/centrala.org.uk\/centrala_test\/wp-content\/uploads\/2015\/08\/S1205-210x296.jpg 210w, https:\/\/centrala.org.uk\/centrala_test\/wp-content\/uploads\/2015\/08\/S1205-640x902.jpg 640w, https:\/\/centrala.org.uk\/centrala_test\/wp-content\/uploads\/2015\/08\/S1205-638x900.jpg 638w, https:\/\/centrala.org.uk\/centrala_test\/wp-content\/uploads\/2015\/08\/S1205-480x676.jpg 480w, https:\/\/centrala.org.uk\/centrala_test\/wp-content\/uploads\/2015\/08\/S1205.jpg 690w\" sizes=\"auto, (max-width: 210px) 100vw, 210px\" \/><\/a>\n\t\t\t<\/div><\/figure>\n\t\t<\/div>\n\n","protected":false},"excerpt":{"rendered":"<p>\u0161! #12 contains comics from twenty-nine artists from Europe and North America about the theme &#8220;Future 2.0&#8221;.<\/p>\n","protected":false},"featured_media":1026,"comment_status":"open","ping_status":"closed","template":"","meta":{"_acf_changed":false},"product_brand":[],"product_cat":[88,22],"product_tag":[145,115,116,117],"series":[],"class_list":{"0":"post-1025","1":"product","2":"type-product","3":"status-publish","4":"has-post-thumbnail","6":"product_cat-magazine","7":"product_cat-comics-and-graphic-novels","8":"product_tag-distro-2","9":"product_tag-kus","10":"product_tag-magazine-2","11":"product_tag-s","13":"first","14":"outofstock","15":"shipping-taxable","16":"purchasable","17":"product-type-simple"},"acf":[],"_links":{"self":[{"href":"https:\/\/centrala.org.uk\/centrala_test\/wp-json\/wp\/v2\/product\/1025","targetHints":{"allow":["GET"]}}],"collection":[{"href":"https:\/\/centrala.org.uk\/centrala_test\/wp-json\/wp\/v2\/product"}],"about":[{"href":"https:\/\/centrala.org.uk\/centrala_test\/wp-json\/wp\/v2\/types\/product"}],"replies":[{"embeddable":true,"href":"https:\/\/centrala.org.uk\/centrala_test\/wp-json\/wp\/v2\/comments?post=1025"}],"wp:featuredmedia":[{"embeddable":true,"href":"https:\/\/centrala.org.uk\/centrala_test\/wp-json\/wp\/v2\/media\/1026"}],"wp:attachment":[{"href":"https:\/\/centrala.org.uk\/centrala_test\/wp-json\/wp\/v2\/media?parent=1025"}],"wp:term":[{"taxonomy":"product_brand","embeddable":true,"href":"https:\/\/centrala.org.uk\/centrala_test\/wp-json\/wp\/v2\/product_brand?post=1025"},{"taxonomy":"product_cat","embeddable":true,"href":"https:\/\/centrala.org.uk\/centrala_test\/wp-json\/wp\/v2\/product_cat?post=1025"},{"taxonomy":"product_tag","embeddable":true,"href":"https:\/\/centrala.org.uk\/centrala_test\/wp-json\/wp\/v2\/product_tag?post=1025"},{"taxonomy":"series","embeddable":true,"href":"https:\/\/centrala.org.uk\/centrala_test\/wp-json\/wp\/v2\/series?post=1025"}],"curies":[{"name":"wp","href":"https:\/\/api.w.org\/{rel}","templated":true}]}}