{"id":1032,"date":"2014-01-01T16:27:45","date_gmt":"2014-01-01T16:27:45","guid":{"rendered":"http:\/\/centrala.org.uk\/?post_type=product&#038;p=1032"},"modified":"2016-06-28T11:55:25","modified_gmt":"2016-06-28T10:55:25","slug":"s-13-life-is-live","status":"publish","type":"product","link":"https:\/\/centrala.org.uk\/centrala_test\/product\/s-13-life-is-live\/","title":{"rendered":"\u0161! #13 &#8220;Life is Live&#8221;"},"content":{"rendered":"<p>Cover: Ana Albero (Spain)<\/p>\n<p><div id='gallery-1' class='gallery galleryid-1032 gallery-columns-3 gallery-size-thumbnail'><figure class='gallery-item'>\n\t\t\t<div class='gallery-icon portrait'>\n\t\t\t\t<a href='https:\/\/centrala.org.uk\/centrala_test\/?attachment_id=1034'><img loading=\"lazy\" decoding=\"async\" width=\"210\" height=\"296\" src=\"https:\/\/centrala.org.uk\/centrala_test\/wp-content\/uploads\/2015\/08\/S1301-210x296.jpg\" class=\"attachment-thumbnail size-thumbnail\" alt=\"\" srcset=\"https:\/\/centrala.org.uk\/centrala_test\/wp-content\/uploads\/2015\/08\/S1301-210x296.jpg 210w, https:\/\/centrala.org.uk\/centrala_test\/wp-content\/uploads\/2015\/08\/S1301-640x903.jpg 640w, https:\/\/centrala.org.uk\/centrala_test\/wp-content\/uploads\/2015\/08\/S1301-637x900.jpg 637w, https:\/\/centrala.org.uk\/centrala_test\/wp-content\/uploads\/2015\/08\/S1301-480x677.jpg 480w, https:\/\/centrala.org.uk\/centrala_test\/wp-content\/uploads\/2015\/08\/S1301.jpg 1063w\" sizes=\"auto, (max-width: 210px) 100vw, 210px\" \/><\/a>\n\t\t\t<\/div><\/figure><figure class='gallery-item'>\n\t\t\t<div class='gallery-icon portrait'>\n\t\t\t\t<a href='https:\/\/centrala.org.uk\/centrala_test\/?attachment_id=1035'><img loading=\"lazy\" decoding=\"async\" width=\"210\" height=\"296\" src=\"https:\/\/centrala.org.uk\/centrala_test\/wp-content\/uploads\/2015\/08\/S1302-210x296.jpg\" class=\"attachment-thumbnail size-thumbnail\" alt=\"\" srcset=\"https:\/\/centrala.org.uk\/centrala_test\/wp-content\/uploads\/2015\/08\/S1302-210x296.jpg 210w, https:\/\/centrala.org.uk\/centrala_test\/wp-content\/uploads\/2015\/08\/S1302-480x676.jpg 480w, https:\/\/centrala.org.uk\/centrala_test\/wp-content\/uploads\/2015\/08\/S1302.jpg 500w\" sizes=\"auto, (max-width: 210px) 100vw, 210px\" \/><\/a>\n\t\t\t<\/div><\/figure><figure class='gallery-item'>\n\t\t\t<div class='gallery-icon portrait'>\n\t\t\t\t<a href='https:\/\/centrala.org.uk\/centrala_test\/?attachment_id=1036'><img loading=\"lazy\" decoding=\"async\" width=\"210\" height=\"296\" src=\"https:\/\/centrala.org.uk\/centrala_test\/wp-content\/uploads\/2015\/08\/S1303.jpg\" class=\"attachment-thumbnail size-thumbnail\" alt=\"\" srcset=\"https:\/\/centrala.org.uk\/centrala_test\/wp-content\/uploads\/2015\/08\/S1303.jpg 1000w, https:\/\/centrala.org.uk\/centrala_test\/wp-content\/uploads\/2015\/08\/S1303-640x902.jpg 640w, https:\/\/centrala.org.uk\/centrala_test\/wp-content\/uploads\/2015\/08\/S1303-638x900.jpg 638w, https:\/\/centrala.org.uk\/centrala_test\/wp-content\/uploads\/2015\/08\/S1303-210x296.jpg 210w, https:\/\/centrala.org.uk\/centrala_test\/wp-content\/uploads\/2015\/08\/S1303-480x676.jpg 480w\" sizes=\"auto, (max-width: 210px) 100vw, 210px\" \/><\/a>\n\t\t\t<\/div><\/figure><figure class='gallery-item'>\n\t\t\t<div class='gallery-icon portrait'>\n\t\t\t\t<a href='https:\/\/centrala.org.uk\/centrala_test\/?attachment_id=1037'><img loading=\"lazy\" decoding=\"async\" width=\"210\" height=\"296\" src=\"https:\/\/centrala.org.uk\/centrala_test\/wp-content\/uploads\/2015\/08\/S1304-210x296.jpg\" class=\"attachment-thumbnail size-thumbnail\" alt=\"\" srcset=\"https:\/\/centrala.org.uk\/centrala_test\/wp-content\/uploads\/2015\/08\/S1304-210x296.jpg 210w, https:\/\/centrala.org.uk\/centrala_test\/wp-content\/uploads\/2015\/08\/S1304-640x902.jpg 640w, https:\/\/centrala.org.uk\/centrala_test\/wp-content\/uploads\/2015\/08\/S1304-638x900.jpg 638w, https:\/\/centrala.org.uk\/centrala_test\/wp-content\/uploads\/2015\/08\/S1304-480x676.jpg 480w, https:\/\/centrala.org.uk\/centrala_test\/wp-content\/uploads\/2015\/08\/S1304.jpg 1000w\" sizes=\"auto, (max-width: 210px) 100vw, 210px\" \/><\/a>\n\t\t\t<\/div><\/figure><figure class='gallery-item'>\n\t\t\t<div class='gallery-icon portrait'>\n\t\t\t\t<a href='https:\/\/centrala.org.uk\/centrala_test\/?attachment_id=1038'><img loading=\"lazy\" decoding=\"async\" width=\"210\" height=\"296\" src=\"https:\/\/centrala.org.uk\/centrala_test\/wp-content\/uploads\/2015\/08\/S1305-210x296.jpg\" class=\"attachment-thumbnail size-thumbnail\" alt=\"\" srcset=\"https:\/\/centrala.org.uk\/centrala_test\/wp-content\/uploads\/2015\/08\/S1305-210x296.jpg 210w, https:\/\/centrala.org.uk\/centrala_test\/wp-content\/uploads\/2015\/08\/S1305-640x902.jpg 640w, https:\/\/centrala.org.uk\/centrala_test\/wp-content\/uploads\/2015\/08\/S1305-638x900.jpg 638w, https:\/\/centrala.org.uk\/centrala_test\/wp-content\/uploads\/2015\/08\/S1305-480x676.jpg 480w, https:\/\/centrala.org.uk\/centrala_test\/wp-content\/uploads\/2015\/08\/S1305.jpg 1000w\" sizes=\"auto, (max-width: 210px) 100vw, 210px\" \/><\/a>\n\t\t\t<\/div><\/figure>\n\t\t<\/div>\n<br \/>\nContributors: Akvil\u0117 Misevi\u010di\u016bt\u0117 (Lithuania), Ana Albero (Spain), Anete Melece (Latvia), Anna Vaivare (Latvia), Berliac (Argentina), Bianca Bagnarelli (Italy), Dace Sieti\u0146a (Latvia), Dogboy (UK), HTMLflowers (USA\/ Australia), Ian Andersen (USA), In\u00e9s Estrada (Mexico), Ingr\u012bda Pi\u010dukane (Latvia), Jonny Negron (Puerto Rico\/USA), Julia Gfr\u00f6rer (USA), K\u0101rlis V\u012btols (Latvia), K\u00f6nig L\u00fc.Q. (Switzerland), Liisa Kivim\u00e4e (Estonia), L\u012bva \u0100bolti\u0146a (Latvia), Maciej Sie\u0144czyk (Poland), Maija L\u012bduma (Latvia), Marlene Krause (Germany), Oleg Tischenkov (Russia), R\u016bta Briede (Latvia), Sab\u012bne Moore (Latvia), Simon Hanselmann (Australia), Thomas Wellmann (Germany)<\/p>\n","protected":false},"excerpt":{"rendered":"<p>The Baltic Comics Anthology \u0161! #13 &#8220;Life is Live&#8221; contains autobiographic, semi-autobiographic and autobiografictional comics by 26 Latvian and international cartoonists.<\/p>\n","protected":false},"featured_media":1033,"comment_status":"open","ping_status":"closed","template":"","meta":{"_acf_changed":false},"product_brand":[],"product_cat":[88,22],"product_tag":[145,115,116,117],"series":[],"class_list":{"0":"post-1032","1":"product","2":"type-product","3":"status-publish","4":"has-post-thumbnail","6":"product_cat-magazine","7":"product_cat-comics-and-graphic-novels","8":"product_tag-distro-2","9":"product_tag-kus","10":"product_tag-magazine-2","11":"product_tag-s","13":"first","14":"outofstock","15":"shipping-taxable","16":"purchasable","17":"product-type-simple"},"acf":[],"_links":{"self":[{"href":"https:\/\/centrala.org.uk\/centrala_test\/wp-json\/wp\/v2\/product\/1032","targetHints":{"allow":["GET"]}}],"collection":[{"href":"https:\/\/centrala.org.uk\/centrala_test\/wp-json\/wp\/v2\/product"}],"about":[{"href":"https:\/\/centrala.org.uk\/centrala_test\/wp-json\/wp\/v2\/types\/product"}],"replies":[{"embeddable":true,"href":"https:\/\/centrala.org.uk\/centrala_test\/wp-json\/wp\/v2\/comments?post=1032"}],"wp:featuredmedia":[{"embeddable":true,"href":"https:\/\/centrala.org.uk\/centrala_test\/wp-json\/wp\/v2\/media\/1033"}],"wp:attachment":[{"href":"https:\/\/centrala.org.uk\/centrala_test\/wp-json\/wp\/v2\/media?parent=1032"}],"wp:term":[{"taxonomy":"product_brand","embeddable":true,"href":"https:\/\/centrala.org.uk\/centrala_test\/wp-json\/wp\/v2\/product_brand?post=1032"},{"taxonomy":"product_cat","embeddable":true,"href":"https:\/\/centrala.org.uk\/centrala_test\/wp-json\/wp\/v2\/product_cat?post=1032"},{"taxonomy":"product_tag","embeddable":true,"href":"https:\/\/centrala.org.uk\/centrala_test\/wp-json\/wp\/v2\/product_tag?post=1032"},{"taxonomy":"series","embeddable":true,"href":"https:\/\/centrala.org.uk\/centrala_test\/wp-json\/wp\/v2\/series?post=1032"}],"curies":[{"name":"wp","href":"https:\/\/api.w.org\/{rel}","templated":true}]}}