{"id":1046,"date":"2014-01-01T16:39:43","date_gmt":"2014-01-01T16:39:43","guid":{"rendered":"http:\/\/centrala.org.uk\/?post_type=product&#038;p=1046"},"modified":"2017-04-10T15:38:26","modified_gmt":"2017-04-10T14:38:26","slug":"s-15-cats","status":"publish","type":"product","link":"https:\/\/centrala.org.uk\/centrala_test\/product\/s-15-cats\/","title":{"rendered":"\u0161! #15 &#8216;Cats&#8217;"},"content":{"rendered":"<p>Cover: Edgars Folks (Latvia)<\/p>\n<p><div id='gallery-1' class='gallery galleryid-1046 gallery-columns-3 gallery-size-thumbnail'><figure class='gallery-item'>\n\t\t\t<div class='gallery-icon portrait'>\n\t\t\t\t<a href='https:\/\/centrala.org.uk\/centrala_test\/?attachment_id=1048'><img loading=\"lazy\" decoding=\"async\" width=\"210\" height=\"291\" src=\"https:\/\/centrala.org.uk\/centrala_test\/wp-content\/uploads\/2015\/08\/S1501-210x291.jpg\" class=\"attachment-thumbnail size-thumbnail\" alt=\"\" srcset=\"https:\/\/centrala.org.uk\/centrala_test\/wp-content\/uploads\/2015\/08\/S1501-210x291.jpg 210w, https:\/\/centrala.org.uk\/centrala_test\/wp-content\/uploads\/2015\/08\/S1501-480x666.jpg 480w, https:\/\/centrala.org.uk\/centrala_test\/wp-content\/uploads\/2015\/08\/S1501.jpg 600w\" sizes=\"auto, (max-width: 210px) 100vw, 210px\" \/><\/a>\n\t\t\t<\/div><\/figure><figure class='gallery-item'>\n\t\t\t<div class='gallery-icon portrait'>\n\t\t\t\t<a href='https:\/\/centrala.org.uk\/centrala_test\/?attachment_id=1049'><img loading=\"lazy\" decoding=\"async\" width=\"210\" height=\"296\" src=\"https:\/\/centrala.org.uk\/centrala_test\/wp-content\/uploads\/2015\/08\/S1502-210x296.jpg\" class=\"attachment-thumbnail size-thumbnail\" alt=\"\" srcset=\"https:\/\/centrala.org.uk\/centrala_test\/wp-content\/uploads\/2015\/08\/S1502-210x296.jpg 210w, https:\/\/centrala.org.uk\/centrala_test\/wp-content\/uploads\/2015\/08\/S1502-480x676.jpg 480w, https:\/\/centrala.org.uk\/centrala_test\/wp-content\/uploads\/2015\/08\/S1502.jpg 600w\" sizes=\"auto, (max-width: 210px) 100vw, 210px\" \/><\/a>\n\t\t\t<\/div><\/figure><figure class='gallery-item'>\n\t\t\t<div class='gallery-icon portrait'>\n\t\t\t\t<a href='https:\/\/centrala.org.uk\/centrala_test\/?attachment_id=1050'><img loading=\"lazy\" decoding=\"async\" width=\"210\" height=\"306\" src=\"https:\/\/centrala.org.uk\/centrala_test\/wp-content\/uploads\/2015\/08\/S1503-210x306.jpg\" class=\"attachment-thumbnail size-thumbnail\" alt=\"\" srcset=\"https:\/\/centrala.org.uk\/centrala_test\/wp-content\/uploads\/2015\/08\/S1503-210x306.jpg 210w, https:\/\/centrala.org.uk\/centrala_test\/wp-content\/uploads\/2015\/08\/S1503-480x700.jpg 480w, https:\/\/centrala.org.uk\/centrala_test\/wp-content\/uploads\/2015\/08\/S1503.jpg 600w\" sizes=\"auto, (max-width: 210px) 100vw, 210px\" \/><\/a>\n\t\t\t<\/div><\/figure><figure class='gallery-item'>\n\t\t\t<div class='gallery-icon portrait'>\n\t\t\t\t<a href='https:\/\/centrala.org.uk\/centrala_test\/?attachment_id=1051'><img loading=\"lazy\" decoding=\"async\" width=\"210\" height=\"295\" src=\"https:\/\/centrala.org.uk\/centrala_test\/wp-content\/uploads\/2015\/08\/S1504-210x295.jpg\" class=\"attachment-thumbnail size-thumbnail\" alt=\"\" srcset=\"https:\/\/centrala.org.uk\/centrala_test\/wp-content\/uploads\/2015\/08\/S1504-210x295.jpg 210w, https:\/\/centrala.org.uk\/centrala_test\/wp-content\/uploads\/2015\/08\/S1504-480x674.jpg 480w, https:\/\/centrala.org.uk\/centrala_test\/wp-content\/uploads\/2015\/08\/S1504.jpg 600w\" sizes=\"auto, (max-width: 210px) 100vw, 210px\" \/><\/a>\n\t\t\t<\/div><\/figure><figure class='gallery-item'>\n\t\t\t<div class='gallery-icon portrait'>\n\t\t\t\t<a href='https:\/\/centrala.org.uk\/centrala_test\/?attachment_id=1052'><img loading=\"lazy\" decoding=\"async\" width=\"210\" height=\"293\" src=\"https:\/\/centrala.org.uk\/centrala_test\/wp-content\/uploads\/2015\/08\/S1505-210x293.jpg\" class=\"attachment-thumbnail size-thumbnail\" alt=\"\" srcset=\"https:\/\/centrala.org.uk\/centrala_test\/wp-content\/uploads\/2015\/08\/S1505-210x293.jpg 210w, https:\/\/centrala.org.uk\/centrala_test\/wp-content\/uploads\/2015\/08\/S1505-480x671.jpg 480w, https:\/\/centrala.org.uk\/centrala_test\/wp-content\/uploads\/2015\/08\/S1505.jpg 600w\" sizes=\"auto, (max-width: 210px) 100vw, 210px\" \/><\/a>\n\t\t\t<\/div><\/figure>\n\t\t<\/div>\n<br \/>\nArtists: Dace Sieti\u0146a (Latvia \/ Netherlands), D\u0101vis Ozols (Latvia), Edie Fake (USA), Emmi Valve (Finland), Ernests K\u013cavi\u0146\u0161 (Latvia), John Broadley (England), K\u00f6nig L\u00fc.Q. (Switzerland), Lars Sjunnesson (Sweden), L\u00e9o Quievreux &amp; Fredox (France), L.L. de Mars (France), Margrieta Dreiblate (Latvia), Mar\u00eda In\u00e9s Gul (Poland), M\u0101rti\u0146\u0161 Zutis (Latvia), Michael DeForge (Canada), Paul Paetzel (Germany), Pedro Franz (Brazil), Reinis P\u0113tersons (Latvia), Rom\u00e9o Julien (France), R\u016bta Briede (Latvia), Warren Craghead (USA), Weng Pixin (Singapore).<\/p>\n","protected":false},"excerpt":{"rendered":"<p>The Baltic Comics Anthology \u0161! #15 is dedicated to everybody&#8217;s most beloved four-legged friends: Cats!<\/p>\n","protected":false},"featured_media":1047,"comment_status":"open","ping_status":"closed","template":"","meta":{"_acf_changed":false},"product_brand":[],"product_cat":[88,22],"product_tag":[145,115,116,117],"series":[],"class_list":{"0":"post-1046","1":"product","2":"type-product","3":"status-publish","4":"has-post-thumbnail","6":"product_cat-magazine","7":"product_cat-comics-and-graphic-novels","8":"product_tag-distro-2","9":"product_tag-kus","10":"product_tag-magazine-2","11":"product_tag-s","13":"first","14":"outofstock","15":"shipping-taxable","16":"purchasable","17":"product-type-simple"},"acf":[],"_links":{"self":[{"href":"https:\/\/centrala.org.uk\/centrala_test\/wp-json\/wp\/v2\/product\/1046","targetHints":{"allow":["GET"]}}],"collection":[{"href":"https:\/\/centrala.org.uk\/centrala_test\/wp-json\/wp\/v2\/product"}],"about":[{"href":"https:\/\/centrala.org.uk\/centrala_test\/wp-json\/wp\/v2\/types\/product"}],"replies":[{"embeddable":true,"href":"https:\/\/centrala.org.uk\/centrala_test\/wp-json\/wp\/v2\/comments?post=1046"}],"wp:featuredmedia":[{"embeddable":true,"href":"https:\/\/centrala.org.uk\/centrala_test\/wp-json\/wp\/v2\/media\/1047"}],"wp:attachment":[{"href":"https:\/\/centrala.org.uk\/centrala_test\/wp-json\/wp\/v2\/media?parent=1046"}],"wp:term":[{"taxonomy":"product_brand","embeddable":true,"href":"https:\/\/centrala.org.uk\/centrala_test\/wp-json\/wp\/v2\/product_brand?post=1046"},{"taxonomy":"product_cat","embeddable":true,"href":"https:\/\/centrala.org.uk\/centrala_test\/wp-json\/wp\/v2\/product_cat?post=1046"},{"taxonomy":"product_tag","embeddable":true,"href":"https:\/\/centrala.org.uk\/centrala_test\/wp-json\/wp\/v2\/product_tag?post=1046"},{"taxonomy":"series","embeddable":true,"href":"https:\/\/centrala.org.uk\/centrala_test\/wp-json\/wp\/v2\/series?post=1046"}],"curies":[{"name":"wp","href":"https:\/\/api.w.org\/{rel}","templated":true}]}}