{"id":1081,"date":"2014-01-01T17:16:11","date_gmt":"2014-01-01T17:16:11","guid":{"rendered":"http:\/\/centrala.org.uk\/?post_type=product&#038;p=1081"},"modified":"2023-06-07T08:12:20","modified_gmt":"2023-06-07T07:12:20","slug":"s-19-mathematics","status":"publish","type":"product","link":"https:\/\/centrala.org.uk\/centrala_test\/product\/s-19-mathematics\/","title":{"rendered":"\u0161! #19 &#8220;Mathematics&#8217;"},"content":{"rendered":"<p>Cover: Ernests K\u013cavi\u0146\u0161 (Latvia)<\/p>\n<p><div id='gallery-1' class='gallery galleryid-1081 gallery-columns-3 gallery-size-thumbnail'><figure class='gallery-item'>\n\t\t\t<div class='gallery-icon portrait'>\n\t\t\t\t<a href='https:\/\/centrala.org.uk\/centrala_test\/?attachment_id=1083'><img loading=\"lazy\" decoding=\"async\" width=\"210\" height=\"296\" src=\"https:\/\/centrala.org.uk\/centrala_test\/wp-content\/uploads\/2015\/08\/1901.jpg\" class=\"attachment-thumbnail size-thumbnail\" alt=\"\" srcset=\"https:\/\/centrala.org.uk\/centrala_test\/wp-content\/uploads\/2015\/08\/1901.jpg 710w, https:\/\/centrala.org.uk\/centrala_test\/wp-content\/uploads\/2015\/08\/1901-640x901.jpg 640w, https:\/\/centrala.org.uk\/centrala_test\/wp-content\/uploads\/2015\/08\/1901-639x900.jpg 639w, https:\/\/centrala.org.uk\/centrala_test\/wp-content\/uploads\/2015\/08\/1901-210x295.jpg 210w, https:\/\/centrala.org.uk\/centrala_test\/wp-content\/uploads\/2015\/08\/1901-480x676.jpg 480w\" sizes=\"auto, (max-width: 210px) 100vw, 210px\" \/><\/a>\n\t\t\t<\/div><\/figure><figure class='gallery-item'>\n\t\t\t<div class='gallery-icon portrait'>\n\t\t\t\t<a href='https:\/\/centrala.org.uk\/centrala_test\/?attachment_id=1084'><img loading=\"lazy\" decoding=\"async\" width=\"210\" height=\"295\" src=\"https:\/\/centrala.org.uk\/centrala_test\/wp-content\/uploads\/2015\/08\/1902-210x295.jpg\" class=\"attachment-thumbnail size-thumbnail\" alt=\"\" srcset=\"https:\/\/centrala.org.uk\/centrala_test\/wp-content\/uploads\/2015\/08\/1902-210x295.jpg 210w, https:\/\/centrala.org.uk\/centrala_test\/wp-content\/uploads\/2015\/08\/1902-640x901.jpg 640w, https:\/\/centrala.org.uk\/centrala_test\/wp-content\/uploads\/2015\/08\/1902-639x900.jpg 639w, https:\/\/centrala.org.uk\/centrala_test\/wp-content\/uploads\/2015\/08\/1902-480x676.jpg 480w, https:\/\/centrala.org.uk\/centrala_test\/wp-content\/uploads\/2015\/08\/1902.jpg 710w\" sizes=\"auto, (max-width: 210px) 100vw, 210px\" \/><\/a>\n\t\t\t<\/div><\/figure><figure class='gallery-item'>\n\t\t\t<div class='gallery-icon portrait'>\n\t\t\t\t<a href='https:\/\/centrala.org.uk\/centrala_test\/?attachment_id=1085'><img loading=\"lazy\" decoding=\"async\" width=\"210\" height=\"289\" src=\"https:\/\/centrala.org.uk\/centrala_test\/wp-content\/uploads\/2015\/08\/1903-210x289.jpg\" class=\"attachment-thumbnail size-thumbnail\" alt=\"\" srcset=\"https:\/\/centrala.org.uk\/centrala_test\/wp-content\/uploads\/2015\/08\/1903-210x289.jpg 210w, https:\/\/centrala.org.uk\/centrala_test\/wp-content\/uploads\/2015\/08\/1903-640x881.jpg 640w, https:\/\/centrala.org.uk\/centrala_test\/wp-content\/uploads\/2015\/08\/1903-653x900.jpg 653w, https:\/\/centrala.org.uk\/centrala_test\/wp-content\/uploads\/2015\/08\/1903-480x661.jpg 480w, https:\/\/centrala.org.uk\/centrala_test\/wp-content\/uploads\/2015\/08\/1903.jpg 726w\" sizes=\"auto, (max-width: 210px) 100vw, 210px\" \/><\/a>\n\t\t\t<\/div><\/figure><figure class='gallery-item'>\n\t\t\t<div class='gallery-icon portrait'>\n\t\t\t\t<a href='https:\/\/centrala.org.uk\/centrala_test\/?attachment_id=1086'><img loading=\"lazy\" decoding=\"async\" width=\"210\" height=\"296\" src=\"https:\/\/centrala.org.uk\/centrala_test\/wp-content\/uploads\/2015\/08\/1904-210x296.jpg\" class=\"attachment-thumbnail size-thumbnail\" alt=\"\" srcset=\"https:\/\/centrala.org.uk\/centrala_test\/wp-content\/uploads\/2015\/08\/1904-210x296.jpg 210w, https:\/\/centrala.org.uk\/centrala_test\/wp-content\/uploads\/2015\/08\/1904-640x902.jpg 640w, https:\/\/centrala.org.uk\/centrala_test\/wp-content\/uploads\/2015\/08\/1904-638x900.jpg 638w, https:\/\/centrala.org.uk\/centrala_test\/wp-content\/uploads\/2015\/08\/1904-480x676.jpg 480w, https:\/\/centrala.org.uk\/centrala_test\/wp-content\/uploads\/2015\/08\/1904.jpg 800w\" sizes=\"auto, (max-width: 210px) 100vw, 210px\" \/><\/a>\n\t\t\t<\/div><\/figure><figure class='gallery-item'>\n\t\t\t<div class='gallery-icon portrait'>\n\t\t\t\t<a href='https:\/\/centrala.org.uk\/centrala_test\/?attachment_id=1087'><img loading=\"lazy\" decoding=\"async\" width=\"210\" height=\"288\" src=\"https:\/\/centrala.org.uk\/centrala_test\/wp-content\/uploads\/2015\/08\/1905-210x288.jpg\" class=\"attachment-thumbnail size-thumbnail\" alt=\"\" srcset=\"https:\/\/centrala.org.uk\/centrala_test\/wp-content\/uploads\/2015\/08\/1905-210x288.jpg 210w, https:\/\/centrala.org.uk\/centrala_test\/wp-content\/uploads\/2015\/08\/1905-640x880.jpg 640w, https:\/\/centrala.org.uk\/centrala_test\/wp-content\/uploads\/2015\/08\/1905-654x900.jpg 654w, https:\/\/centrala.org.uk\/centrala_test\/wp-content\/uploads\/2015\/08\/1905-480x660.jpg 480w, https:\/\/centrala.org.uk\/centrala_test\/wp-content\/uploads\/2015\/08\/1905.jpg 800w\" sizes=\"auto, (max-width: 210px) 100vw, 210px\" \/><\/a>\n\t\t\t<\/div><\/figure><figure class='gallery-item'>\n\t\t\t<div class='gallery-icon portrait'>\n\t\t\t\t<a href='https:\/\/centrala.org.uk\/centrala_test\/?attachment_id=1088'><img loading=\"lazy\" decoding=\"async\" width=\"210\" height=\"296\" src=\"https:\/\/centrala.org.uk\/centrala_test\/wp-content\/uploads\/2015\/08\/1906-210x296.jpg\" class=\"attachment-thumbnail size-thumbnail\" alt=\"\" srcset=\"https:\/\/centrala.org.uk\/centrala_test\/wp-content\/uploads\/2015\/08\/1906-210x296.jpg 210w, https:\/\/centrala.org.uk\/centrala_test\/wp-content\/uploads\/2015\/08\/1906-640x902.jpg 640w, https:\/\/centrala.org.uk\/centrala_test\/wp-content\/uploads\/2015\/08\/1906-638x900.jpg 638w, https:\/\/centrala.org.uk\/centrala_test\/wp-content\/uploads\/2015\/08\/1906-480x676.jpg 480w, https:\/\/centrala.org.uk\/centrala_test\/wp-content\/uploads\/2015\/08\/1906.jpg 800w\" sizes=\"auto, (max-width: 210px) 100vw, 210px\" \/><\/a>\n\t\t\t<\/div><\/figure><figure class='gallery-item'>\n\t\t\t<div class='gallery-icon portrait'>\n\t\t\t\t<a href='https:\/\/centrala.org.uk\/centrala_test\/?attachment_id=1089'><img loading=\"lazy\" decoding=\"async\" width=\"210\" height=\"296\" src=\"https:\/\/centrala.org.uk\/centrala_test\/wp-content\/uploads\/2015\/08\/1907-210x296.jpg\" class=\"attachment-thumbnail size-thumbnail\" alt=\"\" srcset=\"https:\/\/centrala.org.uk\/centrala_test\/wp-content\/uploads\/2015\/08\/1907-210x296.jpg 210w, https:\/\/centrala.org.uk\/centrala_test\/wp-content\/uploads\/2015\/08\/1907-640x902.jpg 640w, https:\/\/centrala.org.uk\/centrala_test\/wp-content\/uploads\/2015\/08\/1907-638x900.jpg 638w, https:\/\/centrala.org.uk\/centrala_test\/wp-content\/uploads\/2015\/08\/1907-480x676.jpg 480w, https:\/\/centrala.org.uk\/centrala_test\/wp-content\/uploads\/2015\/08\/1907.jpg 800w\" sizes=\"auto, (max-width: 210px) 100vw, 210px\" \/><\/a>\n\t\t\t<\/div><\/figure>\n\t\t<\/div>\n<br \/>\nContributors: Alexis Beauclair (France), Amanda Baeza (Chile, Portugal), Dace Sieti\u0146a (Latvia, The Netherlands), D\u0101vis Ozols (Latvia), Ernests K\u013cavi\u0146\u0161 (Latvia), Joaqu\u00edn Aldeguer (Spain), John Pound (USA), Jos\u00e9 Ja Ja Ja (Spain), K\u00f6nig L\u00fc.Q. (Switzerland), Laura \u0136eni\u0146\u0161 (Canada, Latvia), Liisa Kruusm\u00e4gi (Estonia), L\u012bva Kandevica (Latvia), Markus H\u00e4fliger (Switzerland), Mart\u00edn L\u00f3pez Lam (Peru, Spain), M\u0101rti\u0146\u0161 Zutis (Latvia), Pixin (Singapore), Renee French (USA), Ren\u00e9 Rogge (Germany), Roope Eronen (Finland), Ville Kallio (Finland), Zane Zleme\u0161a (Latvia).<\/p>\n","protected":false},"excerpt":{"rendered":"<p>Comics anthology with comics from an international cast of artists. Math is fun!<\/p>\n","protected":false},"featured_media":1082,"comment_status":"open","ping_status":"closed","template":"","meta":{"_acf_changed":false},"product_brand":[],"product_cat":[88,22],"product_tag":[145,115,116,117],"series":[],"class_list":{"0":"post-1081","1":"product","2":"type-product","3":"status-publish","4":"has-post-thumbnail","6":"product_cat-magazine","7":"product_cat-comics-and-graphic-novels","8":"product_tag-distro-2","9":"product_tag-kus","10":"product_tag-magazine-2","11":"product_tag-s","13":"first","14":"instock","15":"shipping-taxable","16":"purchasable","17":"product-type-simple"},"acf":[],"_links":{"self":[{"href":"https:\/\/centrala.org.uk\/centrala_test\/wp-json\/wp\/v2\/product\/1081","targetHints":{"allow":["GET"]}}],"collection":[{"href":"https:\/\/centrala.org.uk\/centrala_test\/wp-json\/wp\/v2\/product"}],"about":[{"href":"https:\/\/centrala.org.uk\/centrala_test\/wp-json\/wp\/v2\/types\/product"}],"replies":[{"embeddable":true,"href":"https:\/\/centrala.org.uk\/centrala_test\/wp-json\/wp\/v2\/comments?post=1081"}],"wp:featuredmedia":[{"embeddable":true,"href":"https:\/\/centrala.org.uk\/centrala_test\/wp-json\/wp\/v2\/media\/1082"}],"wp:attachment":[{"href":"https:\/\/centrala.org.uk\/centrala_test\/wp-json\/wp\/v2\/media?parent=1081"}],"wp:term":[{"taxonomy":"product_brand","embeddable":true,"href":"https:\/\/centrala.org.uk\/centrala_test\/wp-json\/wp\/v2\/product_brand?post=1081"},{"taxonomy":"product_cat","embeddable":true,"href":"https:\/\/centrala.org.uk\/centrala_test\/wp-json\/wp\/v2\/product_cat?post=1081"},{"taxonomy":"product_tag","embeddable":true,"href":"https:\/\/centrala.org.uk\/centrala_test\/wp-json\/wp\/v2\/product_tag?post=1081"},{"taxonomy":"series","embeddable":true,"href":"https:\/\/centrala.org.uk\/centrala_test\/wp-json\/wp\/v2\/series?post=1081"}],"curies":[{"name":"wp","href":"https:\/\/api.w.org\/{rel}","templated":true}]}}