{"id":1090,"date":"2014-01-01T17:21:50","date_gmt":"2014-01-01T17:21:50","guid":{"rendered":"http:\/\/centrala.org.uk\/?post_type=product&#038;p=1090"},"modified":"2023-06-07T08:12:20","modified_gmt":"2023-06-07T07:12:20","slug":"s-20-desassossego","status":"publish","type":"product","link":"https:\/\/centrala.org.uk\/centrala_test\/product\/s-20-desassossego\/","title":{"rendered":"\u0161! #20 &#8216;Desassossego&#8217;"},"content":{"rendered":"<p>Cover: Daniel Lima,<\/p>\n<p><div id='gallery-1' class='gallery galleryid-1090 gallery-columns-3 gallery-size-thumbnail'><figure class='gallery-item'>\n\t\t\t<div class='gallery-icon portrait'>\n\t\t\t\t<a href='https:\/\/centrala.org.uk\/centrala_test\/?attachment_id=1092'><img loading=\"lazy\" decoding=\"async\" width=\"210\" height=\"296\" src=\"https:\/\/centrala.org.uk\/centrala_test\/wp-content\/uploads\/2015\/08\/2001-210x296.jpg\" class=\"attachment-thumbnail size-thumbnail\" alt=\"\" srcset=\"https:\/\/centrala.org.uk\/centrala_test\/wp-content\/uploads\/2015\/08\/2001-210x296.jpg 210w, https:\/\/centrala.org.uk\/centrala_test\/wp-content\/uploads\/2015\/08\/2001-640x902.jpg 640w, https:\/\/centrala.org.uk\/centrala_test\/wp-content\/uploads\/2015\/08\/2001-638x900.jpg 638w, https:\/\/centrala.org.uk\/centrala_test\/wp-content\/uploads\/2015\/08\/2001-480x676.jpg 480w, https:\/\/centrala.org.uk\/centrala_test\/wp-content\/uploads\/2015\/08\/2001.jpg 900w\" sizes=\"auto, (max-width: 210px) 100vw, 210px\" \/><\/a>\n\t\t\t<\/div><\/figure><figure class='gallery-item'>\n\t\t\t<div class='gallery-icon portrait'>\n\t\t\t\t<a href='https:\/\/centrala.org.uk\/centrala_test\/?attachment_id=1093'><img loading=\"lazy\" decoding=\"async\" width=\"210\" height=\"296\" src=\"https:\/\/centrala.org.uk\/centrala_test\/wp-content\/uploads\/2015\/08\/2002-210x296.jpg\" class=\"attachment-thumbnail size-thumbnail\" alt=\"\" srcset=\"https:\/\/centrala.org.uk\/centrala_test\/wp-content\/uploads\/2015\/08\/2002-210x296.jpg 210w, https:\/\/centrala.org.uk\/centrala_test\/wp-content\/uploads\/2015\/08\/2002-640x902.jpg 640w, https:\/\/centrala.org.uk\/centrala_test\/wp-content\/uploads\/2015\/08\/2002-638x900.jpg 638w, https:\/\/centrala.org.uk\/centrala_test\/wp-content\/uploads\/2015\/08\/2002-480x676.jpg 480w, https:\/\/centrala.org.uk\/centrala_test\/wp-content\/uploads\/2015\/08\/2002.jpg 900w\" sizes=\"auto, (max-width: 210px) 100vw, 210px\" \/><\/a>\n\t\t\t<\/div><\/figure><figure class='gallery-item'>\n\t\t\t<div class='gallery-icon portrait'>\n\t\t\t\t<a href='https:\/\/centrala.org.uk\/centrala_test\/?attachment_id=1094'><img loading=\"lazy\" decoding=\"async\" width=\"210\" height=\"297\" src=\"https:\/\/centrala.org.uk\/centrala_test\/wp-content\/uploads\/2015\/08\/2003-210x297.jpg\" class=\"attachment-thumbnail size-thumbnail\" alt=\"\" srcset=\"https:\/\/centrala.org.uk\/centrala_test\/wp-content\/uploads\/2015\/08\/2003-210x297.jpg 210w, https:\/\/centrala.org.uk\/centrala_test\/wp-content\/uploads\/2015\/08\/2003-640x908.jpg 640w, https:\/\/centrala.org.uk\/centrala_test\/wp-content\/uploads\/2015\/08\/2003-634x900.jpg 634w, https:\/\/centrala.org.uk\/centrala_test\/wp-content\/uploads\/2015\/08\/2003-480x681.jpg 480w, https:\/\/centrala.org.uk\/centrala_test\/wp-content\/uploads\/2015\/08\/2003.jpg 900w\" sizes=\"auto, (max-width: 210px) 100vw, 210px\" \/><\/a>\n\t\t\t<\/div><\/figure><figure class='gallery-item'>\n\t\t\t<div class='gallery-icon portrait'>\n\t\t\t\t<a href='https:\/\/centrala.org.uk\/centrala_test\/?attachment_id=1095'><img loading=\"lazy\" decoding=\"async\" width=\"210\" height=\"318\" src=\"https:\/\/centrala.org.uk\/centrala_test\/wp-content\/uploads\/2015\/08\/2004-210x318.jpg\" class=\"attachment-thumbnail size-thumbnail\" alt=\"\" srcset=\"https:\/\/centrala.org.uk\/centrala_test\/wp-content\/uploads\/2015\/08\/2004-210x318.jpg 210w, https:\/\/centrala.org.uk\/centrala_test\/wp-content\/uploads\/2015\/08\/2004-640x969.jpg 640w, https:\/\/centrala.org.uk\/centrala_test\/wp-content\/uploads\/2015\/08\/2004-594x900.jpg 594w, https:\/\/centrala.org.uk\/centrala_test\/wp-content\/uploads\/2015\/08\/2004-480x727.jpg 480w, https:\/\/centrala.org.uk\/centrala_test\/wp-content\/uploads\/2015\/08\/2004.jpg 990w\" sizes=\"auto, (max-width: 210px) 100vw, 210px\" \/><\/a>\n\t\t\t<\/div><\/figure><figure class='gallery-item'>\n\t\t\t<div class='gallery-icon portrait'>\n\t\t\t\t<a href='https:\/\/centrala.org.uk\/centrala_test\/?attachment_id=1096'><img loading=\"lazy\" decoding=\"async\" width=\"210\" height=\"297\" src=\"https:\/\/centrala.org.uk\/centrala_test\/wp-content\/uploads\/2015\/08\/2005-210x297.jpg\" class=\"attachment-thumbnail size-thumbnail\" alt=\"\" srcset=\"https:\/\/centrala.org.uk\/centrala_test\/wp-content\/uploads\/2015\/08\/2005-210x297.jpg 210w, https:\/\/centrala.org.uk\/centrala_test\/wp-content\/uploads\/2015\/08\/2005-640x905.jpg 640w, https:\/\/centrala.org.uk\/centrala_test\/wp-content\/uploads\/2015\/08\/2005-636x900.jpg 636w, https:\/\/centrala.org.uk\/centrala_test\/wp-content\/uploads\/2015\/08\/2005-480x678.jpg 480w, https:\/\/centrala.org.uk\/centrala_test\/wp-content\/uploads\/2015\/08\/2005.jpg 900w\" sizes=\"auto, (max-width: 210px) 100vw, 210px\" \/><\/a>\n\t\t\t<\/div><\/figure><figure class='gallery-item'>\n\t\t\t<div class='gallery-icon portrait'>\n\t\t\t\t<a href='https:\/\/centrala.org.uk\/centrala_test\/?attachment_id=1097'><img loading=\"lazy\" decoding=\"async\" width=\"210\" height=\"296\" src=\"https:\/\/centrala.org.uk\/centrala_test\/wp-content\/uploads\/2015\/08\/2006-210x296.jpg\" class=\"attachment-thumbnail size-thumbnail\" alt=\"\" srcset=\"https:\/\/centrala.org.uk\/centrala_test\/wp-content\/uploads\/2015\/08\/2006-210x296.jpg 210w, https:\/\/centrala.org.uk\/centrala_test\/wp-content\/uploads\/2015\/08\/2006-640x902.jpg 640w, https:\/\/centrala.org.uk\/centrala_test\/wp-content\/uploads\/2015\/08\/2006-638x900.jpg 638w, https:\/\/centrala.org.uk\/centrala_test\/wp-content\/uploads\/2015\/08\/2006-480x676.jpg 480w, https:\/\/centrala.org.uk\/centrala_test\/wp-content\/uploads\/2015\/08\/2006.jpg 900w\" sizes=\"auto, (max-width: 210px) 100vw, 210px\" \/><\/a>\n\t\t\t<\/div><\/figure><figure class='gallery-item'>\n\t\t\t<div class='gallery-icon portrait'>\n\t\t\t\t<a href='https:\/\/centrala.org.uk\/centrala_test\/?attachment_id=1098'><img loading=\"lazy\" decoding=\"async\" width=\"210\" height=\"297\" src=\"https:\/\/centrala.org.uk\/centrala_test\/wp-content\/uploads\/2015\/08\/2007-210x297.jpg\" class=\"attachment-thumbnail size-thumbnail\" alt=\"\" srcset=\"https:\/\/centrala.org.uk\/centrala_test\/wp-content\/uploads\/2015\/08\/2007-210x297.jpg 210w, https:\/\/centrala.org.uk\/centrala_test\/wp-content\/uploads\/2015\/08\/2007-640x905.jpg 640w, https:\/\/centrala.org.uk\/centrala_test\/wp-content\/uploads\/2015\/08\/2007-636x900.jpg 636w, https:\/\/centrala.org.uk\/centrala_test\/wp-content\/uploads\/2015\/08\/2007-480x678.jpg 480w, https:\/\/centrala.org.uk\/centrala_test\/wp-content\/uploads\/2015\/08\/2007.jpg 900w\" sizes=\"auto, (max-width: 210px) 100vw, 210px\" \/><\/a>\n\t\t\t<\/div><\/figure><figure class='gallery-item'>\n\t\t\t<div class='gallery-icon portrait'>\n\t\t\t\t<a href='https:\/\/centrala.org.uk\/centrala_test\/?attachment_id=1099'><img loading=\"lazy\" decoding=\"async\" width=\"210\" height=\"288\" src=\"https:\/\/centrala.org.uk\/centrala_test\/wp-content\/uploads\/2015\/08\/2008-210x288.jpg\" class=\"attachment-thumbnail size-thumbnail\" alt=\"\" srcset=\"https:\/\/centrala.org.uk\/centrala_test\/wp-content\/uploads\/2015\/08\/2008-210x288.jpg 210w, https:\/\/centrala.org.uk\/centrala_test\/wp-content\/uploads\/2015\/08\/2008-640x879.jpg 640w, https:\/\/centrala.org.uk\/centrala_test\/wp-content\/uploads\/2015\/08\/2008-654x900.jpg 654w, https:\/\/centrala.org.uk\/centrala_test\/wp-content\/uploads\/2015\/08\/2008-480x659.jpg 480w, https:\/\/centrala.org.uk\/centrala_test\/wp-content\/uploads\/2015\/08\/2008.jpg 900w\" sizes=\"auto, (max-width: 210px) 100vw, 210px\" \/><\/a>\n\t\t\t<\/div><\/figure>\n\t\t<\/div>\n<br \/>\nArtists: Amanda Baeza, Andr\u00e9 Lemos, Andr\u00e9 Pereira, Bruno Borges, C\u00e1tia Serr\u00e3o, Daniel Lima, Daniel Lopes, Filipe Abranches, Francisco Sousa Lobo, Joana Estrela, Jo\u00e3o Fazenda, Marta Monteiro, Milena Baeza, Paulo Monteiro, Pedro Burgos, Rafael Gouveia, Tiago Manuel<\/p>\n<p>Includes an introduction to Portuguese comics by Marcos Farrajota and a special photo section by Tiago Casanova.<\/p>\n","protected":false},"excerpt":{"rendered":"<p>Comics anthology with comics by artists from Portugal on the theme of &#8216;Disquiet&#8217;!<\/p>\n","protected":false},"featured_media":1091,"comment_status":"open","ping_status":"closed","template":"","meta":{"_acf_changed":false},"product_brand":[],"product_cat":[88,22],"product_tag":[145,115,116,117],"series":[],"class_list":{"0":"post-1090","1":"product","2":"type-product","3":"status-publish","4":"has-post-thumbnail","6":"product_cat-magazine","7":"product_cat-comics-and-graphic-novels","8":"product_tag-distro-2","9":"product_tag-kus","10":"product_tag-magazine-2","11":"product_tag-s","13":"first","14":"instock","15":"shipping-taxable","16":"purchasable","17":"product-type-simple"},"acf":[],"_links":{"self":[{"href":"https:\/\/centrala.org.uk\/centrala_test\/wp-json\/wp\/v2\/product\/1090","targetHints":{"allow":["GET"]}}],"collection":[{"href":"https:\/\/centrala.org.uk\/centrala_test\/wp-json\/wp\/v2\/product"}],"about":[{"href":"https:\/\/centrala.org.uk\/centrala_test\/wp-json\/wp\/v2\/types\/product"}],"replies":[{"embeddable":true,"href":"https:\/\/centrala.org.uk\/centrala_test\/wp-json\/wp\/v2\/comments?post=1090"}],"wp:featuredmedia":[{"embeddable":true,"href":"https:\/\/centrala.org.uk\/centrala_test\/wp-json\/wp\/v2\/media\/1091"}],"wp:attachment":[{"href":"https:\/\/centrala.org.uk\/centrala_test\/wp-json\/wp\/v2\/media?parent=1090"}],"wp:term":[{"taxonomy":"product_brand","embeddable":true,"href":"https:\/\/centrala.org.uk\/centrala_test\/wp-json\/wp\/v2\/product_brand?post=1090"},{"taxonomy":"product_cat","embeddable":true,"href":"https:\/\/centrala.org.uk\/centrala_test\/wp-json\/wp\/v2\/product_cat?post=1090"},{"taxonomy":"product_tag","embeddable":true,"href":"https:\/\/centrala.org.uk\/centrala_test\/wp-json\/wp\/v2\/product_tag?post=1090"},{"taxonomy":"series","embeddable":true,"href":"https:\/\/centrala.org.uk\/centrala_test\/wp-json\/wp\/v2\/series?post=1090"}],"curies":[{"name":"wp","href":"https:\/\/api.w.org\/{rel}","templated":true}]}}