{"id":1257,"date":"2014-01-01T13:30:22","date_gmt":"2014-01-01T13:30:22","guid":{"rendered":"http:\/\/centrala.org.uk\/?post_type=product&#038;p=1257"},"modified":"2020-11-23T23:16:59","modified_gmt":"2020-11-23T23:16:59","slug":"s-11-artventours","status":"publish","type":"product","link":"https:\/\/centrala.org.uk\/centrala_test\/product\/s-11-artventours\/","title":{"rendered":"\u015b! #11, Artventours"},"content":{"rendered":"<p>Cover by Leonards Laganovskis<\/p>\n<p>Artists: Aidan Koch (USA), Betty Liang (Canada), Brecht Vandenbroucke (Belgium), Damiano Fenoglio (Italy), Daniel Wern\u00ebck (Brazil), Dilraj Mann (UK), El\u012bna Brasli\u0146a (Latvia), Emelie \u00d6stergren (Sweden), Ilde Betanzos (Spain), Ingr\u012bda Pi\u010duk\u0101ne (Latvia), Jean de Wet (South Africa), Jen Rickert (USA), KJ Martinet (USA), K\u00f6nig L\u00fc.Q. (Switzerland), Leonards Laganovskis (Latvia), Marc M. Gust\u00e0 (Spain), M\u0101rti\u0146\u0161 Zutis (Latvia), Mikus Duncis (Latvia), Nicolas Mahler (Austria), Nicol\u00f2 Pellizzon (Italy), Olive Booger (France), Oskars Pavlovskis (Latvia), Renata G\u0105siorowska (Poland), Roman Muradov (Russia\/USA), Simon H (Austria), Simon Moreton (UK) and Ugo Schiesaro (Italy).<\/p>\n<div id='gallery-1' class='gallery galleryid-1257 gallery-columns-3 gallery-size-thumbnail'><figure class='gallery-item'>\n\t\t\t<div class='gallery-icon portrait'>\n\t\t\t\t<a href='https:\/\/centrala.org.uk\/centrala_test\/?attachment_id=1259'><img loading=\"lazy\" decoding=\"async\" width=\"210\" height=\"296\" src=\"https:\/\/centrala.org.uk\/centrala_test\/wp-content\/uploads\/2015\/10\/s1101-210x296.jpg\" class=\"attachment-thumbnail size-thumbnail\" alt=\"\" srcset=\"https:\/\/centrala.org.uk\/centrala_test\/wp-content\/uploads\/2015\/10\/s1101-210x296.jpg 210w, https:\/\/centrala.org.uk\/centrala_test\/wp-content\/uploads\/2015\/10\/s1101-640x902.jpg 640w, https:\/\/centrala.org.uk\/centrala_test\/wp-content\/uploads\/2015\/10\/s1101-638x900.jpg 638w, https:\/\/centrala.org.uk\/centrala_test\/wp-content\/uploads\/2015\/10\/s1101-480x676.jpg 480w, https:\/\/centrala.org.uk\/centrala_test\/wp-content\/uploads\/2015\/10\/s1101.jpg 700w\" sizes=\"auto, (max-width: 210px) 100vw, 210px\" \/><\/a>\n\t\t\t<\/div><\/figure><figure class='gallery-item'>\n\t\t\t<div class='gallery-icon portrait'>\n\t\t\t\t<a href='https:\/\/centrala.org.uk\/centrala_test\/?attachment_id=1260'><img loading=\"lazy\" decoding=\"async\" width=\"210\" height=\"285\" src=\"https:\/\/centrala.org.uk\/centrala_test\/wp-content\/uploads\/2015\/10\/s1102-210x285.jpg\" class=\"attachment-thumbnail size-thumbnail\" alt=\"\" srcset=\"https:\/\/centrala.org.uk\/centrala_test\/wp-content\/uploads\/2015\/10\/s1102-210x285.jpg 210w, https:\/\/centrala.org.uk\/centrala_test\/wp-content\/uploads\/2015\/10\/s1102-640x870.jpg 640w, https:\/\/centrala.org.uk\/centrala_test\/wp-content\/uploads\/2015\/10\/s1102-661x900.jpg 661w, https:\/\/centrala.org.uk\/centrala_test\/wp-content\/uploads\/2015\/10\/s1102-480x652.jpg 480w, https:\/\/centrala.org.uk\/centrala_test\/wp-content\/uploads\/2015\/10\/s1102.jpg 700w\" sizes=\"auto, (max-width: 210px) 100vw, 210px\" \/><\/a>\n\t\t\t<\/div><\/figure><figure class='gallery-item'>\n\t\t\t<div class='gallery-icon portrait'>\n\t\t\t\t<a href='https:\/\/centrala.org.uk\/centrala_test\/?attachment_id=1261'><img loading=\"lazy\" decoding=\"async\" width=\"210\" height=\"286\" src=\"https:\/\/centrala.org.uk\/centrala_test\/wp-content\/uploads\/2015\/10\/s1103-210x286.jpg\" class=\"attachment-thumbnail size-thumbnail\" alt=\"\" srcset=\"https:\/\/centrala.org.uk\/centrala_test\/wp-content\/uploads\/2015\/10\/s1103-210x286.jpg 210w, https:\/\/centrala.org.uk\/centrala_test\/wp-content\/uploads\/2015\/10\/s1103-640x874.jpg 640w, https:\/\/centrala.org.uk\/centrala_test\/wp-content\/uploads\/2015\/10\/s1103-658x900.jpg 658w, https:\/\/centrala.org.uk\/centrala_test\/wp-content\/uploads\/2015\/10\/s1103-480x655.jpg 480w, https:\/\/centrala.org.uk\/centrala_test\/wp-content\/uploads\/2015\/10\/s1103.jpg 700w\" sizes=\"auto, (max-width: 210px) 100vw, 210px\" \/><\/a>\n\t\t\t<\/div><\/figure><figure class='gallery-item'>\n\t\t\t<div class='gallery-icon portrait'>\n\t\t\t\t<a href='https:\/\/centrala.org.uk\/centrala_test\/?attachment_id=1262'><img loading=\"lazy\" decoding=\"async\" width=\"210\" height=\"297\" src=\"https:\/\/centrala.org.uk\/centrala_test\/wp-content\/uploads\/2015\/10\/s1104-210x297.jpg\" class=\"attachment-thumbnail size-thumbnail\" alt=\"\" srcset=\"https:\/\/centrala.org.uk\/centrala_test\/wp-content\/uploads\/2015\/10\/s1104-210x297.jpg 210w, https:\/\/centrala.org.uk\/centrala_test\/wp-content\/uploads\/2015\/10\/s1104-640x905.jpg 640w, https:\/\/centrala.org.uk\/centrala_test\/wp-content\/uploads\/2015\/10\/s1104-636x900.jpg 636w, https:\/\/centrala.org.uk\/centrala_test\/wp-content\/uploads\/2015\/10\/s1104-480x678.jpg 480w, https:\/\/centrala.org.uk\/centrala_test\/wp-content\/uploads\/2015\/10\/s1104.jpg 700w\" sizes=\"auto, (max-width: 210px) 100vw, 210px\" \/><\/a>\n\t\t\t<\/div><\/figure><figure class='gallery-item'>\n\t\t\t<div class='gallery-icon portrait'>\n\t\t\t\t<a href='https:\/\/centrala.org.uk\/centrala_test\/?attachment_id=1263'><img loading=\"lazy\" decoding=\"async\" width=\"210\" height=\"303\" src=\"https:\/\/centrala.org.uk\/centrala_test\/wp-content\/uploads\/2015\/10\/s1105-210x303.jpg\" class=\"attachment-thumbnail size-thumbnail\" alt=\"\" srcset=\"https:\/\/centrala.org.uk\/centrala_test\/wp-content\/uploads\/2015\/10\/s1105-210x303.jpg 210w, https:\/\/centrala.org.uk\/centrala_test\/wp-content\/uploads\/2015\/10\/s1105-640x926.jpg 640w, https:\/\/centrala.org.uk\/centrala_test\/wp-content\/uploads\/2015\/10\/s1105-621x900.jpg 621w, https:\/\/centrala.org.uk\/centrala_test\/wp-content\/uploads\/2015\/10\/s1105-480x694.jpg 480w, https:\/\/centrala.org.uk\/centrala_test\/wp-content\/uploads\/2015\/10\/s1105.jpg 700w\" sizes=\"auto, (max-width: 210px) 100vw, 210px\" \/><\/a>\n\t\t\t<\/div><\/figure>\n\t\t<\/div>\n\n","protected":false},"excerpt":{"rendered":"<p>\u0161! #11 contains comics from international artists about the theme &#8220;Artventurous&#8221;.<\/p>\n","protected":false},"featured_media":1258,"comment_status":"open","ping_status":"closed","template":"","meta":{"_acf_changed":false},"product_brand":[],"product_cat":[88],"product_tag":[118,145,117],"series":[],"class_list":{"0":"post-1257","1":"product","2":"type-product","3":"status-publish","4":"has-post-thumbnail","6":"product_cat-magazine","7":"product_tag-art","8":"product_tag-distro-2","9":"product_tag-s","11":"first","12":"outofstock","13":"shipping-taxable","14":"purchasable","15":"product-type-simple"},"acf":[],"_links":{"self":[{"href":"https:\/\/centrala.org.uk\/centrala_test\/wp-json\/wp\/v2\/product\/1257","targetHints":{"allow":["GET"]}}],"collection":[{"href":"https:\/\/centrala.org.uk\/centrala_test\/wp-json\/wp\/v2\/product"}],"about":[{"href":"https:\/\/centrala.org.uk\/centrala_test\/wp-json\/wp\/v2\/types\/product"}],"replies":[{"embeddable":true,"href":"https:\/\/centrala.org.uk\/centrala_test\/wp-json\/wp\/v2\/comments?post=1257"}],"wp:featuredmedia":[{"embeddable":true,"href":"https:\/\/centrala.org.uk\/centrala_test\/wp-json\/wp\/v2\/media\/1258"}],"wp:attachment":[{"href":"https:\/\/centrala.org.uk\/centrala_test\/wp-json\/wp\/v2\/media?parent=1257"}],"wp:term":[{"taxonomy":"product_brand","embeddable":true,"href":"https:\/\/centrala.org.uk\/centrala_test\/wp-json\/wp\/v2\/product_brand?post=1257"},{"taxonomy":"product_cat","embeddable":true,"href":"https:\/\/centrala.org.uk\/centrala_test\/wp-json\/wp\/v2\/product_cat?post=1257"},{"taxonomy":"product_tag","embeddable":true,"href":"https:\/\/centrala.org.uk\/centrala_test\/wp-json\/wp\/v2\/product_tag?post=1257"},{"taxonomy":"series","embeddable":true,"href":"https:\/\/centrala.org.uk\/centrala_test\/wp-json\/wp\/v2\/series?post=1257"}],"curies":[{"name":"wp","href":"https:\/\/api.w.org\/{rel}","templated":true}]}}