{"id":1463,"date":"2014-01-01T22:51:07","date_gmt":"2014-01-01T22:51:07","guid":{"rendered":"http:\/\/centrala.org.uk\/?post_type=product&#038;p=1463"},"modified":"2023-09-11T05:24:43","modified_gmt":"2023-09-11T04:24:43","slug":"s-24-urban-jungle","status":"publish","type":"product","link":"https:\/\/centrala.org.uk\/centrala_test\/product\/s-24-urban-jungle\/","title":{"rendered":"\u015b! #24 Urban Jungle"},"content":{"rendered":"<p>Cover:\u00a0L\u012bva Kandevica (Latvia) Contributors:\u00a0Abraham D\u00edaz (Mexico), Amanda Baeza (Chile\/Portugal), Ann Pajuv\u00e4li (Estonia), Dace Sieti\u0146a (Latvia), Daria Tessler (Finland\/USA), Disa Wallander (Sweden), El\u012bna Brasli\u0146a (Latvia), G. W. Duncanson (USA), Hicham Amrani (France), Jean de Wet (South Africa), K\u00f6nig L\u00fc.Q. (Switzerland), Lee Kyutae (South Korea), L\u012bva Kandevica (Latvia), Luke Pearson (U.K.), M\u0101rti\u0146\u0161 Zutis (Latvia), Mathilde Van Gheluwe (Belgium), Sami Aho (Finland), Tara Booth (USA), Tsuchika Nishimura (Japan), Vivianna Maria Stanislavska (Latvia), Ward Zwart (Belgium) and Zane Zleme\u0161a (Latvia).<br \/>\nSupport:\u00a0Latvian State Culture Capital Foundation<\/p>\n<div id='gallery-1' class='gallery galleryid-1463 gallery-columns-3 gallery-size-thumbnail'><figure class='gallery-item'>\n\t\t\t<div class='gallery-icon portrait'>\n\t\t\t\t<a href='https:\/\/centrala.org.uk\/centrala_test\/?attachment_id=1464'><img loading=\"lazy\" decoding=\"async\" width=\"210\" height=\"291\" src=\"https:\/\/centrala.org.uk\/centrala_test\/wp-content\/uploads\/2016\/06\/s2401.jpg\" class=\"attachment-thumbnail size-thumbnail\" alt=\"\" srcset=\"https:\/\/centrala.org.uk\/centrala_test\/wp-content\/uploads\/2016\/06\/s2401.jpg 361w, https:\/\/centrala.org.uk\/centrala_test\/wp-content\/uploads\/2016\/06\/s2401-210x290.jpg 210w\" sizes=\"auto, (max-width: 210px) 100vw, 210px\" \/><\/a>\n\t\t\t<\/div><\/figure><figure class='gallery-item'>\n\t\t\t<div class='gallery-icon portrait'>\n\t\t\t\t<a href='https:\/\/centrala.org.uk\/centrala_test\/?attachment_id=1465'><img loading=\"lazy\" decoding=\"async\" width=\"210\" height=\"295\" src=\"https:\/\/centrala.org.uk\/centrala_test\/wp-content\/uploads\/2016\/06\/s2402-210x295.jpg\" class=\"attachment-thumbnail size-thumbnail\" alt=\"\" srcset=\"https:\/\/centrala.org.uk\/centrala_test\/wp-content\/uploads\/2016\/06\/s2402-210x295.jpg 210w, https:\/\/centrala.org.uk\/centrala_test\/wp-content\/uploads\/2016\/06\/s2402.jpg 355w\" sizes=\"auto, (max-width: 210px) 100vw, 210px\" \/><\/a>\n\t\t\t<\/div><\/figure><figure class='gallery-item'>\n\t\t\t<div class='gallery-icon portrait'>\n\t\t\t\t<a href='https:\/\/centrala.org.uk\/centrala_test\/?attachment_id=1466'><img loading=\"lazy\" decoding=\"async\" width=\"210\" height=\"305\" src=\"https:\/\/centrala.org.uk\/centrala_test\/wp-content\/uploads\/2016\/06\/s2403-210x305.jpg\" class=\"attachment-thumbnail size-thumbnail\" alt=\"\" srcset=\"https:\/\/centrala.org.uk\/centrala_test\/wp-content\/uploads\/2016\/06\/s2403-210x305.jpg 210w, https:\/\/centrala.org.uk\/centrala_test\/wp-content\/uploads\/2016\/06\/s2403.jpg 344w\" sizes=\"auto, (max-width: 210px) 100vw, 210px\" \/><\/a>\n\t\t\t<\/div><\/figure><figure class='gallery-item'>\n\t\t\t<div class='gallery-icon portrait'>\n\t\t\t\t<a href='https:\/\/centrala.org.uk\/centrala_test\/?attachment_id=1467'><img loading=\"lazy\" decoding=\"async\" width=\"210\" height=\"295\" src=\"https:\/\/centrala.org.uk\/centrala_test\/wp-content\/uploads\/2016\/06\/s2404-210x295.jpg\" class=\"attachment-thumbnail size-thumbnail\" alt=\"\" srcset=\"https:\/\/centrala.org.uk\/centrala_test\/wp-content\/uploads\/2016\/06\/s2404-210x295.jpg 210w, https:\/\/centrala.org.uk\/centrala_test\/wp-content\/uploads\/2016\/06\/s2404.jpg 355w\" sizes=\"auto, (max-width: 210px) 100vw, 210px\" \/><\/a>\n\t\t\t<\/div><\/figure><figure class='gallery-item'>\n\t\t\t<div class='gallery-icon portrait'>\n\t\t\t\t<a href='https:\/\/centrala.org.uk\/centrala_test\/?attachment_id=1468'><img loading=\"lazy\" decoding=\"async\" width=\"210\" height=\"299\" src=\"https:\/\/centrala.org.uk\/centrala_test\/wp-content\/uploads\/2016\/06\/s2405-210x299.jpg\" class=\"attachment-thumbnail size-thumbnail\" alt=\"\" srcset=\"https:\/\/centrala.org.uk\/centrala_test\/wp-content\/uploads\/2016\/06\/s2405-210x299.jpg 210w, https:\/\/centrala.org.uk\/centrala_test\/wp-content\/uploads\/2016\/06\/s2405.jpg 351w\" sizes=\"auto, (max-width: 210px) 100vw, 210px\" \/><\/a>\n\t\t\t<\/div><\/figure><figure class='gallery-item'>\n\t\t\t<div class='gallery-icon portrait'>\n\t\t\t\t<a href='https:\/\/centrala.org.uk\/centrala_test\/?attachment_id=1469'><img loading=\"lazy\" decoding=\"async\" width=\"210\" height=\"273\" src=\"https:\/\/centrala.org.uk\/centrala_test\/wp-content\/uploads\/2016\/06\/s2406-210x273.jpg\" class=\"attachment-thumbnail size-thumbnail\" alt=\"\" srcset=\"https:\/\/centrala.org.uk\/centrala_test\/wp-content\/uploads\/2016\/06\/s2406-210x273.jpg 210w, https:\/\/centrala.org.uk\/centrala_test\/wp-content\/uploads\/2016\/06\/s2406.jpg 384w\" sizes=\"auto, (max-width: 210px) 100vw, 210px\" \/><\/a>\n\t\t\t<\/div><\/figure><figure class='gallery-item'>\n\t\t\t<div class='gallery-icon portrait'>\n\t\t\t\t<a href='https:\/\/centrala.org.uk\/centrala_test\/?attachment_id=1470'><img loading=\"lazy\" decoding=\"async\" width=\"210\" height=\"290\" src=\"https:\/\/centrala.org.uk\/centrala_test\/wp-content\/uploads\/2016\/06\/s2407-210x290.jpg\" class=\"attachment-thumbnail size-thumbnail\" alt=\"\" srcset=\"https:\/\/centrala.org.uk\/centrala_test\/wp-content\/uploads\/2016\/06\/s2407-210x290.jpg 210w, https:\/\/centrala.org.uk\/centrala_test\/wp-content\/uploads\/2016\/06\/s2407.jpg 361w\" sizes=\"auto, (max-width: 210px) 100vw, 210px\" \/><\/a>\n\t\t\t<\/div><\/figure><figure class='gallery-item'>\n\t\t\t<div class='gallery-icon portrait'>\n\t\t\t\t<a href='https:\/\/centrala.org.uk\/centrala_test\/?attachment_id=1471'><img loading=\"lazy\" decoding=\"async\" width=\"210\" height=\"297\" src=\"https:\/\/centrala.org.uk\/centrala_test\/wp-content\/uploads\/2016\/06\/s2408-210x297.jpg\" class=\"attachment-thumbnail size-thumbnail\" alt=\"\" srcset=\"https:\/\/centrala.org.uk\/centrala_test\/wp-content\/uploads\/2016\/06\/s2408-210x297.jpg 210w, https:\/\/centrala.org.uk\/centrala_test\/wp-content\/uploads\/2016\/06\/s2408.jpg 353w\" sizes=\"auto, (max-width: 210px) 100vw, 210px\" \/><\/a>\n\t\t\t<\/div><\/figure>\n\t\t<\/div>\n\n","protected":false},"excerpt":{"rendered":"<p>\u0161! #24 &#8216;Urban Jungle&#8217;, February 2016<\/p>\n","protected":false},"featured_media":1472,"comment_status":"open","ping_status":"closed","template":"","meta":{"_acf_changed":false},"product_brand":[],"product_cat":[88,22],"product_tag":[145,135,117,134],"series":[],"class_list":{"0":"post-1463","1":"product","2":"type-product","3":"status-publish","4":"has-post-thumbnail","6":"product_cat-magazine","7":"product_cat-comics-and-graphic-novels","8":"product_tag-distro-2","9":"product_tag-jungle","10":"product_tag-s","11":"product_tag-urban","13":"first","14":"instock","15":"shipping-taxable","16":"purchasable","17":"product-type-simple"},"acf":[],"_links":{"self":[{"href":"https:\/\/centrala.org.uk\/centrala_test\/wp-json\/wp\/v2\/product\/1463","targetHints":{"allow":["GET"]}}],"collection":[{"href":"https:\/\/centrala.org.uk\/centrala_test\/wp-json\/wp\/v2\/product"}],"about":[{"href":"https:\/\/centrala.org.uk\/centrala_test\/wp-json\/wp\/v2\/types\/product"}],"replies":[{"embeddable":true,"href":"https:\/\/centrala.org.uk\/centrala_test\/wp-json\/wp\/v2\/comments?post=1463"}],"wp:featuredmedia":[{"embeddable":true,"href":"https:\/\/centrala.org.uk\/centrala_test\/wp-json\/wp\/v2\/media\/1472"}],"wp:attachment":[{"href":"https:\/\/centrala.org.uk\/centrala_test\/wp-json\/wp\/v2\/media?parent=1463"}],"wp:term":[{"taxonomy":"product_brand","embeddable":true,"href":"https:\/\/centrala.org.uk\/centrala_test\/wp-json\/wp\/v2\/product_brand?post=1463"},{"taxonomy":"product_cat","embeddable":true,"href":"https:\/\/centrala.org.uk\/centrala_test\/wp-json\/wp\/v2\/product_cat?post=1463"},{"taxonomy":"product_tag","embeddable":true,"href":"https:\/\/centrala.org.uk\/centrala_test\/wp-json\/wp\/v2\/product_tag?post=1463"},{"taxonomy":"series","embeddable":true,"href":"https:\/\/centrala.org.uk\/centrala_test\/wp-json\/wp\/v2\/series?post=1463"}],"curies":[{"name":"wp","href":"https:\/\/api.w.org\/{rel}","templated":true}]}}