{"id":1727,"date":"2013-07-18T15:54:52","date_gmt":"2013-07-18T14:54:52","guid":{"rendered":"http:\/\/centrala.org.uk\/?post_type=product&#038;p=1727"},"modified":"2016-07-18T15:55:07","modified_gmt":"2016-07-18T14:55:07","slug":"brudno-silent-treatment","status":"publish","type":"product","link":"https:\/\/centrala.org.uk\/centrala_test\/product\/brudno-silent-treatment\/","title":{"rendered":"Brudno: silent treatment"},"content":{"rendered":"<p>Third issue of Brudno zine is the first one in English, and it&#8217;s devoted to some of the most interesting polish female comics creators and ilustrators. Theme of the issue: silent treatment.<\/p>\n<p>Artists: Dagmara \u201eKreska\u201d Cie\u015blica, Dorota \u015awiderska, Dream Team (Natalia Kulka, Aga G\u00f3jska, Beata Sosnowska), Marta Bystro\u0144, Gabriela Rogula, Anka Wa\u0107kowska, Basia Grzybowska, Katarzyna Witerscheim, Zofia Rogula, Magdalena Rzepecka, Julia P\u0142och, Ola Szmida, Weronika Banasi\u0144ska, Agnieszka \u015awi\u0119tek, Anna Krzto\u0144 (editor), Ada Buchholc (cover art)<\/p>\n<div id='gallery-1' class='gallery galleryid-1727 gallery-columns-3 gallery-size-thumbnail'><figure class='gallery-item'>\n\t\t\t<div class='gallery-icon landscape'>\n\t\t\t\t<a href='https:\/\/centrala.org.uk\/centrala_test\/?attachment_id=1729'><img loading=\"lazy\" decoding=\"async\" width=\"210\" height=\"148\" src=\"https:\/\/centrala.org.uk\/centrala_test\/wp-content\/uploads\/2016\/07\/Brudno301-210x148.jpg\" class=\"attachment-thumbnail size-thumbnail\" alt=\"\" srcset=\"https:\/\/centrala.org.uk\/centrala_test\/wp-content\/uploads\/2016\/07\/Brudno301-210x148.jpg 210w, https:\/\/centrala.org.uk\/centrala_test\/wp-content\/uploads\/2016\/07\/Brudno301-640x454.jpg 640w, https:\/\/centrala.org.uk\/centrala_test\/wp-content\/uploads\/2016\/07\/Brudno301-1400x993.jpg 1400w, https:\/\/centrala.org.uk\/centrala_test\/wp-content\/uploads\/2016\/07\/Brudno301-1268x900.jpg 1268w, https:\/\/centrala.org.uk\/centrala_test\/wp-content\/uploads\/2016\/07\/Brudno301-480x340.jpg 480w, https:\/\/centrala.org.uk\/centrala_test\/wp-content\/uploads\/2016\/07\/Brudno301.jpg 1807w\" sizes=\"auto, (max-width: 210px) 100vw, 210px\" \/><\/a>\n\t\t\t<\/div><\/figure><figure class='gallery-item'>\n\t\t\t<div class='gallery-icon landscape'>\n\t\t\t\t<a href='https:\/\/centrala.org.uk\/centrala_test\/?attachment_id=1730'><img loading=\"lazy\" decoding=\"async\" width=\"210\" height=\"148\" src=\"https:\/\/centrala.org.uk\/centrala_test\/wp-content\/uploads\/2016\/07\/Brudno302-210x148.jpg\" class=\"attachment-thumbnail size-thumbnail\" alt=\"\" srcset=\"https:\/\/centrala.org.uk\/centrala_test\/wp-content\/uploads\/2016\/07\/Brudno302-210x148.jpg 210w, https:\/\/centrala.org.uk\/centrala_test\/wp-content\/uploads\/2016\/07\/Brudno302-640x454.jpg 640w, https:\/\/centrala.org.uk\/centrala_test\/wp-content\/uploads\/2016\/07\/Brudno302-1400x993.jpg 1400w, https:\/\/centrala.org.uk\/centrala_test\/wp-content\/uploads\/2016\/07\/Brudno302-1268x900.jpg 1268w, https:\/\/centrala.org.uk\/centrala_test\/wp-content\/uploads\/2016\/07\/Brudno302-480x340.jpg 480w, https:\/\/centrala.org.uk\/centrala_test\/wp-content\/uploads\/2016\/07\/Brudno302.jpg 1807w\" sizes=\"auto, (max-width: 210px) 100vw, 210px\" \/><\/a>\n\t\t\t<\/div><\/figure><figure class='gallery-item'>\n\t\t\t<div class='gallery-icon landscape'>\n\t\t\t\t<a href='https:\/\/centrala.org.uk\/centrala_test\/?attachment_id=1731'><img loading=\"lazy\" decoding=\"async\" width=\"210\" height=\"148\" src=\"https:\/\/centrala.org.uk\/centrala_test\/wp-content\/uploads\/2016\/07\/Brudno303-210x148.jpg\" class=\"attachment-thumbnail size-thumbnail\" alt=\"\" srcset=\"https:\/\/centrala.org.uk\/centrala_test\/wp-content\/uploads\/2016\/07\/Brudno303-210x148.jpg 210w, https:\/\/centrala.org.uk\/centrala_test\/wp-content\/uploads\/2016\/07\/Brudno303-640x454.jpg 640w, https:\/\/centrala.org.uk\/centrala_test\/wp-content\/uploads\/2016\/07\/Brudno303-1400x993.jpg 1400w, https:\/\/centrala.org.uk\/centrala_test\/wp-content\/uploads\/2016\/07\/Brudno303-1268x900.jpg 1268w, https:\/\/centrala.org.uk\/centrala_test\/wp-content\/uploads\/2016\/07\/Brudno303-480x340.jpg 480w, https:\/\/centrala.org.uk\/centrala_test\/wp-content\/uploads\/2016\/07\/Brudno303.jpg 1807w\" sizes=\"auto, (max-width: 210px) 100vw, 210px\" \/><\/a>\n\t\t\t<\/div><\/figure><figure class='gallery-item'>\n\t\t\t<div class='gallery-icon landscape'>\n\t\t\t\t<a href='https:\/\/centrala.org.uk\/centrala_test\/?attachment_id=1732'><img loading=\"lazy\" decoding=\"async\" width=\"210\" height=\"148\" src=\"https:\/\/centrala.org.uk\/centrala_test\/wp-content\/uploads\/2016\/07\/Brudno304-210x148.jpg\" class=\"attachment-thumbnail size-thumbnail\" alt=\"\" srcset=\"https:\/\/centrala.org.uk\/centrala_test\/wp-content\/uploads\/2016\/07\/Brudno304-210x148.jpg 210w, https:\/\/centrala.org.uk\/centrala_test\/wp-content\/uploads\/2016\/07\/Brudno304-640x454.jpg 640w, https:\/\/centrala.org.uk\/centrala_test\/wp-content\/uploads\/2016\/07\/Brudno304-1400x993.jpg 1400w, https:\/\/centrala.org.uk\/centrala_test\/wp-content\/uploads\/2016\/07\/Brudno304-1268x900.jpg 1268w, https:\/\/centrala.org.uk\/centrala_test\/wp-content\/uploads\/2016\/07\/Brudno304-480x340.jpg 480w, https:\/\/centrala.org.uk\/centrala_test\/wp-content\/uploads\/2016\/07\/Brudno304.jpg 1807w\" sizes=\"auto, (max-width: 210px) 100vw, 210px\" \/><\/a>\n\t\t\t<\/div><\/figure>\n\t\t<\/div>\n\n","protected":false},"excerpt":{"rendered":"<p>Third issue of Brudno zine is the first one in English, and it&#8217;s devoted to some of the most interesting polish female comics creators and ilustrators. Theme of the issue: silent treatment. Artists: Dagmara \u201eKreska\u201d Cie\u015blica, Dorota \u015awiderska, Dream Team (Natalia Kulka, Aga G\u00f3jska, Beata Sosnowska), Marta Bystro\u0144, Gabriela Rogula, Anka Wa\u0107kowska, Basia Grzybowska, Katarzyna [&hellip;]<\/p>\n","protected":false},"featured_media":1728,"comment_status":"open","ping_status":"closed","template":"","meta":{"_acf_changed":false},"product_brand":[],"product_cat":[88,22],"product_tag":[83,145,116,81],"series":[],"class_list":{"0":"post-1727","1":"product","2":"type-product","3":"status-publish","4":"has-post-thumbnail","6":"product_cat-magazine","7":"product_cat-comics-and-graphic-novels","8":"product_tag-anna-krzton","9":"product_tag-distro-2","10":"product_tag-magazine-2","11":"product_tag-poland","13":"first","14":"instock","15":"shipping-taxable","16":"purchasable","17":"product-type-simple"},"acf":[],"_links":{"self":[{"href":"https:\/\/centrala.org.uk\/centrala_test\/wp-json\/wp\/v2\/product\/1727","targetHints":{"allow":["GET"]}}],"collection":[{"href":"https:\/\/centrala.org.uk\/centrala_test\/wp-json\/wp\/v2\/product"}],"about":[{"href":"https:\/\/centrala.org.uk\/centrala_test\/wp-json\/wp\/v2\/types\/product"}],"replies":[{"embeddable":true,"href":"https:\/\/centrala.org.uk\/centrala_test\/wp-json\/wp\/v2\/comments?post=1727"}],"wp:featuredmedia":[{"embeddable":true,"href":"https:\/\/centrala.org.uk\/centrala_test\/wp-json\/wp\/v2\/media\/1728"}],"wp:attachment":[{"href":"https:\/\/centrala.org.uk\/centrala_test\/wp-json\/wp\/v2\/media?parent=1727"}],"wp:term":[{"taxonomy":"product_brand","embeddable":true,"href":"https:\/\/centrala.org.uk\/centrala_test\/wp-json\/wp\/v2\/product_brand?post=1727"},{"taxonomy":"product_cat","embeddable":true,"href":"https:\/\/centrala.org.uk\/centrala_test\/wp-json\/wp\/v2\/product_cat?post=1727"},{"taxonomy":"product_tag","embeddable":true,"href":"https:\/\/centrala.org.uk\/centrala_test\/wp-json\/wp\/v2\/product_tag?post=1727"},{"taxonomy":"series","embeddable":true,"href":"https:\/\/centrala.org.uk\/centrala_test\/wp-json\/wp\/v2\/series?post=1727"}],"curies":[{"name":"wp","href":"https:\/\/api.w.org\/{rel}","templated":true}]}}