{"id":1817,"date":"2014-10-10T12:08:41","date_gmt":"2014-10-10T11:08:41","guid":{"rendered":"http:\/\/centrala.org.uk\/?post_type=product&#038;p=1817"},"modified":"2022-03-16T17:19:44","modified_gmt":"2022-03-16T17:19:44","slug":"s-26-dada","status":"publish","type":"product","link":"https:\/\/centrala.org.uk\/centrala_test\/product\/s-26-dada\/","title":{"rendered":"s! #26 daDa"},"content":{"rendered":"<p>Cover: Zane Zleme\u0161a (Latvia). Contributors: A. Burkholder (USA), Brie Moreno (Canada), C\u00e1tia Serr\u00e3o (Portugal), Daniel Lima (Angola), D\u0101vis Ozols (Latvia), Dunja Jankovi\u0107 (Croatia), Dylan Jones (USA), Ernests K\u013cavi\u0146\u0161 (Latvia), Jaakko Pallasvuo (Finland), Jos\u00e9 Ja Ja Ja (Spain), K\u00f6nig L\u00fc.Q. (Switzerland), L\u012bva Kandevica (Latvia), Maija Kur\u0161eva (Latvia), Marc Bell (Canada), M\u0101rti\u0146\u0161 Zutis (Latvia), Olaf Ladousse (Spain), Roman Muradov (Russia), Saehan Park (South Korea), Sammy Stein (France), Vincent Fritz (Germany) and Zane Zleme\u0161a (Latvia). With an Introduction by Agathe Mareuge.<\/p>\n<div id='gallery-1' class='gallery galleryid-1817 gallery-columns-3 gallery-size-thumbnail'><figure class='gallery-item'>\n\t\t\t<div class='gallery-icon portrait'>\n\t\t\t\t<a href='https:\/\/centrala.org.uk\/centrala_test\/?attachment_id=1819'><img loading=\"lazy\" decoding=\"async\" width=\"210\" height=\"282\" src=\"https:\/\/centrala.org.uk\/centrala_test\/wp-content\/uploads\/2016\/10\/s2601.jpg\" class=\"attachment-thumbnail size-thumbnail\" alt=\"\" srcset=\"https:\/\/centrala.org.uk\/centrala_test\/wp-content\/uploads\/2016\/10\/s2601.jpg 900w, https:\/\/centrala.org.uk\/centrala_test\/wp-content\/uploads\/2016\/10\/s2601-640x859.jpg 640w, https:\/\/centrala.org.uk\/centrala_test\/wp-content\/uploads\/2016\/10\/s2601-669x900.jpg 669w, https:\/\/centrala.org.uk\/centrala_test\/wp-content\/uploads\/2016\/10\/s2601-210x282.jpg 210w, https:\/\/centrala.org.uk\/centrala_test\/wp-content\/uploads\/2016\/10\/s2601-480x644.jpg 480w\" sizes=\"auto, (max-width: 210px) 100vw, 210px\" \/><\/a>\n\t\t\t<\/div><\/figure><figure class='gallery-item'>\n\t\t\t<div class='gallery-icon portrait'>\n\t\t\t\t<a href='https:\/\/centrala.org.uk\/centrala_test\/?attachment_id=1820'><img loading=\"lazy\" decoding=\"async\" width=\"210\" height=\"300\" src=\"https:\/\/centrala.org.uk\/centrala_test\/wp-content\/uploads\/2016\/10\/s2602-210x300.jpg\" class=\"attachment-thumbnail size-thumbnail\" alt=\"\" srcset=\"https:\/\/centrala.org.uk\/centrala_test\/wp-content\/uploads\/2016\/10\/s2602-210x300.jpg 210w, https:\/\/centrala.org.uk\/centrala_test\/wp-content\/uploads\/2016\/10\/s2602-640x914.jpg 640w, https:\/\/centrala.org.uk\/centrala_test\/wp-content\/uploads\/2016\/10\/s2602-629x900.jpg 629w, https:\/\/centrala.org.uk\/centrala_test\/wp-content\/uploads\/2016\/10\/s2602-480x685.jpg 480w, https:\/\/centrala.org.uk\/centrala_test\/wp-content\/uploads\/2016\/10\/s2602.jpg 900w\" sizes=\"auto, (max-width: 210px) 100vw, 210px\" \/><\/a>\n\t\t\t<\/div><\/figure><figure class='gallery-item'>\n\t\t\t<div class='gallery-icon portrait'>\n\t\t\t\t<a href='https:\/\/centrala.org.uk\/centrala_test\/?attachment_id=1821'><img loading=\"lazy\" decoding=\"async\" width=\"210\" height=\"296\" src=\"https:\/\/centrala.org.uk\/centrala_test\/wp-content\/uploads\/2016\/10\/s2603-210x296.jpg\" class=\"attachment-thumbnail size-thumbnail\" alt=\"\" srcset=\"https:\/\/centrala.org.uk\/centrala_test\/wp-content\/uploads\/2016\/10\/s2603-210x296.jpg 210w, https:\/\/centrala.org.uk\/centrala_test\/wp-content\/uploads\/2016\/10\/s2603-640x902.jpg 640w, https:\/\/centrala.org.uk\/centrala_test\/wp-content\/uploads\/2016\/10\/s2603-638x900.jpg 638w, https:\/\/centrala.org.uk\/centrala_test\/wp-content\/uploads\/2016\/10\/s2603-480x676.jpg 480w, https:\/\/centrala.org.uk\/centrala_test\/wp-content\/uploads\/2016\/10\/s2603.jpg 900w\" sizes=\"auto, (max-width: 210px) 100vw, 210px\" \/><\/a>\n\t\t\t<\/div><\/figure><figure class='gallery-item'>\n\t\t\t<div class='gallery-icon portrait'>\n\t\t\t\t<a href='https:\/\/centrala.org.uk\/centrala_test\/?attachment_id=1822'><img loading=\"lazy\" decoding=\"async\" width=\"210\" height=\"296\" src=\"https:\/\/centrala.org.uk\/centrala_test\/wp-content\/uploads\/2016\/10\/s2604-210x296.jpg\" class=\"attachment-thumbnail size-thumbnail\" alt=\"\" srcset=\"https:\/\/centrala.org.uk\/centrala_test\/wp-content\/uploads\/2016\/10\/s2604-210x296.jpg 210w, https:\/\/centrala.org.uk\/centrala_test\/wp-content\/uploads\/2016\/10\/s2604-640x902.jpg 640w, https:\/\/centrala.org.uk\/centrala_test\/wp-content\/uploads\/2016\/10\/s2604-638x900.jpg 638w, https:\/\/centrala.org.uk\/centrala_test\/wp-content\/uploads\/2016\/10\/s2604-480x676.jpg 480w, https:\/\/centrala.org.uk\/centrala_test\/wp-content\/uploads\/2016\/10\/s2604.jpg 900w\" sizes=\"auto, (max-width: 210px) 100vw, 210px\" \/><\/a>\n\t\t\t<\/div><\/figure><figure class='gallery-item'>\n\t\t\t<div class='gallery-icon portrait'>\n\t\t\t\t<a href='https:\/\/centrala.org.uk\/centrala_test\/?attachment_id=1823'><img loading=\"lazy\" decoding=\"async\" width=\"210\" height=\"290\" src=\"https:\/\/centrala.org.uk\/centrala_test\/wp-content\/uploads\/2016\/10\/s2605-210x290.jpg\" class=\"attachment-thumbnail size-thumbnail\" alt=\"\" srcset=\"https:\/\/centrala.org.uk\/centrala_test\/wp-content\/uploads\/2016\/10\/s2605-210x290.jpg 210w, https:\/\/centrala.org.uk\/centrala_test\/wp-content\/uploads\/2016\/10\/s2605-640x886.jpg 640w, https:\/\/centrala.org.uk\/centrala_test\/wp-content\/uploads\/2016\/10\/s2605-650x900.jpg 650w, https:\/\/centrala.org.uk\/centrala_test\/wp-content\/uploads\/2016\/10\/s2605-480x664.jpg 480w, https:\/\/centrala.org.uk\/centrala_test\/wp-content\/uploads\/2016\/10\/s2605.jpg 900w\" sizes=\"auto, (max-width: 210px) 100vw, 210px\" \/><\/a>\n\t\t\t<\/div><\/figure><figure class='gallery-item'>\n\t\t\t<div class='gallery-icon portrait'>\n\t\t\t\t<a href='https:\/\/centrala.org.uk\/centrala_test\/?attachment_id=1824'><img loading=\"lazy\" decoding=\"async\" width=\"210\" height=\"291\" src=\"https:\/\/centrala.org.uk\/centrala_test\/wp-content\/uploads\/2016\/10\/s2606-210x291.jpg\" class=\"attachment-thumbnail size-thumbnail\" alt=\"\" srcset=\"https:\/\/centrala.org.uk\/centrala_test\/wp-content\/uploads\/2016\/10\/s2606-210x291.jpg 210w, https:\/\/centrala.org.uk\/centrala_test\/wp-content\/uploads\/2016\/10\/s2606-640x888.jpg 640w, https:\/\/centrala.org.uk\/centrala_test\/wp-content\/uploads\/2016\/10\/s2606-648x900.jpg 648w, https:\/\/centrala.org.uk\/centrala_test\/wp-content\/uploads\/2016\/10\/s2606-480x666.jpg 480w, https:\/\/centrala.org.uk\/centrala_test\/wp-content\/uploads\/2016\/10\/s2606.jpg 900w\" sizes=\"auto, (max-width: 210px) 100vw, 210px\" \/><\/a>\n\t\t\t<\/div><\/figure><figure class='gallery-item'>\n\t\t\t<div class='gallery-icon portrait'>\n\t\t\t\t<a href='https:\/\/centrala.org.uk\/centrala_test\/?attachment_id=1825'><img loading=\"lazy\" decoding=\"async\" width=\"210\" height=\"322\" src=\"https:\/\/centrala.org.uk\/centrala_test\/wp-content\/uploads\/2016\/10\/s2607-210x322.jpg\" class=\"attachment-thumbnail size-thumbnail\" alt=\"\" srcset=\"https:\/\/centrala.org.uk\/centrala_test\/wp-content\/uploads\/2016\/10\/s2607-210x322.jpg 210w, https:\/\/centrala.org.uk\/centrala_test\/wp-content\/uploads\/2016\/10\/s2607-640x984.jpg 640w, https:\/\/centrala.org.uk\/centrala_test\/wp-content\/uploads\/2016\/10\/s2607-585x900.jpg 585w, https:\/\/centrala.org.uk\/centrala_test\/wp-content\/uploads\/2016\/10\/s2607-480x738.jpg 480w, https:\/\/centrala.org.uk\/centrala_test\/wp-content\/uploads\/2016\/10\/s2607.jpg 900w\" sizes=\"auto, (max-width: 210px) 100vw, 210px\" \/><\/a>\n\t\t\t<\/div><\/figure><figure class='gallery-item'>\n\t\t\t<div class='gallery-icon portrait'>\n\t\t\t\t<a href='https:\/\/centrala.org.uk\/centrala_test\/?attachment_id=1826'><img loading=\"lazy\" decoding=\"async\" width=\"210\" height=\"291\" src=\"https:\/\/centrala.org.uk\/centrala_test\/wp-content\/uploads\/2016\/10\/s2608-210x291.jpg\" class=\"attachment-thumbnail size-thumbnail\" alt=\"\" srcset=\"https:\/\/centrala.org.uk\/centrala_test\/wp-content\/uploads\/2016\/10\/s2608-210x291.jpg 210w, https:\/\/centrala.org.uk\/centrala_test\/wp-content\/uploads\/2016\/10\/s2608-640x888.jpg 640w, https:\/\/centrala.org.uk\/centrala_test\/wp-content\/uploads\/2016\/10\/s2608-648x900.jpg 648w, https:\/\/centrala.org.uk\/centrala_test\/wp-content\/uploads\/2016\/10\/s2608-480x666.jpg 480w, https:\/\/centrala.org.uk\/centrala_test\/wp-content\/uploads\/2016\/10\/s2608.jpg 900w\" sizes=\"auto, (max-width: 210px) 100vw, 210px\" \/><\/a>\n\t\t\t<\/div><\/figure><figure class='gallery-item'>\n\t\t\t<div class='gallery-icon portrait'>\n\t\t\t\t<a href='https:\/\/centrala.org.uk\/centrala_test\/?attachment_id=1827'><img loading=\"lazy\" decoding=\"async\" width=\"210\" height=\"313\" src=\"https:\/\/centrala.org.uk\/centrala_test\/wp-content\/uploads\/2016\/10\/s2609-210x313.jpg\" class=\"attachment-thumbnail size-thumbnail\" alt=\"\" srcset=\"https:\/\/centrala.org.uk\/centrala_test\/wp-content\/uploads\/2016\/10\/s2609-210x313.jpg 210w, https:\/\/centrala.org.uk\/centrala_test\/wp-content\/uploads\/2016\/10\/s2609-640x954.jpg 640w, https:\/\/centrala.org.uk\/centrala_test\/wp-content\/uploads\/2016\/10\/s2609-603x900.jpg 603w, https:\/\/centrala.org.uk\/centrala_test\/wp-content\/uploads\/2016\/10\/s2609-480x715.jpg 480w, https:\/\/centrala.org.uk\/centrala_test\/wp-content\/uploads\/2016\/10\/s2609.jpg 900w\" sizes=\"auto, (max-width: 210px) 100vw, 210px\" \/><\/a>\n\t\t\t<\/div><\/figure>\n\t\t<\/div>\n\n","protected":false},"excerpt":{"rendered":"<p>Realsed 18 October 2016<\/p>\n","protected":false},"featured_media":1818,"comment_status":"open","ping_status":"closed","template":"","meta":{"_acf_changed":false},"product_brand":[],"product_cat":[88,22],"product_tag":[145,115,67,117],"series":[],"class_list":{"0":"post-1817","1":"product","2":"type-product","3":"status-publish","4":"has-post-thumbnail","6":"product_cat-magazine","7":"product_cat-comics-and-graphic-novels","8":"product_tag-distro-2","9":"product_tag-kus","10":"product_tag-mini-kus","11":"product_tag-s","13":"first","14":"outofstock","15":"shipping-taxable","16":"purchasable","17":"product-type-simple"},"acf":[],"_links":{"self":[{"href":"https:\/\/centrala.org.uk\/centrala_test\/wp-json\/wp\/v2\/product\/1817","targetHints":{"allow":["GET"]}}],"collection":[{"href":"https:\/\/centrala.org.uk\/centrala_test\/wp-json\/wp\/v2\/product"}],"about":[{"href":"https:\/\/centrala.org.uk\/centrala_test\/wp-json\/wp\/v2\/types\/product"}],"replies":[{"embeddable":true,"href":"https:\/\/centrala.org.uk\/centrala_test\/wp-json\/wp\/v2\/comments?post=1817"}],"wp:featuredmedia":[{"embeddable":true,"href":"https:\/\/centrala.org.uk\/centrala_test\/wp-json\/wp\/v2\/media\/1818"}],"wp:attachment":[{"href":"https:\/\/centrala.org.uk\/centrala_test\/wp-json\/wp\/v2\/media?parent=1817"}],"wp:term":[{"taxonomy":"product_brand","embeddable":true,"href":"https:\/\/centrala.org.uk\/centrala_test\/wp-json\/wp\/v2\/product_brand?post=1817"},{"taxonomy":"product_cat","embeddable":true,"href":"https:\/\/centrala.org.uk\/centrala_test\/wp-json\/wp\/v2\/product_cat?post=1817"},{"taxonomy":"product_tag","embeddable":true,"href":"https:\/\/centrala.org.uk\/centrala_test\/wp-json\/wp\/v2\/product_tag?post=1817"},{"taxonomy":"series","embeddable":true,"href":"https:\/\/centrala.org.uk\/centrala_test\/wp-json\/wp\/v2\/series?post=1817"}],"curies":[{"name":"wp","href":"https:\/\/api.w.org\/{rel}","templated":true}]}}