{"id":1989,"date":"2014-04-11T13:27:18","date_gmt":"2014-04-11T12:27:18","guid":{"rendered":"http:\/\/centrala.org.uk\/?post_type=product&#038;p=1989"},"modified":"2017-04-11T13:28:08","modified_gmt":"2017-04-11T12:28:08","slug":"s-27-bff","status":"publish","type":"product","link":"https:\/\/centrala.org.uk\/centrala_test\/product\/s-27-bff\/","title":{"rendered":"s! #27 BFF"},"content":{"rendered":"<p>Cover: Hironori Kikuchi (Japan) Contributors: BloodBros (New Zealand), deadtheduck (India), Derrengueta (Spain), \u00c9milie Gleason (Mexico), Erlend Peder Kvam (Norway), Gareth Brookes (UK), Gon\u00e7alo Duarte (Portugal), Hironori Kikuchi (Japan), K\u00f6nig L\u00fc. Q. (Switzerland), Krystal DiFronzo (USA), L\u012bva Piter\u0101ne (Latvia), Louise Aleksiejew (France), Lucas Souza Teixeira (Brazil), Lukas Weidinger (Austria), Marie Weber (France), Melek Zertal (Algeria), Shawn Eisenach (USA), Shee Phon (China), Till Lukat (Germany), Tor Brandt (Denmark).<\/p>\n<div id='gallery-1' class='gallery galleryid-1989 gallery-columns-3 gallery-size-thumbnail'><figure class='gallery-item'>\n\t\t\t<div class='gallery-icon portrait'>\n\t\t\t\t<a href='https:\/\/centrala.org.uk\/centrala_test\/?attachment_id=1990'><img loading=\"lazy\" decoding=\"async\" width=\"210\" height=\"294\" src=\"https:\/\/centrala.org.uk\/centrala_test\/wp-content\/uploads\/2017\/04\/2701-210x294.jpg\" class=\"attachment-thumbnail size-thumbnail\" alt=\"\" srcset=\"https:\/\/centrala.org.uk\/centrala_test\/wp-content\/uploads\/2017\/04\/2701-210x294.jpg 210w, https:\/\/centrala.org.uk\/centrala_test\/wp-content\/uploads\/2017\/04\/2701.jpg 356w\" sizes=\"auto, (max-width: 210px) 100vw, 210px\" \/><\/a>\n\t\t\t<\/div><\/figure><figure class='gallery-item'>\n\t\t\t<div class='gallery-icon portrait'>\n\t\t\t\t<a href='https:\/\/centrala.org.uk\/centrala_test\/?attachment_id=1991'><img loading=\"lazy\" decoding=\"async\" width=\"210\" height=\"294\" src=\"https:\/\/centrala.org.uk\/centrala_test\/wp-content\/uploads\/2017\/04\/2702-210x294.jpg\" class=\"attachment-thumbnail size-thumbnail\" alt=\"\" srcset=\"https:\/\/centrala.org.uk\/centrala_test\/wp-content\/uploads\/2017\/04\/2702-210x294.jpg 210w, https:\/\/centrala.org.uk\/centrala_test\/wp-content\/uploads\/2017\/04\/2702.jpg 356w\" sizes=\"auto, (max-width: 210px) 100vw, 210px\" \/><\/a>\n\t\t\t<\/div><\/figure><figure class='gallery-item'>\n\t\t\t<div class='gallery-icon portrait'>\n\t\t\t\t<a href='https:\/\/centrala.org.uk\/centrala_test\/?attachment_id=1992'><img loading=\"lazy\" decoding=\"async\" width=\"210\" height=\"294\" src=\"https:\/\/centrala.org.uk\/centrala_test\/wp-content\/uploads\/2017\/04\/2703-210x294.jpg\" class=\"attachment-thumbnail size-thumbnail\" alt=\"\" srcset=\"https:\/\/centrala.org.uk\/centrala_test\/wp-content\/uploads\/2017\/04\/2703-210x294.jpg 210w, https:\/\/centrala.org.uk\/centrala_test\/wp-content\/uploads\/2017\/04\/2703.jpg 356w\" sizes=\"auto, (max-width: 210px) 100vw, 210px\" \/><\/a>\n\t\t\t<\/div><\/figure><figure class='gallery-item'>\n\t\t\t<div class='gallery-icon portrait'>\n\t\t\t\t<a href='https:\/\/centrala.org.uk\/centrala_test\/?attachment_id=1993'><img loading=\"lazy\" decoding=\"async\" width=\"210\" height=\"294\" src=\"https:\/\/centrala.org.uk\/centrala_test\/wp-content\/uploads\/2017\/04\/2704-210x294.jpg\" class=\"attachment-thumbnail size-thumbnail\" alt=\"\" srcset=\"https:\/\/centrala.org.uk\/centrala_test\/wp-content\/uploads\/2017\/04\/2704-210x294.jpg 210w, https:\/\/centrala.org.uk\/centrala_test\/wp-content\/uploads\/2017\/04\/2704.jpg 356w\" sizes=\"auto, (max-width: 210px) 100vw, 210px\" \/><\/a>\n\t\t\t<\/div><\/figure><figure class='gallery-item'>\n\t\t\t<div class='gallery-icon portrait'>\n\t\t\t\t<a href='https:\/\/centrala.org.uk\/centrala_test\/?attachment_id=1994'><img loading=\"lazy\" decoding=\"async\" width=\"210\" height=\"294\" src=\"https:\/\/centrala.org.uk\/centrala_test\/wp-content\/uploads\/2017\/04\/2705-210x294.jpg\" class=\"attachment-thumbnail size-thumbnail\" alt=\"\" srcset=\"https:\/\/centrala.org.uk\/centrala_test\/wp-content\/uploads\/2017\/04\/2705-210x294.jpg 210w, https:\/\/centrala.org.uk\/centrala_test\/wp-content\/uploads\/2017\/04\/2705.jpg 356w\" sizes=\"auto, (max-width: 210px) 100vw, 210px\" \/><\/a>\n\t\t\t<\/div><\/figure><figure class='gallery-item'>\n\t\t\t<div class='gallery-icon portrait'>\n\t\t\t\t<a href='https:\/\/centrala.org.uk\/centrala_test\/?attachment_id=1995'><img loading=\"lazy\" decoding=\"async\" width=\"210\" height=\"294\" src=\"https:\/\/centrala.org.uk\/centrala_test\/wp-content\/uploads\/2017\/04\/2706-210x294.jpg\" class=\"attachment-thumbnail size-thumbnail\" alt=\"\" srcset=\"https:\/\/centrala.org.uk\/centrala_test\/wp-content\/uploads\/2017\/04\/2706-210x294.jpg 210w, https:\/\/centrala.org.uk\/centrala_test\/wp-content\/uploads\/2017\/04\/2706.jpg 356w\" sizes=\"auto, (max-width: 210px) 100vw, 210px\" \/><\/a>\n\t\t\t<\/div><\/figure>\n\t\t<\/div>\n\n","protected":false},"excerpt":{"rendered":"<p><span style=\"color: #7c7c7c\">Released 24 January 2017<\/span><\/p>\n","protected":false},"featured_media":1996,"comment_status":"open","ping_status":"closed","template":"","meta":{"_acf_changed":false},"product_brand":[],"product_cat":[88,22],"product_tag":[145,115,67,117],"series":[],"class_list":{"0":"post-1989","1":"product","2":"type-product","3":"status-publish","4":"has-post-thumbnail","6":"product_cat-magazine","7":"product_cat-comics-and-graphic-novels","8":"product_tag-distro-2","9":"product_tag-kus","10":"product_tag-mini-kus","11":"product_tag-s","13":"first","14":"instock","15":"shipping-taxable","16":"purchasable","17":"product-type-simple"},"acf":[],"_links":{"self":[{"href":"https:\/\/centrala.org.uk\/centrala_test\/wp-json\/wp\/v2\/product\/1989","targetHints":{"allow":["GET"]}}],"collection":[{"href":"https:\/\/centrala.org.uk\/centrala_test\/wp-json\/wp\/v2\/product"}],"about":[{"href":"https:\/\/centrala.org.uk\/centrala_test\/wp-json\/wp\/v2\/types\/product"}],"replies":[{"embeddable":true,"href":"https:\/\/centrala.org.uk\/centrala_test\/wp-json\/wp\/v2\/comments?post=1989"}],"wp:featuredmedia":[{"embeddable":true,"href":"https:\/\/centrala.org.uk\/centrala_test\/wp-json\/wp\/v2\/media\/1996"}],"wp:attachment":[{"href":"https:\/\/centrala.org.uk\/centrala_test\/wp-json\/wp\/v2\/media?parent=1989"}],"wp:term":[{"taxonomy":"product_brand","embeddable":true,"href":"https:\/\/centrala.org.uk\/centrala_test\/wp-json\/wp\/v2\/product_brand?post=1989"},{"taxonomy":"product_cat","embeddable":true,"href":"https:\/\/centrala.org.uk\/centrala_test\/wp-json\/wp\/v2\/product_cat?post=1989"},{"taxonomy":"product_tag","embeddable":true,"href":"https:\/\/centrala.org.uk\/centrala_test\/wp-json\/wp\/v2\/product_tag?post=1989"},{"taxonomy":"series","embeddable":true,"href":"https:\/\/centrala.org.uk\/centrala_test\/wp-json\/wp\/v2\/series?post=1989"}],"curies":[{"name":"wp","href":"https:\/\/api.w.org\/{rel}","templated":true}]}}