{"id":2474,"date":"2019-11-05T10:05:57","date_gmt":"2019-11-05T10:05:57","guid":{"rendered":"http:\/\/centrala.org.uk\/?post_type=product&#038;p=2474"},"modified":"2020-11-12T14:32:14","modified_gmt":"2020-11-12T14:32:14","slug":"the-art-of-hate","status":"publish","type":"product","link":"https:\/\/centrala.org.uk\/centrala_test\/product\/the-art-of-hate\/","title":{"rendered":"The Art of Hate"},"content":{"rendered":"<p>Over\u00a0 96 works were received for The Art of Hate competition during 3rd Prague Comics Art Festival \u201eFrame\u201d. The anthology includes 46 works by artists from Argentina, Australia, Austria, Belgium, Bulgaria, Canada, Colombia, Czech Republic, Egypt, Estonia, Finland, Germany, Hong Kong, Italy, Latvia, Lithuania, Poland, Portugal, Romania, Russia, Serbia, Slovakia, Slovenia, Taiwan, The Netherlands, UK<\/p>\n<p>The Anthology includes works by following authors<\/p>\n<p>Abdelrahman Hammad (Abbmo)<br \/>\nPraznik Adrijan<br \/>\nMajchrowicz Agnieszka<br \/>\nAlena Brunhilda Oswaldov\u00e1<br \/>\nVie Anna<br \/>\nB. Carrot<br \/>\nBojan Milojevic<br \/>\nC\u0103lin Gherghevici<br \/>\nDevon Maloy<br \/>\nDovil\u0117 \u0160imonyt\u0117<br \/>\nKanarskaite Elena<br \/>\nEmiliyan Valchev Valev and Stanimir Valchev Valev<br \/>\nEmmet O&#8217;Cuana<br \/>\nColombara Francesca<br \/>\nNita Grzegorz<br \/>\nR\u00e4s\u00e4nen Henna<br \/>\nUhrik Henry<br \/>\nHsin-Yu Kuan<br \/>\nI-Wen Tsao<br \/>\nPochknua Ilona<br \/>\nSpakova Irina<br \/>\nAtoski Atoski<br \/>\nFilipovich Ivana<br \/>\nKivi Larmola<br \/>\nB\u00e1rtov\u00e1 Kristina , \u010cerven\u00fd Tom\u00e1\u0161<br \/>\nLai Hiu Yung<br \/>\nLewandowska Malgorzata (Goria)<br \/>\nManuel Alejandro Rodriguez Navarro<br \/>\nMatja\u017e Bertoncelj<br \/>\nMiel Vandepitte<br \/>\nNat\u00e1lia I\u017e\u00e1kov\u00e1<br \/>\nWieszczyk Olga<br \/>\nMalina Ondrej<br \/>\nOrtiche<br \/>\nPam Pam Liu<br \/>\nPetra Stefankova<br \/>\nRodrigo Lucio &amp; Carlos Dearmas<br \/>\nSarah Louisa Thomas<br \/>\nSantos S\u00e9rgio Manuel Firmino<br \/>\nTara Tonja Mariella Niemi\u00f6<br \/>\nThit Ringb\u00f8l Bitsch<br \/>\nP\u00e1nek Tom\u00e1\u0161 , \u010cerven\u00fd Tom\u00e1\u0161<br \/>\nTomi Pakila &amp; Sami Pakila<br \/>\nKrayl Valentin<\/p>\n<div id='gallery-1' class='gallery galleryid-2474 gallery-columns-3 gallery-size-thumbnail'><figure class='gallery-item'>\n\t\t\t<div class='gallery-icon portrait'>\n\t\t\t\t<a href='https:\/\/centrala.org.uk\/centrala_test\/?attachment_id=2477'><img loading=\"lazy\" decoding=\"async\" width=\"210\" height=\"298\" src=\"https:\/\/centrala.org.uk\/centrala_test\/wp-content\/uploads\/2019\/11\/B.-Carrot-aSign-of-Chaos-The-Netherlands1-210x298.jpg\" class=\"attachment-thumbnail size-thumbnail\" alt=\"\" srcset=\"https:\/\/centrala.org.uk\/centrala_test\/wp-content\/uploads\/2019\/11\/B.-Carrot-aSign-of-Chaos-The-Netherlands1-210x298.jpg 210w, https:\/\/centrala.org.uk\/centrala_test\/wp-content\/uploads\/2019\/11\/B.-Carrot-aSign-of-Chaos-The-Netherlands1-480x681.jpg 480w, https:\/\/centrala.org.uk\/centrala_test\/wp-content\/uploads\/2019\/11\/B.-Carrot-aSign-of-Chaos-The-Netherlands1.jpg 582w\" sizes=\"auto, (max-width: 210px) 100vw, 210px\" \/><\/a>\n\t\t\t<\/div><\/figure><figure class='gallery-item'>\n\t\t\t<div class='gallery-icon portrait'>\n\t\t\t\t<a href='https:\/\/centrala.org.uk\/centrala_test\/?attachment_id=2478'><img loading=\"lazy\" decoding=\"async\" width=\"210\" height=\"298\" src=\"https:\/\/centrala.org.uk\/centrala_test\/wp-content\/uploads\/2019\/11\/Emmet-O\u2019Cuana-Jeferson-Sadzinski-lettering-by-Colin-Bell-Kill-Screen-Australia2-210x298.jpg\" class=\"attachment-thumbnail size-thumbnail\" alt=\"\" srcset=\"https:\/\/centrala.org.uk\/centrala_test\/wp-content\/uploads\/2019\/11\/Emmet-O\u2019Cuana-Jeferson-Sadzinski-lettering-by-Colin-Bell-Kill-Screen-Australia2-210x298.jpg 210w, https:\/\/centrala.org.uk\/centrala_test\/wp-content\/uploads\/2019\/11\/Emmet-O\u2019Cuana-Jeferson-Sadzinski-lettering-by-Colin-Bell-Kill-Screen-Australia2-480x681.jpg 480w, https:\/\/centrala.org.uk\/centrala_test\/wp-content\/uploads\/2019\/11\/Emmet-O\u2019Cuana-Jeferson-Sadzinski-lettering-by-Colin-Bell-Kill-Screen-Australia2.jpg 582w\" sizes=\"auto, (max-width: 210px) 100vw, 210px\" \/><\/a>\n\t\t\t<\/div><\/figure><figure class='gallery-item'>\n\t\t\t<div class='gallery-icon portrait'>\n\t\t\t\t<a href='https:\/\/centrala.org.uk\/centrala_test\/?attachment_id=2479'><img loading=\"lazy\" decoding=\"async\" width=\"210\" height=\"298\" src=\"https:\/\/centrala.org.uk\/centrala_test\/wp-content\/uploads\/2019\/11\/Kanarskaite-elena-St.-Cat-Lithuania1-210x298.jpg\" class=\"attachment-thumbnail size-thumbnail\" alt=\"\" srcset=\"https:\/\/centrala.org.uk\/centrala_test\/wp-content\/uploads\/2019\/11\/Kanarskaite-elena-St.-Cat-Lithuania1-210x298.jpg 210w, https:\/\/centrala.org.uk\/centrala_test\/wp-content\/uploads\/2019\/11\/Kanarskaite-elena-St.-Cat-Lithuania1-480x681.jpg 480w, https:\/\/centrala.org.uk\/centrala_test\/wp-content\/uploads\/2019\/11\/Kanarskaite-elena-St.-Cat-Lithuania1.jpg 582w\" sizes=\"auto, (max-width: 210px) 100vw, 210px\" \/><\/a>\n\t\t\t<\/div><\/figure><figure class='gallery-item'>\n\t\t\t<div class='gallery-icon portrait'>\n\t\t\t\t<a href='https:\/\/centrala.org.uk\/centrala_test\/?attachment_id=2480'><img loading=\"lazy\" decoding=\"async\" width=\"210\" height=\"289\" src=\"https:\/\/centrala.org.uk\/centrala_test\/wp-content\/uploads\/2019\/11\/Krayl-Valentin-Ha-Ha-Ha-Germany1-210x289.jpg\" class=\"attachment-thumbnail size-thumbnail\" alt=\"\" srcset=\"https:\/\/centrala.org.uk\/centrala_test\/wp-content\/uploads\/2019\/11\/Krayl-Valentin-Ha-Ha-Ha-Germany1-210x289.jpg 210w, https:\/\/centrala.org.uk\/centrala_test\/wp-content\/uploads\/2019\/11\/Krayl-Valentin-Ha-Ha-Ha-Germany1-640x883.jpg 640w, https:\/\/centrala.org.uk\/centrala_test\/wp-content\/uploads\/2019\/11\/Krayl-Valentin-Ha-Ha-Ha-Germany1-480x662.jpg 480w, https:\/\/centrala.org.uk\/centrala_test\/wp-content\/uploads\/2019\/11\/Krayl-Valentin-Ha-Ha-Ha-Germany1.jpg 641w\" sizes=\"auto, (max-width: 210px) 100vw, 210px\" \/><\/a>\n\t\t\t<\/div><\/figure><figure class='gallery-item'>\n\t\t\t<div class='gallery-icon portrait'>\n\t\t\t\t<a href='https:\/\/centrala.org.uk\/centrala_test\/?attachment_id=2481'><img loading=\"lazy\" decoding=\"async\" width=\"210\" height=\"289\" src=\"https:\/\/centrala.org.uk\/centrala_test\/wp-content\/uploads\/2019\/11\/Lai-Hiu-Yung-Wild-Thingsssssssss-Hong-Kong1-210x289.jpg\" class=\"attachment-thumbnail size-thumbnail\" alt=\"\" srcset=\"https:\/\/centrala.org.uk\/centrala_test\/wp-content\/uploads\/2019\/11\/Lai-Hiu-Yung-Wild-Thingsssssssss-Hong-Kong1-210x289.jpg 210w, https:\/\/centrala.org.uk\/centrala_test\/wp-content\/uploads\/2019\/11\/Lai-Hiu-Yung-Wild-Thingsssssssss-Hong-Kong1-640x883.jpg 640w, https:\/\/centrala.org.uk\/centrala_test\/wp-content\/uploads\/2019\/11\/Lai-Hiu-Yung-Wild-Thingsssssssss-Hong-Kong1-480x662.jpg 480w, https:\/\/centrala.org.uk\/centrala_test\/wp-content\/uploads\/2019\/11\/Lai-Hiu-Yung-Wild-Thingsssssssss-Hong-Kong1.jpg 641w\" sizes=\"auto, (max-width: 210px) 100vw, 210px\" \/><\/a>\n\t\t\t<\/div><\/figure><figure class='gallery-item'>\n\t\t\t<div class='gallery-icon portrait'>\n\t\t\t\t<a href='https:\/\/centrala.org.uk\/centrala_test\/?attachment_id=2482'><img loading=\"lazy\" decoding=\"async\" width=\"210\" height=\"289\" src=\"https:\/\/centrala.org.uk\/centrala_test\/wp-content\/uploads\/2019\/11\/Malina-Ondrej-Hamster-Villain-Czech-Republic1-210x289.jpg\" class=\"attachment-thumbnail size-thumbnail\" alt=\"\" srcset=\"https:\/\/centrala.org.uk\/centrala_test\/wp-content\/uploads\/2019\/11\/Malina-Ondrej-Hamster-Villain-Czech-Republic1-210x289.jpg 210w, https:\/\/centrala.org.uk\/centrala_test\/wp-content\/uploads\/2019\/11\/Malina-Ondrej-Hamster-Villain-Czech-Republic1-640x883.jpg 640w, https:\/\/centrala.org.uk\/centrala_test\/wp-content\/uploads\/2019\/11\/Malina-Ondrej-Hamster-Villain-Czech-Republic1-480x662.jpg 480w, https:\/\/centrala.org.uk\/centrala_test\/wp-content\/uploads\/2019\/11\/Malina-Ondrej-Hamster-Villain-Czech-Republic1.jpg 641w\" sizes=\"auto, (max-width: 210px) 100vw, 210px\" \/><\/a>\n\t\t\t<\/div><\/figure><figure class='gallery-item'>\n\t\t\t<div class='gallery-icon portrait'>\n\t\t\t\t<a href='https:\/\/centrala.org.uk\/centrala_test\/?attachment_id=2483'><img loading=\"lazy\" decoding=\"async\" width=\"210\" height=\"289\" src=\"https:\/\/centrala.org.uk\/centrala_test\/wp-content\/uploads\/2019\/11\/Matjaz\u030c-Bertoncelj-The-South-Slovenia1-210x289.jpg\" class=\"attachment-thumbnail size-thumbnail\" alt=\"\" srcset=\"https:\/\/centrala.org.uk\/centrala_test\/wp-content\/uploads\/2019\/11\/Matjaz\u030c-Bertoncelj-The-South-Slovenia1-210x289.jpg 210w, https:\/\/centrala.org.uk\/centrala_test\/wp-content\/uploads\/2019\/11\/Matjaz\u030c-Bertoncelj-The-South-Slovenia1-640x883.jpg 640w, https:\/\/centrala.org.uk\/centrala_test\/wp-content\/uploads\/2019\/11\/Matjaz\u030c-Bertoncelj-The-South-Slovenia1-480x662.jpg 480w, https:\/\/centrala.org.uk\/centrala_test\/wp-content\/uploads\/2019\/11\/Matjaz\u030c-Bertoncelj-The-South-Slovenia1.jpg 641w\" sizes=\"auto, (max-width: 210px) 100vw, 210px\" \/><\/a>\n\t\t\t<\/div><\/figure><figure class='gallery-item'>\n\t\t\t<div class='gallery-icon portrait'>\n\t\t\t\t<a href='https:\/\/centrala.org.uk\/centrala_test\/?attachment_id=2484'><img loading=\"lazy\" decoding=\"async\" width=\"210\" height=\"289\" src=\"https:\/\/centrala.org.uk\/centrala_test\/wp-content\/uploads\/2019\/11\/Miel-Vandepitte-Train-World-Belgium-210x289.jpg\" class=\"attachment-thumbnail size-thumbnail\" alt=\"\" srcset=\"https:\/\/centrala.org.uk\/centrala_test\/wp-content\/uploads\/2019\/11\/Miel-Vandepitte-Train-World-Belgium-210x289.jpg 210w, https:\/\/centrala.org.uk\/centrala_test\/wp-content\/uploads\/2019\/11\/Miel-Vandepitte-Train-World-Belgium-640x883.jpg 640w, https:\/\/centrala.org.uk\/centrala_test\/wp-content\/uploads\/2019\/11\/Miel-Vandepitte-Train-World-Belgium-480x662.jpg 480w, https:\/\/centrala.org.uk\/centrala_test\/wp-content\/uploads\/2019\/11\/Miel-Vandepitte-Train-World-Belgium.jpg 641w\" sizes=\"auto, (max-width: 210px) 100vw, 210px\" \/><\/a>\n\t\t\t<\/div><\/figure><figure class='gallery-item'>\n\t\t\t<div class='gallery-icon portrait'>\n\t\t\t\t<a href='https:\/\/centrala.org.uk\/centrala_test\/?attachment_id=2485'><img loading=\"lazy\" decoding=\"async\" width=\"210\" height=\"289\" src=\"https:\/\/centrala.org.uk\/centrala_test\/wp-content\/uploads\/2019\/11\/Rodrigo-Lucio-Carlos-Dearmas-Kafkaesque-Colombia2-210x289.jpg\" class=\"attachment-thumbnail size-thumbnail\" alt=\"\" srcset=\"https:\/\/centrala.org.uk\/centrala_test\/wp-content\/uploads\/2019\/11\/Rodrigo-Lucio-Carlos-Dearmas-Kafkaesque-Colombia2-210x289.jpg 210w, https:\/\/centrala.org.uk\/centrala_test\/wp-content\/uploads\/2019\/11\/Rodrigo-Lucio-Carlos-Dearmas-Kafkaesque-Colombia2-640x883.jpg 640w, https:\/\/centrala.org.uk\/centrala_test\/wp-content\/uploads\/2019\/11\/Rodrigo-Lucio-Carlos-Dearmas-Kafkaesque-Colombia2-480x662.jpg 480w, https:\/\/centrala.org.uk\/centrala_test\/wp-content\/uploads\/2019\/11\/Rodrigo-Lucio-Carlos-Dearmas-Kafkaesque-Colombia2.jpg 641w\" sizes=\"auto, (max-width: 210px) 100vw, 210px\" \/><\/a>\n\t\t\t<\/div><\/figure><figure class='gallery-item'>\n\t\t\t<div class='gallery-icon portrait'>\n\t\t\t\t<a href='https:\/\/centrala.org.uk\/centrala_test\/?attachment_id=2486'><img loading=\"lazy\" decoding=\"async\" width=\"210\" height=\"289\" src=\"https:\/\/centrala.org.uk\/centrala_test\/wp-content\/uploads\/2019\/11\/Uhrik-Henry-Dead-Flies-How-My-Apartment-Became-a-Police-State-UK1-210x289.jpg\" class=\"attachment-thumbnail size-thumbnail\" alt=\"\" srcset=\"https:\/\/centrala.org.uk\/centrala_test\/wp-content\/uploads\/2019\/11\/Uhrik-Henry-Dead-Flies-How-My-Apartment-Became-a-Police-State-UK1-210x289.jpg 210w, https:\/\/centrala.org.uk\/centrala_test\/wp-content\/uploads\/2019\/11\/Uhrik-Henry-Dead-Flies-How-My-Apartment-Became-a-Police-State-UK1-640x883.jpg 640w, https:\/\/centrala.org.uk\/centrala_test\/wp-content\/uploads\/2019\/11\/Uhrik-Henry-Dead-Flies-How-My-Apartment-Became-a-Police-State-UK1-480x662.jpg 480w, https:\/\/centrala.org.uk\/centrala_test\/wp-content\/uploads\/2019\/11\/Uhrik-Henry-Dead-Flies-How-My-Apartment-Became-a-Police-State-UK1.jpg 641w\" sizes=\"auto, (max-width: 210px) 100vw, 210px\" \/><\/a>\n\t\t\t<\/div><\/figure><figure class='gallery-item'>\n\t\t\t<div class='gallery-icon portrait'>\n\t\t\t\t<a href='https:\/\/centrala.org.uk\/centrala_test\/?attachment_id=2487'><img loading=\"lazy\" decoding=\"async\" width=\"210\" height=\"289\" src=\"https:\/\/centrala.org.uk\/centrala_test\/wp-content\/uploads\/2019\/11\/Wieszczyk-Olga-Flame-Poland-1-210x289.jpg\" class=\"attachment-thumbnail size-thumbnail\" alt=\"\" srcset=\"https:\/\/centrala.org.uk\/centrala_test\/wp-content\/uploads\/2019\/11\/Wieszczyk-Olga-Flame-Poland-1-210x289.jpg 210w, https:\/\/centrala.org.uk\/centrala_test\/wp-content\/uploads\/2019\/11\/Wieszczyk-Olga-Flame-Poland-1-640x883.jpg 640w, https:\/\/centrala.org.uk\/centrala_test\/wp-content\/uploads\/2019\/11\/Wieszczyk-Olga-Flame-Poland-1-480x662.jpg 480w, https:\/\/centrala.org.uk\/centrala_test\/wp-content\/uploads\/2019\/11\/Wieszczyk-Olga-Flame-Poland-1.jpg 641w\" sizes=\"auto, (max-width: 210px) 100vw, 210px\" \/><\/a>\n\t\t\t<\/div><\/figure><figure class='gallery-item'>\n\t\t\t<div class='gallery-icon portrait'>\n\t\t\t\t<a href='https:\/\/centrala.org.uk\/centrala_test\/?attachment_id=2488'><img loading=\"lazy\" decoding=\"async\" width=\"210\" height=\"289\" src=\"https:\/\/centrala.org.uk\/centrala_test\/wp-content\/uploads\/2019\/11\/Colombara-Francesca-I-hate-drawing.-Italy1-210x289.jpg\" class=\"attachment-thumbnail size-thumbnail\" alt=\"\" srcset=\"https:\/\/centrala.org.uk\/centrala_test\/wp-content\/uploads\/2019\/11\/Colombara-Francesca-I-hate-drawing.-Italy1-210x289.jpg 210w, https:\/\/centrala.org.uk\/centrala_test\/wp-content\/uploads\/2019\/11\/Colombara-Francesca-I-hate-drawing.-Italy1-640x883.jpg 640w, https:\/\/centrala.org.uk\/centrala_test\/wp-content\/uploads\/2019\/11\/Colombara-Francesca-I-hate-drawing.-Italy1-480x662.jpg 480w, https:\/\/centrala.org.uk\/centrala_test\/wp-content\/uploads\/2019\/11\/Colombara-Francesca-I-hate-drawing.-Italy1.jpg 641w\" sizes=\"auto, (max-width: 210px) 100vw, 210px\" \/><\/a>\n\t\t\t<\/div><\/figure><figure class='gallery-item'>\n\t\t\t<div class='gallery-icon portrait'>\n\t\t\t\t<a href='https:\/\/centrala.org.uk\/centrala_test\/?attachment_id=2489'><img loading=\"lazy\" decoding=\"async\" width=\"210\" height=\"289\" src=\"https:\/\/centrala.org.uk\/centrala_test\/wp-content\/uploads\/2019\/11\/Pam-Pam-Liu-The-Art-of-Hate-Taiwan1-210x289.jpg\" class=\"attachment-thumbnail size-thumbnail\" alt=\"\" srcset=\"https:\/\/centrala.org.uk\/centrala_test\/wp-content\/uploads\/2019\/11\/Pam-Pam-Liu-The-Art-of-Hate-Taiwan1-210x289.jpg 210w, https:\/\/centrala.org.uk\/centrala_test\/wp-content\/uploads\/2019\/11\/Pam-Pam-Liu-The-Art-of-Hate-Taiwan1-640x883.jpg 640w, https:\/\/centrala.org.uk\/centrala_test\/wp-content\/uploads\/2019\/11\/Pam-Pam-Liu-The-Art-of-Hate-Taiwan1-480x662.jpg 480w, https:\/\/centrala.org.uk\/centrala_test\/wp-content\/uploads\/2019\/11\/Pam-Pam-Liu-The-Art-of-Hate-Taiwan1.jpg 641w\" sizes=\"auto, (max-width: 210px) 100vw, 210px\" \/><\/a>\n\t\t\t<\/div><\/figure><figure class='gallery-item'>\n\t\t\t<div class='gallery-icon portrait'>\n\t\t\t\t<a href='https:\/\/centrala.org.uk\/centrala_test\/?attachment_id=2490'><img loading=\"lazy\" decoding=\"async\" width=\"210\" height=\"289\" src=\"https:\/\/centrala.org.uk\/centrala_test\/wp-content\/uploads\/2019\/11\/Tomi-Pakila-Sami-Pakila-The-Hollow-Voyage-Finland1-210x289.jpg\" class=\"attachment-thumbnail size-thumbnail\" alt=\"\" srcset=\"https:\/\/centrala.org.uk\/centrala_test\/wp-content\/uploads\/2019\/11\/Tomi-Pakila-Sami-Pakila-The-Hollow-Voyage-Finland1-210x289.jpg 210w, https:\/\/centrala.org.uk\/centrala_test\/wp-content\/uploads\/2019\/11\/Tomi-Pakila-Sami-Pakila-The-Hollow-Voyage-Finland1-640x883.jpg 640w, https:\/\/centrala.org.uk\/centrala_test\/wp-content\/uploads\/2019\/11\/Tomi-Pakila-Sami-Pakila-The-Hollow-Voyage-Finland1-480x662.jpg 480w, https:\/\/centrala.org.uk\/centrala_test\/wp-content\/uploads\/2019\/11\/Tomi-Pakila-Sami-Pakila-The-Hollow-Voyage-Finland1.jpg 641w\" sizes=\"auto, (max-width: 210px) 100vw, 210px\" \/><\/a>\n\t\t\t<\/div><\/figure>\n\t\t<\/div>\n\n","protected":false},"excerpt":{"rendered":"<p>Frame 2019 Anthology<\/p>\n","protected":false},"featured_media":2476,"comment_status":"open","ping_status":"closed","template":"","meta":{"_acf_changed":false},"product_brand":[],"product_cat":[22],"product_tag":[114,228,227],"series":[580],"class_list":{"0":"post-2474","1":"product","2":"type-product","3":"status-publish","4":"has-post-thumbnail","6":"product_cat-comics-and-graphic-novels","7":"product_tag-anthology","8":"product_tag-festival","9":"product_tag-frame","10":"series-life","12":"first","13":"instock","14":"shipping-taxable","15":"purchasable","16":"product-type-simple"},"acf":[],"_links":{"self":[{"href":"https:\/\/centrala.org.uk\/centrala_test\/wp-json\/wp\/v2\/product\/2474","targetHints":{"allow":["GET"]}}],"collection":[{"href":"https:\/\/centrala.org.uk\/centrala_test\/wp-json\/wp\/v2\/product"}],"about":[{"href":"https:\/\/centrala.org.uk\/centrala_test\/wp-json\/wp\/v2\/types\/product"}],"replies":[{"embeddable":true,"href":"https:\/\/centrala.org.uk\/centrala_test\/wp-json\/wp\/v2\/comments?post=2474"}],"wp:featuredmedia":[{"embeddable":true,"href":"https:\/\/centrala.org.uk\/centrala_test\/wp-json\/wp\/v2\/media\/2476"}],"wp:attachment":[{"href":"https:\/\/centrala.org.uk\/centrala_test\/wp-json\/wp\/v2\/media?parent=2474"}],"wp:term":[{"taxonomy":"product_brand","embeddable":true,"href":"https:\/\/centrala.org.uk\/centrala_test\/wp-json\/wp\/v2\/product_brand?post=2474"},{"taxonomy":"product_cat","embeddable":true,"href":"https:\/\/centrala.org.uk\/centrala_test\/wp-json\/wp\/v2\/product_cat?post=2474"},{"taxonomy":"product_tag","embeddable":true,"href":"https:\/\/centrala.org.uk\/centrala_test\/wp-json\/wp\/v2\/product_tag?post=2474"},{"taxonomy":"series","embeddable":true,"href":"https:\/\/centrala.org.uk\/centrala_test\/wp-json\/wp\/v2\/series?post=2474"}],"curies":[{"name":"wp","href":"https:\/\/api.w.org\/{rel}","templated":true}]}}