{"id":3562,"date":"2022-10-11T16:00:29","date_gmt":"2022-10-11T15:00:29","guid":{"rendered":"http:\/\/centrala.org.uk\/?post_type=product&#038;p=3562"},"modified":"2022-11-09T18:57:12","modified_gmt":"2022-11-09T18:57:12","slug":"the-sisters-dietl","status":"publish","type":"product","link":"https:\/\/centrala.org.uk\/centrala_test\/product\/the-sisters-dietl\/","title":{"rendered":"The Sisters Dietl"},"content":{"rendered":"<p>A horror detective story about two sisters, whose world is created from the surreal visions of Vojt\u011bch Ma\u0161ek, one of the most acclaimed Czech comics authors. When one of the Dietl sisters ends up in hospital after what appears to be a brutal attack, leaving her with a mutilated face and unable to move, Ma\u0161ek leads the reader on a detective story exploring change of identity, doppelg\u00e4ngers, deformation, hallucination and altered states of mind in contrast with idyllic family life. This comics takes place in a fictional world woven from dreams, hazy and distorted memories of childhood fears, fear of the unknown and the desire for a safe hiding place. Reality constantly disrupted by doubts, changing points of view, the neurotic need to find objective truth. All this is contained in the story about the Dietl sisters \u2013 many theories, many possibilities but seemingly with only one solution. Ma\u0161ek employs a unique multilayered art style, combining backgrounds created from various texts, newspaper cuttings and patterns with the main plot taking place in the foreground. The connections and juxtapositions between these two levels brilliantly evoking the main themes of the book.<\/p>\n<div id='gallery-1' class='gallery galleryid-3562 gallery-columns-3 gallery-size-thumbnail'><figure class='gallery-item'>\n\t\t\t<div class='gallery-icon landscape'>\n\t\t\t\t<a href='https:\/\/centrala.org.uk\/centrala_test\/?attachment_id=3567'><img loading=\"lazy\" decoding=\"async\" width=\"210\" height=\"137\" src=\"https:\/\/centrala.org.uk\/centrala_test\/wp-content\/uploads\/2022\/10\/sestry_sazba_english_centrala2-210x137.jpg\" class=\"attachment-thumbnail size-thumbnail\" alt=\"\" aria-describedby=\"gallery-1-3567\" srcset=\"https:\/\/centrala.org.uk\/centrala_test\/wp-content\/uploads\/2022\/10\/sestry_sazba_english_centrala2-210x137.jpg 210w, https:\/\/centrala.org.uk\/centrala_test\/wp-content\/uploads\/2022\/10\/sestry_sazba_english_centrala2-640x417.jpg 640w, https:\/\/centrala.org.uk\/centrala_test\/wp-content\/uploads\/2022\/10\/sestry_sazba_english_centrala2-1400x913.jpg 1400w, https:\/\/centrala.org.uk\/centrala_test\/wp-content\/uploads\/2022\/10\/sestry_sazba_english_centrala2-768x501.jpg 768w, https:\/\/centrala.org.uk\/centrala_test\/wp-content\/uploads\/2022\/10\/sestry_sazba_english_centrala2-1380x900.jpg 1380w, https:\/\/centrala.org.uk\/centrala_test\/wp-content\/uploads\/2022\/10\/sestry_sazba_english_centrala2-480x313.jpg 480w, https:\/\/centrala.org.uk\/centrala_test\/wp-content\/uploads\/2022\/10\/sestry_sazba_english_centrala2.jpg 1521w\" sizes=\"auto, (max-width: 210px) 100vw, 210px\" \/><\/a>\n\t\t\t<\/div>\n\t\t\t\t<figcaption class='wp-caption-text gallery-caption' id='gallery-1-3567'>\n\t\t\t\tThe Sisters Dietl, Vojt\u011bch Ma\u0161ek\n\t\t\t\t<\/figcaption><\/figure><figure class='gallery-item'>\n\t\t\t<div class='gallery-icon landscape'>\n\t\t\t\t<a href='https:\/\/centrala.org.uk\/centrala_test\/?attachment_id=3568'><img loading=\"lazy\" decoding=\"async\" width=\"210\" height=\"137\" src=\"https:\/\/centrala.org.uk\/centrala_test\/wp-content\/uploads\/2022\/10\/sestry_sazba_english_centrala3-210x137.jpg\" class=\"attachment-thumbnail size-thumbnail\" alt=\"\" aria-describedby=\"gallery-1-3568\" srcset=\"https:\/\/centrala.org.uk\/centrala_test\/wp-content\/uploads\/2022\/10\/sestry_sazba_english_centrala3-210x137.jpg 210w, https:\/\/centrala.org.uk\/centrala_test\/wp-content\/uploads\/2022\/10\/sestry_sazba_english_centrala3-640x417.jpg 640w, https:\/\/centrala.org.uk\/centrala_test\/wp-content\/uploads\/2022\/10\/sestry_sazba_english_centrala3-1400x913.jpg 1400w, https:\/\/centrala.org.uk\/centrala_test\/wp-content\/uploads\/2022\/10\/sestry_sazba_english_centrala3-768x501.jpg 768w, https:\/\/centrala.org.uk\/centrala_test\/wp-content\/uploads\/2022\/10\/sestry_sazba_english_centrala3-1536x1002.jpg 1536w, https:\/\/centrala.org.uk\/centrala_test\/wp-content\/uploads\/2022\/10\/sestry_sazba_english_centrala3-1380x900.jpg 1380w, https:\/\/centrala.org.uk\/centrala_test\/wp-content\/uploads\/2022\/10\/sestry_sazba_english_centrala3-480x313.jpg 480w, https:\/\/centrala.org.uk\/centrala_test\/wp-content\/uploads\/2022\/10\/sestry_sazba_english_centrala3.jpg 1630w\" sizes=\"auto, (max-width: 210px) 100vw, 210px\" \/><\/a>\n\t\t\t<\/div>\n\t\t\t\t<figcaption class='wp-caption-text gallery-caption' id='gallery-1-3568'>\n\t\t\t\tThe Sisters Dietl, Vojt\u011bch Ma\u0161ek\n\t\t\t\t<\/figcaption><\/figure><figure class='gallery-item'>\n\t\t\t<div class='gallery-icon landscape'>\n\t\t\t\t<a href='https:\/\/centrala.org.uk\/centrala_test\/?attachment_id=3569'><img loading=\"lazy\" decoding=\"async\" width=\"210\" height=\"137\" src=\"https:\/\/centrala.org.uk\/centrala_test\/wp-content\/uploads\/2022\/10\/sestry_sazba_english_centrala4-210x137.jpg\" class=\"attachment-thumbnail size-thumbnail\" alt=\"\" aria-describedby=\"gallery-1-3569\" srcset=\"https:\/\/centrala.org.uk\/centrala_test\/wp-content\/uploads\/2022\/10\/sestry_sazba_english_centrala4-210x137.jpg 210w, https:\/\/centrala.org.uk\/centrala_test\/wp-content\/uploads\/2022\/10\/sestry_sazba_english_centrala4-640x417.jpg 640w, https:\/\/centrala.org.uk\/centrala_test\/wp-content\/uploads\/2022\/10\/sestry_sazba_english_centrala4-1400x913.jpg 1400w, https:\/\/centrala.org.uk\/centrala_test\/wp-content\/uploads\/2022\/10\/sestry_sazba_english_centrala4-768x501.jpg 768w, https:\/\/centrala.org.uk\/centrala_test\/wp-content\/uploads\/2022\/10\/sestry_sazba_english_centrala4-1536x1002.jpg 1536w, https:\/\/centrala.org.uk\/centrala_test\/wp-content\/uploads\/2022\/10\/sestry_sazba_english_centrala4-1380x900.jpg 1380w, https:\/\/centrala.org.uk\/centrala_test\/wp-content\/uploads\/2022\/10\/sestry_sazba_english_centrala4-480x313.jpg 480w, https:\/\/centrala.org.uk\/centrala_test\/wp-content\/uploads\/2022\/10\/sestry_sazba_english_centrala4.jpg 1630w\" sizes=\"auto, (max-width: 210px) 100vw, 210px\" \/><\/a>\n\t\t\t<\/div>\n\t\t\t\t<figcaption class='wp-caption-text gallery-caption' id='gallery-1-3569'>\n\t\t\t\tThe Sisters Dietl, Vojt\u011bch Ma\u0161ek\n\t\t\t\t<\/figcaption><\/figure><figure class='gallery-item'>\n\t\t\t<div class='gallery-icon landscape'>\n\t\t\t\t<a href='https:\/\/centrala.org.uk\/centrala_test\/?attachment_id=3570'><img loading=\"lazy\" decoding=\"async\" width=\"210\" height=\"137\" src=\"https:\/\/centrala.org.uk\/centrala_test\/wp-content\/uploads\/2022\/10\/sestry_sazba_english_centrala9-210x137.jpg\" class=\"attachment-thumbnail size-thumbnail\" alt=\"\" aria-describedby=\"gallery-1-3570\" srcset=\"https:\/\/centrala.org.uk\/centrala_test\/wp-content\/uploads\/2022\/10\/sestry_sazba_english_centrala9-210x137.jpg 210w, https:\/\/centrala.org.uk\/centrala_test\/wp-content\/uploads\/2022\/10\/sestry_sazba_english_centrala9-640x417.jpg 640w, https:\/\/centrala.org.uk\/centrala_test\/wp-content\/uploads\/2022\/10\/sestry_sazba_english_centrala9-1400x913.jpg 1400w, https:\/\/centrala.org.uk\/centrala_test\/wp-content\/uploads\/2022\/10\/sestry_sazba_english_centrala9-768x501.jpg 768w, https:\/\/centrala.org.uk\/centrala_test\/wp-content\/uploads\/2022\/10\/sestry_sazba_english_centrala9-1536x1002.jpg 1536w, https:\/\/centrala.org.uk\/centrala_test\/wp-content\/uploads\/2022\/10\/sestry_sazba_english_centrala9-1380x900.jpg 1380w, https:\/\/centrala.org.uk\/centrala_test\/wp-content\/uploads\/2022\/10\/sestry_sazba_english_centrala9-480x313.jpg 480w, https:\/\/centrala.org.uk\/centrala_test\/wp-content\/uploads\/2022\/10\/sestry_sazba_english_centrala9.jpg 1630w\" sizes=\"auto, (max-width: 210px) 100vw, 210px\" \/><\/a>\n\t\t\t<\/div>\n\t\t\t\t<figcaption class='wp-caption-text gallery-caption' id='gallery-1-3570'>\n\t\t\t\tThe Sisters Dietl, Vojt\u011bch Ma\u0161ek\n\t\t\t\t<\/figcaption><\/figure><figure class='gallery-item'>\n\t\t\t<div class='gallery-icon landscape'>\n\t\t\t\t<a href='https:\/\/centrala.org.uk\/centrala_test\/?attachment_id=3571'><img loading=\"lazy\" decoding=\"async\" width=\"210\" height=\"137\" src=\"https:\/\/centrala.org.uk\/centrala_test\/wp-content\/uploads\/2022\/10\/sestry_sazba_english_centrala10-210x137.jpg\" class=\"attachment-thumbnail size-thumbnail\" alt=\"\" aria-describedby=\"gallery-1-3571\" srcset=\"https:\/\/centrala.org.uk\/centrala_test\/wp-content\/uploads\/2022\/10\/sestry_sazba_english_centrala10-210x137.jpg 210w, https:\/\/centrala.org.uk\/centrala_test\/wp-content\/uploads\/2022\/10\/sestry_sazba_english_centrala10-640x417.jpg 640w, https:\/\/centrala.org.uk\/centrala_test\/wp-content\/uploads\/2022\/10\/sestry_sazba_english_centrala10-1400x913.jpg 1400w, https:\/\/centrala.org.uk\/centrala_test\/wp-content\/uploads\/2022\/10\/sestry_sazba_english_centrala10-768x501.jpg 768w, https:\/\/centrala.org.uk\/centrala_test\/wp-content\/uploads\/2022\/10\/sestry_sazba_english_centrala10-1536x1002.jpg 1536w, https:\/\/centrala.org.uk\/centrala_test\/wp-content\/uploads\/2022\/10\/sestry_sazba_english_centrala10-1380x900.jpg 1380w, https:\/\/centrala.org.uk\/centrala_test\/wp-content\/uploads\/2022\/10\/sestry_sazba_english_centrala10-480x313.jpg 480w, https:\/\/centrala.org.uk\/centrala_test\/wp-content\/uploads\/2022\/10\/sestry_sazba_english_centrala10.jpg 1630w\" sizes=\"auto, (max-width: 210px) 100vw, 210px\" \/><\/a>\n\t\t\t<\/div>\n\t\t\t\t<figcaption class='wp-caption-text gallery-caption' id='gallery-1-3571'>\n\t\t\t\tThe Sisters Dietl, Vojt\u011bch Ma\u0161ek\n\t\t\t\t<\/figcaption><\/figure><figure class='gallery-item'>\n\t\t\t<div class='gallery-icon landscape'>\n\t\t\t\t<a href='https:\/\/centrala.org.uk\/centrala_test\/?attachment_id=3572'><img loading=\"lazy\" decoding=\"async\" width=\"210\" height=\"137\" src=\"https:\/\/centrala.org.uk\/centrala_test\/wp-content\/uploads\/2022\/10\/sestry_sazba_english_centrala11-210x137.jpg\" class=\"attachment-thumbnail size-thumbnail\" alt=\"\" aria-describedby=\"gallery-1-3572\" srcset=\"https:\/\/centrala.org.uk\/centrala_test\/wp-content\/uploads\/2022\/10\/sestry_sazba_english_centrala11-210x137.jpg 210w, https:\/\/centrala.org.uk\/centrala_test\/wp-content\/uploads\/2022\/10\/sestry_sazba_english_centrala11-640x417.jpg 640w, https:\/\/centrala.org.uk\/centrala_test\/wp-content\/uploads\/2022\/10\/sestry_sazba_english_centrala11-1400x913.jpg 1400w, https:\/\/centrala.org.uk\/centrala_test\/wp-content\/uploads\/2022\/10\/sestry_sazba_english_centrala11-768x501.jpg 768w, https:\/\/centrala.org.uk\/centrala_test\/wp-content\/uploads\/2022\/10\/sestry_sazba_english_centrala11-1536x1002.jpg 1536w, https:\/\/centrala.org.uk\/centrala_test\/wp-content\/uploads\/2022\/10\/sestry_sazba_english_centrala11-1380x900.jpg 1380w, https:\/\/centrala.org.uk\/centrala_test\/wp-content\/uploads\/2022\/10\/sestry_sazba_english_centrala11-480x313.jpg 480w, https:\/\/centrala.org.uk\/centrala_test\/wp-content\/uploads\/2022\/10\/sestry_sazba_english_centrala11.jpg 1630w\" sizes=\"auto, (max-width: 210px) 100vw, 210px\" \/><\/a>\n\t\t\t<\/div>\n\t\t\t\t<figcaption class='wp-caption-text gallery-caption' id='gallery-1-3572'>\n\t\t\t\tThe Sisters Dietl, Vojt\u011bch Ma\u0161ek\n\t\t\t\t<\/figcaption><\/figure><figure class='gallery-item'>\n\t\t\t<div class='gallery-icon landscape'>\n\t\t\t\t<a href='https:\/\/centrala.org.uk\/centrala_test\/?attachment_id=3573'><img loading=\"lazy\" decoding=\"async\" width=\"210\" height=\"137\" src=\"https:\/\/centrala.org.uk\/centrala_test\/wp-content\/uploads\/2022\/10\/sestry_sazba_english_centrala12-210x137.jpg\" class=\"attachment-thumbnail size-thumbnail\" alt=\"\" aria-describedby=\"gallery-1-3573\" srcset=\"https:\/\/centrala.org.uk\/centrala_test\/wp-content\/uploads\/2022\/10\/sestry_sazba_english_centrala12-210x137.jpg 210w, https:\/\/centrala.org.uk\/centrala_test\/wp-content\/uploads\/2022\/10\/sestry_sazba_english_centrala12-640x417.jpg 640w, https:\/\/centrala.org.uk\/centrala_test\/wp-content\/uploads\/2022\/10\/sestry_sazba_english_centrala12-1400x913.jpg 1400w, https:\/\/centrala.org.uk\/centrala_test\/wp-content\/uploads\/2022\/10\/sestry_sazba_english_centrala12-768x501.jpg 768w, https:\/\/centrala.org.uk\/centrala_test\/wp-content\/uploads\/2022\/10\/sestry_sazba_english_centrala12-1536x1002.jpg 1536w, https:\/\/centrala.org.uk\/centrala_test\/wp-content\/uploads\/2022\/10\/sestry_sazba_english_centrala12-1380x900.jpg 1380w, https:\/\/centrala.org.uk\/centrala_test\/wp-content\/uploads\/2022\/10\/sestry_sazba_english_centrala12-480x313.jpg 480w, https:\/\/centrala.org.uk\/centrala_test\/wp-content\/uploads\/2022\/10\/sestry_sazba_english_centrala12.jpg 1630w\" sizes=\"auto, (max-width: 210px) 100vw, 210px\" \/><\/a>\n\t\t\t<\/div>\n\t\t\t\t<figcaption class='wp-caption-text gallery-caption' id='gallery-1-3573'>\n\t\t\t\tThe Sisters Dietl, Vojt\u011bch Ma\u0161ek\n\t\t\t\t<\/figcaption><\/figure><figure class='gallery-item'>\n\t\t\t<div class='gallery-icon landscape'>\n\t\t\t\t<a href='https:\/\/centrala.org.uk\/centrala_test\/?attachment_id=3574'><img loading=\"lazy\" decoding=\"async\" width=\"210\" height=\"137\" src=\"https:\/\/centrala.org.uk\/centrala_test\/wp-content\/uploads\/2022\/10\/sestry_sazba_english_centrala13-210x137.jpg\" class=\"attachment-thumbnail size-thumbnail\" alt=\"\" aria-describedby=\"gallery-1-3574\" srcset=\"https:\/\/centrala.org.uk\/centrala_test\/wp-content\/uploads\/2022\/10\/sestry_sazba_english_centrala13-210x137.jpg 210w, https:\/\/centrala.org.uk\/centrala_test\/wp-content\/uploads\/2022\/10\/sestry_sazba_english_centrala13-640x417.jpg 640w, https:\/\/centrala.org.uk\/centrala_test\/wp-content\/uploads\/2022\/10\/sestry_sazba_english_centrala13-1400x913.jpg 1400w, https:\/\/centrala.org.uk\/centrala_test\/wp-content\/uploads\/2022\/10\/sestry_sazba_english_centrala13-768x501.jpg 768w, https:\/\/centrala.org.uk\/centrala_test\/wp-content\/uploads\/2022\/10\/sestry_sazba_english_centrala13-1536x1002.jpg 1536w, https:\/\/centrala.org.uk\/centrala_test\/wp-content\/uploads\/2022\/10\/sestry_sazba_english_centrala13-1380x900.jpg 1380w, https:\/\/centrala.org.uk\/centrala_test\/wp-content\/uploads\/2022\/10\/sestry_sazba_english_centrala13-480x313.jpg 480w, https:\/\/centrala.org.uk\/centrala_test\/wp-content\/uploads\/2022\/10\/sestry_sazba_english_centrala13.jpg 1630w\" sizes=\"auto, (max-width: 210px) 100vw, 210px\" \/><\/a>\n\t\t\t<\/div>\n\t\t\t\t<figcaption class='wp-caption-text gallery-caption' id='gallery-1-3574'>\n\t\t\t\tThe Sisters Dietl, Vojt\u011bch Ma\u0161ek\n\t\t\t\t<\/figcaption><\/figure><figure class='gallery-item'>\n\t\t\t<div class='gallery-icon landscape'>\n\t\t\t\t<a href='https:\/\/centrala.org.uk\/centrala_test\/?attachment_id=3575'><img loading=\"lazy\" decoding=\"async\" width=\"210\" height=\"137\" src=\"https:\/\/centrala.org.uk\/centrala_test\/wp-content\/uploads\/2022\/10\/sestry_sazba_english_centrala14-210x137.jpg\" class=\"attachment-thumbnail size-thumbnail\" alt=\"\" aria-describedby=\"gallery-1-3575\" srcset=\"https:\/\/centrala.org.uk\/centrala_test\/wp-content\/uploads\/2022\/10\/sestry_sazba_english_centrala14-210x137.jpg 210w, https:\/\/centrala.org.uk\/centrala_test\/wp-content\/uploads\/2022\/10\/sestry_sazba_english_centrala14-640x417.jpg 640w, https:\/\/centrala.org.uk\/centrala_test\/wp-content\/uploads\/2022\/10\/sestry_sazba_english_centrala14-1400x913.jpg 1400w, https:\/\/centrala.org.uk\/centrala_test\/wp-content\/uploads\/2022\/10\/sestry_sazba_english_centrala14-768x501.jpg 768w, https:\/\/centrala.org.uk\/centrala_test\/wp-content\/uploads\/2022\/10\/sestry_sazba_english_centrala14-1536x1002.jpg 1536w, https:\/\/centrala.org.uk\/centrala_test\/wp-content\/uploads\/2022\/10\/sestry_sazba_english_centrala14-1380x900.jpg 1380w, https:\/\/centrala.org.uk\/centrala_test\/wp-content\/uploads\/2022\/10\/sestry_sazba_english_centrala14-480x313.jpg 480w, https:\/\/centrala.org.uk\/centrala_test\/wp-content\/uploads\/2022\/10\/sestry_sazba_english_centrala14.jpg 1630w\" sizes=\"auto, (max-width: 210px) 100vw, 210px\" \/><\/a>\n\t\t\t<\/div>\n\t\t\t\t<figcaption class='wp-caption-text gallery-caption' id='gallery-1-3575'>\n\t\t\t\tThe Sisters Dietl, Vojt\u011bch Ma\u0161ek\n\t\t\t\t<\/figcaption><\/figure><figure class='gallery-item'>\n\t\t\t<div class='gallery-icon landscape'>\n\t\t\t\t<a href='https:\/\/centrala.org.uk\/centrala_test\/?attachment_id=3576'><img loading=\"lazy\" decoding=\"async\" width=\"210\" height=\"137\" src=\"https:\/\/centrala.org.uk\/centrala_test\/wp-content\/uploads\/2022\/10\/sestry_sazba_english_centrala15-210x137.jpg\" class=\"attachment-thumbnail size-thumbnail\" alt=\"\" aria-describedby=\"gallery-1-3576\" srcset=\"https:\/\/centrala.org.uk\/centrala_test\/wp-content\/uploads\/2022\/10\/sestry_sazba_english_centrala15-210x137.jpg 210w, https:\/\/centrala.org.uk\/centrala_test\/wp-content\/uploads\/2022\/10\/sestry_sazba_english_centrala15-640x417.jpg 640w, https:\/\/centrala.org.uk\/centrala_test\/wp-content\/uploads\/2022\/10\/sestry_sazba_english_centrala15-1400x913.jpg 1400w, https:\/\/centrala.org.uk\/centrala_test\/wp-content\/uploads\/2022\/10\/sestry_sazba_english_centrala15-768x501.jpg 768w, https:\/\/centrala.org.uk\/centrala_test\/wp-content\/uploads\/2022\/10\/sestry_sazba_english_centrala15-1536x1002.jpg 1536w, https:\/\/centrala.org.uk\/centrala_test\/wp-content\/uploads\/2022\/10\/sestry_sazba_english_centrala15-1380x900.jpg 1380w, https:\/\/centrala.org.uk\/centrala_test\/wp-content\/uploads\/2022\/10\/sestry_sazba_english_centrala15-480x313.jpg 480w, https:\/\/centrala.org.uk\/centrala_test\/wp-content\/uploads\/2022\/10\/sestry_sazba_english_centrala15.jpg 1630w\" sizes=\"auto, (max-width: 210px) 100vw, 210px\" \/><\/a>\n\t\t\t<\/div>\n\t\t\t\t<figcaption class='wp-caption-text gallery-caption' id='gallery-1-3576'>\n\t\t\t\tThe Sisters Dietl, Vojt\u011bch Ma\u0161ek\n\t\t\t\t<\/figcaption><\/figure><figure class='gallery-item'>\n\t\t\t<div class='gallery-icon landscape'>\n\t\t\t\t<a href='https:\/\/centrala.org.uk\/centrala_test\/?attachment_id=3577'><img loading=\"lazy\" decoding=\"async\" width=\"210\" height=\"137\" src=\"https:\/\/centrala.org.uk\/centrala_test\/wp-content\/uploads\/2022\/10\/sestry_sazba_english_centrala16-210x137.jpg\" class=\"attachment-thumbnail size-thumbnail\" alt=\"\" aria-describedby=\"gallery-1-3577\" srcset=\"https:\/\/centrala.org.uk\/centrala_test\/wp-content\/uploads\/2022\/10\/sestry_sazba_english_centrala16-210x137.jpg 210w, https:\/\/centrala.org.uk\/centrala_test\/wp-content\/uploads\/2022\/10\/sestry_sazba_english_centrala16-640x417.jpg 640w, https:\/\/centrala.org.uk\/centrala_test\/wp-content\/uploads\/2022\/10\/sestry_sazba_english_centrala16-1400x913.jpg 1400w, https:\/\/centrala.org.uk\/centrala_test\/wp-content\/uploads\/2022\/10\/sestry_sazba_english_centrala16-768x501.jpg 768w, https:\/\/centrala.org.uk\/centrala_test\/wp-content\/uploads\/2022\/10\/sestry_sazba_english_centrala16-1536x1002.jpg 1536w, https:\/\/centrala.org.uk\/centrala_test\/wp-content\/uploads\/2022\/10\/sestry_sazba_english_centrala16-1380x900.jpg 1380w, https:\/\/centrala.org.uk\/centrala_test\/wp-content\/uploads\/2022\/10\/sestry_sazba_english_centrala16-480x313.jpg 480w, https:\/\/centrala.org.uk\/centrala_test\/wp-content\/uploads\/2022\/10\/sestry_sazba_english_centrala16.jpg 1630w\" sizes=\"auto, (max-width: 210px) 100vw, 210px\" \/><\/a>\n\t\t\t<\/div>\n\t\t\t\t<figcaption class='wp-caption-text gallery-caption' id='gallery-1-3577'>\n\t\t\t\tThe Sisters Dietl, Vojt\u011bch Ma\u0161ek\n\t\t\t\t<\/figcaption><\/figure>\n\t\t<\/div>\n\n<p>With slight exaggeration it could be said that whatever discipline <strong>Vojt\u011bch Ma\u0161ek<\/strong> (* 1977) turns his hand to, his work always meets with incredible success: he was one of the screenwriters on the film K\u0159i\u017e\u00e1\u010dek (The Little Crusader, 2017), which won best film at the festival in Karlovy Vary, while the children\u2019s book Pan\u00e1\u010dek, pecka, \u0161vestka, poleno a zase pan\u00e1\u010dek (<a href=\"https:\/\/centrala.org.uk\/shop\/puppet-plum-pit-plum-log-and-back-to-puppet\/\">Puppet, Plum Pit, Plum, Plank and Back to Puppet<\/a>, 2018), story by Ma\u0161ek and art by Chrudo\u0161 Valou\u0161ek, won the prestigious Bologna Ragazzi Award. However, he is most at home in the world of comics, which he creates either on his own or in partnership with other artists and writers. Since 2002, he and D\u017eian Baban have been developing the surreally farcical world of Monstrkabaret Freda Brunolda (Fred Brunold\u2019s Monster Cabaret), which has appeared in five comic books, more than a dozen stage adaptations and in short films. They have also written two award-winning graphic novels with art by Ji\u0159\u00ed Grus. He also recently worked with the writer Marek \u0160indelka on the contemporary graphic novel Svat\u00e1 Barbora (Saint Barbara, art by Marek Pokorn\u00fd, 2018), and his list of projects continues to grow.<\/p>\n","protected":false},"excerpt":{"rendered":"<p>A richly textured story of a mysterious evil hovering above two ageing sisters. It&#8217;s mood is reminiscent of Charles Burn&#8217;s Black Hole, but in a particularly Czech way.<\/p>\n","protected":false},"featured_media":3563,"comment_status":"open","ping_status":"closed","template":"","meta":{"_acf_changed":false},"product_brand":[],"product_cat":[22],"product_tag":[544,210,526,545,546],"series":[580],"class_list":{"0":"post-3562","1":"product","2":"type-product","3":"status-publish","4":"has-post-thumbnail","6":"product_cat-comics-and-graphic-novels","7":"product_tag-crime","8":"product_tag-czech","9":"product_tag-czech-graphic-literature","10":"product_tag-thriller","11":"product_tag-vojtech-masek","12":"series-life","14":"first","15":"instock","16":"sale","17":"shipping-taxable","18":"purchasable","19":"product-type-simple"},"acf":[],"_links":{"self":[{"href":"https:\/\/centrala.org.uk\/centrala_test\/wp-json\/wp\/v2\/product\/3562","targetHints":{"allow":["GET"]}}],"collection":[{"href":"https:\/\/centrala.org.uk\/centrala_test\/wp-json\/wp\/v2\/product"}],"about":[{"href":"https:\/\/centrala.org.uk\/centrala_test\/wp-json\/wp\/v2\/types\/product"}],"replies":[{"embeddable":true,"href":"https:\/\/centrala.org.uk\/centrala_test\/wp-json\/wp\/v2\/comments?post=3562"}],"wp:featuredmedia":[{"embeddable":true,"href":"https:\/\/centrala.org.uk\/centrala_test\/wp-json\/wp\/v2\/media\/3563"}],"wp:attachment":[{"href":"https:\/\/centrala.org.uk\/centrala_test\/wp-json\/wp\/v2\/media?parent=3562"}],"wp:term":[{"taxonomy":"product_brand","embeddable":true,"href":"https:\/\/centrala.org.uk\/centrala_test\/wp-json\/wp\/v2\/product_brand?post=3562"},{"taxonomy":"product_cat","embeddable":true,"href":"https:\/\/centrala.org.uk\/centrala_test\/wp-json\/wp\/v2\/product_cat?post=3562"},{"taxonomy":"product_tag","embeddable":true,"href":"https:\/\/centrala.org.uk\/centrala_test\/wp-json\/wp\/v2\/product_tag?post=3562"},{"taxonomy":"series","embeddable":true,"href":"https:\/\/centrala.org.uk\/centrala_test\/wp-json\/wp\/v2\/series?post=3562"}],"curies":[{"name":"wp","href":"https:\/\/api.w.org\/{rel}","templated":true}]}}