{"id":3578,"date":"2022-10-11T19:28:59","date_gmt":"2022-10-11T18:28:59","guid":{"rendered":"http:\/\/centrala.org.uk\/?post_type=product&#038;p=3578"},"modified":"2022-11-09T18:53:15","modified_gmt":"2022-11-09T18:53:15","slug":"single","status":"publish","type":"product","link":"https:\/\/centrala.org.uk\/centrala_test\/product\/single\/","title":{"rendered":"Single"},"content":{"rendered":"<p>This existential graphic novel draws us into the world of a Prague thirty-something who&#8217;s just been dumped by his longtime girlfriend. What does it mean to be single at a time when everyone around you is starting families? Is it a blessing or a curse? And what to do now? Think about the past, seek yourself, try to redefine your existence? A lot of questions, not a lot of answers. The single is free, but against his will. And it&#8217;s this very freedom which brings him stories and experiences which he&#8217;d never go through otherwise. A strange trip to Rome with a friend that didn&#8217;t go as planned. A brief but nonetheless intense relationship with a racist football fan. And many other scenes which play out in his head as memories during a purgative voyage across the Arctic Ocean. The single is like an iceberg waiting for a fateful Titanic to strike.<\/p>\n<div id='gallery-1' class='gallery galleryid-3578 gallery-columns-3 gallery-size-thumbnail'><figure class='gallery-item'>\n\t\t\t<div class='gallery-icon portrait'>\n\t\t\t\t<a href='https:\/\/centrala.org.uk\/centrala_test\/?attachment_id=3580'><img loading=\"lazy\" decoding=\"async\" width=\"210\" height=\"296\" src=\"https:\/\/centrala.org.uk\/centrala_test\/wp-content\/uploads\/2022\/10\/single-net00-1-210x296.jpg\" class=\"attachment-thumbnail size-thumbnail\" alt=\"\" aria-describedby=\"gallery-1-3580\" srcset=\"https:\/\/centrala.org.uk\/centrala_test\/wp-content\/uploads\/2022\/10\/single-net00-1-210x296.jpg 210w, https:\/\/centrala.org.uk\/centrala_test\/wp-content\/uploads\/2022\/10\/single-net00-1-640x902.jpg 640w, https:\/\/centrala.org.uk\/centrala_test\/wp-content\/uploads\/2022\/10\/single-net00-1-768x1082.jpg 768w, https:\/\/centrala.org.uk\/centrala_test\/wp-content\/uploads\/2022\/10\/single-net00-1-639x900.jpg 639w, https:\/\/centrala.org.uk\/centrala_test\/wp-content\/uploads\/2022\/10\/single-net00-1-480x676.jpg 480w, https:\/\/centrala.org.uk\/centrala_test\/wp-content\/uploads\/2022\/10\/single-net00-1.jpg 866w\" sizes=\"auto, (max-width: 210px) 100vw, 210px\" \/><\/a>\n\t\t\t<\/div>\n\t\t\t\t<figcaption class='wp-caption-text gallery-caption' id='gallery-1-3580'>\n\t\t\t\tSingle, Ji\u0159\u00ed Franta\n\t\t\t\t<\/figcaption><\/figure><figure class='gallery-item'>\n\t\t\t<div class='gallery-icon portrait'>\n\t\t\t\t<a href='https:\/\/centrala.org.uk\/centrala_test\/?attachment_id=3581'><img loading=\"lazy\" decoding=\"async\" width=\"210\" height=\"296\" src=\"https:\/\/centrala.org.uk\/centrala_test\/wp-content\/uploads\/2022\/10\/single-net01-210x296.jpg\" class=\"attachment-thumbnail size-thumbnail\" alt=\"\" aria-describedby=\"gallery-1-3581\" srcset=\"https:\/\/centrala.org.uk\/centrala_test\/wp-content\/uploads\/2022\/10\/single-net01-210x296.jpg 210w, https:\/\/centrala.org.uk\/centrala_test\/wp-content\/uploads\/2022\/10\/single-net01-640x902.jpg 640w, https:\/\/centrala.org.uk\/centrala_test\/wp-content\/uploads\/2022\/10\/single-net01-768x1082.jpg 768w, https:\/\/centrala.org.uk\/centrala_test\/wp-content\/uploads\/2022\/10\/single-net01-639x900.jpg 639w, https:\/\/centrala.org.uk\/centrala_test\/wp-content\/uploads\/2022\/10\/single-net01-480x676.jpg 480w, https:\/\/centrala.org.uk\/centrala_test\/wp-content\/uploads\/2022\/10\/single-net01.jpg 866w\" sizes=\"auto, (max-width: 210px) 100vw, 210px\" \/><\/a>\n\t\t\t<\/div>\n\t\t\t\t<figcaption class='wp-caption-text gallery-caption' id='gallery-1-3581'>\n\t\t\t\tSingle, Ji\u0159\u00ed Franta\n\t\t\t\t<\/figcaption><\/figure><figure class='gallery-item'>\n\t\t\t<div class='gallery-icon portrait'>\n\t\t\t\t<a href='https:\/\/centrala.org.uk\/centrala_test\/?attachment_id=3582'><img loading=\"lazy\" decoding=\"async\" width=\"210\" height=\"296\" src=\"https:\/\/centrala.org.uk\/centrala_test\/wp-content\/uploads\/2022\/10\/single-net02-210x296.jpg\" class=\"attachment-thumbnail size-thumbnail\" alt=\"\" aria-describedby=\"gallery-1-3582\" srcset=\"https:\/\/centrala.org.uk\/centrala_test\/wp-content\/uploads\/2022\/10\/single-net02-210x296.jpg 210w, https:\/\/centrala.org.uk\/centrala_test\/wp-content\/uploads\/2022\/10\/single-net02-640x902.jpg 640w, https:\/\/centrala.org.uk\/centrala_test\/wp-content\/uploads\/2022\/10\/single-net02-768x1082.jpg 768w, https:\/\/centrala.org.uk\/centrala_test\/wp-content\/uploads\/2022\/10\/single-net02-639x900.jpg 639w, https:\/\/centrala.org.uk\/centrala_test\/wp-content\/uploads\/2022\/10\/single-net02-480x676.jpg 480w, https:\/\/centrala.org.uk\/centrala_test\/wp-content\/uploads\/2022\/10\/single-net02.jpg 866w\" sizes=\"auto, (max-width: 210px) 100vw, 210px\" \/><\/a>\n\t\t\t<\/div>\n\t\t\t\t<figcaption class='wp-caption-text gallery-caption' id='gallery-1-3582'>\n\t\t\t\tSingle, Ji\u0159\u00ed Franta\n\t\t\t\t<\/figcaption><\/figure><figure class='gallery-item'>\n\t\t\t<div class='gallery-icon portrait'>\n\t\t\t\t<a href='https:\/\/centrala.org.uk\/centrala_test\/?attachment_id=3583'><img loading=\"lazy\" decoding=\"async\" width=\"210\" height=\"296\" src=\"https:\/\/centrala.org.uk\/centrala_test\/wp-content\/uploads\/2022\/10\/single-net03-210x296.jpg\" class=\"attachment-thumbnail size-thumbnail\" alt=\"\" aria-describedby=\"gallery-1-3583\" srcset=\"https:\/\/centrala.org.uk\/centrala_test\/wp-content\/uploads\/2022\/10\/single-net03-210x296.jpg 210w, https:\/\/centrala.org.uk\/centrala_test\/wp-content\/uploads\/2022\/10\/single-net03-640x902.jpg 640w, https:\/\/centrala.org.uk\/centrala_test\/wp-content\/uploads\/2022\/10\/single-net03-768x1082.jpg 768w, https:\/\/centrala.org.uk\/centrala_test\/wp-content\/uploads\/2022\/10\/single-net03-639x900.jpg 639w, https:\/\/centrala.org.uk\/centrala_test\/wp-content\/uploads\/2022\/10\/single-net03-480x676.jpg 480w, https:\/\/centrala.org.uk\/centrala_test\/wp-content\/uploads\/2022\/10\/single-net03.jpg 866w\" sizes=\"auto, (max-width: 210px) 100vw, 210px\" \/><\/a>\n\t\t\t<\/div>\n\t\t\t\t<figcaption class='wp-caption-text gallery-caption' id='gallery-1-3583'>\n\t\t\t\tSingle, Ji\u0159\u00ed Franta\n\t\t\t\t<\/figcaption><\/figure><figure class='gallery-item'>\n\t\t\t<div class='gallery-icon portrait'>\n\t\t\t\t<a href='https:\/\/centrala.org.uk\/centrala_test\/?attachment_id=3584'><img loading=\"lazy\" decoding=\"async\" width=\"210\" height=\"296\" src=\"https:\/\/centrala.org.uk\/centrala_test\/wp-content\/uploads\/2022\/10\/single-net04-210x296.jpg\" class=\"attachment-thumbnail size-thumbnail\" alt=\"\" aria-describedby=\"gallery-1-3584\" srcset=\"https:\/\/centrala.org.uk\/centrala_test\/wp-content\/uploads\/2022\/10\/single-net04-210x296.jpg 210w, https:\/\/centrala.org.uk\/centrala_test\/wp-content\/uploads\/2022\/10\/single-net04-640x902.jpg 640w, https:\/\/centrala.org.uk\/centrala_test\/wp-content\/uploads\/2022\/10\/single-net04-768x1082.jpg 768w, https:\/\/centrala.org.uk\/centrala_test\/wp-content\/uploads\/2022\/10\/single-net04-639x900.jpg 639w, https:\/\/centrala.org.uk\/centrala_test\/wp-content\/uploads\/2022\/10\/single-net04-480x676.jpg 480w, https:\/\/centrala.org.uk\/centrala_test\/wp-content\/uploads\/2022\/10\/single-net04.jpg 866w\" sizes=\"auto, (max-width: 210px) 100vw, 210px\" \/><\/a>\n\t\t\t<\/div>\n\t\t\t\t<figcaption class='wp-caption-text gallery-caption' id='gallery-1-3584'>\n\t\t\t\tSingle, Ji\u0159\u00ed Franta\n\t\t\t\t<\/figcaption><\/figure><figure class='gallery-item'>\n\t\t\t<div class='gallery-icon portrait'>\n\t\t\t\t<a href='https:\/\/centrala.org.uk\/centrala_test\/?attachment_id=3585'><img loading=\"lazy\" decoding=\"async\" width=\"210\" height=\"296\" src=\"https:\/\/centrala.org.uk\/centrala_test\/wp-content\/uploads\/2022\/10\/single-net05-210x296.jpg\" class=\"attachment-thumbnail size-thumbnail\" alt=\"\" aria-describedby=\"gallery-1-3585\" srcset=\"https:\/\/centrala.org.uk\/centrala_test\/wp-content\/uploads\/2022\/10\/single-net05-210x296.jpg 210w, https:\/\/centrala.org.uk\/centrala_test\/wp-content\/uploads\/2022\/10\/single-net05-640x902.jpg 640w, https:\/\/centrala.org.uk\/centrala_test\/wp-content\/uploads\/2022\/10\/single-net05-768x1082.jpg 768w, https:\/\/centrala.org.uk\/centrala_test\/wp-content\/uploads\/2022\/10\/single-net05-639x900.jpg 639w, https:\/\/centrala.org.uk\/centrala_test\/wp-content\/uploads\/2022\/10\/single-net05-480x676.jpg 480w, https:\/\/centrala.org.uk\/centrala_test\/wp-content\/uploads\/2022\/10\/single-net05.jpg 866w\" sizes=\"auto, (max-width: 210px) 100vw, 210px\" \/><\/a>\n\t\t\t<\/div>\n\t\t\t\t<figcaption class='wp-caption-text gallery-caption' id='gallery-1-3585'>\n\t\t\t\tSingle, Ji\u0159\u00ed Franta\n\t\t\t\t<\/figcaption><\/figure><figure class='gallery-item'>\n\t\t\t<div class='gallery-icon portrait'>\n\t\t\t\t<a href='https:\/\/centrala.org.uk\/centrala_test\/?attachment_id=3586'><img loading=\"lazy\" decoding=\"async\" width=\"210\" height=\"296\" src=\"https:\/\/centrala.org.uk\/centrala_test\/wp-content\/uploads\/2022\/10\/single-net07-210x296.jpg\" class=\"attachment-thumbnail size-thumbnail\" alt=\"\" aria-describedby=\"gallery-1-3586\" srcset=\"https:\/\/centrala.org.uk\/centrala_test\/wp-content\/uploads\/2022\/10\/single-net07-210x296.jpg 210w, https:\/\/centrala.org.uk\/centrala_test\/wp-content\/uploads\/2022\/10\/single-net07-640x902.jpg 640w, https:\/\/centrala.org.uk\/centrala_test\/wp-content\/uploads\/2022\/10\/single-net07-768x1082.jpg 768w, https:\/\/centrala.org.uk\/centrala_test\/wp-content\/uploads\/2022\/10\/single-net07-639x900.jpg 639w, https:\/\/centrala.org.uk\/centrala_test\/wp-content\/uploads\/2022\/10\/single-net07-480x676.jpg 480w, https:\/\/centrala.org.uk\/centrala_test\/wp-content\/uploads\/2022\/10\/single-net07.jpg 866w\" sizes=\"auto, (max-width: 210px) 100vw, 210px\" \/><\/a>\n\t\t\t<\/div>\n\t\t\t\t<figcaption class='wp-caption-text gallery-caption' id='gallery-1-3586'>\n\t\t\t\tSingle, Ji\u0159\u00ed Franta\n\t\t\t\t<\/figcaption><\/figure>\n\t\t<\/div>\n\n<p>Ji\u0159i Franta was born in 1978 in Prague. He has been spending most of his time drawing and painting since his childhood. Beside that he creates installations, objects and videos. In publishing house Labyrint he collaborated on book Why Paintings Don\u00b4t Need Names (2015) which was awarded two major prizes (Zlat\u00e1 stuha and Magnesia Litera) and also a book A Guide to an Unexplored Territory (2016) awarded by the prize The Book Design of the Year. He is a member of an art group Rafani and he works and exhibits in an artistic duo with David B\u00f6hm with whom he has been several times nominated for Ji\u0159\u00ed Chaloupeck\u00fd Award. Together they also started comic magazine KIX and designed T-shirts for Bohemians 1905 football club fans.<\/p>\n","protected":false},"excerpt":{"rendered":"<p>This existential graphic novel draws us into the world of a Prague thirty-something who&#8217;s just been dumped by his longtime girlfriend. What does it mean to be single at a time when everyone around you is starting families?<\/p>\n","protected":false},"featured_media":3579,"comment_status":"open","ping_status":"closed","template":"","meta":{"_acf_changed":false},"product_brand":[],"product_cat":[22],"product_tag":[552,210,526,550,551,549,553],"series":[580],"class_list":{"0":"post-3578","1":"product","2":"type-product","3":"status-publish","4":"has-post-thumbnail","6":"product_cat-comics-and-graphic-novels","7":"product_tag-bohemians","8":"product_tag-czech","9":"product_tag-czech-graphic-literature","10":"product_tag-football","11":"product_tag-hooligans","12":"product_tag-jiri-franta","13":"product_tag-prague","14":"series-life","16":"first","17":"instock","18":"sale","19":"featured","20":"shipping-taxable","21":"purchasable","22":"product-type-simple"},"acf":[],"_links":{"self":[{"href":"https:\/\/centrala.org.uk\/centrala_test\/wp-json\/wp\/v2\/product\/3578","targetHints":{"allow":["GET"]}}],"collection":[{"href":"https:\/\/centrala.org.uk\/centrala_test\/wp-json\/wp\/v2\/product"}],"about":[{"href":"https:\/\/centrala.org.uk\/centrala_test\/wp-json\/wp\/v2\/types\/product"}],"replies":[{"embeddable":true,"href":"https:\/\/centrala.org.uk\/centrala_test\/wp-json\/wp\/v2\/comments?post=3578"}],"wp:featuredmedia":[{"embeddable":true,"href":"https:\/\/centrala.org.uk\/centrala_test\/wp-json\/wp\/v2\/media\/3579"}],"wp:attachment":[{"href":"https:\/\/centrala.org.uk\/centrala_test\/wp-json\/wp\/v2\/media?parent=3578"}],"wp:term":[{"taxonomy":"product_brand","embeddable":true,"href":"https:\/\/centrala.org.uk\/centrala_test\/wp-json\/wp\/v2\/product_brand?post=3578"},{"taxonomy":"product_cat","embeddable":true,"href":"https:\/\/centrala.org.uk\/centrala_test\/wp-json\/wp\/v2\/product_cat?post=3578"},{"taxonomy":"product_tag","embeddable":true,"href":"https:\/\/centrala.org.uk\/centrala_test\/wp-json\/wp\/v2\/product_tag?post=3578"},{"taxonomy":"series","embeddable":true,"href":"https:\/\/centrala.org.uk\/centrala_test\/wp-json\/wp\/v2\/series?post=3578"}],"curies":[{"name":"wp","href":"https:\/\/api.w.org\/{rel}","templated":true}]}}