{"id":3719,"date":"2024-03-01T14:13:23","date_gmt":"2024-03-01T14:13:23","guid":{"rendered":"http:\/\/centrala.org.uk\/?post_type=product&#038;p=3719"},"modified":"2024-03-01T14:16:08","modified_gmt":"2024-03-01T14:16:08","slug":"iogi","status":"publish","type":"product","link":"https:\/\/centrala.org.uk\/centrala_test\/product\/iogi\/","title":{"rendered":"Iogi"},"content":{"rendered":"<p>A Japanese salaryman decides to ditch everything and go to<br \/>\na remote island to produce salt. A rocker plays with local<br \/>\nclubs at night while working as a garbage man by day. An<br \/>\naward-winning manga author earns extra income by<br \/>\nworking at a retirement home to maintain his authorial<br \/>\nintegrity. On the weekend, a father goes to the nearby<br \/>\nswimming pool with his disabled son&#8230; Eleven poetic views<br \/>\nof ordinary, everyday life in contemporary Japan, far from<br \/>\ngeishas, robots, otaku, panty vending machines and other<br \/>\npreconceived visions of the land of the rising sun. Eleven<br \/>\nstories set mostly in the typical residential district of<br \/>\nSuginami ward, west of Tokyo, around the Iogi train station,<br \/>\nedited by acclaimed Czech comics author V\u00e1clav \u0160lajch and<br \/>\nwritten by Czech-French poet Jean-Gaspard P\u00e1len\u00ed\u010dek.<br \/>\nEleven artistic styles by artists from Czech Republic,<br \/>\nSlovakia, Ukraine and Russia.<\/p>\n<div id='gallery-1' class='gallery galleryid-3719 gallery-columns-3 gallery-size-thumbnail'><figure class='gallery-item'>\n\t\t\t<div class='gallery-icon portrait'>\n\t\t\t\t<a href='https:\/\/centrala.org.uk\/centrala_test\/?attachment_id=3725'><img loading=\"lazy\" decoding=\"async\" width=\"210\" height=\"220\" src=\"https:\/\/centrala.org.uk\/centrala_test\/wp-content\/uploads\/2024\/03\/Iogi06en-210x220.png\" class=\"attachment-thumbnail size-thumbnail\" alt=\"\" srcset=\"https:\/\/centrala.org.uk\/centrala_test\/wp-content\/uploads\/2024\/03\/Iogi06en-210x220.png 210w, https:\/\/centrala.org.uk\/centrala_test\/wp-content\/uploads\/2024\/03\/Iogi06en-480x503.png 480w, https:\/\/centrala.org.uk\/centrala_test\/wp-content\/uploads\/2024\/03\/Iogi06en.png 611w\" sizes=\"auto, (max-width: 210px) 100vw, 210px\" \/><\/a>\n\t\t\t<\/div><\/figure><figure class='gallery-item'>\n\t\t\t<div class='gallery-icon portrait'>\n\t\t\t\t<a href='https:\/\/centrala.org.uk\/centrala_test\/?attachment_id=3727'><img loading=\"lazy\" decoding=\"async\" width=\"210\" height=\"292\" src=\"https:\/\/centrala.org.uk\/centrala_test\/wp-content\/uploads\/2024\/03\/Iogi03en-210x292.jpeg\" class=\"attachment-thumbnail size-thumbnail\" alt=\"\" srcset=\"https:\/\/centrala.org.uk\/centrala_test\/wp-content\/uploads\/2024\/03\/Iogi03en-210x292.jpeg 210w, https:\/\/centrala.org.uk\/centrala_test\/wp-content\/uploads\/2024\/03\/Iogi03en-640x889.jpeg 640w, https:\/\/centrala.org.uk\/centrala_test\/wp-content\/uploads\/2024\/03\/Iogi03en-768x1066.jpeg 768w, https:\/\/centrala.org.uk\/centrala_test\/wp-content\/uploads\/2024\/03\/Iogi03en-648x900.jpeg 648w, https:\/\/centrala.org.uk\/centrala_test\/wp-content\/uploads\/2024\/03\/Iogi03en-480x666.jpeg 480w, https:\/\/centrala.org.uk\/centrala_test\/wp-content\/uploads\/2024\/03\/Iogi03en.jpeg 922w\" sizes=\"auto, (max-width: 210px) 100vw, 210px\" \/><\/a>\n\t\t\t<\/div><\/figure><figure class='gallery-item'>\n\t\t\t<div class='gallery-icon portrait'>\n\t\t\t\t<a href='https:\/\/centrala.org.uk\/centrala_test\/?attachment_id=3728'><img loading=\"lazy\" decoding=\"async\" width=\"210\" height=\"297\" src=\"https:\/\/centrala.org.uk\/centrala_test\/wp-content\/uploads\/2024\/03\/Iogi01en-210x297.jpg\" class=\"attachment-thumbnail size-thumbnail\" alt=\"\" srcset=\"https:\/\/centrala.org.uk\/centrala_test\/wp-content\/uploads\/2024\/03\/Iogi01en-210x297.jpg 210w, https:\/\/centrala.org.uk\/centrala_test\/wp-content\/uploads\/2024\/03\/Iogi01en-640x906.jpg 640w, https:\/\/centrala.org.uk\/centrala_test\/wp-content\/uploads\/2024\/03\/Iogi01en-1400x1981.jpg 1400w, https:\/\/centrala.org.uk\/centrala_test\/wp-content\/uploads\/2024\/03\/Iogi01en-768x1087.jpg 768w, https:\/\/centrala.org.uk\/centrala_test\/wp-content\/uploads\/2024\/03\/Iogi01en-1086x1536.jpg 1086w, https:\/\/centrala.org.uk\/centrala_test\/wp-content\/uploads\/2024\/03\/Iogi01en-1447x2048.jpg 1447w, https:\/\/centrala.org.uk\/centrala_test\/wp-content\/uploads\/2024\/03\/Iogi01en-636x900.jpg 636w, https:\/\/centrala.org.uk\/centrala_test\/wp-content\/uploads\/2024\/03\/Iogi01en-480x679.jpg 480w, https:\/\/centrala.org.uk\/centrala_test\/wp-content\/uploads\/2024\/03\/Iogi01en-scaled.jpg 1809w\" sizes=\"auto, (max-width: 210px) 100vw, 210px\" \/><\/a>\n\t\t\t<\/div><\/figure><figure class='gallery-item'>\n\t\t\t<div class='gallery-icon portrait'>\n\t\t\t\t<a href='https:\/\/centrala.org.uk\/centrala_test\/?attachment_id=3729'><img loading=\"lazy\" decoding=\"async\" width=\"210\" height=\"297\" src=\"https:\/\/centrala.org.uk\/centrala_test\/wp-content\/uploads\/2024\/03\/Iogi05en-210x297.jpg\" class=\"attachment-thumbnail size-thumbnail\" alt=\"\" srcset=\"https:\/\/centrala.org.uk\/centrala_test\/wp-content\/uploads\/2024\/03\/Iogi05en-210x297.jpg 210w, https:\/\/centrala.org.uk\/centrala_test\/wp-content\/uploads\/2024\/03\/Iogi05en-640x906.jpg 640w, https:\/\/centrala.org.uk\/centrala_test\/wp-content\/uploads\/2024\/03\/Iogi05en-1400x1981.jpg 1400w, https:\/\/centrala.org.uk\/centrala_test\/wp-content\/uploads\/2024\/03\/Iogi05en-768x1087.jpg 768w, https:\/\/centrala.org.uk\/centrala_test\/wp-content\/uploads\/2024\/03\/Iogi05en-1086x1536.jpg 1086w, https:\/\/centrala.org.uk\/centrala_test\/wp-content\/uploads\/2024\/03\/Iogi05en-1447x2048.jpg 1447w, https:\/\/centrala.org.uk\/centrala_test\/wp-content\/uploads\/2024\/03\/Iogi05en-636x900.jpg 636w, https:\/\/centrala.org.uk\/centrala_test\/wp-content\/uploads\/2024\/03\/Iogi05en-480x679.jpg 480w, https:\/\/centrala.org.uk\/centrala_test\/wp-content\/uploads\/2024\/03\/Iogi05en-scaled.jpg 1809w\" sizes=\"auto, (max-width: 210px) 100vw, 210px\" \/><\/a>\n\t\t\t<\/div><\/figure><figure class='gallery-item'>\n\t\t\t<div class='gallery-icon portrait'>\n\t\t\t\t<a href='https:\/\/centrala.org.uk\/centrala_test\/?attachment_id=3730'><img loading=\"lazy\" decoding=\"async\" width=\"210\" height=\"297\" src=\"https:\/\/centrala.org.uk\/centrala_test\/wp-content\/uploads\/2024\/03\/Iogi02en-210x297.jpeg\" class=\"attachment-thumbnail size-thumbnail\" alt=\"\" srcset=\"https:\/\/centrala.org.uk\/centrala_test\/wp-content\/uploads\/2024\/03\/Iogi02en-210x297.jpeg 210w, https:\/\/centrala.org.uk\/centrala_test\/wp-content\/uploads\/2024\/03\/Iogi02en-640x905.jpeg 640w, https:\/\/centrala.org.uk\/centrala_test\/wp-content\/uploads\/2024\/03\/Iogi02en-768x1086.jpeg 768w, https:\/\/centrala.org.uk\/centrala_test\/wp-content\/uploads\/2024\/03\/Iogi02en-636x900.jpeg 636w, https:\/\/centrala.org.uk\/centrala_test\/wp-content\/uploads\/2024\/03\/Iogi02en-480x679.jpeg 480w, https:\/\/centrala.org.uk\/centrala_test\/wp-content\/uploads\/2024\/03\/Iogi02en.jpeg 905w\" sizes=\"auto, (max-width: 210px) 100vw, 210px\" \/><\/a>\n\t\t\t<\/div><\/figure><figure class='gallery-item'>\n\t\t\t<div class='gallery-icon portrait'>\n\t\t\t\t<a href='https:\/\/centrala.org.uk\/centrala_test\/?attachment_id=3731'><img loading=\"lazy\" decoding=\"async\" width=\"210\" height=\"297\" src=\"https:\/\/centrala.org.uk\/centrala_test\/wp-content\/uploads\/2024\/03\/Iogi04en-210x297.jpg\" class=\"attachment-thumbnail size-thumbnail\" alt=\"\" srcset=\"https:\/\/centrala.org.uk\/centrala_test\/wp-content\/uploads\/2024\/03\/Iogi04en-210x297.jpg 210w, https:\/\/centrala.org.uk\/centrala_test\/wp-content\/uploads\/2024\/03\/Iogi04en-640x906.jpg 640w, https:\/\/centrala.org.uk\/centrala_test\/wp-content\/uploads\/2024\/03\/Iogi04en-1400x1981.jpg 1400w, https:\/\/centrala.org.uk\/centrala_test\/wp-content\/uploads\/2024\/03\/Iogi04en-768x1087.jpg 768w, https:\/\/centrala.org.uk\/centrala_test\/wp-content\/uploads\/2024\/03\/Iogi04en-1086x1536.jpg 1086w, https:\/\/centrala.org.uk\/centrala_test\/wp-content\/uploads\/2024\/03\/Iogi04en-1447x2048.jpg 1447w, https:\/\/centrala.org.uk\/centrala_test\/wp-content\/uploads\/2024\/03\/Iogi04en-636x900.jpg 636w, https:\/\/centrala.org.uk\/centrala_test\/wp-content\/uploads\/2024\/03\/Iogi04en-480x679.jpg 480w, https:\/\/centrala.org.uk\/centrala_test\/wp-content\/uploads\/2024\/03\/Iogi04en-scaled.jpg 1809w\" sizes=\"auto, (max-width: 210px) 100vw, 210px\" \/><\/a>\n\t\t\t<\/div><\/figure>\n\t\t<\/div>\n\n<p>Stories: Jean-Gaspard P\u00e1len\u00ed\u010dek<br \/>\nArtists: Ond\u0159ej David, Daniela Herodesov\u00e1, Matej<br \/>\nJurk\u00e1\u010dek, Adam Ka\u0148ovsk\u00fd, Mat\u011bj Kol\u00e1\u0159, Marina Kudinova,<br \/>\nJozef Pavelka, Jakub Lang, Dominika Lizo\u0148ov\u00e1, Petra<br \/>\nRame\u0161ov\u00e1, Petra \u0160est\u00e1kov\u00e1, V\u00e1clav \u0160lajch<\/p>\n<p>Japan International Manga Award 2021, bronze<br \/>\nMuriel Awards 2023, nominations in the categories Best<br \/>\nbook, Best script, Best short story (\u201cUndercurrent\u201d, written<br \/>\nby Jean-Gaspard P\u00e1len\u00ed\u010dek, art by Mat\u011bj Kol\u00e1\u0159)<\/p>\n<p><strong>Jean-Gaspard P\u00e1len\u00ed\u010dek<\/strong> (1978), poet, translator,<br \/>\nexhibition curator and composer. In 1997-2001, he has<br \/>\nacted in the orfeus Theatre in Prague. In 2004-2017, he was<br \/>\nthe artistic director of the Czech Centre in Paris. Since<br \/>\n2017, he is a freelance writer and art curator active mainly<br \/>\nbetween Prague, Paris and Tokyo. He is the author of<br \/>\nseveral poetry collections, most recently Mater speciosa<br \/>\n(2022), the novel The Birches (2008), the theatre play<br \/>\nBalzac\u2019s Household (2009) or the poetic diary One<br \/>\nSentence (2013).<br \/>\n<strong>V\u00e1clav \u0160lajch<\/strong> (1980), comic author and illustrator, head of<br \/>\nthe Media Illustration Studio at the Ladislav Sutnar Faculty<br \/>\nof Design and Art of the University of West Bohemia in<br \/>\nPze\u0148. He belongs to the so called Generation 0 of Czech<br \/>\ncomics, along with creators such as Ji\u0159\u00ed Grus, ToyBox or<br \/>\nVladim\u00edr 518.  In 2010 and 2022, he received the prestigious<br \/>\nMuriel comic book award in the Czech Republic. He<br \/>\ncollaborated with director Jan Sv\u011br\u00e1k on several projects: he<br \/>\nis the author of the graphic version of the fairy tale Three<br \/>\nBrothers (2014). His most recent significant work is the<br \/>\ncomic book \u0160tef\u00e1nik (2021).<\/p>\n","protected":false},"excerpt":{"rendered":"<p>Eleven poetic views of ordinary, everyday life in contemporary Japan<\/p>\n","protected":false},"featured_media":3720,"comment_status":"open","ping_status":"closed","template":"","meta":{"_acf_changed":false},"product_brand":[],"product_cat":[214,22],"product_tag":[210,526,569],"series":[580],"class_list":{"0":"post-3719","1":"product","2":"type-product","3":"status-publish","4":"has-post-thumbnail","6":"product_cat-life","7":"product_cat-comics-and-graphic-novels","8":"product_tag-czech","9":"product_tag-czech-graphic-literature","10":"product_tag-japan","11":"series-life","13":"first","14":"instock","15":"shipping-taxable","16":"purchasable","17":"product-type-simple"},"acf":[],"_links":{"self":[{"href":"https:\/\/centrala.org.uk\/centrala_test\/wp-json\/wp\/v2\/product\/3719","targetHints":{"allow":["GET"]}}],"collection":[{"href":"https:\/\/centrala.org.uk\/centrala_test\/wp-json\/wp\/v2\/product"}],"about":[{"href":"https:\/\/centrala.org.uk\/centrala_test\/wp-json\/wp\/v2\/types\/product"}],"replies":[{"embeddable":true,"href":"https:\/\/centrala.org.uk\/centrala_test\/wp-json\/wp\/v2\/comments?post=3719"}],"wp:featuredmedia":[{"embeddable":true,"href":"https:\/\/centrala.org.uk\/centrala_test\/wp-json\/wp\/v2\/media\/3720"}],"wp:attachment":[{"href":"https:\/\/centrala.org.uk\/centrala_test\/wp-json\/wp\/v2\/media?parent=3719"}],"wp:term":[{"taxonomy":"product_brand","embeddable":true,"href":"https:\/\/centrala.org.uk\/centrala_test\/wp-json\/wp\/v2\/product_brand?post=3719"},{"taxonomy":"product_cat","embeddable":true,"href":"https:\/\/centrala.org.uk\/centrala_test\/wp-json\/wp\/v2\/product_cat?post=3719"},{"taxonomy":"product_tag","embeddable":true,"href":"https:\/\/centrala.org.uk\/centrala_test\/wp-json\/wp\/v2\/product_tag?post=3719"},{"taxonomy":"series","embeddable":true,"href":"https:\/\/centrala.org.uk\/centrala_test\/wp-json\/wp\/v2\/series?post=3719"}],"curies":[{"name":"wp","href":"https:\/\/api.w.org\/{rel}","templated":true}]}}