{"id":421,"date":"2014-01-01T14:56:34","date_gmt":"2014-01-01T14:56:34","guid":{"rendered":"http:\/\/centrala.org.uk\/?post_type=product&#038;p=421"},"modified":"2017-04-10T16:50:51","modified_gmt":"2017-04-10T15:50:51","slug":"rainbow-of-pain","status":"publish","type":"product","link":"https:\/\/centrala.org.uk\/centrala_test\/product\/rainbow-of-pain\/","title":{"rendered":"Rainbow of Pain"},"content":{"rendered":"<p>All characters appearing in this work are fictitious. Any resemblance to real persons, living or dead, is purely coincidental. Or is it? The only thing sure is that the sports world depicted by Ernests K\u013cavi\u0146\u0161 and Andrejs K\u013cavi\u0146\u0161 in &#8216;Rainbow of Pain&#8217; is perfectly crazy &#8211; 9 points!<\/p>\n<p>English with Latvian subtitle<\/p>\n<div id='gallery-1' class='gallery galleryid-421 gallery-columns-3 gallery-size-thumbnail'><figure class='gallery-item'>\n\t\t\t<div class='gallery-icon portrait'>\n\t\t\t\t<a href='https:\/\/centrala.org.uk\/centrala_test\/?attachment_id=422'><img loading=\"lazy\" decoding=\"async\" width=\"210\" height=\"295\" src=\"https:\/\/centrala.org.uk\/centrala_test\/wp-content\/uploads\/2014\/06\/mini7_1-210x295.jpeg\" class=\"attachment-thumbnail size-thumbnail\" alt=\"\" srcset=\"https:\/\/centrala.org.uk\/centrala_test\/wp-content\/uploads\/2014\/06\/mini7_1-210x295.jpeg 210w, https:\/\/centrala.org.uk\/centrala_test\/wp-content\/uploads\/2014\/06\/mini7_1.jpeg 355w\" sizes=\"auto, (max-width: 210px) 100vw, 210px\" \/><\/a>\n\t\t\t<\/div><\/figure><figure class='gallery-item'>\n\t\t\t<div class='gallery-icon portrait'>\n\t\t\t\t<a href='https:\/\/centrala.org.uk\/centrala_test\/?attachment_id=423'><img loading=\"lazy\" decoding=\"async\" width=\"210\" height=\"295\" src=\"https:\/\/centrala.org.uk\/centrala_test\/wp-content\/uploads\/2014\/06\/mini7_2-210x295.jpeg\" class=\"attachment-thumbnail size-thumbnail\" alt=\"\" srcset=\"https:\/\/centrala.org.uk\/centrala_test\/wp-content\/uploads\/2014\/06\/mini7_2-210x295.jpeg 210w, https:\/\/centrala.org.uk\/centrala_test\/wp-content\/uploads\/2014\/06\/mini7_2.jpeg 355w\" sizes=\"auto, (max-width: 210px) 100vw, 210px\" \/><\/a>\n\t\t\t<\/div><\/figure><figure class='gallery-item'>\n\t\t\t<div class='gallery-icon portrait'>\n\t\t\t\t<a href='https:\/\/centrala.org.uk\/centrala_test\/?attachment_id=424'><img loading=\"lazy\" decoding=\"async\" width=\"210\" height=\"293\" src=\"https:\/\/centrala.org.uk\/centrala_test\/wp-content\/uploads\/2014\/06\/mini7_3-210x293.jpeg\" class=\"attachment-thumbnail size-thumbnail\" alt=\"\" srcset=\"https:\/\/centrala.org.uk\/centrala_test\/wp-content\/uploads\/2014\/06\/mini7_3-210x293.jpeg 210w, https:\/\/centrala.org.uk\/centrala_test\/wp-content\/uploads\/2014\/06\/mini7_3.jpeg 358w\" sizes=\"auto, (max-width: 210px) 100vw, 210px\" \/><\/a>\n\t\t\t<\/div><\/figure>\n\t\t<\/div>\n\n","protected":false},"excerpt":{"rendered":"<p>mini ku\u0161! #7<\/p>\n","protected":false},"featured_media":425,"comment_status":"open","ping_status":"closed","template":"","meta":{"_acf_changed":false},"product_brand":[],"product_cat":[22],"product_tag":[72,145,71,67],"series":[],"class_list":{"0":"post-421","1":"product","2":"type-product","3":"status-publish","4":"has-post-thumbnail","6":"product_cat-comics-and-graphic-novels","7":"product_tag-andrejs-klavins","8":"product_tag-distro-2","9":"product_tag-ernests-klavins","10":"product_tag-mini-kus","12":"first","13":"instock","14":"shipping-taxable","15":"purchasable","16":"product-type-simple"},"acf":[],"_links":{"self":[{"href":"https:\/\/centrala.org.uk\/centrala_test\/wp-json\/wp\/v2\/product\/421","targetHints":{"allow":["GET"]}}],"collection":[{"href":"https:\/\/centrala.org.uk\/centrala_test\/wp-json\/wp\/v2\/product"}],"about":[{"href":"https:\/\/centrala.org.uk\/centrala_test\/wp-json\/wp\/v2\/types\/product"}],"replies":[{"embeddable":true,"href":"https:\/\/centrala.org.uk\/centrala_test\/wp-json\/wp\/v2\/comments?post=421"}],"wp:featuredmedia":[{"embeddable":true,"href":"https:\/\/centrala.org.uk\/centrala_test\/wp-json\/wp\/v2\/media\/425"}],"wp:attachment":[{"href":"https:\/\/centrala.org.uk\/centrala_test\/wp-json\/wp\/v2\/media?parent=421"}],"wp:term":[{"taxonomy":"product_brand","embeddable":true,"href":"https:\/\/centrala.org.uk\/centrala_test\/wp-json\/wp\/v2\/product_brand?post=421"},{"taxonomy":"product_cat","embeddable":true,"href":"https:\/\/centrala.org.uk\/centrala_test\/wp-json\/wp\/v2\/product_cat?post=421"},{"taxonomy":"product_tag","embeddable":true,"href":"https:\/\/centrala.org.uk\/centrala_test\/wp-json\/wp\/v2\/product_tag?post=421"},{"taxonomy":"series","embeddable":true,"href":"https:\/\/centrala.org.uk\/centrala_test\/wp-json\/wp\/v2\/series?post=421"}],"curies":[{"name":"wp","href":"https:\/\/api.w.org\/{rel}","templated":true}]}}