{"id":436,"date":"2014-01-01T15:10:05","date_gmt":"2014-01-01T15:10:05","guid":{"rendered":"http:\/\/centrala.org.uk\/?post_type=product&#038;p=436"},"modified":"2022-03-14T09:00:21","modified_gmt":"2022-03-14T09:00:21","slug":"otso","status":"publish","type":"product","link":"https:\/\/centrala.org.uk\/centrala_test\/product\/otso\/","title":{"rendered":"Otso"},"content":{"rendered":"<p>Otso, Kontio, Karhu, B\u00e6re, Bear, Ours, Me\u0161ka, L\u0101cis\u2026 \u2013 Mari Ahokoivu\u2019s fearless hero has many names. Join him for a dreamy adventure through space and time!<\/p>\n<p>English with Latvian subtitle.<\/p>\n<div id='gallery-1' class='gallery galleryid-436 gallery-columns-3 gallery-size-thumbnail'><figure class='gallery-item'>\n\t\t\t<div class='gallery-icon portrait'>\n\t\t\t\t<a href='https:\/\/centrala.org.uk\/centrala_test\/?attachment_id=437'><img loading=\"lazy\" decoding=\"async\" width=\"210\" height=\"296\" src=\"https:\/\/centrala.org.uk\/centrala_test\/wp-content\/uploads\/2014\/06\/mini10mariahokoivu_kush1-210x296.jpeg\" class=\"attachment-thumbnail size-thumbnail\" alt=\"\" srcset=\"https:\/\/centrala.org.uk\/centrala_test\/wp-content\/uploads\/2014\/06\/mini10mariahokoivu_kush1-210x296.jpeg 210w, https:\/\/centrala.org.uk\/centrala_test\/wp-content\/uploads\/2014\/06\/mini10mariahokoivu_kush1.jpeg 354w\" sizes=\"auto, (max-width: 210px) 100vw, 210px\" \/><\/a>\n\t\t\t<\/div><\/figure><figure class='gallery-item'>\n\t\t\t<div class='gallery-icon portrait'>\n\t\t\t\t<a href='https:\/\/centrala.org.uk\/centrala_test\/?attachment_id=438'><img loading=\"lazy\" decoding=\"async\" width=\"210\" height=\"300\" src=\"https:\/\/centrala.org.uk\/centrala_test\/wp-content\/uploads\/2014\/06\/mini10mariahokoivu_kush2-210x300.jpeg\" class=\"attachment-thumbnail size-thumbnail\" alt=\"\" srcset=\"https:\/\/centrala.org.uk\/centrala_test\/wp-content\/uploads\/2014\/06\/mini10mariahokoivu_kush2-210x300.jpeg 210w, https:\/\/centrala.org.uk\/centrala_test\/wp-content\/uploads\/2014\/06\/mini10mariahokoivu_kush2.jpeg 350w\" sizes=\"auto, (max-width: 210px) 100vw, 210px\" \/><\/a>\n\t\t\t<\/div><\/figure><figure class='gallery-item'>\n\t\t\t<div class='gallery-icon portrait'>\n\t\t\t\t<a href='https:\/\/centrala.org.uk\/centrala_test\/?attachment_id=439'><img loading=\"lazy\" decoding=\"async\" width=\"210\" height=\"299\" src=\"https:\/\/centrala.org.uk\/centrala_test\/wp-content\/uploads\/2014\/06\/mini10mariahokoivu_kush3-210x299.jpeg\" class=\"attachment-thumbnail size-thumbnail\" alt=\"\" srcset=\"https:\/\/centrala.org.uk\/centrala_test\/wp-content\/uploads\/2014\/06\/mini10mariahokoivu_kush3-210x299.jpeg 210w, https:\/\/centrala.org.uk\/centrala_test\/wp-content\/uploads\/2014\/06\/mini10mariahokoivu_kush3.jpeg 351w\" sizes=\"auto, (max-width: 210px) 100vw, 210px\" \/><\/a>\n\t\t\t<\/div><\/figure>\n\t\t<\/div>\n\n","protected":false},"excerpt":{"rendered":"<p>mini ku\u0161! #10<\/p>\n","protected":false},"featured_media":440,"comment_status":"open","ping_status":"closed","template":"","meta":{"_acf_changed":false},"product_brand":[],"product_cat":[22],"product_tag":[145,60,69,67],"series":[],"class_list":{"0":"post-436","1":"product","2":"type-product","3":"status-publish","4":"has-post-thumbnail","6":"product_cat-comics-and-graphic-novels","7":"product_tag-distro-2","8":"product_tag-finland","9":"product_tag-mari-ahokoivu","10":"product_tag-mini-kus","12":"first","13":"onbackorder","14":"shipping-taxable","15":"purchasable","16":"product-type-simple"},"acf":[],"_links":{"self":[{"href":"https:\/\/centrala.org.uk\/centrala_test\/wp-json\/wp\/v2\/product\/436","targetHints":{"allow":["GET"]}}],"collection":[{"href":"https:\/\/centrala.org.uk\/centrala_test\/wp-json\/wp\/v2\/product"}],"about":[{"href":"https:\/\/centrala.org.uk\/centrala_test\/wp-json\/wp\/v2\/types\/product"}],"replies":[{"embeddable":true,"href":"https:\/\/centrala.org.uk\/centrala_test\/wp-json\/wp\/v2\/comments?post=436"}],"wp:featuredmedia":[{"embeddable":true,"href":"https:\/\/centrala.org.uk\/centrala_test\/wp-json\/wp\/v2\/media\/440"}],"wp:attachment":[{"href":"https:\/\/centrala.org.uk\/centrala_test\/wp-json\/wp\/v2\/media?parent=436"}],"wp:term":[{"taxonomy":"product_brand","embeddable":true,"href":"https:\/\/centrala.org.uk\/centrala_test\/wp-json\/wp\/v2\/product_brand?post=436"},{"taxonomy":"product_cat","embeddable":true,"href":"https:\/\/centrala.org.uk\/centrala_test\/wp-json\/wp\/v2\/product_cat?post=436"},{"taxonomy":"product_tag","embeddable":true,"href":"https:\/\/centrala.org.uk\/centrala_test\/wp-json\/wp\/v2\/product_tag?post=436"},{"taxonomy":"series","embeddable":true,"href":"https:\/\/centrala.org.uk\/centrala_test\/wp-json\/wp\/v2\/series?post=436"}],"curies":[{"name":"wp","href":"https:\/\/api.w.org\/{rel}","templated":true}]}}