{"id":446,"date":"2013-06-19T15:21:01","date_gmt":"2013-06-19T14:21:01","guid":{"rendered":"http:\/\/centrala.org.uk\/?post_type=product&#038;p=446"},"modified":"2016-02-06T15:01:00","modified_gmt":"2016-02-06T15:01:00","slug":"still-without-name-1","status":"publish","type":"product","link":"https:\/\/centrala.org.uk\/centrala_test\/product\/still-without-name-1\/","title":{"rendered":"Still Without Name #1"},"content":{"rendered":"<p>We love zines and we love comics, so here it is \u2013 our little start. Some artists are scared of blank page, some say it\u2019s inspiring, but each of them have their way to face the blank page. The book without name straight from lithuanian comics kitchen!<\/p>\n<p>These 18 zine contributors are: Vikt\u0117 E\u017eiukas, Beata Sosnowska, Migl\u0117 Anu\u0161auskait\u0117, Aist\u0117 Papartyt\u0117, Alessandro Ripane, Pablo Delcielo, Anastasia Strochkova, Joana Estrela, Akvil\u0117 Misevi\u010di\u016bt\u0117, Boles\u0142aw Chromry, Just\u0117 Urbonavi\u010di\u016bt\u0117, Gerda Jord, Just\u0117 Venclovait\u0117, Nikolas Petrl\u00edk, Nettmann, Ieva Gvazdaityt\u0117, Just\u0117 Margarita and Marika Marini.<\/p>\n","protected":false},"excerpt":{"rendered":"<p>Comics anthology from Lithuania with not only Lithuanian artists!<\/p>\n","protected":false},"featured_media":447,"comment_status":"open","ping_status":"closed","template":"","meta":{"_acf_changed":false},"product_brand":[],"product_cat":[22],"product_tag":[62],"series":[],"class_list":{"0":"post-446","1":"product","2":"type-product","3":"status-publish","4":"has-post-thumbnail","6":"product_cat-comics-and-graphic-novels","7":"product_tag-lithuania","9":"first","10":"outofstock","11":"shipping-taxable","12":"purchasable","13":"product-type-simple"},"acf":[],"_links":{"self":[{"href":"https:\/\/centrala.org.uk\/centrala_test\/wp-json\/wp\/v2\/product\/446","targetHints":{"allow":["GET"]}}],"collection":[{"href":"https:\/\/centrala.org.uk\/centrala_test\/wp-json\/wp\/v2\/product"}],"about":[{"href":"https:\/\/centrala.org.uk\/centrala_test\/wp-json\/wp\/v2\/types\/product"}],"replies":[{"embeddable":true,"href":"https:\/\/centrala.org.uk\/centrala_test\/wp-json\/wp\/v2\/comments?post=446"}],"wp:featuredmedia":[{"embeddable":true,"href":"https:\/\/centrala.org.uk\/centrala_test\/wp-json\/wp\/v2\/media\/447"}],"wp:attachment":[{"href":"https:\/\/centrala.org.uk\/centrala_test\/wp-json\/wp\/v2\/media?parent=446"}],"wp:term":[{"taxonomy":"product_brand","embeddable":true,"href":"https:\/\/centrala.org.uk\/centrala_test\/wp-json\/wp\/v2\/product_brand?post=446"},{"taxonomy":"product_cat","embeddable":true,"href":"https:\/\/centrala.org.uk\/centrala_test\/wp-json\/wp\/v2\/product_cat?post=446"},{"taxonomy":"product_tag","embeddable":true,"href":"https:\/\/centrala.org.uk\/centrala_test\/wp-json\/wp\/v2\/product_tag?post=446"},{"taxonomy":"series","embeddable":true,"href":"https:\/\/centrala.org.uk\/centrala_test\/wp-json\/wp\/v2\/series?post=446"}],"curies":[{"name":"wp","href":"https:\/\/api.w.org\/{rel}","templated":true}]}}