{"id":448,"date":"2014-01-19T15:27:02","date_gmt":"2014-01-19T15:27:02","guid":{"rendered":"http:\/\/centrala.org.uk\/?post_type=product&#038;p=448"},"modified":"2015-06-29T08:42:00","modified_gmt":"2015-06-29T07:42:00","slug":"still-without-name-2","status":"publish","type":"product","link":"https:\/\/centrala.org.uk\/centrala_test\/product\/still-without-name-2\/","title":{"rendered":"Still Without Name #2"},"content":{"rendered":"<p>Printed by Risograph using soy ink (red and blue colours) and natural colourings (black colour)<\/p>\n<p><strong>Contributors:<\/strong> Vikt\u0117 E\u017eiukas (Lithuania), Just\u0117 Venclovait\u0117 (Lithuania), Alessandro Ripane (Italy), Just\u0117 urbonavi\u010di\u016bt\u0117 (Lithuania), Vytautas Stakutis (Lithuania), Anna Krzto\u0144 (Poland), @IdeaG (Ar\u016bnas Liuiza) (Lithuania), Ieva Gvazdaityt\u0117 (Lithuania), Pillowsvslegs (Tadas Bujanauskas &amp; Ieva Gvazdaityt\u0117 (Lithuania), Renata G\u0105siorowska (Poland), Micha\u0142 Rzecznik (Poland), Ta\u00eds Koshino, Ivaylo Draganov (Bulgaria), Milena Simeonova (Bulgaria). <strong>Cover:\u00a0<\/strong>Akvil\u0117 Misevi\u010di\u016bt\u0117 (Lithuania).<\/p>\n<div id='gallery-1' class='gallery galleryid-448 gallery-columns-3 gallery-size-thumbnail'><figure class='gallery-item'>\n\t\t\t<div class='gallery-icon landscape'>\n\t\t\t\t<a href='https:\/\/centrala.org.uk\/centrala_test\/?attachment_id=449'><img loading=\"lazy\" decoding=\"async\" width=\"210\" height=\"139\" src=\"https:\/\/centrala.org.uk\/centrala_test\/wp-content\/uploads\/2014\/06\/still201-210x139.jpg\" class=\"attachment-thumbnail size-thumbnail\" alt=\"\" srcset=\"https:\/\/centrala.org.uk\/centrala_test\/wp-content\/uploads\/2014\/06\/still201-210x139.jpg 210w, https:\/\/centrala.org.uk\/centrala_test\/wp-content\/uploads\/2014\/06\/still201-640x426.jpg 640w, https:\/\/centrala.org.uk\/centrala_test\/wp-content\/uploads\/2014\/06\/still201-480x319.jpg 480w, https:\/\/centrala.org.uk\/centrala_test\/wp-content\/uploads\/2014\/06\/still201.jpg 800w\" sizes=\"auto, (max-width: 210px) 100vw, 210px\" \/><\/a>\n\t\t\t<\/div><\/figure><figure class='gallery-item'>\n\t\t\t<div class='gallery-icon landscape'>\n\t\t\t\t<a href='https:\/\/centrala.org.uk\/centrala_test\/?attachment_id=450'><img loading=\"lazy\" decoding=\"async\" width=\"210\" height=\"139\" src=\"https:\/\/centrala.org.uk\/centrala_test\/wp-content\/uploads\/2014\/06\/still202-210x139.jpg\" class=\"attachment-thumbnail size-thumbnail\" alt=\"\" srcset=\"https:\/\/centrala.org.uk\/centrala_test\/wp-content\/uploads\/2014\/06\/still202-210x139.jpg 210w, https:\/\/centrala.org.uk\/centrala_test\/wp-content\/uploads\/2014\/06\/still202-640x426.jpg 640w, https:\/\/centrala.org.uk\/centrala_test\/wp-content\/uploads\/2014\/06\/still202-480x319.jpg 480w, https:\/\/centrala.org.uk\/centrala_test\/wp-content\/uploads\/2014\/06\/still202.jpg 800w\" sizes=\"auto, (max-width: 210px) 100vw, 210px\" \/><\/a>\n\t\t\t<\/div><\/figure><figure class='gallery-item'>\n\t\t\t<div class='gallery-icon landscape'>\n\t\t\t\t<a href='https:\/\/centrala.org.uk\/centrala_test\/?attachment_id=451'><img loading=\"lazy\" decoding=\"async\" width=\"210\" height=\"139\" src=\"https:\/\/centrala.org.uk\/centrala_test\/wp-content\/uploads\/2014\/06\/still203-210x139.jpg\" class=\"attachment-thumbnail size-thumbnail\" alt=\"\" srcset=\"https:\/\/centrala.org.uk\/centrala_test\/wp-content\/uploads\/2014\/06\/still203-210x139.jpg 210w, https:\/\/centrala.org.uk\/centrala_test\/wp-content\/uploads\/2014\/06\/still203-640x426.jpg 640w, https:\/\/centrala.org.uk\/centrala_test\/wp-content\/uploads\/2014\/06\/still203-480x319.jpg 480w, https:\/\/centrala.org.uk\/centrala_test\/wp-content\/uploads\/2014\/06\/still203.jpg 800w\" sizes=\"auto, (max-width: 210px) 100vw, 210px\" \/><\/a>\n\t\t\t<\/div><\/figure><figure class='gallery-item'>\n\t\t\t<div class='gallery-icon landscape'>\n\t\t\t\t<a href='https:\/\/centrala.org.uk\/centrala_test\/?attachment_id=452'><img loading=\"lazy\" decoding=\"async\" width=\"210\" height=\"139\" src=\"https:\/\/centrala.org.uk\/centrala_test\/wp-content\/uploads\/2014\/06\/still204-210x139.jpg\" class=\"attachment-thumbnail size-thumbnail\" alt=\"\" srcset=\"https:\/\/centrala.org.uk\/centrala_test\/wp-content\/uploads\/2014\/06\/still204-210x139.jpg 210w, https:\/\/centrala.org.uk\/centrala_test\/wp-content\/uploads\/2014\/06\/still204-640x426.jpg 640w, https:\/\/centrala.org.uk\/centrala_test\/wp-content\/uploads\/2014\/06\/still204-480x319.jpg 480w, https:\/\/centrala.org.uk\/centrala_test\/wp-content\/uploads\/2014\/06\/still204.jpg 800w\" sizes=\"auto, (max-width: 210px) 100vw, 210px\" \/><\/a>\n\t\t\t<\/div><\/figure>\n\t\t<\/div>\n\n","protected":false},"excerpt":{"rendered":"<p>Hand made zine.<\/p>\n","protected":false},"featured_media":453,"comment_status":"open","ping_status":"closed","template":"","meta":{"_acf_changed":false},"product_brand":[],"product_cat":[22],"product_tag":[62],"series":[],"class_list":{"0":"post-448","1":"product","2":"type-product","3":"status-publish","4":"has-post-thumbnail","6":"product_cat-comics-and-graphic-novels","7":"product_tag-lithuania","9":"first","10":"outofstock","11":"shipping-taxable","12":"purchasable","13":"product-type-simple"},"acf":[],"_links":{"self":[{"href":"https:\/\/centrala.org.uk\/centrala_test\/wp-json\/wp\/v2\/product\/448","targetHints":{"allow":["GET"]}}],"collection":[{"href":"https:\/\/centrala.org.uk\/centrala_test\/wp-json\/wp\/v2\/product"}],"about":[{"href":"https:\/\/centrala.org.uk\/centrala_test\/wp-json\/wp\/v2\/types\/product"}],"replies":[{"embeddable":true,"href":"https:\/\/centrala.org.uk\/centrala_test\/wp-json\/wp\/v2\/comments?post=448"}],"wp:featuredmedia":[{"embeddable":true,"href":"https:\/\/centrala.org.uk\/centrala_test\/wp-json\/wp\/v2\/media\/453"}],"wp:attachment":[{"href":"https:\/\/centrala.org.uk\/centrala_test\/wp-json\/wp\/v2\/media?parent=448"}],"wp:term":[{"taxonomy":"product_brand","embeddable":true,"href":"https:\/\/centrala.org.uk\/centrala_test\/wp-json\/wp\/v2\/product_brand?post=448"},{"taxonomy":"product_cat","embeddable":true,"href":"https:\/\/centrala.org.uk\/centrala_test\/wp-json\/wp\/v2\/product_cat?post=448"},{"taxonomy":"product_tag","embeddable":true,"href":"https:\/\/centrala.org.uk\/centrala_test\/wp-json\/wp\/v2\/product_tag?post=448"},{"taxonomy":"series","embeddable":true,"href":"https:\/\/centrala.org.uk\/centrala_test\/wp-json\/wp\/v2\/series?post=448"}],"curies":[{"name":"wp","href":"https:\/\/api.w.org\/{rel}","templated":true}]}}