{"id":630,"date":"2014-04-05T16:51:12","date_gmt":"2014-04-05T15:51:12","guid":{"rendered":"http:\/\/centrala.org.uk\/?post_type=product&#038;p=630"},"modified":"2015-01-05T16:51:26","modified_gmt":"2015-01-05T16:51:26","slug":"komikaze-11","status":"publish","type":"product","link":"https:\/\/centrala.org.uk\/centrala_test\/product\/komikaze-11\/","title":{"rendered":"Komikaze 11"},"content":{"rendered":"<p class=\"p1\"><span class=\"s1\">New book \u201cKomikaze#11\u2033 is out!<\/span><\/p>\n<p class=\"p1\"><span class=\"s1\"> AUTHORS-CE\/AUTHORS: (HRVATSKA) MIRO \u017dUPA\/IVANA PIPAL\/ VAN\u010cO REBAC; (SRBIJA) WOSTOK\/LETAC\/ ALEKSANDAR OPA\u010cI\u0106\/ EVET MAKK\/ DANIJEL SAVOVI\u0106 \/ GRABOWSKI; (NJEMA\u010cKA) NELE BROENNER, MAIK HASENBANK; (NIZOZEMSKA) JEROEN FUNKE, STEVEN KRAAN; (JU\u017dNA AFRIKA) SEBASTIAN BORCKENHAGEN; (\u0160PANJOLSKA) ENRICH FONTANER; (SLOVA\u010cKA) ADMIRAL KOLENCIK; (ITALIJA) CRISTINA PORTOLANO; (\u0160KOTSKA) DAVID PETER KERR; (ENGLESKA) DARREN CULLEN; (FRANCUSKA) ALKBAZZ<\/span><\/p>\n","protected":false},"excerpt":{"rendered":"<p>Comic magazine from Croatia<\/p>\n","protected":false},"featured_media":631,"comment_status":"open","ping_status":"closed","template":"","meta":{"_acf_changed":false},"product_brand":[],"product_cat":[88,22],"product_tag":[82,89,90],"series":[],"class_list":{"0":"post-630","1":"product","2":"type-product","3":"status-publish","4":"has-post-thumbnail","6":"product_cat-magazine","7":"product_cat-comics-and-graphic-novels","8":"product_tag-alternative","9":"product_tag-croatia","10":"product_tag-komikaze","12":"first","13":"instock","14":"sale","15":"shipping-taxable","16":"purchasable","17":"product-type-simple"},"acf":[],"_links":{"self":[{"href":"https:\/\/centrala.org.uk\/centrala_test\/wp-json\/wp\/v2\/product\/630","targetHints":{"allow":["GET"]}}],"collection":[{"href":"https:\/\/centrala.org.uk\/centrala_test\/wp-json\/wp\/v2\/product"}],"about":[{"href":"https:\/\/centrala.org.uk\/centrala_test\/wp-json\/wp\/v2\/types\/product"}],"replies":[{"embeddable":true,"href":"https:\/\/centrala.org.uk\/centrala_test\/wp-json\/wp\/v2\/comments?post=630"}],"wp:featuredmedia":[{"embeddable":true,"href":"https:\/\/centrala.org.uk\/centrala_test\/wp-json\/wp\/v2\/media\/631"}],"wp:attachment":[{"href":"https:\/\/centrala.org.uk\/centrala_test\/wp-json\/wp\/v2\/media?parent=630"}],"wp:term":[{"taxonomy":"product_brand","embeddable":true,"href":"https:\/\/centrala.org.uk\/centrala_test\/wp-json\/wp\/v2\/product_brand?post=630"},{"taxonomy":"product_cat","embeddable":true,"href":"https:\/\/centrala.org.uk\/centrala_test\/wp-json\/wp\/v2\/product_cat?post=630"},{"taxonomy":"product_tag","embeddable":true,"href":"https:\/\/centrala.org.uk\/centrala_test\/wp-json\/wp\/v2\/product_tag?post=630"},{"taxonomy":"series","embeddable":true,"href":"https:\/\/centrala.org.uk\/centrala_test\/wp-json\/wp\/v2\/series?post=630"}],"curies":[{"name":"wp","href":"https:\/\/api.w.org\/{rel}","templated":true}]}}