{"id":112,"date":"2014-03-11T23:11:38","date_gmt":"2014-03-11T22:11:38","guid":{"rendered":"http:\/\/centrala.org.uk\/pl\/?post_type=product&#038;p=112"},"modified":"2014-09-17T11:34:38","modified_gmt":"2014-09-17T09:34:38","slug":"dluga-historia","status":"publish","type":"product","link":"https:\/\/centrala.org.uk\/pl\/sklep\/dluga-historia\/","title":{"rendered":"D\u0142uga historia"},"content":{"rendered":"<p>Peregrynacja gada jest dla autorki pretekstem do tego, by podejrze\u0107 relacje rodzinne w dramatycznej sytuacji. Martwi\u0105 si\u0119 wszyscy, bo uciek\u0142 i nie wraca. Szuka\u2026 Czego? Kogo? Znajdzie? Kiedy i czy wr\u00f3ci? Takie pytania sobie wszyscy zadaj\u0105.<\/p>\n<p>Anna Karolina Kaczmarczyk studiowa\u0142a malarstwo na krakowskiej Akademii Sztuk Pi\u0119knych, aktualnie studiuje ilustracj\u0119 w Lipsku, jej\u00a0 \u201eD\u0142uga historia\u201d jest tak\u017ce gr\u0105 w zgaduj-zgadul\u0119: w rozpoznawanie klasycznych, przemianowanych na kadry, obraz\u00f3w.<\/p>\n<div id='gallery-1' class='gallery galleryid-112 gallery-columns-3 gallery-size-thumbnail'><figure class='gallery-item'>\n\t\t\t<div class='gallery-icon portrait'>\n\t\t\t\t<a href='https:\/\/centrala.org.uk\/pl\/dluga-historia\/dhtrial-page2\/'><img loading=\"lazy\" decoding=\"async\" width=\"220\" height=\"311\" src=\"https:\/\/centrala.org.uk\/pl\/wp-content\/uploads\/sites\/2\/2014\/04\/DHtrial-page2-220x311.gif\" class=\"attachment-thumbnail size-thumbnail\" alt=\"\" srcset=\"https:\/\/centrala.org.uk\/pl\/wp-content\/uploads\/sites\/2\/2014\/04\/DHtrial-page2-220x311.gif 220w, https:\/\/centrala.org.uk\/pl\/wp-content\/uploads\/sites\/2\/2014\/04\/DHtrial-page2-636x900.gif 636w, https:\/\/centrala.org.uk\/pl\/wp-content\/uploads\/sites\/2\/2014\/04\/DHtrial-page2-210x296.gif 210w, https:\/\/centrala.org.uk\/pl\/wp-content\/uploads\/sites\/2\/2014\/04\/DHtrial-page2-480x678.gif 480w\" sizes=\"auto, (max-width: 220px) 100vw, 220px\" \/><\/a>\n\t\t\t<\/div><\/figure><figure class='gallery-item'>\n\t\t\t<div class='gallery-icon portrait'>\n\t\t\t\t<a href='https:\/\/centrala.org.uk\/pl\/dluga-historia\/dhtrial-page3\/'><img loading=\"lazy\" decoding=\"async\" width=\"220\" height=\"311\" src=\"https:\/\/centrala.org.uk\/pl\/wp-content\/uploads\/sites\/2\/2014\/04\/DHtrial-page3-220x311.gif\" class=\"attachment-thumbnail size-thumbnail\" alt=\"\" srcset=\"https:\/\/centrala.org.uk\/pl\/wp-content\/uploads\/sites\/2\/2014\/04\/DHtrial-page3-220x311.gif 220w, https:\/\/centrala.org.uk\/pl\/wp-content\/uploads\/sites\/2\/2014\/04\/DHtrial-page3-636x900.gif 636w, https:\/\/centrala.org.uk\/pl\/wp-content\/uploads\/sites\/2\/2014\/04\/DHtrial-page3-210x296.gif 210w, https:\/\/centrala.org.uk\/pl\/wp-content\/uploads\/sites\/2\/2014\/04\/DHtrial-page3-480x678.gif 480w\" sizes=\"auto, (max-width: 220px) 100vw, 220px\" \/><\/a>\n\t\t\t<\/div><\/figure><figure class='gallery-item'>\n\t\t\t<div class='gallery-icon portrait'>\n\t\t\t\t<a href='https:\/\/centrala.org.uk\/pl\/dluga-historia\/dhtrial-page4\/'><img loading=\"lazy\" decoding=\"async\" width=\"220\" height=\"311\" src=\"https:\/\/centrala.org.uk\/pl\/wp-content\/uploads\/sites\/2\/2014\/04\/DHtrial-page4-220x311.gif\" class=\"attachment-thumbnail size-thumbnail\" alt=\"\" srcset=\"https:\/\/centrala.org.uk\/pl\/wp-content\/uploads\/sites\/2\/2014\/04\/DHtrial-page4-220x311.gif 220w, https:\/\/centrala.org.uk\/pl\/wp-content\/uploads\/sites\/2\/2014\/04\/DHtrial-page4-636x900.gif 636w, https:\/\/centrala.org.uk\/pl\/wp-content\/uploads\/sites\/2\/2014\/04\/DHtrial-page4-210x296.gif 210w, https:\/\/centrala.org.uk\/pl\/wp-content\/uploads\/sites\/2\/2014\/04\/DHtrial-page4-480x678.gif 480w\" sizes=\"auto, (max-width: 220px) 100vw, 220px\" \/><\/a>\n\t\t\t<\/div><\/figure><figure class='gallery-item'>\n\t\t\t<div class='gallery-icon portrait'>\n\t\t\t\t<a href='https:\/\/centrala.org.uk\/pl\/dluga-historia\/dhtrial-page5\/'><img loading=\"lazy\" decoding=\"async\" width=\"220\" height=\"311\" src=\"https:\/\/centrala.org.uk\/pl\/wp-content\/uploads\/sites\/2\/2014\/04\/DHtrial-page5-220x311.gif\" class=\"attachment-thumbnail size-thumbnail\" alt=\"\" srcset=\"https:\/\/centrala.org.uk\/pl\/wp-content\/uploads\/sites\/2\/2014\/04\/DHtrial-page5-220x311.gif 220w, https:\/\/centrala.org.uk\/pl\/wp-content\/uploads\/sites\/2\/2014\/04\/DHtrial-page5-636x900.gif 636w, https:\/\/centrala.org.uk\/pl\/wp-content\/uploads\/sites\/2\/2014\/04\/DHtrial-page5-210x296.gif 210w, https:\/\/centrala.org.uk\/pl\/wp-content\/uploads\/sites\/2\/2014\/04\/DHtrial-page5-480x678.gif 480w\" sizes=\"auto, (max-width: 220px) 100vw, 220px\" \/><\/a>\n\t\t\t<\/div><\/figure><figure class='gallery-item'>\n\t\t\t<div class='gallery-icon portrait'>\n\t\t\t\t<a href='https:\/\/centrala.org.uk\/pl\/dluga-historia\/dhtrial-page6\/'><img loading=\"lazy\" decoding=\"async\" width=\"220\" height=\"311\" src=\"https:\/\/centrala.org.uk\/pl\/wp-content\/uploads\/sites\/2\/2014\/04\/DHtrial-page6-220x311.gif\" class=\"attachment-thumbnail size-thumbnail\" alt=\"\" srcset=\"https:\/\/centrala.org.uk\/pl\/wp-content\/uploads\/sites\/2\/2014\/04\/DHtrial-page6-220x311.gif 220w, https:\/\/centrala.org.uk\/pl\/wp-content\/uploads\/sites\/2\/2014\/04\/DHtrial-page6-636x900.gif 636w, https:\/\/centrala.org.uk\/pl\/wp-content\/uploads\/sites\/2\/2014\/04\/DHtrial-page6-210x296.gif 210w, https:\/\/centrala.org.uk\/pl\/wp-content\/uploads\/sites\/2\/2014\/04\/DHtrial-page6-480x678.gif 480w\" sizes=\"auto, (max-width: 220px) 100vw, 220px\" \/><\/a>\n\t\t\t<\/div><\/figure>\n\t\t<\/div>\n\n","protected":false},"excerpt":{"rendered":"<p>\u201eD\u0142uga historia\u201d w\u0142a\u015bciwie nie jest d\u0142uga. D\u0142ugi jest g\u0142\u00f3wny bohater i d\u0142uga jest jego nieobecno\u015b\u0107 w domu pewnej rodziny.<\/p>\n","protected":false},"featured_media":115,"comment_status":"closed","ping_status":"closed","template":"","meta":{"_acf_changed":false},"product_brand":[],"product_cat":[32],"product_tag":[39,31,38,35],"series":[],"class_list":{"0":"post-112","1":"product","2":"type-product","3":"status-publish","4":"has-post-thumbnail","6":"product_cat-komiks","7":"product_tag-anna-karolina-kaczmarczyk","8":"product_tag-czarno-biale","9":"product_tag-polskie","10":"product_tag-wspolczesny","12":"first","13":"instock","14":"featured","15":"shipping-taxable","16":"purchasable","17":"product-type-simple"},"acf":[],"_links":{"self":[{"href":"https:\/\/centrala.org.uk\/pl\/wp-json\/wp\/v2\/product\/112","targetHints":{"allow":["GET"]}}],"collection":[{"href":"https:\/\/centrala.org.uk\/pl\/wp-json\/wp\/v2\/product"}],"about":[{"href":"https:\/\/centrala.org.uk\/pl\/wp-json\/wp\/v2\/types\/product"}],"replies":[{"embeddable":true,"href":"https:\/\/centrala.org.uk\/pl\/wp-json\/wp\/v2\/comments?post=112"}],"wp:featuredmedia":[{"embeddable":true,"href":"https:\/\/centrala.org.uk\/pl\/wp-json\/wp\/v2\/media\/115"}],"wp:attachment":[{"href":"https:\/\/centrala.org.uk\/pl\/wp-json\/wp\/v2\/media?parent=112"}],"wp:term":[{"taxonomy":"product_brand","embeddable":true,"href":"https:\/\/centrala.org.uk\/pl\/wp-json\/wp\/v2\/product_brand?post=112"},{"taxonomy":"product_cat","embeddable":true,"href":"https:\/\/centrala.org.uk\/pl\/wp-json\/wp\/v2\/product_cat?post=112"},{"taxonomy":"product_tag","embeddable":true,"href":"https:\/\/centrala.org.uk\/pl\/wp-json\/wp\/v2\/product_tag?post=112"},{"taxonomy":"series","embeddable":true,"href":"https:\/\/centrala.org.uk\/pl\/wp-json\/wp\/v2\/series?post=112"}],"curies":[{"name":"wp","href":"https:\/\/api.w.org\/{rel}","templated":true}]}}