{"id":1156,"date":"2020-03-07T17:36:34","date_gmt":"2020-03-07T16:36:34","guid":{"rendered":"http:\/\/centrala.org.uk\/pl\/?post_type=product&#038;p=1156"},"modified":"2024-02-03T11:48:25","modified_gmt":"2024-02-03T10:48:25","slug":"hilda-i-troll-2","status":"publish","type":"product","link":"https:\/\/centrala.org.uk\/pl\/sklep\/hilda-i-troll-2\/","title":{"rendered":"Hilda i Troll"},"content":{"rendered":"<p>Wodne duchy, olbrzymy, drewniane stwory i trolle; wyprawy Hildy nigdy nie zaliczaj\u0105 si\u0119 do zupe\u0142nie zwyczajnych. Tu r\u00f3wnie\u017c znajdziemy sporo niespodzianek, ale przecie\u017c, jak to doskonale uj\u0119\u0142a sama Hilda: \u201eTaki ju\u017c los \u0142owcy przyg\u00f3d.\u201d<\/p>\n<p>\u201ePearson to wschodz\u0105ca gwiazda\u201d New Yorker<\/p>\n<p>Niesforne rysunki Pearsona \u2013 b\u0119d\u0105ce po\u0142\u0105czeniem styl\u00f3w Lucky Luke&#8217;a i Miyazakiego \u2013 nadaj\u0105 magiczn\u0105 atmosfer\u0119 \u015bwiatu pe\u0142nemu ukrytych stworze\u0144, a wykonanie ksi\u0105\u017cki stanowi warto\u015b\u0107 sam\u0105 w sobie.\u201d<br \/>\nPublisher&#8217;s Weekly<\/p>\n<p>M\u0105dra i sympatyczna historia, polecam! Jak dla mnie najlepsza dot\u0105d komiksowa publikacja dla dzieci.<br \/>\nLupus Libri<\/p>\n<p>&nbsp;<\/p>\n","protected":false},"excerpt":{"rendered":"<p>Drugie wydanie wreszcie dost\u0119pne!<\/p>\n","protected":false},"featured_media":1157,"comment_status":"closed","ping_status":"closed","template":"","meta":{"_acf_changed":false},"product_brand":[],"product_cat":[42,47,32],"product_tag":[9915,45,43,301,247],"series":[],"class_list":{"0":"post-1156","1":"product","2":"type-product","3":"status-publish","4":"has-post-thumbnail","6":"product_cat-dla-dzieci","7":"product_cat-dla-mlodziezy","8":"product_cat-komiks","9":"product_tag-centralka","10":"product_tag-hilda","11":"product_tag-luke-pearson","12":"product_tag-seria-milosc","13":"product_tag-troll","15":"first","16":"outofstock","17":"shipping-taxable","18":"purchasable","19":"product-type-simple"},"acf":[],"_links":{"self":[{"href":"https:\/\/centrala.org.uk\/pl\/wp-json\/wp\/v2\/product\/1156","targetHints":{"allow":["GET"]}}],"collection":[{"href":"https:\/\/centrala.org.uk\/pl\/wp-json\/wp\/v2\/product"}],"about":[{"href":"https:\/\/centrala.org.uk\/pl\/wp-json\/wp\/v2\/types\/product"}],"replies":[{"embeddable":true,"href":"https:\/\/centrala.org.uk\/pl\/wp-json\/wp\/v2\/comments?post=1156"}],"wp:featuredmedia":[{"embeddable":true,"href":"https:\/\/centrala.org.uk\/pl\/wp-json\/wp\/v2\/media\/1157"}],"wp:attachment":[{"href":"https:\/\/centrala.org.uk\/pl\/wp-json\/wp\/v2\/media?parent=1156"}],"wp:term":[{"taxonomy":"product_brand","embeddable":true,"href":"https:\/\/centrala.org.uk\/pl\/wp-json\/wp\/v2\/product_brand?post=1156"},{"taxonomy":"product_cat","embeddable":true,"href":"https:\/\/centrala.org.uk\/pl\/wp-json\/wp\/v2\/product_cat?post=1156"},{"taxonomy":"product_tag","embeddable":true,"href":"https:\/\/centrala.org.uk\/pl\/wp-json\/wp\/v2\/product_tag?post=1156"},{"taxonomy":"series","embeddable":true,"href":"https:\/\/centrala.org.uk\/pl\/wp-json\/wp\/v2\/series?post=1156"}],"curies":[{"name":"wp","href":"https:\/\/api.w.org\/{rel}","templated":true}]}}