{"id":116,"date":"2012-10-11T23:52:57","date_gmt":"2012-10-11T21:52:57","guid":{"rendered":"http:\/\/centrala.org.uk\/pl\/?post_type=product&#038;p=116"},"modified":"2018-11-27T00:51:52","modified_gmt":"2018-11-26T23:51:52","slug":"ciemna-strona-ksiezyca","status":"publish","type":"product","link":"https:\/\/centrala.org.uk\/pl\/sklep\/ciemna-strona-ksiezyca\/","title":{"rendered":"Ciemna strona ksi\u0119\u017cyca. NAK\u0141AD WYCZERPANY"},"content":{"rendered":"<p>Tak o komiksie pisze Olga Tokarczuk:<\/p>\n<blockquote><p>Wszystko, co naturalne powinno by\u0107 oczywiste i p\u00f3j\u015b\u0107 g\u0142adko.<br \/>\nAle od kiedy cz\u0142owiek my\u015bli i ma zdolno\u015b\u0107 do podstawowej autorefleksji naturalne staje si\u0119 problematyczne.<\/p>\n<p>W tej ksi\u0105\u017cce cz\u0142owiek, kobieta, przygl\u0105da si\u0119 dziewi\u0119ciu miesi\u0105com ze swojego \u017cycia, czasowi szczeg\u00f3lnemu, kiedy to nosi w brzuchu innego cz\u0142owieka. I nic nie jest tu oczywiste ani g\u0142adko nie idzie. Wr\u0119cz przeciwnie: wiele sytuacji nagle ods\u0142ania sw\u00f3j absurd, \u00a0inne \u00a0komizm, a s\u0105 tu te\u017c takie, kt\u00f3re budz\u0105 prawdziw\u0105 groz\u0119. Olga potrafi\u0142a znale\u017a\u0107 naprawd\u0119 dobry punkt widzenia na ten dziwny czas, jakim jest ci\u0105\u017ca, i szczerze i dowcipnie opowiedzie\u0107 go innym.<\/p><\/blockquote>\n<p>Dziewi\u0119ciomiesi\u0119czne oczekiwanie na dziecko. Czas, w kt\u00f3rym wszystko si\u0119 zmienia. \u017bycie zyskuje nowy wymiar, a my\u015bli zaczynaj\u0105 kr\u0105\u017cy\u0107 po orbicie rosn\u0105cego brzucha, zamiast kot\u0142owa\u0107 si\u0119 wok\u00f3\u0142 kwestii jeszcze do niedawna wa\u017cnych, a teraz pozbawionych znaczenia. Okres, w kt\u00f3rym kobieta fizycznie rozkwita, znajduj\u0105c si\u0119 przecie\u017c w stanie b\u0142ogos\u0142awionym. 40 tygodni na u\u0142o\u017cenie wewn\u0119trznych demon\u00f3w do snu i nawi\u0105zanie emocjonalnego kontaktu z przysz\u0142ym dzieckiem, podczas gdy szcz\u0119\u015bliwa rodzina przynosi w darze owoce (bo to samo zdrowie), t\u0142uste morskie ryby (bo wyj\u0105tkowo cenne dla rozwoju m\u00f3zgu) i urocze ubranka (takie niewiarygodnie ma\u0142e!).<\/p>\n<p>Czy tak to sobie wyobra\u017cacie? Ja piel\u0119gnowa\u0142am taki obraz w g\u0142owie do 16 listopada 2011, kiedy to na te\u015bcie pojawi\u0142y si\u0119 klasyczne dwie kreski i okaza\u0142o si\u0119, \u017ce oczywi\u015bcie w prawdziwym \u017cyciu wszystko wygl\u0105da ca\u0142kiem inaczej.<\/p>\n<p>&#8222;Ciemna strona ksi\u0119\u017cyca&#8221; to pami\u0119tnik ci\u0105\u017cowy, kt\u00f3rego obieca\u0142am sobie nie rysowa\u0107, konfrontacja popkulturowych klisz, ludowych m\u0105dro\u015bci i zbiorowych wyobra\u017ce\u0144 z moj\u0105 codzienno\u015bci\u0105 trzech trymestr\u00f3w, zbi\u00f3r impresji u\u0142o\u017conych lu\u017ano w trzy rozdzia\u0142y. To tak\u017ce m\u00f3j prywatny manifest, g\u0142osz\u0105cy, \u017ce prawdziwe zmiany nie mog\u0105 by\u0107 narzucone z zewn\u0105trz i nawet szykuj\u0105c si\u0119 do najbardziej uniwersalnej roli \u015bwiata, mo\u017cna nadal pisa\u0107 w\u0142asnor\u0119cznie swoje kwestie.<\/p>\n<p style=\"text-align: right\">Olga Wr\u00f3bel<\/p>\n<div id='gallery-1' class='gallery galleryid-116 gallery-columns-3 gallery-size-thumbnail'><figure class='gallery-item'>\n\t\t\t<div class='gallery-icon portrait'>\n\t\t\t\t<a href='https:\/\/centrala.org.uk\/pl\/?attachment_id=231'><img loading=\"lazy\" decoding=\"async\" width=\"220\" height=\"326\" src=\"https:\/\/centrala.org.uk\/pl\/wp-content\/uploads\/sites\/2\/2014\/04\/CSK1-220x326.jpg\" class=\"attachment-thumbnail size-thumbnail\" alt=\"\" srcset=\"https:\/\/centrala.org.uk\/pl\/wp-content\/uploads\/sites\/2\/2014\/04\/CSK1-220x326.jpg 220w, https:\/\/centrala.org.uk\/pl\/wp-content\/uploads\/sites\/2\/2014\/04\/CSK1-640x949.jpg 640w, https:\/\/centrala.org.uk\/pl\/wp-content\/uploads\/sites\/2\/2014\/04\/CSK1-606x900.jpg 606w, https:\/\/centrala.org.uk\/pl\/wp-content\/uploads\/sites\/2\/2014\/04\/CSK1-210x311.jpg 210w, https:\/\/centrala.org.uk\/pl\/wp-content\/uploads\/sites\/2\/2014\/04\/CSK1-480x712.jpg 480w, https:\/\/centrala.org.uk\/pl\/wp-content\/uploads\/sites\/2\/2014\/04\/CSK1.jpg 900w\" sizes=\"auto, (max-width: 220px) 100vw, 220px\" \/><\/a>\n\t\t\t<\/div><\/figure><figure class='gallery-item'>\n\t\t\t<div class='gallery-icon portrait'>\n\t\t\t\t<a href='https:\/\/centrala.org.uk\/pl\/?attachment_id=232'><img loading=\"lazy\" decoding=\"async\" width=\"220\" height=\"326\" src=\"https:\/\/centrala.org.uk\/pl\/wp-content\/uploads\/sites\/2\/2014\/04\/CSK22-220x326.jpg\" class=\"attachment-thumbnail size-thumbnail\" alt=\"\" srcset=\"https:\/\/centrala.org.uk\/pl\/wp-content\/uploads\/sites\/2\/2014\/04\/CSK22-220x326.jpg 220w, https:\/\/centrala.org.uk\/pl\/wp-content\/uploads\/sites\/2\/2014\/04\/CSK22-640x949.jpg 640w, https:\/\/centrala.org.uk\/pl\/wp-content\/uploads\/sites\/2\/2014\/04\/CSK22-606x900.jpg 606w, https:\/\/centrala.org.uk\/pl\/wp-content\/uploads\/sites\/2\/2014\/04\/CSK22-210x311.jpg 210w, https:\/\/centrala.org.uk\/pl\/wp-content\/uploads\/sites\/2\/2014\/04\/CSK22-480x712.jpg 480w, https:\/\/centrala.org.uk\/pl\/wp-content\/uploads\/sites\/2\/2014\/04\/CSK22.jpg 900w\" sizes=\"auto, (max-width: 220px) 100vw, 220px\" \/><\/a>\n\t\t\t<\/div><\/figure><figure class='gallery-item'>\n\t\t\t<div class='gallery-icon portrait'>\n\t\t\t\t<a href='https:\/\/centrala.org.uk\/pl\/?attachment_id=233'><img loading=\"lazy\" decoding=\"async\" width=\"220\" height=\"326\" src=\"https:\/\/centrala.org.uk\/pl\/wp-content\/uploads\/sites\/2\/2014\/04\/CSK3-220x326.jpg\" class=\"attachment-thumbnail size-thumbnail\" alt=\"\" srcset=\"https:\/\/centrala.org.uk\/pl\/wp-content\/uploads\/sites\/2\/2014\/04\/CSK3-220x326.jpg 220w, https:\/\/centrala.org.uk\/pl\/wp-content\/uploads\/sites\/2\/2014\/04\/CSK3-640x949.jpg 640w, https:\/\/centrala.org.uk\/pl\/wp-content\/uploads\/sites\/2\/2014\/04\/CSK3-606x900.jpg 606w, https:\/\/centrala.org.uk\/pl\/wp-content\/uploads\/sites\/2\/2014\/04\/CSK3-210x311.jpg 210w, https:\/\/centrala.org.uk\/pl\/wp-content\/uploads\/sites\/2\/2014\/04\/CSK3-480x712.jpg 480w, https:\/\/centrala.org.uk\/pl\/wp-content\/uploads\/sites\/2\/2014\/04\/CSK3.jpg 900w\" sizes=\"auto, (max-width: 220px) 100vw, 220px\" \/><\/a>\n\t\t\t<\/div><\/figure><figure class='gallery-item'>\n\t\t\t<div class='gallery-icon portrait'>\n\t\t\t\t<a href='https:\/\/centrala.org.uk\/pl\/?attachment_id=234'><img loading=\"lazy\" decoding=\"async\" width=\"220\" height=\"326\" src=\"https:\/\/centrala.org.uk\/pl\/wp-content\/uploads\/sites\/2\/2014\/04\/CSK4-220x326.jpg\" class=\"attachment-thumbnail size-thumbnail\" alt=\"\" srcset=\"https:\/\/centrala.org.uk\/pl\/wp-content\/uploads\/sites\/2\/2014\/04\/CSK4-220x326.jpg 220w, https:\/\/centrala.org.uk\/pl\/wp-content\/uploads\/sites\/2\/2014\/04\/CSK4-640x949.jpg 640w, https:\/\/centrala.org.uk\/pl\/wp-content\/uploads\/sites\/2\/2014\/04\/CSK4-606x900.jpg 606w, https:\/\/centrala.org.uk\/pl\/wp-content\/uploads\/sites\/2\/2014\/04\/CSK4-210x311.jpg 210w, https:\/\/centrala.org.uk\/pl\/wp-content\/uploads\/sites\/2\/2014\/04\/CSK4-480x712.jpg 480w, https:\/\/centrala.org.uk\/pl\/wp-content\/uploads\/sites\/2\/2014\/04\/CSK4.jpg 900w\" sizes=\"auto, (max-width: 220px) 100vw, 220px\" \/><\/a>\n\t\t\t<\/div><\/figure><figure class='gallery-item'>\n\t\t\t<div class='gallery-icon portrait'>\n\t\t\t\t<a href='https:\/\/centrala.org.uk\/pl\/?attachment_id=235'><img loading=\"lazy\" decoding=\"async\" width=\"220\" height=\"326\" src=\"https:\/\/centrala.org.uk\/pl\/wp-content\/uploads\/sites\/2\/2014\/04\/CSK5-220x326.jpg\" class=\"attachment-thumbnail size-thumbnail\" alt=\"\" srcset=\"https:\/\/centrala.org.uk\/pl\/wp-content\/uploads\/sites\/2\/2014\/04\/CSK5-220x326.jpg 220w, https:\/\/centrala.org.uk\/pl\/wp-content\/uploads\/sites\/2\/2014\/04\/CSK5-640x949.jpg 640w, https:\/\/centrala.org.uk\/pl\/wp-content\/uploads\/sites\/2\/2014\/04\/CSK5-606x900.jpg 606w, https:\/\/centrala.org.uk\/pl\/wp-content\/uploads\/sites\/2\/2014\/04\/CSK5-210x311.jpg 210w, https:\/\/centrala.org.uk\/pl\/wp-content\/uploads\/sites\/2\/2014\/04\/CSK5-480x712.jpg 480w, https:\/\/centrala.org.uk\/pl\/wp-content\/uploads\/sites\/2\/2014\/04\/CSK5.jpg 900w\" sizes=\"auto, (max-width: 220px) 100vw, 220px\" \/><\/a>\n\t\t\t<\/div><\/figure><figure class='gallery-item'>\n\t\t\t<div class='gallery-icon portrait'>\n\t\t\t\t<a href='https:\/\/centrala.org.uk\/pl\/?attachment_id=236'><img loading=\"lazy\" decoding=\"async\" width=\"220\" height=\"326\" src=\"https:\/\/centrala.org.uk\/pl\/wp-content\/uploads\/sites\/2\/2014\/04\/CSK6-220x326.jpg\" class=\"attachment-thumbnail size-thumbnail\" alt=\"\" srcset=\"https:\/\/centrala.org.uk\/pl\/wp-content\/uploads\/sites\/2\/2014\/04\/CSK6-220x326.jpg 220w, https:\/\/centrala.org.uk\/pl\/wp-content\/uploads\/sites\/2\/2014\/04\/CSK6-640x949.jpg 640w, https:\/\/centrala.org.uk\/pl\/wp-content\/uploads\/sites\/2\/2014\/04\/CSK6-606x900.jpg 606w, https:\/\/centrala.org.uk\/pl\/wp-content\/uploads\/sites\/2\/2014\/04\/CSK6-210x311.jpg 210w, https:\/\/centrala.org.uk\/pl\/wp-content\/uploads\/sites\/2\/2014\/04\/CSK6-480x712.jpg 480w, https:\/\/centrala.org.uk\/pl\/wp-content\/uploads\/sites\/2\/2014\/04\/CSK6.jpg 900w\" sizes=\"auto, (max-width: 220px) 100vw, 220px\" \/><\/a>\n\t\t\t<\/div><\/figure>\n\t\t<\/div>\n\n","protected":false},"excerpt":{"rendered":"<p>Wszystko, co naturalne powinno by\u0107 oczywiste i p\u00f3j\u015b\u0107 g\u0142adko.<br \/>\nAle od kiedy cz\u0142owiek my\u015bli i ma zdolno\u015b\u0107 do podstawowej autorefleksji naturalne staje si\u0119 problematyczne.<\/p>\n","protected":false},"featured_media":117,"comment_status":"open","ping_status":"closed","template":"","meta":{"_acf_changed":false},"product_brand":[],"product_cat":[32],"product_tag":[34,33,38,35],"series":[],"class_list":{"0":"post-116","1":"product","2":"type-product","3":"status-publish","4":"has-post-thumbnail","6":"product_cat-komiks","7":"product_tag-kolor","8":"product_tag-olga-wrobel","9":"product_tag-polskie","10":"product_tag-wspolczesny","12":"first","13":"outofstock","14":"shipping-taxable","15":"purchasable","16":"product-type-simple"},"acf":[],"_links":{"self":[{"href":"https:\/\/centrala.org.uk\/pl\/wp-json\/wp\/v2\/product\/116","targetHints":{"allow":["GET"]}}],"collection":[{"href":"https:\/\/centrala.org.uk\/pl\/wp-json\/wp\/v2\/product"}],"about":[{"href":"https:\/\/centrala.org.uk\/pl\/wp-json\/wp\/v2\/types\/product"}],"replies":[{"embeddable":true,"href":"https:\/\/centrala.org.uk\/pl\/wp-json\/wp\/v2\/comments?post=116"}],"wp:featuredmedia":[{"embeddable":true,"href":"https:\/\/centrala.org.uk\/pl\/wp-json\/wp\/v2\/media\/117"}],"wp:attachment":[{"href":"https:\/\/centrala.org.uk\/pl\/wp-json\/wp\/v2\/media?parent=116"}],"wp:term":[{"taxonomy":"product_brand","embeddable":true,"href":"https:\/\/centrala.org.uk\/pl\/wp-json\/wp\/v2\/product_brand?post=116"},{"taxonomy":"product_cat","embeddable":true,"href":"https:\/\/centrala.org.uk\/pl\/wp-json\/wp\/v2\/product_cat?post=116"},{"taxonomy":"product_tag","embeddable":true,"href":"https:\/\/centrala.org.uk\/pl\/wp-json\/wp\/v2\/product_tag?post=116"},{"taxonomy":"series","embeddable":true,"href":"https:\/\/centrala.org.uk\/pl\/wp-json\/wp\/v2\/series?post=116"}],"curies":[{"name":"wp","href":"https:\/\/api.w.org\/{rel}","templated":true}]}}