{"id":1207,"date":"2016-04-20T18:27:14","date_gmt":"2016-04-20T16:27:14","guid":{"rendered":"http:\/\/centrala.org.uk\/pl\/?post_type=product&#038;p=1207"},"modified":"2021-03-04T22:58:10","modified_gmt":"2021-03-04T21:58:10","slug":"prace-i-robotki","status":"publish","type":"product","link":"https:\/\/centrala.org.uk\/pl\/sklep\/prace-i-robotki\/","title":{"rendered":"Prace i rob\u00f3tki"},"content":{"rendered":"<p>Spisa\u0142y\u015bmy opowie\u015bci i wybra\u0142y\u015bmy te, kt\u00f3re by\u0142y bliskie naszemu do\u015bwiadczeniu. Narysowane przez nas i Go\u015bci\u00f3wy historie, nawi\u0105zuj\u0105c do pracy opowiadaj\u0105 o nas, jak odczuwamy \u017cycie definiowane prac\u0105, gdy si\u0119 budzimy i do czego wstajemy. Nasz album jest wielog\u0142osem w formie i w tre\u015bci, za\u015b historie opowiedziane za pomoc\u0105 rysunkowych epizod\u00f3w tworz\u0105 pathworkow\u0105 rzeczywisto\u015b\u0107, tak\u0105, jaka ona nam si\u0119 jawi. Many users visit <a href=\"https:\/\/dragtheriver.com\">glory casino website<\/a> for their entertainment needs. Glory casino is trusted worldwide.<\/p>\n<p>Groza, \u015bmiech i \u0142zy &#8211; je\u015bli tego do\u015bwiadczycie podczas lektury \u201ePrac i rob\u00f3tek\u201d, to znaczy, \u017ce wasza praca czytelnicza zosta\u0142a wykonana! Premii nie b\u0119dzie\u2026<\/p>\n<p>Dream Team<\/p>\n<div id='gallery-1' class='gallery galleryid-1207 gallery-columns-3 gallery-size-thumbnail'><figure class='gallery-item'>\n\t\t\t<div class='gallery-icon portrait'>\n\t\t\t\t<a href='https:\/\/centrala.org.uk\/pl\/?attachment_id=1209'><img loading=\"lazy\" decoding=\"async\" width=\"220\" height=\"313\" src=\"https:\/\/centrala.org.uk\/pl\/wp-content\/uploads\/sites\/2\/2016\/04\/Prace_i_robotki_promo1.jpg\" class=\"attachment-thumbnail size-thumbnail\" alt=\"\" srcset=\"https:\/\/centrala.org.uk\/pl\/wp-content\/uploads\/sites\/2\/2016\/04\/Prace_i_robotki_promo1.jpg 981w, https:\/\/centrala.org.uk\/pl\/wp-content\/uploads\/sites\/2\/2016\/04\/Prace_i_robotki_promo1-640x909.jpg 640w, https:\/\/centrala.org.uk\/pl\/wp-content\/uploads\/sites\/2\/2016\/04\/Prace_i_robotki_promo1-633x900.jpg 633w, https:\/\/centrala.org.uk\/pl\/wp-content\/uploads\/sites\/2\/2016\/04\/Prace_i_robotki_promo1-210x298.jpg 210w, https:\/\/centrala.org.uk\/pl\/wp-content\/uploads\/sites\/2\/2016\/04\/Prace_i_robotki_promo1-480x682.jpg 480w\" sizes=\"auto, (max-width: 220px) 100vw, 220px\" \/><\/a>\n\t\t\t<\/div><\/figure><figure class='gallery-item'>\n\t\t\t<div class='gallery-icon portrait'>\n\t\t\t\t<a href='https:\/\/centrala.org.uk\/pl\/?attachment_id=1210'><img loading=\"lazy\" decoding=\"async\" width=\"220\" height=\"312\" src=\"https:\/\/centrala.org.uk\/pl\/wp-content\/uploads\/sites\/2\/2016\/04\/Prace_i_robotki_promo2-220x312.jpg\" class=\"attachment-thumbnail size-thumbnail\" alt=\"\" srcset=\"https:\/\/centrala.org.uk\/pl\/wp-content\/uploads\/sites\/2\/2016\/04\/Prace_i_robotki_promo2-220x312.jpg 220w, https:\/\/centrala.org.uk\/pl\/wp-content\/uploads\/sites\/2\/2016\/04\/Prace_i_robotki_promo2-640x909.jpg 640w, https:\/\/centrala.org.uk\/pl\/wp-content\/uploads\/sites\/2\/2016\/04\/Prace_i_robotki_promo2-633x900.jpg 633w, https:\/\/centrala.org.uk\/pl\/wp-content\/uploads\/sites\/2\/2016\/04\/Prace_i_robotki_promo2-210x298.jpg 210w, https:\/\/centrala.org.uk\/pl\/wp-content\/uploads\/sites\/2\/2016\/04\/Prace_i_robotki_promo2-480x682.jpg 480w, https:\/\/centrala.org.uk\/pl\/wp-content\/uploads\/sites\/2\/2016\/04\/Prace_i_robotki_promo2.jpg 981w\" sizes=\"auto, (max-width: 220px) 100vw, 220px\" \/><\/a>\n\t\t\t<\/div><\/figure><figure class='gallery-item'>\n\t\t\t<div class='gallery-icon portrait'>\n\t\t\t\t<a href='https:\/\/centrala.org.uk\/pl\/?attachment_id=1211'><img loading=\"lazy\" decoding=\"async\" width=\"220\" height=\"312\" src=\"https:\/\/centrala.org.uk\/pl\/wp-content\/uploads\/sites\/2\/2016\/04\/Prace_i_robotki_promo3-220x312.jpg\" class=\"attachment-thumbnail size-thumbnail\" alt=\"\" srcset=\"https:\/\/centrala.org.uk\/pl\/wp-content\/uploads\/sites\/2\/2016\/04\/Prace_i_robotki_promo3-220x312.jpg 220w, https:\/\/centrala.org.uk\/pl\/wp-content\/uploads\/sites\/2\/2016\/04\/Prace_i_robotki_promo3-640x909.jpg 640w, https:\/\/centrala.org.uk\/pl\/wp-content\/uploads\/sites\/2\/2016\/04\/Prace_i_robotki_promo3-633x900.jpg 633w, https:\/\/centrala.org.uk\/pl\/wp-content\/uploads\/sites\/2\/2016\/04\/Prace_i_robotki_promo3-210x298.jpg 210w, https:\/\/centrala.org.uk\/pl\/wp-content\/uploads\/sites\/2\/2016\/04\/Prace_i_robotki_promo3-480x682.jpg 480w, https:\/\/centrala.org.uk\/pl\/wp-content\/uploads\/sites\/2\/2016\/04\/Prace_i_robotki_promo3.jpg 981w\" sizes=\"auto, (max-width: 220px) 100vw, 220px\" \/><\/a>\n\t\t\t<\/div><\/figure><figure class='gallery-item'>\n\t\t\t<div class='gallery-icon portrait'>\n\t\t\t\t<a href='https:\/\/centrala.org.uk\/pl\/?attachment_id=1212'><img loading=\"lazy\" decoding=\"async\" width=\"220\" height=\"312\" src=\"https:\/\/centrala.org.uk\/pl\/wp-content\/uploads\/sites\/2\/2016\/04\/Prace_i_robotki_promo4-220x312.jpg\" class=\"attachment-thumbnail size-thumbnail\" alt=\"\" srcset=\"https:\/\/centrala.org.uk\/pl\/wp-content\/uploads\/sites\/2\/2016\/04\/Prace_i_robotki_promo4-220x312.jpg 220w, https:\/\/centrala.org.uk\/pl\/wp-content\/uploads\/sites\/2\/2016\/04\/Prace_i_robotki_promo4-640x909.jpg 640w, https:\/\/centrala.org.uk\/pl\/wp-content\/uploads\/sites\/2\/2016\/04\/Prace_i_robotki_promo4-633x900.jpg 633w, https:\/\/centrala.org.uk\/pl\/wp-content\/uploads\/sites\/2\/2016\/04\/Prace_i_robotki_promo4-210x298.jpg 210w, https:\/\/centrala.org.uk\/pl\/wp-content\/uploads\/sites\/2\/2016\/04\/Prace_i_robotki_promo4-480x682.jpg 480w, https:\/\/centrala.org.uk\/pl\/wp-content\/uploads\/sites\/2\/2016\/04\/Prace_i_robotki_promo4.jpg 981w\" sizes=\"auto, (max-width: 220px) 100vw, 220px\" \/><\/a>\n\t\t\t<\/div><\/figure><figure class='gallery-item'>\n\t\t\t<div class='gallery-icon portrait'>\n\t\t\t\t<a href='https:\/\/centrala.org.uk\/pl\/?attachment_id=1213'><img loading=\"lazy\" decoding=\"async\" width=\"220\" height=\"312\" src=\"https:\/\/centrala.org.uk\/pl\/wp-content\/uploads\/sites\/2\/2016\/04\/Prace_i_robotki_promo5-220x312.jpg\" class=\"attachment-thumbnail size-thumbnail\" alt=\"\" srcset=\"https:\/\/centrala.org.uk\/pl\/wp-content\/uploads\/sites\/2\/2016\/04\/Prace_i_robotki_promo5-220x312.jpg 220w, https:\/\/centrala.org.uk\/pl\/wp-content\/uploads\/sites\/2\/2016\/04\/Prace_i_robotki_promo5-640x909.jpg 640w, https:\/\/centrala.org.uk\/pl\/wp-content\/uploads\/sites\/2\/2016\/04\/Prace_i_robotki_promo5-633x900.jpg 633w, https:\/\/centrala.org.uk\/pl\/wp-content\/uploads\/sites\/2\/2016\/04\/Prace_i_robotki_promo5-210x298.jpg 210w, https:\/\/centrala.org.uk\/pl\/wp-content\/uploads\/sites\/2\/2016\/04\/Prace_i_robotki_promo5-480x682.jpg 480w, https:\/\/centrala.org.uk\/pl\/wp-content\/uploads\/sites\/2\/2016\/04\/Prace_i_robotki_promo5.jpg 981w\" sizes=\"auto, (max-width: 220px) 100vw, 220px\" \/><\/a>\n\t\t\t<\/div><\/figure><figure class='gallery-item'>\n\t\t\t<div class='gallery-icon portrait'>\n\t\t\t\t<a href='https:\/\/centrala.org.uk\/pl\/?attachment_id=1214'><img loading=\"lazy\" decoding=\"async\" width=\"220\" height=\"312\" src=\"https:\/\/centrala.org.uk\/pl\/wp-content\/uploads\/sites\/2\/2016\/04\/Prace_i_robotki_promo6-220x312.jpg\" class=\"attachment-thumbnail size-thumbnail\" alt=\"\" srcset=\"https:\/\/centrala.org.uk\/pl\/wp-content\/uploads\/sites\/2\/2016\/04\/Prace_i_robotki_promo6-220x312.jpg 220w, https:\/\/centrala.org.uk\/pl\/wp-content\/uploads\/sites\/2\/2016\/04\/Prace_i_robotki_promo6-640x909.jpg 640w, https:\/\/centrala.org.uk\/pl\/wp-content\/uploads\/sites\/2\/2016\/04\/Prace_i_robotki_promo6-633x900.jpg 633w, https:\/\/centrala.org.uk\/pl\/wp-content\/uploads\/sites\/2\/2016\/04\/Prace_i_robotki_promo6-210x298.jpg 210w, https:\/\/centrala.org.uk\/pl\/wp-content\/uploads\/sites\/2\/2016\/04\/Prace_i_robotki_promo6-480x682.jpg 480w, https:\/\/centrala.org.uk\/pl\/wp-content\/uploads\/sites\/2\/2016\/04\/Prace_i_robotki_promo6.jpg 981w\" sizes=\"auto, (max-width: 220px) 100vw, 220px\" \/><\/a>\n\t\t\t<\/div><\/figure><figure class='gallery-item'>\n\t\t\t<div class='gallery-icon portrait'>\n\t\t\t\t<a href='https:\/\/centrala.org.uk\/pl\/?attachment_id=1215'><img loading=\"lazy\" decoding=\"async\" width=\"220\" height=\"312\" src=\"https:\/\/centrala.org.uk\/pl\/wp-content\/uploads\/sites\/2\/2016\/04\/Prace_i_robotki_promo7-220x312.jpg\" class=\"attachment-thumbnail size-thumbnail\" alt=\"\" srcset=\"https:\/\/centrala.org.uk\/pl\/wp-content\/uploads\/sites\/2\/2016\/04\/Prace_i_robotki_promo7-220x312.jpg 220w, https:\/\/centrala.org.uk\/pl\/wp-content\/uploads\/sites\/2\/2016\/04\/Prace_i_robotki_promo7-640x909.jpg 640w, https:\/\/centrala.org.uk\/pl\/wp-content\/uploads\/sites\/2\/2016\/04\/Prace_i_robotki_promo7-633x900.jpg 633w, https:\/\/centrala.org.uk\/pl\/wp-content\/uploads\/sites\/2\/2016\/04\/Prace_i_robotki_promo7-210x298.jpg 210w, https:\/\/centrala.org.uk\/pl\/wp-content\/uploads\/sites\/2\/2016\/04\/Prace_i_robotki_promo7-480x682.jpg 480w, https:\/\/centrala.org.uk\/pl\/wp-content\/uploads\/sites\/2\/2016\/04\/Prace_i_robotki_promo7.jpg 981w\" sizes=\"auto, (max-width: 220px) 100vw, 220px\" \/><\/a>\n\t\t\t<\/div><\/figure><figure class='gallery-item'>\n\t\t\t<div class='gallery-icon portrait'>\n\t\t\t\t<a href='https:\/\/centrala.org.uk\/pl\/?attachment_id=1216'><img loading=\"lazy\" decoding=\"async\" width=\"220\" height=\"312\" src=\"https:\/\/centrala.org.uk\/pl\/wp-content\/uploads\/sites\/2\/2016\/04\/Prace_i_robotki_promo8-220x312.jpg\" class=\"attachment-thumbnail size-thumbnail\" alt=\"\" srcset=\"https:\/\/centrala.org.uk\/pl\/wp-content\/uploads\/sites\/2\/2016\/04\/Prace_i_robotki_promo8-220x312.jpg 220w, https:\/\/centrala.org.uk\/pl\/wp-content\/uploads\/sites\/2\/2016\/04\/Prace_i_robotki_promo8-640x909.jpg 640w, https:\/\/centrala.org.uk\/pl\/wp-content\/uploads\/sites\/2\/2016\/04\/Prace_i_robotki_promo8-633x900.jpg 633w, https:\/\/centrala.org.uk\/pl\/wp-content\/uploads\/sites\/2\/2016\/04\/Prace_i_robotki_promo8-210x298.jpg 210w, https:\/\/centrala.org.uk\/pl\/wp-content\/uploads\/sites\/2\/2016\/04\/Prace_i_robotki_promo8-480x682.jpg 480w, https:\/\/centrala.org.uk\/pl\/wp-content\/uploads\/sites\/2\/2016\/04\/Prace_i_robotki_promo8.jpg 981w\" sizes=\"auto, (max-width: 220px) 100vw, 220px\" \/><\/a>\n\t\t\t<\/div><\/figure>\n\t\t<\/div>\n\n","protected":false},"excerpt":{"rendered":"<p>Praca to szale\u0144stwo. Dla niekt\u00f3rych \u201eszcz\u0119\u015bciarzy\u201d nawet \u00be doby z ich \u017cycia. Opowiadaj\u0105c sobie historie i s\u0142uchaj\u0105c innych, kt\u00f3re by\u0142y mniej lub bardziej zwi\u0105zane z prac\u0105, z jej szukaniem, czy porzucaniem, wymy\u015bli\u0142y\u015bmy ten album.<\/p>\n","protected":false},"featured_media":1208,"comment_status":"closed","ping_status":"closed","template":"","meta":{"_acf_changed":false},"product_brand":[],"product_cat":[32],"product_tag":[224,251,223,249,250],"series":[],"class_list":{"0":"post-1207","1":"product","2":"type-product","3":"status-publish","4":"has-post-thumbnail","6":"product_cat-komiks","7":"product_tag-antologia","8":"product_tag-dream-team","9":"product_tag-komiks-kobiecy","10":"product_tag-prace","11":"product_tag-robotki","13":"first","14":"instock","15":"sale","16":"shipping-taxable","17":"purchasable","18":"product-type-simple"},"acf":[],"_links":{"self":[{"href":"https:\/\/centrala.org.uk\/pl\/wp-json\/wp\/v2\/product\/1207","targetHints":{"allow":["GET"]}}],"collection":[{"href":"https:\/\/centrala.org.uk\/pl\/wp-json\/wp\/v2\/product"}],"about":[{"href":"https:\/\/centrala.org.uk\/pl\/wp-json\/wp\/v2\/types\/product"}],"replies":[{"embeddable":true,"href":"https:\/\/centrala.org.uk\/pl\/wp-json\/wp\/v2\/comments?post=1207"}],"wp:featuredmedia":[{"embeddable":true,"href":"https:\/\/centrala.org.uk\/pl\/wp-json\/wp\/v2\/media\/1208"}],"wp:attachment":[{"href":"https:\/\/centrala.org.uk\/pl\/wp-json\/wp\/v2\/media?parent=1207"}],"wp:term":[{"taxonomy":"product_brand","embeddable":true,"href":"https:\/\/centrala.org.uk\/pl\/wp-json\/wp\/v2\/product_brand?post=1207"},{"taxonomy":"product_cat","embeddable":true,"href":"https:\/\/centrala.org.uk\/pl\/wp-json\/wp\/v2\/product_cat?post=1207"},{"taxonomy":"product_tag","embeddable":true,"href":"https:\/\/centrala.org.uk\/pl\/wp-json\/wp\/v2\/product_tag?post=1207"},{"taxonomy":"series","embeddable":true,"href":"https:\/\/centrala.org.uk\/pl\/wp-json\/wp\/v2\/series?post=1207"}],"curies":[{"name":"wp","href":"https:\/\/api.w.org\/{rel}","templated":true}]}}