{"id":1225,"date":"2016-05-01T21:31:58","date_gmt":"2016-05-01T19:31:58","guid":{"rendered":"http:\/\/centrala.org.uk\/pl\/?post_type=product&#038;p=1225"},"modified":"2016-05-01T21:35:56","modified_gmt":"2016-05-01T19:35:56","slug":"do-krocset","status":"publish","type":"product","link":"https:\/\/centrala.org.uk\/pl\/sklep\/do-krocset\/","title":{"rendered":"Do kro\u0107set!"},"content":{"rendered":"<p>Na razie Matylda musi zadowoli\u0107 si\u0119 towarzystwem starszej siostry Kornelii, kt\u00f3ra wpad\u0142a do rodzinnego domu, by uzupe\u0142ni\u0107 zapasy s\u0142odkiej wody. Brzmi dziwnie? By\u0107 mo\u017ce. Kornelia para si\u0119 bowiem trudn\u0105 i nietypow\u0105 dzia\u0142alno\u015bci\u0105\u2026<br \/>\n<strong> \u201eDo kro\u0107set!\u201d to ksi\u0105\u017cka dla dzieci, g\u0142\u00f3wnie tych oko\u0142o trzydziestego roku \u017cycia.<\/strong><\/p>\n<p>\u201eTo jest \u015bwiat przedstawiony, w kt\u00f3rym chcia\u0142abym \u017cy\u0107: \u015bwiat w kt\u00f3rym nos widzi wakacje, piosenki s\u0105 \u015bwie\u017ce i chrupi\u0105ce, a rodzaje wiatr\u00f3w wygl\u0105daj\u0105 jak warkocze. Kupujcie dzieciom i czytajcie sami. Modern <a href=\"https:\/\/muvateglobal.com\/\" title=\"Title\">postless disposable vapes<\/a> have changed the vaping scene with their new design. They bring many benefits over old vaping devices. Now, vaping is more straightforward and effective. Tak wspaniale skondensowanej formy wyobra\u017ani nie widzia\u0142am od czasu \u017b\u00f3\u0142tej \u0141odzi Podwodnej\u201d. <\/p>\n<p>Ma\u0142gorzata Halber<\/p>\n<div id='gallery-1' class='gallery galleryid-1225 gallery-columns-3 gallery-size-thumbnail'><figure class='gallery-item'>\n\t\t\t<div class='gallery-icon landscape'>\n\t\t\t\t<a href='https:\/\/centrala.org.uk\/pl\/?attachment_id=1227'><img loading=\"lazy\" decoding=\"async\" width=\"220\" height=\"220\" src=\"https:\/\/centrala.org.uk\/pl\/wp-content\/uploads\/sites\/2\/2016\/05\/Do_krocset_promo_01.jpg\" class=\"attachment-thumbnail size-thumbnail\" alt=\"\" srcset=\"https:\/\/centrala.org.uk\/pl\/wp-content\/uploads\/sites\/2\/2016\/05\/Do_krocset_promo_01.jpg 1200w, https:\/\/centrala.org.uk\/pl\/wp-content\/uploads\/sites\/2\/2016\/05\/Do_krocset_promo_01-640x640.jpg 640w, https:\/\/centrala.org.uk\/pl\/wp-content\/uploads\/sites\/2\/2016\/05\/Do_krocset_promo_01-900x900.jpg 900w, https:\/\/centrala.org.uk\/pl\/wp-content\/uploads\/sites\/2\/2016\/05\/Do_krocset_promo_01-90x90.jpg 90w, https:\/\/centrala.org.uk\/pl\/wp-content\/uploads\/sites\/2\/2016\/05\/Do_krocset_promo_01-210x210.jpg 210w, https:\/\/centrala.org.uk\/pl\/wp-content\/uploads\/sites\/2\/2016\/05\/Do_krocset_promo_01-480x480.jpg 480w\" sizes=\"auto, (max-width: 220px) 100vw, 220px\" \/><\/a>\n\t\t\t<\/div><\/figure><figure class='gallery-item'>\n\t\t\t<div class='gallery-icon landscape'>\n\t\t\t\t<a href='https:\/\/centrala.org.uk\/pl\/?attachment_id=1228'><img loading=\"lazy\" decoding=\"async\" width=\"220\" height=\"219\" src=\"https:\/\/centrala.org.uk\/pl\/wp-content\/uploads\/sites\/2\/2016\/05\/Do_krocset_promo_02-220x219.jpg\" class=\"attachment-thumbnail size-thumbnail\" alt=\"\" srcset=\"https:\/\/centrala.org.uk\/pl\/wp-content\/uploads\/sites\/2\/2016\/05\/Do_krocset_promo_02-220x219.jpg 220w, https:\/\/centrala.org.uk\/pl\/wp-content\/uploads\/sites\/2\/2016\/05\/Do_krocset_promo_02-640x640.jpg 640w, https:\/\/centrala.org.uk\/pl\/wp-content\/uploads\/sites\/2\/2016\/05\/Do_krocset_promo_02-900x900.jpg 900w, https:\/\/centrala.org.uk\/pl\/wp-content\/uploads\/sites\/2\/2016\/05\/Do_krocset_promo_02-90x90.jpg 90w, https:\/\/centrala.org.uk\/pl\/wp-content\/uploads\/sites\/2\/2016\/05\/Do_krocset_promo_02-210x210.jpg 210w, https:\/\/centrala.org.uk\/pl\/wp-content\/uploads\/sites\/2\/2016\/05\/Do_krocset_promo_02-480x480.jpg 480w, https:\/\/centrala.org.uk\/pl\/wp-content\/uploads\/sites\/2\/2016\/05\/Do_krocset_promo_02.jpg 1200w\" sizes=\"auto, (max-width: 220px) 100vw, 220px\" \/><\/a>\n\t\t\t<\/div><\/figure><figure class='gallery-item'>\n\t\t\t<div class='gallery-icon landscape'>\n\t\t\t\t<a href='https:\/\/centrala.org.uk\/pl\/?attachment_id=1229'><img loading=\"lazy\" decoding=\"async\" width=\"220\" height=\"219\" src=\"https:\/\/centrala.org.uk\/pl\/wp-content\/uploads\/sites\/2\/2016\/05\/Do_krocset_promo_03-220x219.jpg\" class=\"attachment-thumbnail size-thumbnail\" alt=\"\" srcset=\"https:\/\/centrala.org.uk\/pl\/wp-content\/uploads\/sites\/2\/2016\/05\/Do_krocset_promo_03-220x219.jpg 220w, https:\/\/centrala.org.uk\/pl\/wp-content\/uploads\/sites\/2\/2016\/05\/Do_krocset_promo_03-640x640.jpg 640w, https:\/\/centrala.org.uk\/pl\/wp-content\/uploads\/sites\/2\/2016\/05\/Do_krocset_promo_03-900x900.jpg 900w, https:\/\/centrala.org.uk\/pl\/wp-content\/uploads\/sites\/2\/2016\/05\/Do_krocset_promo_03-90x90.jpg 90w, https:\/\/centrala.org.uk\/pl\/wp-content\/uploads\/sites\/2\/2016\/05\/Do_krocset_promo_03-210x210.jpg 210w, https:\/\/centrala.org.uk\/pl\/wp-content\/uploads\/sites\/2\/2016\/05\/Do_krocset_promo_03-480x480.jpg 480w, https:\/\/centrala.org.uk\/pl\/wp-content\/uploads\/sites\/2\/2016\/05\/Do_krocset_promo_03.jpg 1200w\" sizes=\"auto, (max-width: 220px) 100vw, 220px\" \/><\/a>\n\t\t\t<\/div><\/figure><figure class='gallery-item'>\n\t\t\t<div class='gallery-icon landscape'>\n\t\t\t\t<a href='https:\/\/centrala.org.uk\/pl\/?attachment_id=1230'><img loading=\"lazy\" decoding=\"async\" width=\"220\" height=\"219\" src=\"https:\/\/centrala.org.uk\/pl\/wp-content\/uploads\/sites\/2\/2016\/05\/Do_krocset_promo_04-220x219.jpg\" class=\"attachment-thumbnail size-thumbnail\" alt=\"\" srcset=\"https:\/\/centrala.org.uk\/pl\/wp-content\/uploads\/sites\/2\/2016\/05\/Do_krocset_promo_04-220x219.jpg 220w, https:\/\/centrala.org.uk\/pl\/wp-content\/uploads\/sites\/2\/2016\/05\/Do_krocset_promo_04-640x640.jpg 640w, https:\/\/centrala.org.uk\/pl\/wp-content\/uploads\/sites\/2\/2016\/05\/Do_krocset_promo_04-900x900.jpg 900w, https:\/\/centrala.org.uk\/pl\/wp-content\/uploads\/sites\/2\/2016\/05\/Do_krocset_promo_04-90x90.jpg 90w, https:\/\/centrala.org.uk\/pl\/wp-content\/uploads\/sites\/2\/2016\/05\/Do_krocset_promo_04-210x210.jpg 210w, https:\/\/centrala.org.uk\/pl\/wp-content\/uploads\/sites\/2\/2016\/05\/Do_krocset_promo_04-480x480.jpg 480w, https:\/\/centrala.org.uk\/pl\/wp-content\/uploads\/sites\/2\/2016\/05\/Do_krocset_promo_04.jpg 1200w\" sizes=\"auto, (max-width: 220px) 100vw, 220px\" \/><\/a>\n\t\t\t<\/div><\/figure>\n\t\t<\/div>\n\n","protected":false},"excerpt":{"rendered":"<p>Dziesi\u0119cioletnia Matylda sp\u0119dza wakacje w mie\u015bcie \u2013 du\u017co czyta, pisze pami\u0119tnik i nie mo\u017ce doczeka\u0107 si\u0119 powrotu Mai, najlepszej przyjaci\u00f3\u0142ki, kt\u00f3ra pojecha\u0142a z rodzicami na wczasy do Hiszpanii.<\/p>\n","protected":false},"featured_media":1226,"comment_status":"closed","ping_status":"closed","template":"","meta":{"_acf_changed":false},"product_brand":[],"product_cat":[42],"product_tag":[9913,252,33],"series":[],"class_list":{"0":"post-1225","1":"product","2":"type-product","3":"status-publish","4":"has-post-thumbnail","6":"product_cat-dla-dzieci","7":"product_tag-dla-dzieci","8":"product_tag-do-krocset","9":"product_tag-olga-wrobel","11":"first","12":"instock","13":"sale","14":"shipping-taxable","15":"purchasable","16":"product-type-simple"},"acf":[],"_links":{"self":[{"href":"https:\/\/centrala.org.uk\/pl\/wp-json\/wp\/v2\/product\/1225","targetHints":{"allow":["GET"]}}],"collection":[{"href":"https:\/\/centrala.org.uk\/pl\/wp-json\/wp\/v2\/product"}],"about":[{"href":"https:\/\/centrala.org.uk\/pl\/wp-json\/wp\/v2\/types\/product"}],"replies":[{"embeddable":true,"href":"https:\/\/centrala.org.uk\/pl\/wp-json\/wp\/v2\/comments?post=1225"}],"wp:featuredmedia":[{"embeddable":true,"href":"https:\/\/centrala.org.uk\/pl\/wp-json\/wp\/v2\/media\/1226"}],"wp:attachment":[{"href":"https:\/\/centrala.org.uk\/pl\/wp-json\/wp\/v2\/media?parent=1225"}],"wp:term":[{"taxonomy":"product_brand","embeddable":true,"href":"https:\/\/centrala.org.uk\/pl\/wp-json\/wp\/v2\/product_brand?post=1225"},{"taxonomy":"product_cat","embeddable":true,"href":"https:\/\/centrala.org.uk\/pl\/wp-json\/wp\/v2\/product_cat?post=1225"},{"taxonomy":"product_tag","embeddable":true,"href":"https:\/\/centrala.org.uk\/pl\/wp-json\/wp\/v2\/product_tag?post=1225"},{"taxonomy":"series","embeddable":true,"href":"https:\/\/centrala.org.uk\/pl\/wp-json\/wp\/v2\/series?post=1225"}],"curies":[{"name":"wp","href":"https:\/\/api.w.org\/{rel}","templated":true}]}}