{"id":1289,"date":"2016-09-02T11:44:55","date_gmt":"2016-09-02T09:44:55","guid":{"rendered":"http:\/\/centrala.org.uk\/pl\/?post_type=product&#038;p=1289"},"modified":"2018-01-05T11:34:09","modified_gmt":"2018-01-05T10:34:09","slug":"disco-cry","status":"publish","type":"product","link":"https:\/\/centrala.org.uk\/pl\/sklep\/disco-cry\/","title":{"rendered":"Disco Cry"},"content":{"rendered":"<p>Zna to ka\u017cda. Te sobotnie noce, kt\u00f3re ci\u0105gn\u0105 si\u0119 do \u015bwitu i nie umiej\u0105 sko\u0144czy\u0107. Wracasz do domu z kacem, z\u0142amanym sercem i dziwnym go\u015bciem na dok\u0142adk\u0119. Disco Cry jest zapisem jednej takiej nocy, przypomina to co by\u015bmy najch\u0119tniej zapomnieli.<br \/>\nMarianna \u015bwietnie operuje tworzywem papieru, kt\u00f3re wykorzystuje z zami\u0142owaniem do ornamentu. Niecierpliwe rysunki, szalona kolorystyka nasilaj\u0105 si\u0119 wraz z up\u0142ywem nocy \u017ceby eksplodowa\u0107 wraz z ko\u0144cem historii. Wejd\u017a do \u015bwiata niesamowitych przyg\u00f3d z M\u0105dre Komiksy! Odkryj wyj\u0105tkow\u0105 kolekcj\u0119 komiks\u00f3w, kt\u00f3ra zachwyci zar\u00f3wno mi\u0142o\u015bnik\u00f3w klasyki, jak i nowoczesnych historii. Skorzystaj z kodu rabatowego i zdob\u0105d\u017a <a href=\"https:\/\/www.dziennik.pl\/kody-rabatowe\/tania-ksiazka\">Tanie Ksi\u0105\u017cki<\/a> kt\u00f3re przenios\u0105 Ci\u0119 w fascynuj\u0105cy \u015bwiat wyobra\u017ani. Nie przegap okazji, aby wzbogaci\u0107 swoj\u0105 kolekcj\u0119 o niezwyk\u0142e tytu\u0142y w jeszcze lepszych cenach!<br \/>\nTo wszystko ukoi wasze wyrzuty z przepuszczonej nocy. Tylko uwaga na go\u015bci w krokodylich butach. <\/p>\n<p>Klara Sladkova, No Ordinary Heroes<\/p>\n<p>Nie czyta\u0142am ale mi si\u0119 podoba<br \/>\nJenny, Tooting Broadway<\/p>\n<div id='gallery-1' class='gallery galleryid-1289 gallery-columns-3 gallery-size-thumbnail'><figure class='gallery-item'>\n\t\t\t<div class='gallery-icon portrait'>\n\t\t\t\t<a href='https:\/\/centrala.org.uk\/pl\/?attachment_id=1291'><img loading=\"lazy\" decoding=\"async\" width=\"220\" height=\"284\" src=\"https:\/\/centrala.org.uk\/pl\/wp-content\/uploads\/sites\/2\/2016\/09\/Disco_Cry_ukladanka_net-220x284.jpg\" class=\"attachment-thumbnail size-thumbnail\" alt=\"\" srcset=\"https:\/\/centrala.org.uk\/pl\/wp-content\/uploads\/sites\/2\/2016\/09\/Disco_Cry_ukladanka_net-220x284.jpg 220w, https:\/\/centrala.org.uk\/pl\/wp-content\/uploads\/sites\/2\/2016\/09\/Disco_Cry_ukladanka_net-640x828.jpg 640w, https:\/\/centrala.org.uk\/pl\/wp-content\/uploads\/sites\/2\/2016\/09\/Disco_Cry_ukladanka_net-695x900.jpg 695w, https:\/\/centrala.org.uk\/pl\/wp-content\/uploads\/sites\/2\/2016\/09\/Disco_Cry_ukladanka_net-210x271.jpg 210w, https:\/\/centrala.org.uk\/pl\/wp-content\/uploads\/sites\/2\/2016\/09\/Disco_Cry_ukladanka_net-480x621.jpg 480w, https:\/\/centrala.org.uk\/pl\/wp-content\/uploads\/sites\/2\/2016\/09\/Disco_Cry_ukladanka_net.jpg 776w\" sizes=\"auto, (max-width: 220px) 100vw, 220px\" \/><\/a>\n\t\t\t<\/div><\/figure><figure class='gallery-item'>\n\t\t\t<div class='gallery-icon portrait'>\n\t\t\t\t<a href='https:\/\/centrala.org.uk\/pl\/?attachment_id=1292'><img loading=\"lazy\" decoding=\"async\" width=\"220\" height=\"284\" src=\"https:\/\/centrala.org.uk\/pl\/wp-content\/uploads\/sites\/2\/2016\/09\/Disco_Cry_ukladanka_net2-220x284.jpg\" class=\"attachment-thumbnail size-thumbnail\" alt=\"\" srcset=\"https:\/\/centrala.org.uk\/pl\/wp-content\/uploads\/sites\/2\/2016\/09\/Disco_Cry_ukladanka_net2-220x284.jpg 220w, https:\/\/centrala.org.uk\/pl\/wp-content\/uploads\/sites\/2\/2016\/09\/Disco_Cry_ukladanka_net2-640x828.jpg 640w, https:\/\/centrala.org.uk\/pl\/wp-content\/uploads\/sites\/2\/2016\/09\/Disco_Cry_ukladanka_net2-695x900.jpg 695w, https:\/\/centrala.org.uk\/pl\/wp-content\/uploads\/sites\/2\/2016\/09\/Disco_Cry_ukladanka_net2-210x271.jpg 210w, https:\/\/centrala.org.uk\/pl\/wp-content\/uploads\/sites\/2\/2016\/09\/Disco_Cry_ukladanka_net2-480x621.jpg 480w, https:\/\/centrala.org.uk\/pl\/wp-content\/uploads\/sites\/2\/2016\/09\/Disco_Cry_ukladanka_net2.jpg 776w\" sizes=\"auto, (max-width: 220px) 100vw, 220px\" \/><\/a>\n\t\t\t<\/div><\/figure><figure class='gallery-item'>\n\t\t\t<div class='gallery-icon portrait'>\n\t\t\t\t<a href='https:\/\/centrala.org.uk\/pl\/?attachment_id=1293'><img loading=\"lazy\" decoding=\"async\" width=\"220\" height=\"284\" src=\"https:\/\/centrala.org.uk\/pl\/wp-content\/uploads\/sites\/2\/2016\/09\/Disco_Cry_ukladanka_net3-220x284.jpg\" class=\"attachment-thumbnail size-thumbnail\" alt=\"\" srcset=\"https:\/\/centrala.org.uk\/pl\/wp-content\/uploads\/sites\/2\/2016\/09\/Disco_Cry_ukladanka_net3-220x284.jpg 220w, https:\/\/centrala.org.uk\/pl\/wp-content\/uploads\/sites\/2\/2016\/09\/Disco_Cry_ukladanka_net3-640x828.jpg 640w, https:\/\/centrala.org.uk\/pl\/wp-content\/uploads\/sites\/2\/2016\/09\/Disco_Cry_ukladanka_net3-695x900.jpg 695w, https:\/\/centrala.org.uk\/pl\/wp-content\/uploads\/sites\/2\/2016\/09\/Disco_Cry_ukladanka_net3-210x271.jpg 210w, https:\/\/centrala.org.uk\/pl\/wp-content\/uploads\/sites\/2\/2016\/09\/Disco_Cry_ukladanka_net3-480x621.jpg 480w, https:\/\/centrala.org.uk\/pl\/wp-content\/uploads\/sites\/2\/2016\/09\/Disco_Cry_ukladanka_net3.jpg 776w\" sizes=\"auto, (max-width: 220px) 100vw, 220px\" \/><\/a>\n\t\t\t<\/div><\/figure><figure class='gallery-item'>\n\t\t\t<div class='gallery-icon portrait'>\n\t\t\t\t<a href='https:\/\/centrala.org.uk\/pl\/?attachment_id=1294'><img loading=\"lazy\" decoding=\"async\" width=\"220\" height=\"284\" src=\"https:\/\/centrala.org.uk\/pl\/wp-content\/uploads\/sites\/2\/2016\/09\/Disco_Cry_ukladanka_net4-220x284.jpg\" class=\"attachment-thumbnail size-thumbnail\" alt=\"\" srcset=\"https:\/\/centrala.org.uk\/pl\/wp-content\/uploads\/sites\/2\/2016\/09\/Disco_Cry_ukladanka_net4-220x284.jpg 220w, https:\/\/centrala.org.uk\/pl\/wp-content\/uploads\/sites\/2\/2016\/09\/Disco_Cry_ukladanka_net4-640x828.jpg 640w, https:\/\/centrala.org.uk\/pl\/wp-content\/uploads\/sites\/2\/2016\/09\/Disco_Cry_ukladanka_net4-695x900.jpg 695w, https:\/\/centrala.org.uk\/pl\/wp-content\/uploads\/sites\/2\/2016\/09\/Disco_Cry_ukladanka_net4-210x271.jpg 210w, https:\/\/centrala.org.uk\/pl\/wp-content\/uploads\/sites\/2\/2016\/09\/Disco_Cry_ukladanka_net4-480x621.jpg 480w, https:\/\/centrala.org.uk\/pl\/wp-content\/uploads\/sites\/2\/2016\/09\/Disco_Cry_ukladanka_net4.jpg 776w\" sizes=\"auto, (max-width: 220px) 100vw, 220px\" \/><\/a>\n\t\t\t<\/div><\/figure><figure class='gallery-item'>\n\t\t\t<div class='gallery-icon portrait'>\n\t\t\t\t<a href='https:\/\/centrala.org.uk\/pl\/?attachment_id=1295'><img loading=\"lazy\" decoding=\"async\" width=\"220\" height=\"284\" src=\"https:\/\/centrala.org.uk\/pl\/wp-content\/uploads\/sites\/2\/2016\/09\/Disco_Cry_ukladanka_net5-220x284.jpg\" class=\"attachment-thumbnail size-thumbnail\" alt=\"\" srcset=\"https:\/\/centrala.org.uk\/pl\/wp-content\/uploads\/sites\/2\/2016\/09\/Disco_Cry_ukladanka_net5-220x284.jpg 220w, https:\/\/centrala.org.uk\/pl\/wp-content\/uploads\/sites\/2\/2016\/09\/Disco_Cry_ukladanka_net5-640x828.jpg 640w, https:\/\/centrala.org.uk\/pl\/wp-content\/uploads\/sites\/2\/2016\/09\/Disco_Cry_ukladanka_net5-695x900.jpg 695w, https:\/\/centrala.org.uk\/pl\/wp-content\/uploads\/sites\/2\/2016\/09\/Disco_Cry_ukladanka_net5-210x271.jpg 210w, https:\/\/centrala.org.uk\/pl\/wp-content\/uploads\/sites\/2\/2016\/09\/Disco_Cry_ukladanka_net5-480x621.jpg 480w, https:\/\/centrala.org.uk\/pl\/wp-content\/uploads\/sites\/2\/2016\/09\/Disco_Cry_ukladanka_net5.jpg 776w\" sizes=\"auto, (max-width: 220px) 100vw, 220px\" \/><\/a>\n\t\t\t<\/div><\/figure><figure class='gallery-item'>\n\t\t\t<div class='gallery-icon portrait'>\n\t\t\t\t<a href='https:\/\/centrala.org.uk\/pl\/?attachment_id=1296'><img loading=\"lazy\" decoding=\"async\" width=\"220\" height=\"285\" src=\"https:\/\/centrala.org.uk\/pl\/wp-content\/uploads\/sites\/2\/2016\/09\/Disco_Cry_ukladanka_net6.jpg\" class=\"attachment-thumbnail size-thumbnail\" alt=\"\" srcset=\"https:\/\/centrala.org.uk\/pl\/wp-content\/uploads\/sites\/2\/2016\/09\/Disco_Cry_ukladanka_net6.jpg 776w, https:\/\/centrala.org.uk\/pl\/wp-content\/uploads\/sites\/2\/2016\/09\/Disco_Cry_ukladanka_net6-640x828.jpg 640w, https:\/\/centrala.org.uk\/pl\/wp-content\/uploads\/sites\/2\/2016\/09\/Disco_Cry_ukladanka_net6-695x900.jpg 695w, https:\/\/centrala.org.uk\/pl\/wp-content\/uploads\/sites\/2\/2016\/09\/Disco_Cry_ukladanka_net6-210x271.jpg 210w, https:\/\/centrala.org.uk\/pl\/wp-content\/uploads\/sites\/2\/2016\/09\/Disco_Cry_ukladanka_net6-480x621.jpg 480w\" sizes=\"auto, (max-width: 220px) 100vw, 220px\" \/><\/a>\n\t\t\t<\/div><\/figure><figure class='gallery-item'>\n\t\t\t<div class='gallery-icon portrait'>\n\t\t\t\t<a href='https:\/\/centrala.org.uk\/pl\/?attachment_id=1297'><img loading=\"lazy\" decoding=\"async\" width=\"220\" height=\"284\" src=\"https:\/\/centrala.org.uk\/pl\/wp-content\/uploads\/sites\/2\/2016\/09\/Disco_Cry_ukladanka_net7-220x284.jpg\" class=\"attachment-thumbnail size-thumbnail\" alt=\"\" srcset=\"https:\/\/centrala.org.uk\/pl\/wp-content\/uploads\/sites\/2\/2016\/09\/Disco_Cry_ukladanka_net7-220x284.jpg 220w, https:\/\/centrala.org.uk\/pl\/wp-content\/uploads\/sites\/2\/2016\/09\/Disco_Cry_ukladanka_net7-640x828.jpg 640w, https:\/\/centrala.org.uk\/pl\/wp-content\/uploads\/sites\/2\/2016\/09\/Disco_Cry_ukladanka_net7-695x900.jpg 695w, https:\/\/centrala.org.uk\/pl\/wp-content\/uploads\/sites\/2\/2016\/09\/Disco_Cry_ukladanka_net7-210x271.jpg 210w, https:\/\/centrala.org.uk\/pl\/wp-content\/uploads\/sites\/2\/2016\/09\/Disco_Cry_ukladanka_net7-480x621.jpg 480w, https:\/\/centrala.org.uk\/pl\/wp-content\/uploads\/sites\/2\/2016\/09\/Disco_Cry_ukladanka_net7.jpg 776w\" sizes=\"auto, (max-width: 220px) 100vw, 220px\" \/><\/a>\n\t\t\t<\/div><\/figure>\n\t\t<\/div>\n\n","protected":false},"excerpt":{"rendered":"<p>Na podstawie prawdziwych wydarze\u0144<\/p>\n","protected":false},"featured_media":1290,"comment_status":"closed","ping_status":"closed","template":"","meta":{"_acf_changed":false},"product_brand":[],"product_cat":[27,32],"product_tag":[9914,258,259,257],"series":[],"class_list":{"0":"post-1289","1":"product","2":"type-product","3":"status-publish","4":"has-post-thumbnail","6":"product_cat-powiesc-graficzna","7":"product_cat-komiks","8":"product_tag-centrala","9":"product_tag-disco","10":"product_tag-love","11":"product_tag-marianna-serocka","13":"first","14":"instock","15":"shipping-taxable","16":"purchasable","17":"product-type-simple"},"acf":[],"_links":{"self":[{"href":"https:\/\/centrala.org.uk\/pl\/wp-json\/wp\/v2\/product\/1289","targetHints":{"allow":["GET"]}}],"collection":[{"href":"https:\/\/centrala.org.uk\/pl\/wp-json\/wp\/v2\/product"}],"about":[{"href":"https:\/\/centrala.org.uk\/pl\/wp-json\/wp\/v2\/types\/product"}],"replies":[{"embeddable":true,"href":"https:\/\/centrala.org.uk\/pl\/wp-json\/wp\/v2\/comments?post=1289"}],"wp:featuredmedia":[{"embeddable":true,"href":"https:\/\/centrala.org.uk\/pl\/wp-json\/wp\/v2\/media\/1290"}],"wp:attachment":[{"href":"https:\/\/centrala.org.uk\/pl\/wp-json\/wp\/v2\/media?parent=1289"}],"wp:term":[{"taxonomy":"product_brand","embeddable":true,"href":"https:\/\/centrala.org.uk\/pl\/wp-json\/wp\/v2\/product_brand?post=1289"},{"taxonomy":"product_cat","embeddable":true,"href":"https:\/\/centrala.org.uk\/pl\/wp-json\/wp\/v2\/product_cat?post=1289"},{"taxonomy":"product_tag","embeddable":true,"href":"https:\/\/centrala.org.uk\/pl\/wp-json\/wp\/v2\/product_tag?post=1289"},{"taxonomy":"series","embeddable":true,"href":"https:\/\/centrala.org.uk\/pl\/wp-json\/wp\/v2\/series?post=1289"}],"curies":[{"name":"wp","href":"https:\/\/api.w.org\/{rel}","templated":true}]}}