{"id":1308,"date":"2016-10-04T15:18:05","date_gmt":"2016-10-04T13:18:05","guid":{"rendered":"http:\/\/centrala.org.uk\/pl\/?post_type=product&#038;p=1308"},"modified":"2016-10-04T15:34:35","modified_gmt":"2016-10-04T13:34:35","slug":"wpatrzeni-ze-wgorza","status":"publish","type":"product","link":"https:\/\/centrala.org.uk\/pl\/sklep\/wpatrzeni-ze-wgorza\/","title":{"rendered":"Wpatrzeni ze Wg\u00f3rza."},"content":{"rendered":"<p class=\"p1\">To opowie\u015b\u0107 o dorastaniu, przyja\u017ani, wsp\u00f3lnych imprezach, specyficznej wsp\u00f3lnocie, kt\u00f3r\u0105 tworzymy z r\u00f3wie\u015bnikami mi\u0119dzy 20. a 30. rokiem \u017cycia. Historia utraconej m\u0142odo\u015bci, hiperpotencji i z\u0142udze\u0144, \u017ce \u017cycie postawi przed nami niezwyk\u0142e wyzwania, kt\u00f3rymi sprostamy tylko razem.<\/p>\n<p class=\"p1\">Trzeba jednak przyzna\u0107, \u017ce kumple z m\u0142odo\u015bci nie zawiedli. Go\u015bcinnie ilustracje i alternatywne wersje ok\u0142adek przygotowali: Micha\u0142 \u015aledzi\u0144ski, Janusz Ordon, Pawe\u0142 P\u0142\u00f3ciennik i Jan Sidorowin, ten ostatni opatrzy\u0142 te\u017c komiks ciep\u0142ym wst\u0119pem.<\/p>\n<p class=\"p2\">Artur Wabik<\/p>\n<div id='gallery-1' class='gallery galleryid-1308 gallery-columns-3 gallery-size-thumbnail'><figure class='gallery-item'>\n\t\t\t<div class='gallery-icon portrait'>\n\t\t\t\t<a href='https:\/\/centrala.org.uk\/pl\/?attachment_id=1310'><img loading=\"lazy\" decoding=\"async\" width=\"220\" height=\"297\" src=\"https:\/\/centrala.org.uk\/pl\/wp-content\/uploads\/sites\/2\/2016\/10\/Wpatrzeni_PL01.jpg\" class=\"attachment-thumbnail size-thumbnail\" alt=\"\" srcset=\"https:\/\/centrala.org.uk\/pl\/wp-content\/uploads\/sites\/2\/2016\/10\/Wpatrzeni_PL01.jpg 874w, https:\/\/centrala.org.uk\/pl\/wp-content\/uploads\/sites\/2\/2016\/10\/Wpatrzeni_PL01-640x864.jpg 640w, https:\/\/centrala.org.uk\/pl\/wp-content\/uploads\/sites\/2\/2016\/10\/Wpatrzeni_PL01-666x900.jpg 666w, https:\/\/centrala.org.uk\/pl\/wp-content\/uploads\/sites\/2\/2016\/10\/Wpatrzeni_PL01-210x283.jpg 210w, https:\/\/centrala.org.uk\/pl\/wp-content\/uploads\/sites\/2\/2016\/10\/Wpatrzeni_PL01-480x648.jpg 480w\" sizes=\"auto, (max-width: 220px) 100vw, 220px\" \/><\/a>\n\t\t\t<\/div><\/figure><figure class='gallery-item'>\n\t\t\t<div class='gallery-icon portrait'>\n\t\t\t\t<a href='https:\/\/centrala.org.uk\/pl\/?attachment_id=1311'><img loading=\"lazy\" decoding=\"async\" width=\"220\" height=\"297\" src=\"https:\/\/centrala.org.uk\/pl\/wp-content\/uploads\/sites\/2\/2016\/10\/Wpatrzeni_PL02-220x297.jpg\" class=\"attachment-thumbnail size-thumbnail\" alt=\"\" srcset=\"https:\/\/centrala.org.uk\/pl\/wp-content\/uploads\/sites\/2\/2016\/10\/Wpatrzeni_PL02-220x297.jpg 220w, https:\/\/centrala.org.uk\/pl\/wp-content\/uploads\/sites\/2\/2016\/10\/Wpatrzeni_PL02-640x864.jpg 640w, https:\/\/centrala.org.uk\/pl\/wp-content\/uploads\/sites\/2\/2016\/10\/Wpatrzeni_PL02-666x900.jpg 666w, https:\/\/centrala.org.uk\/pl\/wp-content\/uploads\/sites\/2\/2016\/10\/Wpatrzeni_PL02-210x283.jpg 210w, https:\/\/centrala.org.uk\/pl\/wp-content\/uploads\/sites\/2\/2016\/10\/Wpatrzeni_PL02-480x648.jpg 480w, https:\/\/centrala.org.uk\/pl\/wp-content\/uploads\/sites\/2\/2016\/10\/Wpatrzeni_PL02.jpg 874w\" sizes=\"auto, (max-width: 220px) 100vw, 220px\" \/><\/a>\n\t\t\t<\/div><\/figure><figure class='gallery-item'>\n\t\t\t<div class='gallery-icon portrait'>\n\t\t\t\t<a href='https:\/\/centrala.org.uk\/pl\/?attachment_id=1312'><img loading=\"lazy\" decoding=\"async\" width=\"220\" height=\"297\" src=\"https:\/\/centrala.org.uk\/pl\/wp-content\/uploads\/sites\/2\/2016\/10\/Wpatrzeni_PL03-220x297.jpg\" class=\"attachment-thumbnail size-thumbnail\" alt=\"\" srcset=\"https:\/\/centrala.org.uk\/pl\/wp-content\/uploads\/sites\/2\/2016\/10\/Wpatrzeni_PL03-220x297.jpg 220w, https:\/\/centrala.org.uk\/pl\/wp-content\/uploads\/sites\/2\/2016\/10\/Wpatrzeni_PL03-640x864.jpg 640w, https:\/\/centrala.org.uk\/pl\/wp-content\/uploads\/sites\/2\/2016\/10\/Wpatrzeni_PL03-666x900.jpg 666w, https:\/\/centrala.org.uk\/pl\/wp-content\/uploads\/sites\/2\/2016\/10\/Wpatrzeni_PL03-210x283.jpg 210w, https:\/\/centrala.org.uk\/pl\/wp-content\/uploads\/sites\/2\/2016\/10\/Wpatrzeni_PL03-480x648.jpg 480w, https:\/\/centrala.org.uk\/pl\/wp-content\/uploads\/sites\/2\/2016\/10\/Wpatrzeni_PL03.jpg 874w\" sizes=\"auto, (max-width: 220px) 100vw, 220px\" \/><\/a>\n\t\t\t<\/div><\/figure><figure class='gallery-item'>\n\t\t\t<div class='gallery-icon portrait'>\n\t\t\t\t<a href='https:\/\/centrala.org.uk\/pl\/?attachment_id=1313'><img loading=\"lazy\" decoding=\"async\" width=\"220\" height=\"297\" src=\"https:\/\/centrala.org.uk\/pl\/wp-content\/uploads\/sites\/2\/2016\/10\/Wpatrzeni_PL04-220x297.jpg\" class=\"attachment-thumbnail size-thumbnail\" alt=\"\" srcset=\"https:\/\/centrala.org.uk\/pl\/wp-content\/uploads\/sites\/2\/2016\/10\/Wpatrzeni_PL04-220x297.jpg 220w, https:\/\/centrala.org.uk\/pl\/wp-content\/uploads\/sites\/2\/2016\/10\/Wpatrzeni_PL04-640x864.jpg 640w, https:\/\/centrala.org.uk\/pl\/wp-content\/uploads\/sites\/2\/2016\/10\/Wpatrzeni_PL04-666x900.jpg 666w, https:\/\/centrala.org.uk\/pl\/wp-content\/uploads\/sites\/2\/2016\/10\/Wpatrzeni_PL04-210x283.jpg 210w, https:\/\/centrala.org.uk\/pl\/wp-content\/uploads\/sites\/2\/2016\/10\/Wpatrzeni_PL04-480x648.jpg 480w, https:\/\/centrala.org.uk\/pl\/wp-content\/uploads\/sites\/2\/2016\/10\/Wpatrzeni_PL04.jpg 874w\" sizes=\"auto, (max-width: 220px) 100vw, 220px\" \/><\/a>\n\t\t\t<\/div><\/figure><figure class='gallery-item'>\n\t\t\t<div class='gallery-icon portrait'>\n\t\t\t\t<a href='https:\/\/centrala.org.uk\/pl\/?attachment_id=1314'><img loading=\"lazy\" decoding=\"async\" width=\"220\" height=\"297\" src=\"https:\/\/centrala.org.uk\/pl\/wp-content\/uploads\/sites\/2\/2016\/10\/Wpatrzeni_PL05-220x297.jpg\" class=\"attachment-thumbnail size-thumbnail\" alt=\"\" srcset=\"https:\/\/centrala.org.uk\/pl\/wp-content\/uploads\/sites\/2\/2016\/10\/Wpatrzeni_PL05-220x297.jpg 220w, https:\/\/centrala.org.uk\/pl\/wp-content\/uploads\/sites\/2\/2016\/10\/Wpatrzeni_PL05-640x864.jpg 640w, https:\/\/centrala.org.uk\/pl\/wp-content\/uploads\/sites\/2\/2016\/10\/Wpatrzeni_PL05-666x900.jpg 666w, https:\/\/centrala.org.uk\/pl\/wp-content\/uploads\/sites\/2\/2016\/10\/Wpatrzeni_PL05-210x283.jpg 210w, https:\/\/centrala.org.uk\/pl\/wp-content\/uploads\/sites\/2\/2016\/10\/Wpatrzeni_PL05-480x648.jpg 480w, https:\/\/centrala.org.uk\/pl\/wp-content\/uploads\/sites\/2\/2016\/10\/Wpatrzeni_PL05.jpg 874w\" sizes=\"auto, (max-width: 220px) 100vw, 220px\" \/><\/a>\n\t\t\t<\/div><\/figure><figure class='gallery-item'>\n\t\t\t<div class='gallery-icon portrait'>\n\t\t\t\t<a href='https:\/\/centrala.org.uk\/pl\/?attachment_id=1315'><img loading=\"lazy\" decoding=\"async\" width=\"220\" height=\"297\" src=\"https:\/\/centrala.org.uk\/pl\/wp-content\/uploads\/sites\/2\/2016\/10\/Wpatrzeni_PL06-220x297.jpg\" class=\"attachment-thumbnail size-thumbnail\" alt=\"\" srcset=\"https:\/\/centrala.org.uk\/pl\/wp-content\/uploads\/sites\/2\/2016\/10\/Wpatrzeni_PL06-220x297.jpg 220w, https:\/\/centrala.org.uk\/pl\/wp-content\/uploads\/sites\/2\/2016\/10\/Wpatrzeni_PL06-640x864.jpg 640w, https:\/\/centrala.org.uk\/pl\/wp-content\/uploads\/sites\/2\/2016\/10\/Wpatrzeni_PL06-666x900.jpg 666w, https:\/\/centrala.org.uk\/pl\/wp-content\/uploads\/sites\/2\/2016\/10\/Wpatrzeni_PL06-210x283.jpg 210w, https:\/\/centrala.org.uk\/pl\/wp-content\/uploads\/sites\/2\/2016\/10\/Wpatrzeni_PL06-480x648.jpg 480w, https:\/\/centrala.org.uk\/pl\/wp-content\/uploads\/sites\/2\/2016\/10\/Wpatrzeni_PL06.jpg 874w\" sizes=\"auto, (max-width: 220px) 100vw, 220px\" \/><\/a>\n\t\t\t<\/div><\/figure>\n\t\t<\/div>\n\n","protected":false},"excerpt":{"rendered":"<p>Mam w okolicy troch\u0119 wzg\u00f3rz. Ju\u017c nigdy nie spojrz\u0119 na nie tak samo po lekturze tego komiksu.\u00a0\u0141ukasz Kowalczuk<\/p>\n","protected":false},"featured_media":1309,"comment_status":"closed","ping_status":"closed","template":"","meta":{"_acf_changed":false},"product_brand":[],"product_cat":[47,32],"product_tag":[9914,260],"series":[],"class_list":{"0":"post-1308","1":"product","2":"type-product","3":"status-publish","4":"has-post-thumbnail","6":"product_cat-dla-mlodziezy","7":"product_cat-komiks","8":"product_tag-centrala","9":"product_tag-norbert-rybarczyk","11":"first","12":"instock","13":"shipping-taxable","14":"purchasable","15":"product-type-simple"},"acf":[],"_links":{"self":[{"href":"https:\/\/centrala.org.uk\/pl\/wp-json\/wp\/v2\/product\/1308","targetHints":{"allow":["GET"]}}],"collection":[{"href":"https:\/\/centrala.org.uk\/pl\/wp-json\/wp\/v2\/product"}],"about":[{"href":"https:\/\/centrala.org.uk\/pl\/wp-json\/wp\/v2\/types\/product"}],"replies":[{"embeddable":true,"href":"https:\/\/centrala.org.uk\/pl\/wp-json\/wp\/v2\/comments?post=1308"}],"wp:featuredmedia":[{"embeddable":true,"href":"https:\/\/centrala.org.uk\/pl\/wp-json\/wp\/v2\/media\/1309"}],"wp:attachment":[{"href":"https:\/\/centrala.org.uk\/pl\/wp-json\/wp\/v2\/media?parent=1308"}],"wp:term":[{"taxonomy":"product_brand","embeddable":true,"href":"https:\/\/centrala.org.uk\/pl\/wp-json\/wp\/v2\/product_brand?post=1308"},{"taxonomy":"product_cat","embeddable":true,"href":"https:\/\/centrala.org.uk\/pl\/wp-json\/wp\/v2\/product_cat?post=1308"},{"taxonomy":"product_tag","embeddable":true,"href":"https:\/\/centrala.org.uk\/pl\/wp-json\/wp\/v2\/product_tag?post=1308"},{"taxonomy":"series","embeddable":true,"href":"https:\/\/centrala.org.uk\/pl\/wp-json\/wp\/v2\/series?post=1308"}],"curies":[{"name":"wp","href":"https:\/\/api.w.org\/{rel}","templated":true}]}}