{"id":1329,"date":"2016-10-25T19:10:00","date_gmt":"2016-10-25T17:10:00","guid":{"rendered":"http:\/\/centrala.org.uk\/pl\/?post_type=product&#038;p=1329"},"modified":"2021-12-10T12:13:01","modified_gmt":"2021-12-10T11:13:01","slug":"slon-na-ksiezycu","status":"publish","type":"product","link":"https:\/\/centrala.org.uk\/pl\/sklep\/slon-na-ksiezycu\/","title":{"rendered":"S\u0142o\u0144 na Ksi\u0119\u017cycu"},"content":{"rendered":"<p>W ma\u0142ym miasteczku mieszka s\u0142ynna astronomka. Ka\u017cdego wieczora obserwuje Ksi\u0119\u017cyc \u2013 zna go jak w\u0142asn\u0105 kiesze\u0144. Nawet przez sen potrafi wymieni\u0107 wszystkie g\u00f3ry, kratery i oceany srebrnego globu. Pewnej nocy astronomka dokonuje zadziwiaj\u0105cego odkrycia. Czy to mo\u017cliwe, by na Ksi\u0119\u017cycu mieszka\u0142 s\u0142o\u0144? Cz\u0142onkowie Towarzystwa Ksi\u0119\u017cycowego nie chc\u0105 w to uwierzy\u0107.<br \/>\n\u201eS\u0142o\u0144 na Ksi\u0119\u017cycu\u201d to bogato ilustrowana opowie\u015b\u0107 o pasji i determinacji w d\u0105\u017ceniu do celu. Cho\u0107 dedykowana jest m\u0142odszemu czytelnikowi, nawi\u0105zuje do ca\u0142kiem powa\u017cnych wydarze\u0144: obecno\u015b\u0107 s\u0142onia na Ksi\u0119\u017cycu po raz pierwszy mia\u0142 zaobserwowa\u0107 w XVII wieku sir Paul Neal \u2013 jeden z astronom\u00f3w Towarzystwa Kr\u00f3lewskiego. Ju\u017c wtedy odkrycie wywo\u0142a\u0142o niema\u0142e zamieszanie i rozpali\u0142o wyobra\u017ani\u0119 literat\u00f3w. Dzi\u0119ki satyrze Samuela Butlera plotka dotar\u0142a a\u017c do Francji \u2013 sam la Fontaine po\u015bwi\u0119ci\u0142 jej bajk\u0119 \u201eUn animal dans la Lune\u201d. Prawie 350 lat p\u00f3\u017aniej Gosia Herba i Miko\u0142aj Pasi\u0144ski powracaj\u0105 do ksi\u0119\u017cycowej historii, tworz\u0105c na jej kanwie now\u0105, pe\u0142n\u0105 przyg\u00f3d opowie\u015b\u0107.<\/p>\n<hr \/>\n<p><strong>Gosia Herba<\/strong>\u00a0jest z wykszta\u0142cenia historykiem sztuki. Od ponad 8 lat zajmuje si\u0119 ilustracj\u0105. Ma na koncie wsp\u00f3\u0142prac\u0119 m.in. z La Nacion, The Washington Post, Virginia Quarterly Review, Monocle i Penguin Random House. Tworzy ilustracje prasowe, plakaty, ok\u0142adki ksi\u0105\u017cek i p\u0142yt. Ostatnio najwi\u0119ksz\u0105 rado\u015b\u0107 sprawia jej rysowanie ilustracji dla dzieci.<\/p>\n<p><strong>Miko\u0142aj Pasi\u0144ski<\/strong>\u00a0jest kulturoznawc\u0105. By\u0142 jednym z za\u0142o\u017cycieli i redaktorem naczelnym magazynu popupmusic.pl. Obecnie zajmuje si\u0119 projektowaniem graficznym i multimediami.<\/p>\n<p>Razem s\u0105 autorami komiksu dla doros\u0142ych pod tytu\u0142em \u201e<a href=\"https:\/\/centrala.org.uk\/en\/fertility\/\">Fertility<\/a>\u201d.<\/p>\n<div id='gallery-1' class='gallery galleryid-1329 gallery-columns-3 gallery-size-thumbnail'><figure class='gallery-item'>\n\t\t\t<div class='gallery-icon landscape'>\n\t\t\t\t<a href='https:\/\/centrala.org.uk\/pl\/?attachment_id=1330'><img loading=\"lazy\" decoding=\"async\" width=\"220\" height=\"110\" src=\"https:\/\/centrala.org.uk\/pl\/wp-content\/uploads\/sites\/2\/2016\/10\/pl1-220x110.gif\" class=\"attachment-thumbnail size-thumbnail\" alt=\"\" srcset=\"https:\/\/centrala.org.uk\/pl\/wp-content\/uploads\/sites\/2\/2016\/10\/pl1-220x110.gif 220w, https:\/\/centrala.org.uk\/pl\/wp-content\/uploads\/sites\/2\/2016\/10\/pl1-640x320.gif 640w, https:\/\/centrala.org.uk\/pl\/wp-content\/uploads\/sites\/2\/2016\/10\/pl1-1400x700.gif 1400w, https:\/\/centrala.org.uk\/pl\/wp-content\/uploads\/sites\/2\/2016\/10\/pl1-210x105.gif 210w, https:\/\/centrala.org.uk\/pl\/wp-content\/uploads\/sites\/2\/2016\/10\/pl1-480x240.gif 480w\" sizes=\"auto, (max-width: 220px) 100vw, 220px\" \/><\/a>\n\t\t\t<\/div><\/figure><figure class='gallery-item'>\n\t\t\t<div class='gallery-icon landscape'>\n\t\t\t\t<a href='https:\/\/centrala.org.uk\/pl\/?attachment_id=1331'><img loading=\"lazy\" decoding=\"async\" width=\"220\" height=\"110\" src=\"https:\/\/centrala.org.uk\/pl\/wp-content\/uploads\/sites\/2\/2016\/10\/pl2-220x110.gif\" class=\"attachment-thumbnail size-thumbnail\" alt=\"\" srcset=\"https:\/\/centrala.org.uk\/pl\/wp-content\/uploads\/sites\/2\/2016\/10\/pl2-220x110.gif 220w, https:\/\/centrala.org.uk\/pl\/wp-content\/uploads\/sites\/2\/2016\/10\/pl2-640x320.gif 640w, https:\/\/centrala.org.uk\/pl\/wp-content\/uploads\/sites\/2\/2016\/10\/pl2-1400x700.gif 1400w, https:\/\/centrala.org.uk\/pl\/wp-content\/uploads\/sites\/2\/2016\/10\/pl2-210x105.gif 210w, https:\/\/centrala.org.uk\/pl\/wp-content\/uploads\/sites\/2\/2016\/10\/pl2-480x240.gif 480w\" sizes=\"auto, (max-width: 220px) 100vw, 220px\" \/><\/a>\n\t\t\t<\/div><\/figure><figure class='gallery-item'>\n\t\t\t<div class='gallery-icon landscape'>\n\t\t\t\t<a href='https:\/\/centrala.org.uk\/pl\/?attachment_id=1332'><img loading=\"lazy\" decoding=\"async\" width=\"220\" height=\"110\" src=\"https:\/\/centrala.org.uk\/pl\/wp-content\/uploads\/sites\/2\/2016\/10\/pl3-220x110.gif\" class=\"attachment-thumbnail size-thumbnail\" alt=\"\" srcset=\"https:\/\/centrala.org.uk\/pl\/wp-content\/uploads\/sites\/2\/2016\/10\/pl3-220x110.gif 220w, https:\/\/centrala.org.uk\/pl\/wp-content\/uploads\/sites\/2\/2016\/10\/pl3-640x320.gif 640w, https:\/\/centrala.org.uk\/pl\/wp-content\/uploads\/sites\/2\/2016\/10\/pl3-1400x700.gif 1400w, https:\/\/centrala.org.uk\/pl\/wp-content\/uploads\/sites\/2\/2016\/10\/pl3-210x105.gif 210w, https:\/\/centrala.org.uk\/pl\/wp-content\/uploads\/sites\/2\/2016\/10\/pl3-480x240.gif 480w\" sizes=\"auto, (max-width: 220px) 100vw, 220px\" \/><\/a>\n\t\t\t<\/div><\/figure>\n\t\t<\/div>\n\n","protected":false},"excerpt":{"rendered":"<p>\u201eS\u0142o\u0144 na Ksi\u0119\u017cycu\u201d to bogato ilustrowana opowie\u015b\u0107 o pasji i determinacji w d\u0105\u017ceniu do celu. Cho\u0107 dedykowana jest m\u0142odszemu czytelnikowi, nawi\u0105zuje do ca\u0142kiem powa\u017cnych wydarze\u0144.<\/p>\n","protected":false},"featured_media":1333,"comment_status":"closed","ping_status":"closed","template":"","meta":{"_acf_changed":false},"product_brand":[],"product_cat":[42,47],"product_tag":[266,9914,9915,262,265,263,264],"series":[10113],"class_list":{"0":"post-1329","1":"product","2":"type-product","3":"status-publish","4":"has-post-thumbnail","6":"product_cat-dla-dzieci","7":"product_cat-dla-mlodziezy","8":"product_tag-astronomia","9":"product_tag-centrala","10":"product_tag-centralka","11":"product_tag-gosia-herba","12":"product_tag-ksiezyc","13":"product_tag-mikolaj-pasinski","14":"product_tag-slon","15":"series-milosc","17":"first","18":"outofstock","19":"shipping-taxable","20":"purchasable","21":"product-type-simple"},"acf":[],"_links":{"self":[{"href":"https:\/\/centrala.org.uk\/pl\/wp-json\/wp\/v2\/product\/1329","targetHints":{"allow":["GET"]}}],"collection":[{"href":"https:\/\/centrala.org.uk\/pl\/wp-json\/wp\/v2\/product"}],"about":[{"href":"https:\/\/centrala.org.uk\/pl\/wp-json\/wp\/v2\/types\/product"}],"replies":[{"embeddable":true,"href":"https:\/\/centrala.org.uk\/pl\/wp-json\/wp\/v2\/comments?post=1329"}],"wp:featuredmedia":[{"embeddable":true,"href":"https:\/\/centrala.org.uk\/pl\/wp-json\/wp\/v2\/media\/1333"}],"wp:attachment":[{"href":"https:\/\/centrala.org.uk\/pl\/wp-json\/wp\/v2\/media?parent=1329"}],"wp:term":[{"taxonomy":"product_brand","embeddable":true,"href":"https:\/\/centrala.org.uk\/pl\/wp-json\/wp\/v2\/product_brand?post=1329"},{"taxonomy":"product_cat","embeddable":true,"href":"https:\/\/centrala.org.uk\/pl\/wp-json\/wp\/v2\/product_cat?post=1329"},{"taxonomy":"product_tag","embeddable":true,"href":"https:\/\/centrala.org.uk\/pl\/wp-json\/wp\/v2\/product_tag?post=1329"},{"taxonomy":"series","embeddable":true,"href":"https:\/\/centrala.org.uk\/pl\/wp-json\/wp\/v2\/series?post=1329"}],"curies":[{"name":"wp","href":"https:\/\/api.w.org\/{rel}","templated":true}]}}