{"id":1397,"date":"2017-02-22T11:50:38","date_gmt":"2017-02-22T10:50:38","guid":{"rendered":"http:\/\/centrala.org.uk\/pl\/?post_type=product&#038;p=1397"},"modified":"2017-05-16T21:33:10","modified_gmt":"2017-05-16T19:33:10","slug":"bartnik-ignat-i-skarb-puszczy-2","status":"publish","type":"product","link":"https:\/\/centrala.org.uk\/pl\/sklep\/bartnik-ignat-i-skarb-puszczy-2\/","title":{"rendered":"Bartnik Ignat i skarb puszczy wyd.II"},"content":{"rendered":"<p>W g\u0142\u0119bi prastarej puszczy bartnik Ignat dogl\u0105da zamieszkuj\u0105cych barcie pszcz\u00f3\u0142, tak jak robili to jego pradziadowie. Cho\u0107 Ignat \u017cyje w \u015bwiecie poza czasem, bieg historii nie zwalnia. Nad puszcz\u0105 zbieraj\u0105 si\u0119 ciemne chmury, a spokojne \u017cycie w zgodzie z dawnymi zwyczajami jest zagro\u017cone.<br \/>\nCzy Ignatowi uda si\u0119 ocali\u0107 puszcz\u0119 i legendarny skarb ukryty w jej ost\u0119pach?<\/p>\n","protected":false},"excerpt":{"rendered":"<p>W g\u0142\u0119bi prastarej puszczy bartnik Ignat dogl\u0105da zamieszkuj\u0105cych barcie pszcz\u00f3\u0142, tak jak robili to jego pradziadowie. Cho\u0107 Ignat \u017cyje w \u015bwiecie poza czasem, bieg historii nie zwalnia. Nad puszcz\u0105 zbieraj\u0105 si\u0119 ciemne chmury, a spokojne \u017cycie w zgodzie z dawnymi zwyczajami jest zagro\u017cone. Czy Ignatowi uda si\u0119 ocali\u0107 puszcz\u0119 i legendarny skarb ukryty w jej [&hellip;]<\/p>\n","protected":false},"featured_media":1398,"comment_status":"closed","ping_status":"closed","template":"","meta":{"_acf_changed":false},"product_brand":[],"product_cat":[42,47,32],"product_tag":[269,268,267,53],"series":[],"class_list":{"0":"post-1397","1":"product","2":"type-product","3":"status-publish","4":"has-post-thumbnail","6":"product_cat-dla-dzieci","7":"product_cat-dla-mlodziezy","8":"product_cat-komiks","9":"product_tag-bialowieza","10":"product_tag-las","11":"product_tag-puszcza","12":"product_tag-tomasz-samojlik","14":"first","15":"instock","16":"shipping-taxable","17":"purchasable","18":"product-type-simple"},"acf":[],"_links":{"self":[{"href":"https:\/\/centrala.org.uk\/pl\/wp-json\/wp\/v2\/product\/1397","targetHints":{"allow":["GET"]}}],"collection":[{"href":"https:\/\/centrala.org.uk\/pl\/wp-json\/wp\/v2\/product"}],"about":[{"href":"https:\/\/centrala.org.uk\/pl\/wp-json\/wp\/v2\/types\/product"}],"replies":[{"embeddable":true,"href":"https:\/\/centrala.org.uk\/pl\/wp-json\/wp\/v2\/comments?post=1397"}],"wp:featuredmedia":[{"embeddable":true,"href":"https:\/\/centrala.org.uk\/pl\/wp-json\/wp\/v2\/media\/1398"}],"wp:attachment":[{"href":"https:\/\/centrala.org.uk\/pl\/wp-json\/wp\/v2\/media?parent=1397"}],"wp:term":[{"taxonomy":"product_brand","embeddable":true,"href":"https:\/\/centrala.org.uk\/pl\/wp-json\/wp\/v2\/product_brand?post=1397"},{"taxonomy":"product_cat","embeddable":true,"href":"https:\/\/centrala.org.uk\/pl\/wp-json\/wp\/v2\/product_cat?post=1397"},{"taxonomy":"product_tag","embeddable":true,"href":"https:\/\/centrala.org.uk\/pl\/wp-json\/wp\/v2\/product_tag?post=1397"},{"taxonomy":"series","embeddable":true,"href":"https:\/\/centrala.org.uk\/pl\/wp-json\/wp\/v2\/series?post=1397"}],"curies":[{"name":"wp","href":"https:\/\/api.w.org\/{rel}","templated":true}]}}