{"id":1421,"date":"2017-04-07T11:30:31","date_gmt":"2017-04-07T09:30:31","guid":{"rendered":"http:\/\/centrala.org.uk\/pl\/?post_type=product&#038;p=1421"},"modified":"2017-05-24T16:33:16","modified_gmt":"2017-05-24T14:33:16","slug":"glodny-jas-i-zarloczna-malgosia","status":"publish","type":"product","link":"https:\/\/centrala.org.uk\/pl\/sklep\/glodny-jas-i-zarloczna-malgosia\/","title":{"rendered":"G\u0142odny Ja\u015b i \u017car\u0142oczna Ma\u0142gosia"},"content":{"rendered":"<p>Za siedmioma muchomorami i siedmioma robalami \u017cy\u0142o sobie ci\u0105gle g\u0142odne rodze\u0144stwo. Ma\u0142gosia, w przeciwie\u0144stwie do Jasia, nie ulega dziecinnym fascynacjom larwami. Pozbawiona tego hobby, pewnego dnia kradnie klucze i otwiera histori\u0119, kt\u00f3ra prowadzi nas do pieca, tortu i \u015bci\u0119tej g\u0142owy.<\/p>\n<p><img loading=\"lazy\" decoding=\"async\" class=\"alignnone size-thumbnail wp-image-1423\" src=\"https:\/\/centrala.org.uk\/pl\/wp-content\/uploads\/sites\/2\/2017\/04\/ZavkaPortret-220x219.jpg\" alt=\"ZavkaPortret\" width=\"220\" height=\"219\" srcset=\"https:\/\/centrala.org.uk\/pl\/wp-content\/uploads\/sites\/2\/2017\/04\/ZavkaPortret-220x219.jpg 220w, https:\/\/centrala.org.uk\/pl\/wp-content\/uploads\/sites\/2\/2017\/04\/ZavkaPortret-640x639.jpg 640w, https:\/\/centrala.org.uk\/pl\/wp-content\/uploads\/sites\/2\/2017\/04\/ZavkaPortret-900x900.jpg 900w, https:\/\/centrala.org.uk\/pl\/wp-content\/uploads\/sites\/2\/2017\/04\/ZavkaPortret-90x90.jpg 90w, https:\/\/centrala.org.uk\/pl\/wp-content\/uploads\/sites\/2\/2017\/04\/ZavkaPortret-210x209.jpg 210w, https:\/\/centrala.org.uk\/pl\/wp-content\/uploads\/sites\/2\/2017\/04\/ZavkaPortret-480x479.jpg 480w, https:\/\/centrala.org.uk\/pl\/wp-content\/uploads\/sites\/2\/2017\/04\/ZavkaPortret.jpg 960w\" sizes=\"auto, (max-width: 220px) 100vw, 220px\" \/><br \/>\nZAVKA (Katarzyna Zawadka)<br \/>\nIlustratorka, autorka komiks\u00f3w i graficzka. Absolwentka ASP w Warszawie. Laureatka nagrody za najlepsz\u0105 grafik\u0119 w konkursie na Mi\u0119dzynarodowym Festiwalu Komiksu Boomfest w Rosji w 2013 r. oraz \u201eZ\u0142otego Kurczaka\u201d 2016 \u2013 nagrody komiksu niezale\u017cnego w kategorii Rysunek za komiks \u201eG\u0142odny Ja\u015b i \u017car\u0142oczna Ma\u0142gosia\u201d. Swoje prace publikuje w fanzinach polskich i zagranicznych.<br \/>\n<a href=\"www.behance.net\/ZAVKA\">www.behance.net\/ZAVKA<\/a><\/p>\n","protected":false},"excerpt":{"rendered":"<p>1 miejsce w kategorii najlepsza rysowniczka Z\u0142ote Kurczaki 2017<\/p>\n","protected":false},"featured_media":1422,"comment_status":"closed","ping_status":"closed","template":"","meta":{"_acf_changed":false},"product_brand":[],"product_cat":[32],"product_tag":[273,270,271,272],"series":[],"class_list":{"0":"post-1421","1":"product","2":"type-product","3":"status-publish","4":"has-post-thumbnail","6":"product_cat-komiks","7":"product_tag-independent","8":"product_tag-jas-i-malgosia","9":"product_tag-zavka","10":"product_tag-zin","12":"first","13":"instock","14":"shipping-taxable","15":"purchasable","16":"product-type-simple"},"acf":[],"_links":{"self":[{"href":"https:\/\/centrala.org.uk\/pl\/wp-json\/wp\/v2\/product\/1421","targetHints":{"allow":["GET"]}}],"collection":[{"href":"https:\/\/centrala.org.uk\/pl\/wp-json\/wp\/v2\/product"}],"about":[{"href":"https:\/\/centrala.org.uk\/pl\/wp-json\/wp\/v2\/types\/product"}],"replies":[{"embeddable":true,"href":"https:\/\/centrala.org.uk\/pl\/wp-json\/wp\/v2\/comments?post=1421"}],"wp:featuredmedia":[{"embeddable":true,"href":"https:\/\/centrala.org.uk\/pl\/wp-json\/wp\/v2\/media\/1422"}],"wp:attachment":[{"href":"https:\/\/centrala.org.uk\/pl\/wp-json\/wp\/v2\/media?parent=1421"}],"wp:term":[{"taxonomy":"product_brand","embeddable":true,"href":"https:\/\/centrala.org.uk\/pl\/wp-json\/wp\/v2\/product_brand?post=1421"},{"taxonomy":"product_cat","embeddable":true,"href":"https:\/\/centrala.org.uk\/pl\/wp-json\/wp\/v2\/product_cat?post=1421"},{"taxonomy":"product_tag","embeddable":true,"href":"https:\/\/centrala.org.uk\/pl\/wp-json\/wp\/v2\/product_tag?post=1421"},{"taxonomy":"series","embeddable":true,"href":"https:\/\/centrala.org.uk\/pl\/wp-json\/wp\/v2\/series?post=1421"}],"curies":[{"name":"wp","href":"https:\/\/api.w.org\/{rel}","templated":true}]}}