{"id":1514,"date":"2017-12-03T19:15:05","date_gmt":"2017-12-03T18:15:05","guid":{"rendered":"http:\/\/centrala.org.uk\/pl\/?post_type=product&#038;p=1514"},"modified":"2021-12-10T12:12:47","modified_gmt":"2021-12-10T11:12:47","slug":"pustka","status":"publish","type":"product","link":"https:\/\/centrala.org.uk\/pl\/sklep\/pustka\/","title":{"rendered":"Pustka"},"content":{"rendered":"<p>Chcieli by\u015bmy wierzy\u0107, \u017ce nie odwiedzi\u0142a Ci\u0119 jeszcze pustka.<br \/>\nZreszt\u0105 mo\u017cliwe, \u017ce\u00a0 zanim przyjdzie ju\u017c dawno u Ciebie jest.<br \/>\nPotem, jak sama m\u00f3wi, b\u0119dzie ju\u017c z Tob\u0105 zawsze.<\/p>\n<p><strong>\u00a0Marianna Sztyma<\/strong><\/p>\n<p>Rocznik 1973.<br \/>\nMalarka i ilustratorka. Najcz\u0119\u015bciej zajmuje si\u0119 ilustracj\u0105 prasow\u0105 (m. in. dla Zwierciad\u0142a, Twojego Stylu, Pressu, Newsweeka, Wysokich Obcas\u00f3w). Bardzo lubi ilustrowa\u0107 dla dzieci. Rysuje komiksy, projektuje ok\u0142adki. Mieszka na wsi w g\u00f3rach. Jak nie rysuje, to g\u0142aszcze koty i psy.<\/p>\n","protected":false},"excerpt":{"rendered":"<p>Komiks dla dzieci i doros\u0142ych. To opowie\u015b\u0107 o pustce, kt\u00f3ra odwiedza dziewczynk\u0119 po \u015bmierci jej kota.<\/p>\n","protected":false},"featured_media":1517,"comment_status":"closed","ping_status":"closed","template":"","meta":{"_acf_changed":false},"product_brand":[],"product_cat":[42,47,32],"product_tag":[277,276,278,279],"series":[10113],"class_list":{"0":"post-1514","1":"product","2":"type-product","3":"status-publish","4":"has-post-thumbnail","6":"product_cat-dla-dzieci","7":"product_cat-dla-mlodziezy","8":"product_cat-komiks","9":"product_tag-kot","10":"product_tag-marianna-sztyma","11":"product_tag-strata","12":"product_tag-zwierzeta","13":"series-milosc","15":"first","16":"outofstock","17":"shipping-taxable","18":"purchasable","19":"product-type-simple"},"acf":[],"_links":{"self":[{"href":"https:\/\/centrala.org.uk\/pl\/wp-json\/wp\/v2\/product\/1514","targetHints":{"allow":["GET"]}}],"collection":[{"href":"https:\/\/centrala.org.uk\/pl\/wp-json\/wp\/v2\/product"}],"about":[{"href":"https:\/\/centrala.org.uk\/pl\/wp-json\/wp\/v2\/types\/product"}],"replies":[{"embeddable":true,"href":"https:\/\/centrala.org.uk\/pl\/wp-json\/wp\/v2\/comments?post=1514"}],"wp:featuredmedia":[{"embeddable":true,"href":"https:\/\/centrala.org.uk\/pl\/wp-json\/wp\/v2\/media\/1517"}],"wp:attachment":[{"href":"https:\/\/centrala.org.uk\/pl\/wp-json\/wp\/v2\/media?parent=1514"}],"wp:term":[{"taxonomy":"product_brand","embeddable":true,"href":"https:\/\/centrala.org.uk\/pl\/wp-json\/wp\/v2\/product_brand?post=1514"},{"taxonomy":"product_cat","embeddable":true,"href":"https:\/\/centrala.org.uk\/pl\/wp-json\/wp\/v2\/product_cat?post=1514"},{"taxonomy":"product_tag","embeddable":true,"href":"https:\/\/centrala.org.uk\/pl\/wp-json\/wp\/v2\/product_tag?post=1514"},{"taxonomy":"series","embeddable":true,"href":"https:\/\/centrala.org.uk\/pl\/wp-json\/wp\/v2\/series?post=1514"}],"curies":[{"name":"wp","href":"https:\/\/api.w.org\/{rel}","templated":true}]}}