{"id":1527,"date":"2017-12-15T23:59:17","date_gmt":"2017-12-15T22:59:17","guid":{"rendered":"http:\/\/centrala.org.uk\/pl\/?post_type=product&#038;p=1527"},"modified":"2018-09-11T12:10:32","modified_gmt":"2018-09-11T10:10:32","slug":"moi-rodzice-nie-sa-tak-naprawde-moi","status":"publish","type":"product","link":"https:\/\/centrala.org.uk\/pl\/sklep\/moi-rodzice-nie-sa-tak-naprawde-moi\/","title":{"rendered":"Moi rodzice nie s\u0105 tak naprawd\u0119 moi"},"content":{"rendered":"<div id='gallery-1' class='gallery galleryid-1527 gallery-columns-3 gallery-size-thumbnail'><figure class='gallery-item'>\n\t\t\t<div class='gallery-icon landscape'>\n\t\t\t\t<a href='https:\/\/centrala.org.uk\/pl\/?attachment_id=1529'><img loading=\"lazy\" decoding=\"async\" width=\"220\" height=\"110\" src=\"https:\/\/centrala.org.uk\/pl\/wp-content\/uploads\/sites\/2\/2017\/12\/03_elvis2-220x110.png\" class=\"attachment-thumbnail size-thumbnail\" alt=\"\" srcset=\"https:\/\/centrala.org.uk\/pl\/wp-content\/uploads\/sites\/2\/2017\/12\/03_elvis2-220x110.png 220w, https:\/\/centrala.org.uk\/pl\/wp-content\/uploads\/sites\/2\/2017\/12\/03_elvis2-640x320.png 640w, https:\/\/centrala.org.uk\/pl\/wp-content\/uploads\/sites\/2\/2017\/12\/03_elvis2-1400x700.png 1400w, https:\/\/centrala.org.uk\/pl\/wp-content\/uploads\/sites\/2\/2017\/12\/03_elvis2-210x105.png 210w, https:\/\/centrala.org.uk\/pl\/wp-content\/uploads\/sites\/2\/2017\/12\/03_elvis2-480x240.png 480w\" sizes=\"auto, (max-width: 220px) 100vw, 220px\" \/><\/a>\n\t\t\t<\/div><\/figure><figure class='gallery-item'>\n\t\t\t<div class='gallery-icon landscape'>\n\t\t\t\t<a href='https:\/\/centrala.org.uk\/pl\/?attachment_id=1530'><img loading=\"lazy\" decoding=\"async\" width=\"220\" height=\"110\" src=\"https:\/\/centrala.org.uk\/pl\/wp-content\/uploads\/sites\/2\/2017\/12\/03_elvis3-220x110.png\" class=\"attachment-thumbnail size-thumbnail\" alt=\"\" srcset=\"https:\/\/centrala.org.uk\/pl\/wp-content\/uploads\/sites\/2\/2017\/12\/03_elvis3-220x110.png 220w, https:\/\/centrala.org.uk\/pl\/wp-content\/uploads\/sites\/2\/2017\/12\/03_elvis3-640x320.png 640w, https:\/\/centrala.org.uk\/pl\/wp-content\/uploads\/sites\/2\/2017\/12\/03_elvis3-1400x700.png 1400w, https:\/\/centrala.org.uk\/pl\/wp-content\/uploads\/sites\/2\/2017\/12\/03_elvis3-210x105.png 210w, https:\/\/centrala.org.uk\/pl\/wp-content\/uploads\/sites\/2\/2017\/12\/03_elvis3-480x240.png 480w\" sizes=\"auto, (max-width: 220px) 100vw, 220px\" \/><\/a>\n\t\t\t<\/div><\/figure>\n\t\t<\/div>\n\n<p class=\"p1\"><span class=\"s1\">Na pocz\u0105tku ka\u017cdy z nas patrzy\u0142 na \u015bwiat w sobie tylko w\u0142a\u015bciwy spos\u00f3b. Z czasem to spojrzenie &#8211; tw\u00f3rcze, chocia\u017c chaotyczne &#8211; przybra\u0142o form\u0119 naszych \u201eprzekona\u0144\u201d. Ta ksi\u0105\u017cka przedstawia niekt\u00f3re z tych wczesnych wyobra\u017ce\u0144, kt\u00f3re powsta\u0142y w dzieci\u0144stwie i zachowa\u0142y si\u0119 jako wspomnienia w doros\u0142o\u015bci. Inspiracji tym nietypowym historiom dostarcza nasze ograniczone do\u015bwiadczenie, ale chodzi w nim o co\u015b wi\u0119cej ni\u017c tylko o to, \u017ce wszyscy wierzyli\u015bmy w Gwiazdora.<span class=\"Apple-converted-space\">\u00a0<\/span><\/span><\/p>\n<p class=\"p2\"><span class=\"s1\">W dzieci\u0144stwie odprawiamy czary, malujemy, piszemy, ta\u0144czymy, opowiadamy historie, organizujemy zabawy i bez przerwy co\u015b udajemy. Wymy\u015blamy r\u00f3wnoleg\u0142e \u015bwiaty oraz postaci, a naszej wyobra\u017ani nie kr\u0119puje logika. Gdy dorastamy, zaczynamy prawie wszystko segregowa\u0107 i dzieli\u0107 na kategorie &#8211; w tym r\u00f3wnie\u017c sztuk\u0119 i jej tw\u00f3rc\u00f3w. Niekt\u00f3rych wynosimy na piedesta\u0142, a innym ka\u017cemy si\u0119 wynosi\u0107. Ostatecznie przenosimy zadanie tworzenia sztuki na tych, kt\u00f3rzy naszym zdaniem s\u0105 w tym lepsi.<span class=\"Apple-converted-space\">\u00a0<\/span><\/span><\/p>\n<p class=\"p2\"><span class=\"s1\">Dzisiaj, kiedy dzieli nas to, co nowe i niespodziewane, kiedy w \u017cyciu jest coraz mniej miejsca dla wyobra\u017ani, poni\u017csze przekonania mog\u0105 przypomnie\u0107 nam wsp\u00f3lne korzenie oraz dawn\u0105 kreatywno\u015b\u0107.<span class=\"Apple-converted-space\">\u00a0<\/span><\/span><\/p>\n<p class=\"p2\"><span class=\"s1\">Opowie\u015bci, kt\u00f3rymi podzieli\u0142o si\u0119 z nami wielu artyst\u00f3w, zilustrowa\u0142 Kamil Macejko, a zebra\u0142a\u00a0Rachel\u00a0Karafistan.<\/span><\/p>\n","protected":false},"excerpt":{"rendered":"<p>Wszystkie teksty\u00a0w ksi\u0105\u017cce s\u0105 w j\u0119zyku: polskim, angielskim i niemeickim<\/p>\n","protected":false},"featured_media":1528,"comment_status":"closed","ping_status":"closed","template":"","meta":{"_acf_changed":false},"product_brand":[],"product_cat":[283],"product_tag":[9914,280,281,282],"series":[10114],"class_list":{"0":"post-1527","1":"product","2":"type-product","3":"status-publish","4":"has-post-thumbnail","6":"product_cat-picturebook","7":"product_tag-centrala","8":"product_tag-kamil-macejko","9":"product_tag-rachel-karafistan","10":"product_tag-rodzice","11":"series-smierc","13":"first","14":"instock","15":"shipping-taxable","16":"purchasable","17":"product-type-simple"},"acf":[],"_links":{"self":[{"href":"https:\/\/centrala.org.uk\/pl\/wp-json\/wp\/v2\/product\/1527","targetHints":{"allow":["GET"]}}],"collection":[{"href":"https:\/\/centrala.org.uk\/pl\/wp-json\/wp\/v2\/product"}],"about":[{"href":"https:\/\/centrala.org.uk\/pl\/wp-json\/wp\/v2\/types\/product"}],"replies":[{"embeddable":true,"href":"https:\/\/centrala.org.uk\/pl\/wp-json\/wp\/v2\/comments?post=1527"}],"wp:featuredmedia":[{"embeddable":true,"href":"https:\/\/centrala.org.uk\/pl\/wp-json\/wp\/v2\/media\/1528"}],"wp:attachment":[{"href":"https:\/\/centrala.org.uk\/pl\/wp-json\/wp\/v2\/media?parent=1527"}],"wp:term":[{"taxonomy":"product_brand","embeddable":true,"href":"https:\/\/centrala.org.uk\/pl\/wp-json\/wp\/v2\/product_brand?post=1527"},{"taxonomy":"product_cat","embeddable":true,"href":"https:\/\/centrala.org.uk\/pl\/wp-json\/wp\/v2\/product_cat?post=1527"},{"taxonomy":"product_tag","embeddable":true,"href":"https:\/\/centrala.org.uk\/pl\/wp-json\/wp\/v2\/product_tag?post=1527"},{"taxonomy":"series","embeddable":true,"href":"https:\/\/centrala.org.uk\/pl\/wp-json\/wp\/v2\/series?post=1527"}],"curies":[{"name":"wp","href":"https:\/\/api.w.org\/{rel}","templated":true}]}}