{"id":1554,"date":"2018-02-11T14:07:30","date_gmt":"2018-02-11T13:07:30","guid":{"rendered":"http:\/\/centrala.org.uk\/pl\/?post_type=product&#038;p=1554"},"modified":"2024-02-04T11:24:34","modified_gmt":"2024-02-04T10:24:34","slug":"jenny-haniver","status":"publish","type":"product","link":"https:\/\/centrala.org.uk\/pl\/sklep\/jenny-haniver\/","title":{"rendered":"Jenny Haniver"},"content":{"rendered":"<p>Dom na \u0142odzi kochaj\u0105cego owoce morza dentysty, ukrywa sekret. Religijna kobieta pracuj\u0105ca w biurze chcia\u0142aby by\u0107 dyrygentem ch\u00f3ru. Nocny stra\u017cnik domu towarowego opiekuje si\u0119 niepe\u0142nosprawnym, m\u0142odszym bratem. Nocny str\u00f3\u017c podbiera herbat\u0119 z szafki sprz\u0105tacza. Wszystko rozgrywa si\u0119 w gigantycznym mie\u015bcie, jego \u015bwiat\u0142ach i cieniach. Metropolia mia\u017cd\u017cy maluczkich swoj\u0105 mas\u0105.<\/p>\n<p>Komiks bez s\u0142\u00f3w o si\u0142ach pot\u0119\u017cniejszych od jednostki. Bezimienni bohaterowie pod\u0105\u017caj\u0105 za swoimi wydawa\u0142oby si\u0119 \u015bwiadomymi decyzjami. Ale planu nie ma. Jest tylko seria zdarze\u0144. Musisz ta\u0144czy\u0107? Tak. Nie. No to chod\u017a.<\/p>\n<div id='gallery-1' class='gallery galleryid-1554 gallery-columns-3 gallery-size-thumbnail'><figure class='gallery-item'>\n\t\t\t<div class='gallery-icon landscape'>\n\t\t\t\t<a href='https:\/\/centrala.org.uk\/pl\/?attachment_id=1556'><img loading=\"lazy\" decoding=\"async\" width=\"220\" height=\"220\" src=\"https:\/\/centrala.org.uk\/pl\/wp-content\/uploads\/sites\/2\/2018\/02\/JH1-220x220.jpg\" class=\"attachment-thumbnail size-thumbnail\" alt=\"\" srcset=\"https:\/\/centrala.org.uk\/pl\/wp-content\/uploads\/sites\/2\/2018\/02\/JH1-220x220.jpg 220w, https:\/\/centrala.org.uk\/pl\/wp-content\/uploads\/sites\/2\/2018\/02\/JH1-640x640.jpg 640w, https:\/\/centrala.org.uk\/pl\/wp-content\/uploads\/sites\/2\/2018\/02\/JH1-900x900.jpg 900w, https:\/\/centrala.org.uk\/pl\/wp-content\/uploads\/sites\/2\/2018\/02\/JH1-90x90.jpg 90w, https:\/\/centrala.org.uk\/pl\/wp-content\/uploads\/sites\/2\/2018\/02\/JH1-210x209.jpg 210w, https:\/\/centrala.org.uk\/pl\/wp-content\/uploads\/sites\/2\/2018\/02\/JH1-480x480.jpg 480w, https:\/\/centrala.org.uk\/pl\/wp-content\/uploads\/sites\/2\/2018\/02\/JH1.jpg 1240w\" sizes=\"auto, (max-width: 220px) 100vw, 220px\" \/><\/a>\n\t\t\t<\/div><\/figure><figure class='gallery-item'>\n\t\t\t<div class='gallery-icon landscape'>\n\t\t\t\t<a href='https:\/\/centrala.org.uk\/pl\/?attachment_id=1557'><img loading=\"lazy\" decoding=\"async\" width=\"220\" height=\"220\" src=\"https:\/\/centrala.org.uk\/pl\/wp-content\/uploads\/sites\/2\/2018\/02\/JH2-220x220.jpg\" class=\"attachment-thumbnail size-thumbnail\" alt=\"\" srcset=\"https:\/\/centrala.org.uk\/pl\/wp-content\/uploads\/sites\/2\/2018\/02\/JH2-220x220.jpg 220w, https:\/\/centrala.org.uk\/pl\/wp-content\/uploads\/sites\/2\/2018\/02\/JH2-640x640.jpg 640w, https:\/\/centrala.org.uk\/pl\/wp-content\/uploads\/sites\/2\/2018\/02\/JH2-900x900.jpg 900w, https:\/\/centrala.org.uk\/pl\/wp-content\/uploads\/sites\/2\/2018\/02\/JH2-90x90.jpg 90w, https:\/\/centrala.org.uk\/pl\/wp-content\/uploads\/sites\/2\/2018\/02\/JH2-210x209.jpg 210w, https:\/\/centrala.org.uk\/pl\/wp-content\/uploads\/sites\/2\/2018\/02\/JH2-480x480.jpg 480w, https:\/\/centrala.org.uk\/pl\/wp-content\/uploads\/sites\/2\/2018\/02\/JH2.jpg 1240w\" sizes=\"auto, (max-width: 220px) 100vw, 220px\" \/><\/a>\n\t\t\t<\/div><\/figure><figure class='gallery-item'>\n\t\t\t<div class='gallery-icon landscape'>\n\t\t\t\t<a href='https:\/\/centrala.org.uk\/pl\/?attachment_id=1558'><img loading=\"lazy\" decoding=\"async\" width=\"220\" height=\"220\" src=\"https:\/\/centrala.org.uk\/pl\/wp-content\/uploads\/sites\/2\/2018\/02\/JH3-220x220.jpg\" class=\"attachment-thumbnail size-thumbnail\" alt=\"\" srcset=\"https:\/\/centrala.org.uk\/pl\/wp-content\/uploads\/sites\/2\/2018\/02\/JH3-220x220.jpg 220w, https:\/\/centrala.org.uk\/pl\/wp-content\/uploads\/sites\/2\/2018\/02\/JH3-640x640.jpg 640w, https:\/\/centrala.org.uk\/pl\/wp-content\/uploads\/sites\/2\/2018\/02\/JH3-900x900.jpg 900w, https:\/\/centrala.org.uk\/pl\/wp-content\/uploads\/sites\/2\/2018\/02\/JH3-90x90.jpg 90w, https:\/\/centrala.org.uk\/pl\/wp-content\/uploads\/sites\/2\/2018\/02\/JH3-210x209.jpg 210w, https:\/\/centrala.org.uk\/pl\/wp-content\/uploads\/sites\/2\/2018\/02\/JH3-480x480.jpg 480w, https:\/\/centrala.org.uk\/pl\/wp-content\/uploads\/sites\/2\/2018\/02\/JH3.jpg 1240w\" sizes=\"auto, (max-width: 220px) 100vw, 220px\" \/><\/a>\n\t\t\t<\/div><\/figure><figure class='gallery-item'>\n\t\t\t<div class='gallery-icon landscape'>\n\t\t\t\t<a href='https:\/\/centrala.org.uk\/pl\/?attachment_id=1559'><img loading=\"lazy\" decoding=\"async\" width=\"220\" height=\"220\" src=\"https:\/\/centrala.org.uk\/pl\/wp-content\/uploads\/sites\/2\/2018\/02\/JH4-220x220.jpg\" class=\"attachment-thumbnail size-thumbnail\" alt=\"\" srcset=\"https:\/\/centrala.org.uk\/pl\/wp-content\/uploads\/sites\/2\/2018\/02\/JH4-220x220.jpg 220w, https:\/\/centrala.org.uk\/pl\/wp-content\/uploads\/sites\/2\/2018\/02\/JH4-640x640.jpg 640w, https:\/\/centrala.org.uk\/pl\/wp-content\/uploads\/sites\/2\/2018\/02\/JH4-900x900.jpg 900w, https:\/\/centrala.org.uk\/pl\/wp-content\/uploads\/sites\/2\/2018\/02\/JH4-90x90.jpg 90w, https:\/\/centrala.org.uk\/pl\/wp-content\/uploads\/sites\/2\/2018\/02\/JH4-210x209.jpg 210w, https:\/\/centrala.org.uk\/pl\/wp-content\/uploads\/sites\/2\/2018\/02\/JH4-480x480.jpg 480w, https:\/\/centrala.org.uk\/pl\/wp-content\/uploads\/sites\/2\/2018\/02\/JH4.jpg 1240w\" sizes=\"auto, (max-width: 220px) 100vw, 220px\" \/><\/a>\n\t\t\t<\/div><\/figure><figure class='gallery-item'>\n\t\t\t<div class='gallery-icon landscape'>\n\t\t\t\t<a href='https:\/\/centrala.org.uk\/pl\/?attachment_id=1560'><img loading=\"lazy\" decoding=\"async\" width=\"220\" height=\"220\" src=\"https:\/\/centrala.org.uk\/pl\/wp-content\/uploads\/sites\/2\/2018\/02\/JH5-220x220.jpg\" class=\"attachment-thumbnail size-thumbnail\" alt=\"\" srcset=\"https:\/\/centrala.org.uk\/pl\/wp-content\/uploads\/sites\/2\/2018\/02\/JH5-220x220.jpg 220w, https:\/\/centrala.org.uk\/pl\/wp-content\/uploads\/sites\/2\/2018\/02\/JH5-640x640.jpg 640w, https:\/\/centrala.org.uk\/pl\/wp-content\/uploads\/sites\/2\/2018\/02\/JH5-900x900.jpg 900w, https:\/\/centrala.org.uk\/pl\/wp-content\/uploads\/sites\/2\/2018\/02\/JH5-90x90.jpg 90w, https:\/\/centrala.org.uk\/pl\/wp-content\/uploads\/sites\/2\/2018\/02\/JH5-210x209.jpg 210w, https:\/\/centrala.org.uk\/pl\/wp-content\/uploads\/sites\/2\/2018\/02\/JH5-480x480.jpg 480w, https:\/\/centrala.org.uk\/pl\/wp-content\/uploads\/sites\/2\/2018\/02\/JH5.jpg 1240w\" sizes=\"auto, (max-width: 220px) 100vw, 220px\" \/><\/a>\n\t\t\t<\/div><\/figure><figure class='gallery-item'>\n\t\t\t<div class='gallery-icon landscape'>\n\t\t\t\t<a href='https:\/\/centrala.org.uk\/pl\/?attachment_id=1561'><img loading=\"lazy\" decoding=\"async\" width=\"220\" height=\"220\" src=\"https:\/\/centrala.org.uk\/pl\/wp-content\/uploads\/sites\/2\/2018\/02\/JH6-220x220.jpg\" class=\"attachment-thumbnail size-thumbnail\" alt=\"\" srcset=\"https:\/\/centrala.org.uk\/pl\/wp-content\/uploads\/sites\/2\/2018\/02\/JH6-220x220.jpg 220w, https:\/\/centrala.org.uk\/pl\/wp-content\/uploads\/sites\/2\/2018\/02\/JH6-640x640.jpg 640w, https:\/\/centrala.org.uk\/pl\/wp-content\/uploads\/sites\/2\/2018\/02\/JH6-900x900.jpg 900w, https:\/\/centrala.org.uk\/pl\/wp-content\/uploads\/sites\/2\/2018\/02\/JH6-90x90.jpg 90w, https:\/\/centrala.org.uk\/pl\/wp-content\/uploads\/sites\/2\/2018\/02\/JH6-210x209.jpg 210w, https:\/\/centrala.org.uk\/pl\/wp-content\/uploads\/sites\/2\/2018\/02\/JH6-480x480.jpg 480w, https:\/\/centrala.org.uk\/pl\/wp-content\/uploads\/sites\/2\/2018\/02\/JH6.jpg 1240w\" sizes=\"auto, (max-width: 220px) 100vw, 220px\" \/><\/a>\n\t\t\t<\/div><\/figure><figure class='gallery-item'>\n\t\t\t<div class='gallery-icon landscape'>\n\t\t\t\t<a href='https:\/\/centrala.org.uk\/pl\/?attachment_id=1562'><img loading=\"lazy\" decoding=\"async\" width=\"220\" height=\"220\" src=\"https:\/\/centrala.org.uk\/pl\/wp-content\/uploads\/sites\/2\/2018\/02\/JH7j-220x220.jpg\" class=\"attachment-thumbnail size-thumbnail\" alt=\"\" srcset=\"https:\/\/centrala.org.uk\/pl\/wp-content\/uploads\/sites\/2\/2018\/02\/JH7j-220x220.jpg 220w, https:\/\/centrala.org.uk\/pl\/wp-content\/uploads\/sites\/2\/2018\/02\/JH7j-640x640.jpg 640w, https:\/\/centrala.org.uk\/pl\/wp-content\/uploads\/sites\/2\/2018\/02\/JH7j-900x900.jpg 900w, https:\/\/centrala.org.uk\/pl\/wp-content\/uploads\/sites\/2\/2018\/02\/JH7j-90x90.jpg 90w, https:\/\/centrala.org.uk\/pl\/wp-content\/uploads\/sites\/2\/2018\/02\/JH7j-210x209.jpg 210w, https:\/\/centrala.org.uk\/pl\/wp-content\/uploads\/sites\/2\/2018\/02\/JH7j-480x480.jpg 480w, https:\/\/centrala.org.uk\/pl\/wp-content\/uploads\/sites\/2\/2018\/02\/JH7j.jpg 1240w\" sizes=\"auto, (max-width: 220px) 100vw, 220px\" \/><\/a>\n\t\t\t<\/div><\/figure>\n\t\t<\/div>\n\n","protected":false},"excerpt":{"rendered":"<p>Prosto z Finlandii: przyk\u0142ad si\u0142y opowiadania bez s\u0142\u00f3w.<\/p>\n","protected":false},"featured_media":1555,"comment_status":"closed","ping_status":"closed","template":"","meta":{"_acf_changed":false},"product_brand":[],"product_cat":[27,32],"product_tag":[158,286,284,285],"series":[10112],"class_list":{"0":"post-1554","1":"product","2":"type-product","3":"status-publish","4":"has-post-thumbnail","6":"product_cat-powiesc-graficzna","7":"product_cat-komiks","8":"product_tag-bez-slow","9":"product_tag-finlandia","10":"product_tag-jenny-haniver","11":"product_tag-toumas-tiainen","12":"series-zycie","14":"first","15":"outofstock","16":"shipping-taxable","17":"purchasable","18":"product-type-simple"},"acf":[],"_links":{"self":[{"href":"https:\/\/centrala.org.uk\/pl\/wp-json\/wp\/v2\/product\/1554","targetHints":{"allow":["GET"]}}],"collection":[{"href":"https:\/\/centrala.org.uk\/pl\/wp-json\/wp\/v2\/product"}],"about":[{"href":"https:\/\/centrala.org.uk\/pl\/wp-json\/wp\/v2\/types\/product"}],"replies":[{"embeddable":true,"href":"https:\/\/centrala.org.uk\/pl\/wp-json\/wp\/v2\/comments?post=1554"}],"wp:featuredmedia":[{"embeddable":true,"href":"https:\/\/centrala.org.uk\/pl\/wp-json\/wp\/v2\/media\/1555"}],"wp:attachment":[{"href":"https:\/\/centrala.org.uk\/pl\/wp-json\/wp\/v2\/media?parent=1554"}],"wp:term":[{"taxonomy":"product_brand","embeddable":true,"href":"https:\/\/centrala.org.uk\/pl\/wp-json\/wp\/v2\/product_brand?post=1554"},{"taxonomy":"product_cat","embeddable":true,"href":"https:\/\/centrala.org.uk\/pl\/wp-json\/wp\/v2\/product_cat?post=1554"},{"taxonomy":"product_tag","embeddable":true,"href":"https:\/\/centrala.org.uk\/pl\/wp-json\/wp\/v2\/product_tag?post=1554"},{"taxonomy":"series","embeddable":true,"href":"https:\/\/centrala.org.uk\/pl\/wp-json\/wp\/v2\/series?post=1554"}],"curies":[{"name":"wp","href":"https:\/\/api.w.org\/{rel}","templated":true}]}}