{"id":1612,"date":"2018-09-11T12:52:35","date_gmt":"2018-09-11T10:52:35","guid":{"rendered":"http:\/\/centrala.org.uk\/pl\/?post_type=product&#038;p=1612"},"modified":"2018-09-11T13:41:21","modified_gmt":"2018-09-11T11:41:21","slug":"waz","status":"publish","type":"product","link":"https:\/\/centrala.org.uk\/pl\/sklep\/waz\/","title":{"rendered":"W\u0105\u017c"},"content":{"rendered":"<p>W\u0105\u017c to przewrotna historia stara jak \u015bwiat. Trzy siostry, zazdro\u015b\u0107, kr\u00f3lewicz. Ale Zavka kolejny raz pokazuje mistrzostwo przewrotno\u015bci i nieprzewidywalno\u015bci. Ra\u017c\u0105ce kolory towarzysz\u0105 ra\u017c\u0105cej niesprawiedliwo\u015bci a okrucie\u0144stwo jest jak malowane.<\/p>\n<p><span style=\"color: #555555\">ZAVKA (Katarzyna Zawadka)<\/span><br style=\"color: #555555\" \/><span style=\"color: #555555\">Ilustratorka, autorka komiks\u00f3w i graficzka. Absolwentka ASP w Warszawie. Laureatka nagrody za najlepsz\u0105 grafik\u0119 w konkursie na Mi\u0119dzynarodowym Festiwalu Komiksu Boomfest w Rosji w 2013 r. oraz \u201eZ\u0142otego Kurczaka\u201d 2016 \u2013 nagrody komiksu niezale\u017cnego w kategorii Rysunek za komiks <a href=\"https:\/\/centrala.org.uk\/pl\/sklep\/glodny-jas-i-zarloczna-malgosia\/\">\u201eG\u0142odny Ja\u015b i \u017car\u0142oczna Ma\u0142gosia\u201d<\/a>. Swoje prace publikuje w fanzinach polskich i zagranicznych.<\/span><br style=\"color: #555555\" \/><a style=\"color: #990000\" href=\"https:\/\/centrala.org.uk\/pl\/sklep\/glodny-jas-i-zarloczna-malgosia\/www.behance.net\/ZAVKA\">www.behance.net\/ZAVKA<\/a><\/p>\n","protected":false},"excerpt":{"rendered":"<p>Najnowsza ksi\u0105\u017cka Zavki<\/p>\n","protected":false},"featured_media":1613,"comment_status":"closed","ping_status":"closed","template":"","meta":{"_acf_changed":false},"product_brand":[],"product_cat":[32],"product_tag":[290,292,271,291],"series":[10112],"class_list":{"0":"post-1612","1":"product","2":"type-product","3":"status-publish","4":"has-post-thumbnail","6":"product_cat-komiks","7":"product_tag-komiks-2","8":"product_tag-waz","9":"product_tag-zavka","10":"product_tag-zycie","11":"series-zycie","13":"first","14":"instock","15":"sale","16":"shipping-taxable","17":"purchasable","18":"product-type-simple"},"acf":[],"_links":{"self":[{"href":"https:\/\/centrala.org.uk\/pl\/wp-json\/wp\/v2\/product\/1612","targetHints":{"allow":["GET"]}}],"collection":[{"href":"https:\/\/centrala.org.uk\/pl\/wp-json\/wp\/v2\/product"}],"about":[{"href":"https:\/\/centrala.org.uk\/pl\/wp-json\/wp\/v2\/types\/product"}],"replies":[{"embeddable":true,"href":"https:\/\/centrala.org.uk\/pl\/wp-json\/wp\/v2\/comments?post=1612"}],"wp:featuredmedia":[{"embeddable":true,"href":"https:\/\/centrala.org.uk\/pl\/wp-json\/wp\/v2\/media\/1613"}],"wp:attachment":[{"href":"https:\/\/centrala.org.uk\/pl\/wp-json\/wp\/v2\/media?parent=1612"}],"wp:term":[{"taxonomy":"product_brand","embeddable":true,"href":"https:\/\/centrala.org.uk\/pl\/wp-json\/wp\/v2\/product_brand?post=1612"},{"taxonomy":"product_cat","embeddable":true,"href":"https:\/\/centrala.org.uk\/pl\/wp-json\/wp\/v2\/product_cat?post=1612"},{"taxonomy":"product_tag","embeddable":true,"href":"https:\/\/centrala.org.uk\/pl\/wp-json\/wp\/v2\/product_tag?post=1612"},{"taxonomy":"series","embeddable":true,"href":"https:\/\/centrala.org.uk\/pl\/wp-json\/wp\/v2\/series?post=1612"}],"curies":[{"name":"wp","href":"https:\/\/api.w.org\/{rel}","templated":true}]}}