{"id":1644,"date":"2018-10-03T19:40:54","date_gmt":"2018-10-03T17:40:54","guid":{"rendered":"http:\/\/centrala.org.uk\/pl\/?post_type=product&#038;p=1644"},"modified":"2024-02-03T11:48:14","modified_gmt":"2024-02-03T10:48:14","slug":"hilda-i-nocny-olbrzym-wyd-ii","status":"publish","type":"product","link":"https:\/\/centrala.org.uk\/pl\/sklep\/hilda-i-nocny-olbrzym-wyd-ii\/","title":{"rendered":"Hilda i Nocny olbrzym wyd.II"},"content":{"rendered":"<p>Hilda to dziewczynka z niezwyk\u0142\u0105 zdolno\u015bci\u0105 do zjednywania sobie nawet najdziwniejszych stworze\u0144, kt\u00f3re nawiedzaj\u0105 jej dom. Jednak gdy w \u015brodku nocy armia \u201eniewidzialnych elf\u00f3w\u201d obrzuca kamieniami jej salon, krzycz\u0105c o \u201eprzymusowej eksmisji\u201d, Hilda musi si\u0119 sporo nag\u0142owi\u0107, zanim spr\u00f3buje przeci\u0105gn\u0105\u0107 je na swoj\u0105 stron\u0119. Nie chc\u0105c straci\u0107 ukochanego domu, Hilda wyrusza w podr\u00f3\u017c, by broni\u0107 swych naturalnych praw i odkry\u0107, kim jest tajemniczny nocny olbrzym &#8211;\u00a0je\u015bli w og\u00f3le istnieje.<\/p>\n<p>\u201eLawiruj\u0105c mi\u0119dzy Tove Jansson a Hayao Miyazakim, Pearson osi\u0105ga tu jeszcze wi\u0119ksze mistrzostwo, tworz\u0105c kadry tak \u017cywe i czarowne, jak w najlepszych, uniwersalnych komiksach francusko-belgijskich. Hilda to nieustraszona bohaterka, kt\u00f3ra idealnie wpisuje si\u0119 w zniewalaj\u0105cy folklor XXI wieku.\u201d<br \/>\n-Paul Gravett, autor 1001 komiks\u00f3w, kt\u00f3re musisz przeczyta\u0107 przed \u015bmierci\u0105.<\/p>\n<p>Zobacz r\u00f3wnie\u017c inne komiksy z przygodami Hildy:<\/p>\n<p><a href=\"https:\/\/centrala.org.uk\/pl\/sklep\/hilda-i-troll-2\/\">Hilda i Troll<\/a><\/p>\n<p><a href=\"https:\/\/centrala.org.uk\/pl\/sklep\/hilda-i-ptasia-parada\/\">Hilda i Ptasia parada<\/a><\/p>\n<p><a href=\"https:\/\/centrala.org.uk\/pl\/sklep\/hilda-i-czarna-bestia\/\">Hilda i Czarna bestia<\/a><\/p>\n<p><a href=\"https:\/\/centrala.org.uk\/pl\/sklep\/hilda-i-kamienny-las\/\">Hilda i Kamienny Las<\/a><\/p>\n","protected":false},"excerpt":{"rendered":"<p>Przedsprzeda\u017c. Wysy\u0142ka od 13 listopada 2018 roku.<\/p>\n","protected":false},"featured_media":1645,"comment_status":"closed","ping_status":"closed","template":"","meta":{"_acf_changed":false},"product_brand":[],"product_cat":[42,32],"product_tag":[9913,45,287,219,43],"series":[10113],"class_list":{"0":"post-1644","1":"product","2":"type-product","3":"status-publish","4":"has-post-thumbnail","6":"product_cat-dla-dzieci","7":"product_cat-komiks","8":"product_tag-dla-dzieci","9":"product_tag-hilda","10":"product_tag-hilda-folk","11":"product_tag-komiks-dla-dzieci","12":"product_tag-luke-pearson","13":"series-milosc","15":"first","16":"outofstock","17":"shipping-taxable","18":"purchasable","19":"product-type-simple"},"acf":[],"_links":{"self":[{"href":"https:\/\/centrala.org.uk\/pl\/wp-json\/wp\/v2\/product\/1644","targetHints":{"allow":["GET"]}}],"collection":[{"href":"https:\/\/centrala.org.uk\/pl\/wp-json\/wp\/v2\/product"}],"about":[{"href":"https:\/\/centrala.org.uk\/pl\/wp-json\/wp\/v2\/types\/product"}],"replies":[{"embeddable":true,"href":"https:\/\/centrala.org.uk\/pl\/wp-json\/wp\/v2\/comments?post=1644"}],"wp:featuredmedia":[{"embeddable":true,"href":"https:\/\/centrala.org.uk\/pl\/wp-json\/wp\/v2\/media\/1645"}],"wp:attachment":[{"href":"https:\/\/centrala.org.uk\/pl\/wp-json\/wp\/v2\/media?parent=1644"}],"wp:term":[{"taxonomy":"product_brand","embeddable":true,"href":"https:\/\/centrala.org.uk\/pl\/wp-json\/wp\/v2\/product_brand?post=1644"},{"taxonomy":"product_cat","embeddable":true,"href":"https:\/\/centrala.org.uk\/pl\/wp-json\/wp\/v2\/product_cat?post=1644"},{"taxonomy":"product_tag","embeddable":true,"href":"https:\/\/centrala.org.uk\/pl\/wp-json\/wp\/v2\/product_tag?post=1644"},{"taxonomy":"series","embeddable":true,"href":"https:\/\/centrala.org.uk\/pl\/wp-json\/wp\/v2\/series?post=1644"}],"curies":[{"name":"wp","href":"https:\/\/api.w.org\/{rel}","templated":true}]}}