{"id":1658,"date":"2018-11-01T01:23:32","date_gmt":"2018-11-01T00:23:32","guid":{"rendered":"http:\/\/centrala.org.uk\/pl\/?post_type=product&#038;p=1658"},"modified":"2021-03-04T22:56:42","modified_gmt":"2021-03-04T21:56:42","slug":"krew","status":"publish","type":"product","link":"https:\/\/centrala.org.uk\/pl\/sklep\/krew\/","title":{"rendered":"Krew"},"content":{"rendered":"<p>Antologia \u201eKrew\u201d obrazuje wielo\u015b\u0107 znacze\u0144 krwi, poczynaj\u0105c od jej wymiaru mitycznego (magiczna moc przypisywana krwi menstruacyjnej), poprzez symbolik\u0119 dziedziczenia, nieuchronno\u015bci kontynuacji genealogicznej, ale i zemsty, przemocy, a\u017c po bardzo konkretn\u0105 konotacj\u0119 z cielesnym cierpieniem. Tak\u017ce estetycznie \u201eKrew\u201d dotyka wielu warstw sztuki, nie tylko komiksowej \u2013 znajdujemy tu nawi\u0105zania do drzeworytowych pre-komiks\u00f3w Fransa Maseerela czy Lynda Warda, subtelno\u015b\u0107 graficznego portretu, cartoonow\u0105 oszcz\u0119dno\u015b\u0107 kreski, fotomonta\u017c i psychodeliczne nawi\u0105zania do science fiction. Wyj\u0105tkowo\u015b\u0107 i aktualno\u015b\u0107 antologii le\u017cy ju\u017c w samym umieszczeniu krwi w tytule, a wi\u0119c i programie, realizowanym wy\u0142\u0105cznie z udzia\u0142em artystek komiksowych: Beaty Sosnowskiej, Natalii Kulki, Marii Kadyszewskiej, Anny Krzto\u0144, Olgi Wr\u00f3bel, Agi G\u00f3jskiej, Zavki, Marty Zab\u0142ockiej, Katarzyny Kowalczyk. Zasygnalizowany tu dyskurs gender pozostawia za sob\u0105 czarno-bia\u0142e przypisania patriarchalno-martyrologiczno-ojczy\u017aniane i ujawnia, po mistrzowsku unikaj\u0105c dos\u0142owno\u015bci, kulturowe uwarunkowania takich kategorii, jak p\u0142e\u0107, klasa, gatunek. \u201eKrew\u201d przez swoj\u0105 kontrowersyjn\u0105 koncepcj\u0119, a przy tym wielorako\u015b\u0107 semantyczn\u0105, oferuje niejako polsk\u0105 odpowied\u017a na niedawno powsta\u0142e feministyczne i genderowe komiksy Liv Str\u00f6mquist i tak jak one i tak jak one ma szans\u0119 sta\u0107 si\u0119 wydarzeniem na rynku komiksowym.<br \/>\nKalina Kupczy\u0144ska<br \/>\nProjekt ok\u0142adki albumu autorstwa Karoliny Sosnowskiej.<\/p>\n<div id='gallery-1' class='gallery galleryid-1658 gallery-columns-3 gallery-size-thumbnail'><figure class='gallery-item'>\n\t\t\t<div class='gallery-icon landscape'>\n\t\t\t\t<a href='https:\/\/centrala.org.uk\/pl\/?attachment_id=1660'><img loading=\"lazy\" decoding=\"async\" width=\"220\" height=\"158\" src=\"https:\/\/centrala.org.uk\/pl\/wp-content\/uploads\/sites\/2\/2018\/11\/Maria-Kadyszewska_KREW_BSosnowska_Centrala-220x158.jpg\" class=\"attachment-thumbnail size-thumbnail\" alt=\"\" srcset=\"https:\/\/centrala.org.uk\/pl\/wp-content\/uploads\/sites\/2\/2018\/11\/Maria-Kadyszewska_KREW_BSosnowska_Centrala-220x158.jpg 220w, https:\/\/centrala.org.uk\/pl\/wp-content\/uploads\/sites\/2\/2018\/11\/Maria-Kadyszewska_KREW_BSosnowska_Centrala-640x459.jpg 640w, https:\/\/centrala.org.uk\/pl\/wp-content\/uploads\/sites\/2\/2018\/11\/Maria-Kadyszewska_KREW_BSosnowska_Centrala-1400x1006.jpg 1400w, https:\/\/centrala.org.uk\/pl\/wp-content\/uploads\/sites\/2\/2018\/11\/Maria-Kadyszewska_KREW_BSosnowska_Centrala-1252x900.jpg 1252w, https:\/\/centrala.org.uk\/pl\/wp-content\/uploads\/sites\/2\/2018\/11\/Maria-Kadyszewska_KREW_BSosnowska_Centrala-210x150.jpg 210w, https:\/\/centrala.org.uk\/pl\/wp-content\/uploads\/sites\/2\/2018\/11\/Maria-Kadyszewska_KREW_BSosnowska_Centrala-480x344.jpg 480w\" sizes=\"auto, (max-width: 220px) 100vw, 220px\" \/><\/a>\n\t\t\t<\/div><\/figure><figure class='gallery-item'>\n\t\t\t<div class='gallery-icon landscape'>\n\t\t\t\t<a href='https:\/\/centrala.org.uk\/pl\/?attachment_id=1661'><img loading=\"lazy\" decoding=\"async\" width=\"220\" height=\"158\" src=\"https:\/\/centrala.org.uk\/pl\/wp-content\/uploads\/sites\/2\/2018\/11\/Marta-zab\u0142ocka_KREW_BSosnwoska_Centrala-220x158.jpg\" class=\"attachment-thumbnail size-thumbnail\" alt=\"\" srcset=\"https:\/\/centrala.org.uk\/pl\/wp-content\/uploads\/sites\/2\/2018\/11\/Marta-zab\u0142ocka_KREW_BSosnwoska_Centrala-220x158.jpg 220w, https:\/\/centrala.org.uk\/pl\/wp-content\/uploads\/sites\/2\/2018\/11\/Marta-zab\u0142ocka_KREW_BSosnwoska_Centrala-640x460.jpg 640w, https:\/\/centrala.org.uk\/pl\/wp-content\/uploads\/sites\/2\/2018\/11\/Marta-zab\u0142ocka_KREW_BSosnwoska_Centrala-1400x1007.jpg 1400w, https:\/\/centrala.org.uk\/pl\/wp-content\/uploads\/sites\/2\/2018\/11\/Marta-zab\u0142ocka_KREW_BSosnwoska_Centrala-1251x900.jpg 1251w, https:\/\/centrala.org.uk\/pl\/wp-content\/uploads\/sites\/2\/2018\/11\/Marta-zab\u0142ocka_KREW_BSosnwoska_Centrala-210x151.jpg 210w, https:\/\/centrala.org.uk\/pl\/wp-content\/uploads\/sites\/2\/2018\/11\/Marta-zab\u0142ocka_KREW_BSosnwoska_Centrala-480x345.jpg 480w\" sizes=\"auto, (max-width: 220px) 100vw, 220px\" \/><\/a>\n\t\t\t<\/div><\/figure><figure class='gallery-item'>\n\t\t\t<div class='gallery-icon landscape'>\n\t\t\t\t<a href='https:\/\/centrala.org.uk\/pl\/?attachment_id=1662'><img loading=\"lazy\" decoding=\"async\" width=\"220\" height=\"158\" src=\"https:\/\/centrala.org.uk\/pl\/wp-content\/uploads\/sites\/2\/2018\/11\/Natalia-Kulka_KREW_BSosnowska_Centrala-220x158.jpg\" class=\"attachment-thumbnail size-thumbnail\" alt=\"\" srcset=\"https:\/\/centrala.org.uk\/pl\/wp-content\/uploads\/sites\/2\/2018\/11\/Natalia-Kulka_KREW_BSosnowska_Centrala-220x158.jpg 220w, https:\/\/centrala.org.uk\/pl\/wp-content\/uploads\/sites\/2\/2018\/11\/Natalia-Kulka_KREW_BSosnowska_Centrala-640x459.jpg 640w, https:\/\/centrala.org.uk\/pl\/wp-content\/uploads\/sites\/2\/2018\/11\/Natalia-Kulka_KREW_BSosnowska_Centrala-1400x1006.jpg 1400w, https:\/\/centrala.org.uk\/pl\/wp-content\/uploads\/sites\/2\/2018\/11\/Natalia-Kulka_KREW_BSosnowska_Centrala-1252x900.jpg 1252w, https:\/\/centrala.org.uk\/pl\/wp-content\/uploads\/sites\/2\/2018\/11\/Natalia-Kulka_KREW_BSosnowska_Centrala-210x150.jpg 210w, https:\/\/centrala.org.uk\/pl\/wp-content\/uploads\/sites\/2\/2018\/11\/Natalia-Kulka_KREW_BSosnowska_Centrala-480x344.jpg 480w\" sizes=\"auto, (max-width: 220px) 100vw, 220px\" \/><\/a>\n\t\t\t<\/div><\/figure><figure class='gallery-item'>\n\t\t\t<div class='gallery-icon landscape'>\n\t\t\t\t<a href='https:\/\/centrala.org.uk\/pl\/?attachment_id=1663'><img loading=\"lazy\" decoding=\"async\" width=\"220\" height=\"158\" src=\"https:\/\/centrala.org.uk\/pl\/wp-content\/uploads\/sites\/2\/2018\/11\/Olga-Wro\u0301bel_KREW_BSosnowska_Centrala-220x158.jpg\" class=\"attachment-thumbnail size-thumbnail\" alt=\"\" srcset=\"https:\/\/centrala.org.uk\/pl\/wp-content\/uploads\/sites\/2\/2018\/11\/Olga-Wro\u0301bel_KREW_BSosnowska_Centrala-220x158.jpg 220w, https:\/\/centrala.org.uk\/pl\/wp-content\/uploads\/sites\/2\/2018\/11\/Olga-Wro\u0301bel_KREW_BSosnowska_Centrala-640x459.jpg 640w, https:\/\/centrala.org.uk\/pl\/wp-content\/uploads\/sites\/2\/2018\/11\/Olga-Wro\u0301bel_KREW_BSosnowska_Centrala-1400x1006.jpg 1400w, https:\/\/centrala.org.uk\/pl\/wp-content\/uploads\/sites\/2\/2018\/11\/Olga-Wro\u0301bel_KREW_BSosnowska_Centrala-1252x900.jpg 1252w, https:\/\/centrala.org.uk\/pl\/wp-content\/uploads\/sites\/2\/2018\/11\/Olga-Wro\u0301bel_KREW_BSosnowska_Centrala-210x150.jpg 210w, https:\/\/centrala.org.uk\/pl\/wp-content\/uploads\/sites\/2\/2018\/11\/Olga-Wro\u0301bel_KREW_BSosnowska_Centrala-480x344.jpg 480w\" sizes=\"auto, (max-width: 220px) 100vw, 220px\" \/><\/a>\n\t\t\t<\/div><\/figure><figure class='gallery-item'>\n\t\t\t<div class='gallery-icon landscape'>\n\t\t\t\t<a href='https:\/\/centrala.org.uk\/pl\/?attachment_id=1664'><img loading=\"lazy\" decoding=\"async\" width=\"220\" height=\"158\" src=\"https:\/\/centrala.org.uk\/pl\/wp-content\/uploads\/sites\/2\/2018\/11\/Zavka_KREW_BSosnowska_Centrala-220x158.jpg\" class=\"attachment-thumbnail size-thumbnail\" alt=\"\" srcset=\"https:\/\/centrala.org.uk\/pl\/wp-content\/uploads\/sites\/2\/2018\/11\/Zavka_KREW_BSosnowska_Centrala-220x158.jpg 220w, https:\/\/centrala.org.uk\/pl\/wp-content\/uploads\/sites\/2\/2018\/11\/Zavka_KREW_BSosnowska_Centrala-640x459.jpg 640w, https:\/\/centrala.org.uk\/pl\/wp-content\/uploads\/sites\/2\/2018\/11\/Zavka_KREW_BSosnowska_Centrala-1400x1006.jpg 1400w, https:\/\/centrala.org.uk\/pl\/wp-content\/uploads\/sites\/2\/2018\/11\/Zavka_KREW_BSosnowska_Centrala-1252x900.jpg 1252w, https:\/\/centrala.org.uk\/pl\/wp-content\/uploads\/sites\/2\/2018\/11\/Zavka_KREW_BSosnowska_Centrala-210x150.jpg 210w, https:\/\/centrala.org.uk\/pl\/wp-content\/uploads\/sites\/2\/2018\/11\/Zavka_KREW_BSosnowska_Centrala-480x344.jpg 480w\" sizes=\"auto, (max-width: 220px) 100vw, 220px\" \/><\/a>\n\t\t\t<\/div><\/figure><figure class='gallery-item'>\n\t\t\t<div class='gallery-icon landscape'>\n\t\t\t\t<a href='https:\/\/centrala.org.uk\/pl\/?attachment_id=1665'><img loading=\"lazy\" decoding=\"async\" width=\"220\" height=\"158\" src=\"https:\/\/centrala.org.uk\/pl\/wp-content\/uploads\/sites\/2\/2018\/11\/Aga-Go\u0301jska_KREW_BSosnowska_Centrala-220x158.jpg\" class=\"attachment-thumbnail size-thumbnail\" alt=\"\" srcset=\"https:\/\/centrala.org.uk\/pl\/wp-content\/uploads\/sites\/2\/2018\/11\/Aga-Go\u0301jska_KREW_BSosnowska_Centrala-220x158.jpg 220w, https:\/\/centrala.org.uk\/pl\/wp-content\/uploads\/sites\/2\/2018\/11\/Aga-Go\u0301jska_KREW_BSosnowska_Centrala-640x459.jpg 640w, https:\/\/centrala.org.uk\/pl\/wp-content\/uploads\/sites\/2\/2018\/11\/Aga-Go\u0301jska_KREW_BSosnowska_Centrala-1400x1006.jpg 1400w, https:\/\/centrala.org.uk\/pl\/wp-content\/uploads\/sites\/2\/2018\/11\/Aga-Go\u0301jska_KREW_BSosnowska_Centrala-1252x900.jpg 1252w, https:\/\/centrala.org.uk\/pl\/wp-content\/uploads\/sites\/2\/2018\/11\/Aga-Go\u0301jska_KREW_BSosnowska_Centrala-210x150.jpg 210w, https:\/\/centrala.org.uk\/pl\/wp-content\/uploads\/sites\/2\/2018\/11\/Aga-Go\u0301jska_KREW_BSosnowska_Centrala-480x344.jpg 480w\" sizes=\"auto, (max-width: 220px) 100vw, 220px\" \/><\/a>\n\t\t\t<\/div><\/figure><figure class='gallery-item'>\n\t\t\t<div class='gallery-icon landscape'>\n\t\t\t\t<a href='https:\/\/centrala.org.uk\/pl\/?attachment_id=1666'><img loading=\"lazy\" decoding=\"async\" width=\"220\" height=\"158\" src=\"https:\/\/centrala.org.uk\/pl\/wp-content\/uploads\/sites\/2\/2018\/11\/Anna-Krzton\u0301_KREW_BSosnowska_Centrala-220x158.jpg\" class=\"attachment-thumbnail size-thumbnail\" alt=\"\" srcset=\"https:\/\/centrala.org.uk\/pl\/wp-content\/uploads\/sites\/2\/2018\/11\/Anna-Krzton\u0301_KREW_BSosnowska_Centrala-220x158.jpg 220w, https:\/\/centrala.org.uk\/pl\/wp-content\/uploads\/sites\/2\/2018\/11\/Anna-Krzton\u0301_KREW_BSosnowska_Centrala-640x459.jpg 640w, https:\/\/centrala.org.uk\/pl\/wp-content\/uploads\/sites\/2\/2018\/11\/Anna-Krzton\u0301_KREW_BSosnowska_Centrala-1400x1006.jpg 1400w, https:\/\/centrala.org.uk\/pl\/wp-content\/uploads\/sites\/2\/2018\/11\/Anna-Krzton\u0301_KREW_BSosnowska_Centrala-1252x900.jpg 1252w, https:\/\/centrala.org.uk\/pl\/wp-content\/uploads\/sites\/2\/2018\/11\/Anna-Krzton\u0301_KREW_BSosnowska_Centrala-210x150.jpg 210w, https:\/\/centrala.org.uk\/pl\/wp-content\/uploads\/sites\/2\/2018\/11\/Anna-Krzton\u0301_KREW_BSosnowska_Centrala-480x344.jpg 480w\" sizes=\"auto, (max-width: 220px) 100vw, 220px\" \/><\/a>\n\t\t\t<\/div><\/figure><figure class='gallery-item'>\n\t\t\t<div class='gallery-icon landscape'>\n\t\t\t\t<a href='https:\/\/centrala.org.uk\/pl\/krew\/beata-sosnowska_krew_bsosnwoska_centrala\/'><img loading=\"lazy\" decoding=\"async\" width=\"220\" height=\"158\" src=\"https:\/\/centrala.org.uk\/pl\/wp-content\/uploads\/sites\/2\/2018\/11\/Beata-Sosnowska_KREW_BSosnwoska_Centrala-220x158.jpg\" class=\"attachment-thumbnail size-thumbnail\" alt=\"\" srcset=\"https:\/\/centrala.org.uk\/pl\/wp-content\/uploads\/sites\/2\/2018\/11\/Beata-Sosnowska_KREW_BSosnwoska_Centrala-220x158.jpg 220w, https:\/\/centrala.org.uk\/pl\/wp-content\/uploads\/sites\/2\/2018\/11\/Beata-Sosnowska_KREW_BSosnwoska_Centrala-640x461.jpg 640w, https:\/\/centrala.org.uk\/pl\/wp-content\/uploads\/sites\/2\/2018\/11\/Beata-Sosnowska_KREW_BSosnwoska_Centrala-210x151.jpg 210w, https:\/\/centrala.org.uk\/pl\/wp-content\/uploads\/sites\/2\/2018\/11\/Beata-Sosnowska_KREW_BSosnwoska_Centrala-480x345.jpg 480w, https:\/\/centrala.org.uk\/pl\/wp-content\/uploads\/sites\/2\/2018\/11\/Beata-Sosnowska_KREW_BSosnwoska_Centrala.jpg 1041w\" sizes=\"auto, (max-width: 220px) 100vw, 220px\" \/><\/a>\n\t\t\t<\/div><\/figure>\n\t\t<\/div>\n\n","protected":false},"excerpt":{"rendered":"<p>Antologia komiksu\u00a0kobiecego<\/p>\n","protected":false},"featured_media":1659,"comment_status":"closed","ping_status":"closed","template":"","meta":{"_acf_changed":false},"product_brand":[],"product_cat":[27,32],"product_tag":[297,296,293,298,223,295,37,294,33,271],"series":[10114],"class_list":{"0":"post-1658","1":"product","2":"type-product","3":"status-publish","4":"has-post-thumbnail","6":"product_cat-powiesc-graficzna","7":"product_cat-komiks","8":"product_tag-aga-gojska","9":"product_tag-anna-krzton","10":"product_tag-beata-sosnowska","11":"product_tag-katarzyna-kowalczyk","12":"product_tag-komiks-kobiecy","13":"product_tag-maria-kadyszewska","14":"product_tag-marta-zablocka","15":"product_tag-natalia-kulka","16":"product_tag-olga-wrobel","17":"product_tag-zavka","18":"series-smierc","20":"first","21":"instock","22":"sale","23":"shipping-taxable","24":"purchasable","25":"product-type-simple"},"acf":[],"_links":{"self":[{"href":"https:\/\/centrala.org.uk\/pl\/wp-json\/wp\/v2\/product\/1658","targetHints":{"allow":["GET"]}}],"collection":[{"href":"https:\/\/centrala.org.uk\/pl\/wp-json\/wp\/v2\/product"}],"about":[{"href":"https:\/\/centrala.org.uk\/pl\/wp-json\/wp\/v2\/types\/product"}],"replies":[{"embeddable":true,"href":"https:\/\/centrala.org.uk\/pl\/wp-json\/wp\/v2\/comments?post=1658"}],"wp:featuredmedia":[{"embeddable":true,"href":"https:\/\/centrala.org.uk\/pl\/wp-json\/wp\/v2\/media\/1659"}],"wp:attachment":[{"href":"https:\/\/centrala.org.uk\/pl\/wp-json\/wp\/v2\/media?parent=1658"}],"wp:term":[{"taxonomy":"product_brand","embeddable":true,"href":"https:\/\/centrala.org.uk\/pl\/wp-json\/wp\/v2\/product_brand?post=1658"},{"taxonomy":"product_cat","embeddable":true,"href":"https:\/\/centrala.org.uk\/pl\/wp-json\/wp\/v2\/product_cat?post=1658"},{"taxonomy":"product_tag","embeddable":true,"href":"https:\/\/centrala.org.uk\/pl\/wp-json\/wp\/v2\/product_tag?post=1658"},{"taxonomy":"series","embeddable":true,"href":"https:\/\/centrala.org.uk\/pl\/wp-json\/wp\/v2\/series?post=1658"}],"curies":[{"name":"wp","href":"https:\/\/api.w.org\/{rel}","templated":true}]}}