{"id":1671,"date":"2018-11-01T01:36:43","date_gmt":"2018-11-01T00:36:43","guid":{"rendered":"http:\/\/centrala.org.uk\/pl\/?post_type=product&#038;p=1671"},"modified":"2018-11-30T21:32:14","modified_gmt":"2018-11-30T20:32:14","slug":"jarmil","status":"publish","type":"product","link":"https:\/\/centrala.org.uk\/pl\/sklep\/jarmil\/","title":{"rendered":"Jarmil"},"content":{"rendered":"<p>\u015awiat rozpada si\u0119 na naszych zamkni\u0119tych od konsumpcji oczach. Nawet w ma\u0142ym czeskim miasteczku. Supermarket, deskorolka, browary, palenie, hamburgery, tatua\u017ce, pizza, selfie. Jak mo\u017cna bez tego \u017cy\u0107? Jarmil wam na to nie odpowie.<br \/>\nJarmil to szybka poezja i szybka codzienno\u015b\u0107 w po\u015bpiechu, \u017ceby prze\u017cy\u0107 \u017cycie.<br \/>\nJarmil to koktail czekania i gonitwy.<br \/>\nPami\u0119tamy ju\u017c tylko kace.<\/p>\n<div id='gallery-1' class='gallery galleryid-1671 gallery-columns-3 gallery-size-thumbnail'><figure class='gallery-item'>\n\t\t\t<div class='gallery-icon portrait'>\n\t\t\t\t<a href='https:\/\/centrala.org.uk\/pl\/?attachment_id=1703'><img loading=\"lazy\" decoding=\"async\" width=\"220\" height=\"311\" src=\"https:\/\/centrala.org.uk\/pl\/wp-content\/uploads\/sites\/2\/2018\/11\/jarmil_fantazie6_ps-220x311.jpg\" class=\"attachment-thumbnail size-thumbnail\" alt=\"\" srcset=\"https:\/\/centrala.org.uk\/pl\/wp-content\/uploads\/sites\/2\/2018\/11\/jarmil_fantazie6_ps-220x311.jpg 220w, https:\/\/centrala.org.uk\/pl\/wp-content\/uploads\/sites\/2\/2018\/11\/jarmil_fantazie6_ps-640x905.jpg 640w, https:\/\/centrala.org.uk\/pl\/wp-content\/uploads\/sites\/2\/2018\/11\/jarmil_fantazie6_ps-636x900.jpg 636w, https:\/\/centrala.org.uk\/pl\/wp-content\/uploads\/sites\/2\/2018\/11\/jarmil_fantazie6_ps-210x297.jpg 210w, https:\/\/centrala.org.uk\/pl\/wp-content\/uploads\/sites\/2\/2018\/11\/jarmil_fantazie6_ps-480x679.jpg 480w, https:\/\/centrala.org.uk\/pl\/wp-content\/uploads\/sites\/2\/2018\/11\/jarmil_fantazie6_ps.jpg 827w\" sizes=\"auto, (max-width: 220px) 100vw, 220px\" \/><\/a>\n\t\t\t<\/div><\/figure><figure class='gallery-item'>\n\t\t\t<div class='gallery-icon portrait'>\n\t\t\t\t<a href='https:\/\/centrala.org.uk\/pl\/?attachment_id=1704'><img loading=\"lazy\" decoding=\"async\" width=\"220\" height=\"311\" src=\"https:\/\/centrala.org.uk\/pl\/wp-content\/uploads\/sites\/2\/2018\/11\/jarmil_fantazie7_ps-220x311.jpg\" class=\"attachment-thumbnail size-thumbnail\" alt=\"\" srcset=\"https:\/\/centrala.org.uk\/pl\/wp-content\/uploads\/sites\/2\/2018\/11\/jarmil_fantazie7_ps-220x311.jpg 220w, https:\/\/centrala.org.uk\/pl\/wp-content\/uploads\/sites\/2\/2018\/11\/jarmil_fantazie7_ps-640x905.jpg 640w, https:\/\/centrala.org.uk\/pl\/wp-content\/uploads\/sites\/2\/2018\/11\/jarmil_fantazie7_ps-636x900.jpg 636w, https:\/\/centrala.org.uk\/pl\/wp-content\/uploads\/sites\/2\/2018\/11\/jarmil_fantazie7_ps-210x297.jpg 210w, https:\/\/centrala.org.uk\/pl\/wp-content\/uploads\/sites\/2\/2018\/11\/jarmil_fantazie7_ps-480x679.jpg 480w, https:\/\/centrala.org.uk\/pl\/wp-content\/uploads\/sites\/2\/2018\/11\/jarmil_fantazie7_ps.jpg 827w\" sizes=\"auto, (max-width: 220px) 100vw, 220px\" \/><\/a>\n\t\t\t<\/div><\/figure><figure class='gallery-item'>\n\t\t\t<div class='gallery-icon portrait'>\n\t\t\t\t<a href='https:\/\/centrala.org.uk\/pl\/?attachment_id=1705'><img loading=\"lazy\" decoding=\"async\" width=\"220\" height=\"311\" src=\"https:\/\/centrala.org.uk\/pl\/wp-content\/uploads\/sites\/2\/2018\/11\/jarmil_fantazie8_ps_cmary-220x311.jpg\" class=\"attachment-thumbnail size-thumbnail\" alt=\"\" srcset=\"https:\/\/centrala.org.uk\/pl\/wp-content\/uploads\/sites\/2\/2018\/11\/jarmil_fantazie8_ps_cmary-220x311.jpg 220w, https:\/\/centrala.org.uk\/pl\/wp-content\/uploads\/sites\/2\/2018\/11\/jarmil_fantazie8_ps_cmary-640x905.jpg 640w, https:\/\/centrala.org.uk\/pl\/wp-content\/uploads\/sites\/2\/2018\/11\/jarmil_fantazie8_ps_cmary-636x900.jpg 636w, https:\/\/centrala.org.uk\/pl\/wp-content\/uploads\/sites\/2\/2018\/11\/jarmil_fantazie8_ps_cmary-210x297.jpg 210w, https:\/\/centrala.org.uk\/pl\/wp-content\/uploads\/sites\/2\/2018\/11\/jarmil_fantazie8_ps_cmary-480x679.jpg 480w, https:\/\/centrala.org.uk\/pl\/wp-content\/uploads\/sites\/2\/2018\/11\/jarmil_fantazie8_ps_cmary.jpg 827w\" sizes=\"auto, (max-width: 220px) 100vw, 220px\" \/><\/a>\n\t\t\t<\/div><\/figure><figure class='gallery-item'>\n\t\t\t<div class='gallery-icon portrait'>\n\t\t\t\t<a href='https:\/\/centrala.org.uk\/pl\/?attachment_id=1706'><img loading=\"lazy\" decoding=\"async\" width=\"220\" height=\"311\" src=\"https:\/\/centrala.org.uk\/pl\/wp-content\/uploads\/sites\/2\/2018\/11\/jarmil_fantazie9_ps-220x311.jpg\" class=\"attachment-thumbnail size-thumbnail\" alt=\"\" srcset=\"https:\/\/centrala.org.uk\/pl\/wp-content\/uploads\/sites\/2\/2018\/11\/jarmil_fantazie9_ps-220x311.jpg 220w, https:\/\/centrala.org.uk\/pl\/wp-content\/uploads\/sites\/2\/2018\/11\/jarmil_fantazie9_ps-640x905.jpg 640w, https:\/\/centrala.org.uk\/pl\/wp-content\/uploads\/sites\/2\/2018\/11\/jarmil_fantazie9_ps-636x900.jpg 636w, https:\/\/centrala.org.uk\/pl\/wp-content\/uploads\/sites\/2\/2018\/11\/jarmil_fantazie9_ps-210x297.jpg 210w, https:\/\/centrala.org.uk\/pl\/wp-content\/uploads\/sites\/2\/2018\/11\/jarmil_fantazie9_ps-480x679.jpg 480w, https:\/\/centrala.org.uk\/pl\/wp-content\/uploads\/sites\/2\/2018\/11\/jarmil_fantazie9_ps.jpg 827w\" sizes=\"auto, (max-width: 220px) 100vw, 220px\" \/><\/a>\n\t\t\t<\/div><\/figure><figure class='gallery-item'>\n\t\t\t<div class='gallery-icon portrait'>\n\t\t\t\t<a href='https:\/\/centrala.org.uk\/pl\/?attachment_id=1707'><img loading=\"lazy\" decoding=\"async\" width=\"220\" height=\"311\" src=\"https:\/\/centrala.org.uk\/pl\/wp-content\/uploads\/sites\/2\/2018\/11\/jarmil_fantazie10_ps-220x311.jpg\" class=\"attachment-thumbnail size-thumbnail\" alt=\"\" srcset=\"https:\/\/centrala.org.uk\/pl\/wp-content\/uploads\/sites\/2\/2018\/11\/jarmil_fantazie10_ps-220x311.jpg 220w, https:\/\/centrala.org.uk\/pl\/wp-content\/uploads\/sites\/2\/2018\/11\/jarmil_fantazie10_ps-640x905.jpg 640w, https:\/\/centrala.org.uk\/pl\/wp-content\/uploads\/sites\/2\/2018\/11\/jarmil_fantazie10_ps-636x900.jpg 636w, https:\/\/centrala.org.uk\/pl\/wp-content\/uploads\/sites\/2\/2018\/11\/jarmil_fantazie10_ps-210x297.jpg 210w, https:\/\/centrala.org.uk\/pl\/wp-content\/uploads\/sites\/2\/2018\/11\/jarmil_fantazie10_ps-480x679.jpg 480w, https:\/\/centrala.org.uk\/pl\/wp-content\/uploads\/sites\/2\/2018\/11\/jarmil_fantazie10_ps.jpg 827w\" sizes=\"auto, (max-width: 220px) 100vw, 220px\" \/><\/a>\n\t\t\t<\/div><\/figure>\n\t\t<\/div>\n\n","protected":false},"excerpt":{"rendered":"<p>\u015awiat rozpada si\u0119 na naszych zamkni\u0119tych od konsumpcji oczach. Nawet w ma\u0142ym czeskim miasteczku. Supermarket, deskorolka, browary, palenie, hamburgery, tatua\u017ce, pizza, selfie. Jak mo\u017cna bez tego \u017cy\u0107? Jarmil wam na to nie odpowie. Jarmil to szybka poezja i szybka codzienno\u015b\u0107 w po\u015bpiechu, \u017ceby prze\u017cy\u0107 \u017cycie. Jarmil to koktail czekania i gonitwy. Pami\u0119tamy ju\u017c tylko kace.<\/p>\n","protected":false},"featured_media":1672,"comment_status":"closed","ping_status":"closed","template":"","meta":{"_acf_changed":false},"product_brand":[],"product_cat":[27,47,32],"product_tag":[158,300,299],"series":[10112],"class_list":{"0":"post-1671","1":"product","2":"type-product","3":"status-publish","4":"has-post-thumbnail","6":"product_cat-powiesc-graficzna","7":"product_cat-dla-mlodziezy","8":"product_cat-komiks","9":"product_tag-bez-slow","10":"product_tag-czeski-komiks","11":"product_tag-marek-rubec","12":"series-zycie","14":"first","15":"instock","16":"shipping-taxable","17":"purchasable","18":"product-type-simple"},"acf":[],"_links":{"self":[{"href":"https:\/\/centrala.org.uk\/pl\/wp-json\/wp\/v2\/product\/1671","targetHints":{"allow":["GET"]}}],"collection":[{"href":"https:\/\/centrala.org.uk\/pl\/wp-json\/wp\/v2\/product"}],"about":[{"href":"https:\/\/centrala.org.uk\/pl\/wp-json\/wp\/v2\/types\/product"}],"replies":[{"embeddable":true,"href":"https:\/\/centrala.org.uk\/pl\/wp-json\/wp\/v2\/comments?post=1671"}],"wp:featuredmedia":[{"embeddable":true,"href":"https:\/\/centrala.org.uk\/pl\/wp-json\/wp\/v2\/media\/1672"}],"wp:attachment":[{"href":"https:\/\/centrala.org.uk\/pl\/wp-json\/wp\/v2\/media?parent=1671"}],"wp:term":[{"taxonomy":"product_brand","embeddable":true,"href":"https:\/\/centrala.org.uk\/pl\/wp-json\/wp\/v2\/product_brand?post=1671"},{"taxonomy":"product_cat","embeddable":true,"href":"https:\/\/centrala.org.uk\/pl\/wp-json\/wp\/v2\/product_cat?post=1671"},{"taxonomy":"product_tag","embeddable":true,"href":"https:\/\/centrala.org.uk\/pl\/wp-json\/wp\/v2\/product_tag?post=1671"},{"taxonomy":"series","embeddable":true,"href":"https:\/\/centrala.org.uk\/pl\/wp-json\/wp\/v2\/series?post=1671"}],"curies":[{"name":"wp","href":"https:\/\/api.w.org\/{rel}","templated":true}]}}