{"id":1743,"date":"2019-08-23T12:20:09","date_gmt":"2019-08-23T10:20:09","guid":{"rendered":"http:\/\/centrala.org.uk\/pl\/?post_type=product&#038;p=1743"},"modified":"2022-05-05T10:14:42","modified_gmt":"2022-05-05T08:14:42","slug":"hilda-i-wladca-gor","status":"publish","type":"product","link":"https:\/\/centrala.org.uk\/pl\/sklep\/hilda-i-wladca-gor\/","title":{"rendered":"Hilda i W\u0142adca g\u00f3r"},"content":{"rendered":"<p>Po ekscytuj\u0105cej przygodzie w Kamiennym Lesie Hilda wraz ze swoj\u0105 mam\u0105 oraz Ro\u017ckiem czuj\u0105 si\u0119 do\u015b\u0107 zm\u0119czone. Hilda przysi\u0119ga, \u017ce nie b\u0119dzie si\u0119 ju\u017c wymyka\u0107 z domu i zapada w g\u0142\u0119boki sen&#8230; aby nast\u0119pnego ranka obudzi\u0107 si\u0119 z powrotem w krainie trolli &#8211; w dodatku samotnie! Jak si\u0119 tam znalaz\u0142a? Czy uda si\u0119 jej wr\u00f3ci\u0107 do Trolberg? I co ma z tym wszystkim wsp\u00f3lnego straszny W\u0142adca G\u00f3r?<\/p>\n<p>&#8222;Luke Pearson stworzy\u0142 w 'Hildzie&#8217; naprawd\u0119 dziwny i zdumiewaj\u0105co pi\u0119kny \u015bwiat. Wyj\u0105tkowo osobisty i oryginalny. Jestem pod wra\u017ceniem jego wyobra\u017ani. To dla mnie prawdziwa inspiracja.&#8221; &#8211; Mike Mignola, tw\u00f3rca Hellboya<\/p>\n<p>&#8222;Uwielbiam wszystko w 'Hildzie i W\u0142adcy G\u00f3r&#8217;&#8230; Historie Luke&#8217;a Pearsona o Hildzie s\u0105 przeurocze i fani na pewno b\u0119d\u0105 si\u0119 nimi cieszy\u0107 przez wiele lat.&#8221; Kazu Kibuishi, tw\u00f3rca &#8222;Amuletu&#8221;<\/p>\n<p>&#8222;Luke Pearson jest jednym z najlepszych aktywnych obecnie rysownik\u00f3w. Hilda jest absolutnie genialna!&#8221; Raina Telgemeier, tw\u00f3rca &#8222;Smile&#8221;<\/p>\n","protected":false},"excerpt":{"rendered":"<p>Najnowsza Hilda przybywa!<\/p>\n","protected":false},"featured_media":1744,"comment_status":"closed","ping_status":"closed","template":"","meta":{"_acf_changed":false},"product_brand":[],"product_cat":[42,47,32],"product_tag":[9913,45,287,43,301],"series":[10113],"class_list":{"0":"post-1743","1":"product","2":"type-product","3":"status-publish","4":"has-post-thumbnail","6":"product_cat-dla-dzieci","7":"product_cat-dla-mlodziezy","8":"product_cat-komiks","9":"product_tag-dla-dzieci","10":"product_tag-hilda","11":"product_tag-hilda-folk","12":"product_tag-luke-pearson","13":"product_tag-seria-milosc","14":"series-milosc","16":"first","17":"outofstock","18":"shipping-taxable","19":"purchasable","20":"product-type-simple"},"acf":[],"_links":{"self":[{"href":"https:\/\/centrala.org.uk\/pl\/wp-json\/wp\/v2\/product\/1743","targetHints":{"allow":["GET"]}}],"collection":[{"href":"https:\/\/centrala.org.uk\/pl\/wp-json\/wp\/v2\/product"}],"about":[{"href":"https:\/\/centrala.org.uk\/pl\/wp-json\/wp\/v2\/types\/product"}],"replies":[{"embeddable":true,"href":"https:\/\/centrala.org.uk\/pl\/wp-json\/wp\/v2\/comments?post=1743"}],"wp:featuredmedia":[{"embeddable":true,"href":"https:\/\/centrala.org.uk\/pl\/wp-json\/wp\/v2\/media\/1744"}],"wp:attachment":[{"href":"https:\/\/centrala.org.uk\/pl\/wp-json\/wp\/v2\/media?parent=1743"}],"wp:term":[{"taxonomy":"product_brand","embeddable":true,"href":"https:\/\/centrala.org.uk\/pl\/wp-json\/wp\/v2\/product_brand?post=1743"},{"taxonomy":"product_cat","embeddable":true,"href":"https:\/\/centrala.org.uk\/pl\/wp-json\/wp\/v2\/product_cat?post=1743"},{"taxonomy":"product_tag","embeddable":true,"href":"https:\/\/centrala.org.uk\/pl\/wp-json\/wp\/v2\/product_tag?post=1743"},{"taxonomy":"series","embeddable":true,"href":"https:\/\/centrala.org.uk\/pl\/wp-json\/wp\/v2\/series?post=1743"}],"curies":[{"name":"wp","href":"https:\/\/api.w.org\/{rel}","templated":true}]}}