{"id":1753,"date":"2019-09-17T21:19:01","date_gmt":"2019-09-17T19:19:01","guid":{"rendered":"http:\/\/centrala.org.uk\/pl\/?post_type=product&#038;p=1753"},"modified":"2020-01-23T00:01:10","modified_gmt":"2020-01-22T23:01:10","slug":"zosia-pierwsze-loty","status":"publish","type":"product","link":"https:\/\/centrala.org.uk\/pl\/sklep\/zosia-pierwsze-loty\/","title":{"rendered":"Zosia. Pierwsze loty."},"content":{"rendered":"<p>Komiks prezentuje przygody m\u0142odej kosmonautki Zosi, kt\u00f3ra wraz ze swoj\u0105 trzyosobow\u0105 za\u0142og\u0105 bada r\u00f3\u017cne zak\u0105tki wszech\u015bwiata. Bohaterowie podczas podr\u00f3\u017cy nie tylko poznaj\u0105 nowe miejsca, lecz r\u00f3wnie\u017c pozyskuj\u0105 informacje z bardzo szerokiego spektrum wiedzy. Jednocze\u015bnie ucz\u0105 si\u0119 reagowa\u0107 na zaskakuj\u0105ce sytuacje i nieustannie weryfikuj\u0105 swoje pogl\u0105dy i zachowanie.<\/p>\n<p>Wojciech Ciesielski (1979), uko\u0144czy\u0142 Muzealnictwo na Uniwersytecie Miko\u0142aja Kopernika w Toruniu.<br \/>\nW latach 2006 \u2013 2018 pracowa\u0142 w Muzeum Sztuki Wsp\u00f3\u0142czesnej, oddziale Muzeum Narodowego w Szczecinie. Wyk\u0142ada\u0142 \u201eHistori\u0119 sztuki, kultury i designu\u201d na\u00a0Zachodniopomorskim Uniwersytecie technologicznym, obecnie \u201ePsychofizjologi\u0119 widzenia\u201d na Akademii Sztuki w Szczecinie. Autor licznych artyku\u0142\u00f3w z zakresu historii sztuki oraz szeroko poj\u0119tej krytyki artystycznej. Kurator licznych wystaw sztuki wsp\u00f3\u0142czesnej. Autor komiksowego bloga Komiks TV<\/p>\n<div id='gallery-1' class='gallery galleryid-1753 gallery-columns-3 gallery-size-thumbnail'><figure class='gallery-item'>\n\t\t\t<div class='gallery-icon portrait'>\n\t\t\t\t<a href='https:\/\/centrala.org.uk\/pl\/?attachment_id=1760'><img loading=\"lazy\" decoding=\"async\" width=\"220\" height=\"311\" src=\"https:\/\/centrala.org.uk\/pl\/wp-content\/uploads\/sites\/2\/2019\/09\/141-220x311.jpg\" class=\"attachment-thumbnail size-thumbnail\" alt=\"\" srcset=\"https:\/\/centrala.org.uk\/pl\/wp-content\/uploads\/sites\/2\/2019\/09\/141-220x311.jpg 220w, https:\/\/centrala.org.uk\/pl\/wp-content\/uploads\/sites\/2\/2019\/09\/141-640x904.jpg 640w, https:\/\/centrala.org.uk\/pl\/wp-content\/uploads\/sites\/2\/2019\/09\/141-636x900.jpg 636w, https:\/\/centrala.org.uk\/pl\/wp-content\/uploads\/sites\/2\/2019\/09\/141-210x296.jpg 210w, https:\/\/centrala.org.uk\/pl\/wp-content\/uploads\/sites\/2\/2019\/09\/141-480x678.jpg 480w, https:\/\/centrala.org.uk\/pl\/wp-content\/uploads\/sites\/2\/2019\/09\/141.jpg 1240w\" sizes=\"auto, (max-width: 220px) 100vw, 220px\" \/><\/a>\n\t\t\t<\/div><\/figure><figure class='gallery-item'>\n\t\t\t<div class='gallery-icon portrait'>\n\t\t\t\t<a href='https:\/\/centrala.org.uk\/pl\/?attachment_id=1761'><img loading=\"lazy\" decoding=\"async\" width=\"220\" height=\"311\" src=\"https:\/\/centrala.org.uk\/pl\/wp-content\/uploads\/sites\/2\/2019\/09\/401-220x311.jpg\" class=\"attachment-thumbnail size-thumbnail\" alt=\"\" srcset=\"https:\/\/centrala.org.uk\/pl\/wp-content\/uploads\/sites\/2\/2019\/09\/401-220x311.jpg 220w, https:\/\/centrala.org.uk\/pl\/wp-content\/uploads\/sites\/2\/2019\/09\/401-640x904.jpg 640w, https:\/\/centrala.org.uk\/pl\/wp-content\/uploads\/sites\/2\/2019\/09\/401-636x900.jpg 636w, https:\/\/centrala.org.uk\/pl\/wp-content\/uploads\/sites\/2\/2019\/09\/401-210x296.jpg 210w, https:\/\/centrala.org.uk\/pl\/wp-content\/uploads\/sites\/2\/2019\/09\/401-480x678.jpg 480w, https:\/\/centrala.org.uk\/pl\/wp-content\/uploads\/sites\/2\/2019\/09\/401.jpg 1240w\" sizes=\"auto, (max-width: 220px) 100vw, 220px\" \/><\/a>\n\t\t\t<\/div><\/figure><figure class='gallery-item'>\n\t\t\t<div class='gallery-icon portrait'>\n\t\t\t\t<a href='https:\/\/centrala.org.uk\/pl\/?attachment_id=1762'><img loading=\"lazy\" decoding=\"async\" width=\"220\" height=\"311\" src=\"https:\/\/centrala.org.uk\/pl\/wp-content\/uploads\/sites\/2\/2019\/09\/451-220x311.jpg\" class=\"attachment-thumbnail size-thumbnail\" alt=\"\" srcset=\"https:\/\/centrala.org.uk\/pl\/wp-content\/uploads\/sites\/2\/2019\/09\/451-220x311.jpg 220w, https:\/\/centrala.org.uk\/pl\/wp-content\/uploads\/sites\/2\/2019\/09\/451-640x904.jpg 640w, https:\/\/centrala.org.uk\/pl\/wp-content\/uploads\/sites\/2\/2019\/09\/451-636x900.jpg 636w, https:\/\/centrala.org.uk\/pl\/wp-content\/uploads\/sites\/2\/2019\/09\/451-210x296.jpg 210w, https:\/\/centrala.org.uk\/pl\/wp-content\/uploads\/sites\/2\/2019\/09\/451-480x678.jpg 480w, https:\/\/centrala.org.uk\/pl\/wp-content\/uploads\/sites\/2\/2019\/09\/451.jpg 1240w\" sizes=\"auto, (max-width: 220px) 100vw, 220px\" \/><\/a>\n\t\t\t<\/div><\/figure>\n\t\t<\/div>\n\n<p>&nbsp;<\/p>\n","protected":false},"excerpt":{"rendered":"<p>Zadania specjalne i badania kosmosu!<\/p>\n","protected":false},"featured_media":1755,"comment_status":"closed","ping_status":"closed","template":"","meta":{"_acf_changed":false},"product_brand":[],"product_cat":[42,47,32],"product_tag":[219,302,118,303],"series":[10113],"class_list":{"0":"post-1753","1":"product","2":"type-product","3":"status-publish","4":"has-post-thumbnail","6":"product_cat-dla-dzieci","7":"product_cat-dla-mlodziezy","8":"product_cat-komiks","9":"product_tag-komiks-dla-dzieci","10":"product_tag-kosmos","11":"product_tag-polski-komiks","12":"product_tag-popularnonaukowe","13":"series-milosc","15":"first","16":"instock","17":"shipping-taxable","18":"purchasable","19":"product-type-simple"},"acf":[],"_links":{"self":[{"href":"https:\/\/centrala.org.uk\/pl\/wp-json\/wp\/v2\/product\/1753","targetHints":{"allow":["GET"]}}],"collection":[{"href":"https:\/\/centrala.org.uk\/pl\/wp-json\/wp\/v2\/product"}],"about":[{"href":"https:\/\/centrala.org.uk\/pl\/wp-json\/wp\/v2\/types\/product"}],"replies":[{"embeddable":true,"href":"https:\/\/centrala.org.uk\/pl\/wp-json\/wp\/v2\/comments?post=1753"}],"wp:featuredmedia":[{"embeddable":true,"href":"https:\/\/centrala.org.uk\/pl\/wp-json\/wp\/v2\/media\/1755"}],"wp:attachment":[{"href":"https:\/\/centrala.org.uk\/pl\/wp-json\/wp\/v2\/media?parent=1753"}],"wp:term":[{"taxonomy":"product_brand","embeddable":true,"href":"https:\/\/centrala.org.uk\/pl\/wp-json\/wp\/v2\/product_brand?post=1753"},{"taxonomy":"product_cat","embeddable":true,"href":"https:\/\/centrala.org.uk\/pl\/wp-json\/wp\/v2\/product_cat?post=1753"},{"taxonomy":"product_tag","embeddable":true,"href":"https:\/\/centrala.org.uk\/pl\/wp-json\/wp\/v2\/product_tag?post=1753"},{"taxonomy":"series","embeddable":true,"href":"https:\/\/centrala.org.uk\/pl\/wp-json\/wp\/v2\/series?post=1753"}],"curies":[{"name":"wp","href":"https:\/\/api.w.org\/{rel}","templated":true}]}}