{"id":1798,"date":"2020-01-22T23:59:46","date_gmt":"2020-01-22T22:59:46","guid":{"rendered":"http:\/\/centrala.org.uk\/pl\/?post_type=product&#038;p=1798"},"modified":"2021-03-04T22:53:48","modified_gmt":"2021-03-04T21:53:48","slug":"jazda-stad","status":"publish","type":"product","link":"https:\/\/centrala.org.uk\/pl\/sklep\/jazda-stad\/","title":{"rendered":"Jazda st\u0105d!"},"content":{"rendered":"<p>Zavka to jedna z najciekawszych polskich artystek komiksowych, mistrzyni psychodelicznego koloru i hipnotycznych rytm\u00f3w, gwarantuj\u0105cych do\u015bwiadczenia rzadko wywo\u0142ywane przez komiks.<\/p>\n<p style=\"text-align: right\">Marceli Szpak<\/p>\n<p style=\"text-align: right\">\n","protected":false},"excerpt":{"rendered":"<p>Zavka to jedna z najciekawszych polskich artystek komiksowych, mistrzyni psychodelicznego koloru i hipnotycznych rytm\u00f3w, gwarantuj\u0105cych do\u015bwiadczenia rzadko wywo\u0142ywane przez komiks. Marceli Szpak<\/p>\n","protected":false},"featured_media":1799,"comment_status":"closed","ping_status":"closed","template":"","meta":{"_acf_changed":false},"product_brand":[],"product_cat":[32],"product_tag":[38,305,304,271],"series":[10112],"class_list":{"0":"post-1798","1":"product","2":"type-product","3":"status-publish","4":"has-post-thumbnail","6":"product_cat-komiks","7":"product_tag-polskie","8":"product_tag-psycho","9":"product_tag-rower","10":"product_tag-zavka","11":"series-zycie","13":"first","14":"instock","15":"sale","16":"shipping-taxable","17":"purchasable","18":"product-type-simple"},"acf":[],"_links":{"self":[{"href":"https:\/\/centrala.org.uk\/pl\/wp-json\/wp\/v2\/product\/1798","targetHints":{"allow":["GET"]}}],"collection":[{"href":"https:\/\/centrala.org.uk\/pl\/wp-json\/wp\/v2\/product"}],"about":[{"href":"https:\/\/centrala.org.uk\/pl\/wp-json\/wp\/v2\/types\/product"}],"replies":[{"embeddable":true,"href":"https:\/\/centrala.org.uk\/pl\/wp-json\/wp\/v2\/comments?post=1798"}],"wp:featuredmedia":[{"embeddable":true,"href":"https:\/\/centrala.org.uk\/pl\/wp-json\/wp\/v2\/media\/1799"}],"wp:attachment":[{"href":"https:\/\/centrala.org.uk\/pl\/wp-json\/wp\/v2\/media?parent=1798"}],"wp:term":[{"taxonomy":"product_brand","embeddable":true,"href":"https:\/\/centrala.org.uk\/pl\/wp-json\/wp\/v2\/product_brand?post=1798"},{"taxonomy":"product_cat","embeddable":true,"href":"https:\/\/centrala.org.uk\/pl\/wp-json\/wp\/v2\/product_cat?post=1798"},{"taxonomy":"product_tag","embeddable":true,"href":"https:\/\/centrala.org.uk\/pl\/wp-json\/wp\/v2\/product_tag?post=1798"},{"taxonomy":"series","embeddable":true,"href":"https:\/\/centrala.org.uk\/pl\/wp-json\/wp\/v2\/series?post=1798"}],"curies":[{"name":"wp","href":"https:\/\/api.w.org\/{rel}","templated":true}]}}