{"id":180,"date":"2013-05-20T01:37:51","date_gmt":"2013-05-19T23:37:51","guid":{"rendered":"http:\/\/centrala.org.uk\/pl\/?post_type=product&#038;p=180"},"modified":"2014-09-17T11:17:38","modified_gmt":"2014-09-17T09:17:38","slug":"za-imperium-tom-1-honor","status":"publish","type":"product","link":"https:\/\/centrala.org.uk\/pl\/sklep\/za-imperium-tom-1-honor\/","title":{"rendered":"Za Imperium: Honor"},"content":{"rendered":"<p>Je\u015bli dotychczas Bastien Viv\u00e8s prezentowa\u0142 sw\u00f3j ilustratorski i narracyjny talent raczej w kr\u00f3tkich historiach, to tym razem udowodni\u0142, w licz\u0105cej 3 tomy, wsp\u00f3\u0142pracy z Merwanem, \u017ce posiada spektakularny warsztat.<\/p>\n<p>Bastien Viv\u00e8s \u017cyje i pracuje w Pary\u017cu.<\/p>\n<p>Merwan rozpocz\u0105\u0142 karier\u0119 jako projektant gier wideo i rysownik storyboard\u00f3w. Nast\u0119pnie od 2002 produkowa\u0142 filmy animowane, m.in. film <em>Clich\u00e9s de soir\u00e9e<\/em>. Jako rysownik komiks\u00f3w zyska\u0142 uznanie dzi\u0119ki ksi\u0105\u017cce <em>L&#8217;or et le sang<\/em>.<\/p>\n<blockquote><p>Ma\u0142e dzie\u0142o sztuki we wspaniale wyblak\u0142ych kolorach<\/p><\/blockquote>\n<p style=\"text-align: right\">Matthias Schmist, \u201eStern\u201d<\/p>\n<div id='gallery-1' class='gallery galleryid-180 gallery-columns-3 gallery-size-thumbnail'><figure class='gallery-item'>\n\t\t\t<div class='gallery-icon portrait'>\n\t\t\t\t<a href='https:\/\/centrala.org.uk\/pl\/?attachment_id=244'><img loading=\"lazy\" decoding=\"async\" width=\"220\" height=\"298\" src=\"https:\/\/centrala.org.uk\/pl\/wp-content\/uploads\/sites\/2\/2013\/05\/ZIt1_1-220x298.jpg\" class=\"attachment-thumbnail size-thumbnail\" alt=\"\" srcset=\"https:\/\/centrala.org.uk\/pl\/wp-content\/uploads\/sites\/2\/2013\/05\/ZIt1_1-220x298.jpg 220w, https:\/\/centrala.org.uk\/pl\/wp-content\/uploads\/sites\/2\/2013\/05\/ZIt1_1-640x868.jpg 640w, https:\/\/centrala.org.uk\/pl\/wp-content\/uploads\/sites\/2\/2013\/05\/ZIt1_1-663x900.jpg 663w, https:\/\/centrala.org.uk\/pl\/wp-content\/uploads\/sites\/2\/2013\/05\/ZIt1_1-210x285.jpg 210w, https:\/\/centrala.org.uk\/pl\/wp-content\/uploads\/sites\/2\/2013\/05\/ZIt1_1-480x651.jpg 480w, https:\/\/centrala.org.uk\/pl\/wp-content\/uploads\/sites\/2\/2013\/05\/ZIt1_1.jpg 1388w\" sizes=\"auto, (max-width: 220px) 100vw, 220px\" \/><\/a>\n\t\t\t<\/div><\/figure><figure class='gallery-item'>\n\t\t\t<div class='gallery-icon portrait'>\n\t\t\t\t<a href='https:\/\/centrala.org.uk\/pl\/?attachment_id=245'><img loading=\"lazy\" decoding=\"async\" width=\"220\" height=\"290\" src=\"https:\/\/centrala.org.uk\/pl\/wp-content\/uploads\/sites\/2\/2013\/05\/ZIt1_2-220x290.jpg\" class=\"attachment-thumbnail size-thumbnail\" alt=\"\" srcset=\"https:\/\/centrala.org.uk\/pl\/wp-content\/uploads\/sites\/2\/2013\/05\/ZIt1_2-220x290.jpg 220w, https:\/\/centrala.org.uk\/pl\/wp-content\/uploads\/sites\/2\/2013\/05\/ZIt1_2-640x844.jpg 640w, https:\/\/centrala.org.uk\/pl\/wp-content\/uploads\/sites\/2\/2013\/05\/ZIt1_2-681x900.jpg 681w, https:\/\/centrala.org.uk\/pl\/wp-content\/uploads\/sites\/2\/2013\/05\/ZIt1_2-210x277.jpg 210w, https:\/\/centrala.org.uk\/pl\/wp-content\/uploads\/sites\/2\/2013\/05\/ZIt1_2-480x633.jpg 480w, https:\/\/centrala.org.uk\/pl\/wp-content\/uploads\/sites\/2\/2013\/05\/ZIt1_2.jpg 1298w\" sizes=\"auto, (max-width: 220px) 100vw, 220px\" \/><\/a>\n\t\t\t<\/div><\/figure><figure class='gallery-item'>\n\t\t\t<div class='gallery-icon portrait'>\n\t\t\t\t<a href='https:\/\/centrala.org.uk\/pl\/?attachment_id=246'><img loading=\"lazy\" decoding=\"async\" width=\"220\" height=\"290\" src=\"https:\/\/centrala.org.uk\/pl\/wp-content\/uploads\/sites\/2\/2013\/05\/ZIt1_3-220x290.jpg\" class=\"attachment-thumbnail size-thumbnail\" alt=\"\" srcset=\"https:\/\/centrala.org.uk\/pl\/wp-content\/uploads\/sites\/2\/2013\/05\/ZIt1_3-220x290.jpg 220w, https:\/\/centrala.org.uk\/pl\/wp-content\/uploads\/sites\/2\/2013\/05\/ZIt1_3-640x844.jpg 640w, https:\/\/centrala.org.uk\/pl\/wp-content\/uploads\/sites\/2\/2013\/05\/ZIt1_3-681x900.jpg 681w, https:\/\/centrala.org.uk\/pl\/wp-content\/uploads\/sites\/2\/2013\/05\/ZIt1_3-210x277.jpg 210w, https:\/\/centrala.org.uk\/pl\/wp-content\/uploads\/sites\/2\/2013\/05\/ZIt1_3-480x633.jpg 480w, https:\/\/centrala.org.uk\/pl\/wp-content\/uploads\/sites\/2\/2013\/05\/ZIt1_3.jpg 1298w\" sizes=\"auto, (max-width: 220px) 100vw, 220px\" \/><\/a>\n\t\t\t<\/div><\/figure><figure class='gallery-item'>\n\t\t\t<div class='gallery-icon portrait'>\n\t\t\t\t<a href='https:\/\/centrala.org.uk\/pl\/?attachment_id=247'><img loading=\"lazy\" decoding=\"async\" width=\"220\" height=\"290\" src=\"https:\/\/centrala.org.uk\/pl\/wp-content\/uploads\/sites\/2\/2013\/05\/ZIt1_4-220x290.jpg\" class=\"attachment-thumbnail size-thumbnail\" alt=\"\" srcset=\"https:\/\/centrala.org.uk\/pl\/wp-content\/uploads\/sites\/2\/2013\/05\/ZIt1_4-220x290.jpg 220w, https:\/\/centrala.org.uk\/pl\/wp-content\/uploads\/sites\/2\/2013\/05\/ZIt1_4-640x844.jpg 640w, https:\/\/centrala.org.uk\/pl\/wp-content\/uploads\/sites\/2\/2013\/05\/ZIt1_4-681x900.jpg 681w, https:\/\/centrala.org.uk\/pl\/wp-content\/uploads\/sites\/2\/2013\/05\/ZIt1_4-210x277.jpg 210w, https:\/\/centrala.org.uk\/pl\/wp-content\/uploads\/sites\/2\/2013\/05\/ZIt1_4-480x633.jpg 480w, https:\/\/centrala.org.uk\/pl\/wp-content\/uploads\/sites\/2\/2013\/05\/ZIt1_4.jpg 1298w\" sizes=\"auto, (max-width: 220px) 100vw, 220px\" \/><\/a>\n\t\t\t<\/div><\/figure><figure class='gallery-item'>\n\t\t\t<div class='gallery-icon portrait'>\n\t\t\t\t<a href='https:\/\/centrala.org.uk\/pl\/?attachment_id=248'><img loading=\"lazy\" decoding=\"async\" width=\"220\" height=\"290\" src=\"https:\/\/centrala.org.uk\/pl\/wp-content\/uploads\/sites\/2\/2013\/05\/ZIt1_5-220x290.jpg\" class=\"attachment-thumbnail size-thumbnail\" alt=\"\" srcset=\"https:\/\/centrala.org.uk\/pl\/wp-content\/uploads\/sites\/2\/2013\/05\/ZIt1_5-220x290.jpg 220w, https:\/\/centrala.org.uk\/pl\/wp-content\/uploads\/sites\/2\/2013\/05\/ZIt1_5-640x844.jpg 640w, https:\/\/centrala.org.uk\/pl\/wp-content\/uploads\/sites\/2\/2013\/05\/ZIt1_5-681x900.jpg 681w, https:\/\/centrala.org.uk\/pl\/wp-content\/uploads\/sites\/2\/2013\/05\/ZIt1_5-210x277.jpg 210w, https:\/\/centrala.org.uk\/pl\/wp-content\/uploads\/sites\/2\/2013\/05\/ZIt1_5-480x633.jpg 480w, https:\/\/centrala.org.uk\/pl\/wp-content\/uploads\/sites\/2\/2013\/05\/ZIt1_5.jpg 1298w\" sizes=\"auto, (max-width: 220px) 100vw, 220px\" \/><\/a>\n\t\t\t<\/div><\/figure><figure class='gallery-item'>\n\t\t\t<div class='gallery-icon portrait'>\n\t\t\t\t<a href='https:\/\/centrala.org.uk\/pl\/?attachment_id=249'><img loading=\"lazy\" decoding=\"async\" width=\"220\" height=\"290\" src=\"https:\/\/centrala.org.uk\/pl\/wp-content\/uploads\/sites\/2\/2013\/05\/ZIt1_6-220x290.jpg\" class=\"attachment-thumbnail size-thumbnail\" alt=\"\" srcset=\"https:\/\/centrala.org.uk\/pl\/wp-content\/uploads\/sites\/2\/2013\/05\/ZIt1_6-220x290.jpg 220w, https:\/\/centrala.org.uk\/pl\/wp-content\/uploads\/sites\/2\/2013\/05\/ZIt1_6-640x844.jpg 640w, https:\/\/centrala.org.uk\/pl\/wp-content\/uploads\/sites\/2\/2013\/05\/ZIt1_6-681x900.jpg 681w, https:\/\/centrala.org.uk\/pl\/wp-content\/uploads\/sites\/2\/2013\/05\/ZIt1_6-210x277.jpg 210w, https:\/\/centrala.org.uk\/pl\/wp-content\/uploads\/sites\/2\/2013\/05\/ZIt1_6-480x633.jpg 480w, https:\/\/centrala.org.uk\/pl\/wp-content\/uploads\/sites\/2\/2013\/05\/ZIt1_6.jpg 1298w\" sizes=\"auto, (max-width: 220px) 100vw, 220px\" \/><\/a>\n\t\t\t<\/div><\/figure><figure class='gallery-item'>\n\t\t\t<div class='gallery-icon portrait'>\n\t\t\t\t<a href='https:\/\/centrala.org.uk\/pl\/?attachment_id=250'><img loading=\"lazy\" decoding=\"async\" width=\"220\" height=\"290\" src=\"https:\/\/centrala.org.uk\/pl\/wp-content\/uploads\/sites\/2\/2013\/05\/ZIt1_7-220x290.jpg\" class=\"attachment-thumbnail size-thumbnail\" alt=\"\" srcset=\"https:\/\/centrala.org.uk\/pl\/wp-content\/uploads\/sites\/2\/2013\/05\/ZIt1_7-220x290.jpg 220w, https:\/\/centrala.org.uk\/pl\/wp-content\/uploads\/sites\/2\/2013\/05\/ZIt1_7-640x844.jpg 640w, https:\/\/centrala.org.uk\/pl\/wp-content\/uploads\/sites\/2\/2013\/05\/ZIt1_7-681x900.jpg 681w, https:\/\/centrala.org.uk\/pl\/wp-content\/uploads\/sites\/2\/2013\/05\/ZIt1_7-210x277.jpg 210w, https:\/\/centrala.org.uk\/pl\/wp-content\/uploads\/sites\/2\/2013\/05\/ZIt1_7-480x633.jpg 480w, https:\/\/centrala.org.uk\/pl\/wp-content\/uploads\/sites\/2\/2013\/05\/ZIt1_7.jpg 1298w\" sizes=\"auto, (max-width: 220px) 100vw, 220px\" \/><\/a>\n\t\t\t<\/div><\/figure><figure class='gallery-item'>\n\t\t\t<div class='gallery-icon portrait'>\n\t\t\t\t<a href='https:\/\/centrala.org.uk\/pl\/?attachment_id=251'><img loading=\"lazy\" decoding=\"async\" width=\"220\" height=\"290\" src=\"https:\/\/centrala.org.uk\/pl\/wp-content\/uploads\/sites\/2\/2013\/05\/ZIt1_8-220x290.jpg\" class=\"attachment-thumbnail size-thumbnail\" alt=\"\" srcset=\"https:\/\/centrala.org.uk\/pl\/wp-content\/uploads\/sites\/2\/2013\/05\/ZIt1_8-220x290.jpg 220w, https:\/\/centrala.org.uk\/pl\/wp-content\/uploads\/sites\/2\/2013\/05\/ZIt1_8-640x844.jpg 640w, https:\/\/centrala.org.uk\/pl\/wp-content\/uploads\/sites\/2\/2013\/05\/ZIt1_8-681x900.jpg 681w, https:\/\/centrala.org.uk\/pl\/wp-content\/uploads\/sites\/2\/2013\/05\/ZIt1_8-210x277.jpg 210w, https:\/\/centrala.org.uk\/pl\/wp-content\/uploads\/sites\/2\/2013\/05\/ZIt1_8-480x633.jpg 480w, https:\/\/centrala.org.uk\/pl\/wp-content\/uploads\/sites\/2\/2013\/05\/ZIt1_8.jpg 1298w\" sizes=\"auto, (max-width: 220px) 100vw, 220px\" \/><\/a>\n\t\t\t<\/div><\/figure><figure class='gallery-item'>\n\t\t\t<div class='gallery-icon portrait'>\n\t\t\t\t<a href='https:\/\/centrala.org.uk\/pl\/?attachment_id=252'><img loading=\"lazy\" decoding=\"async\" width=\"220\" height=\"290\" src=\"https:\/\/centrala.org.uk\/pl\/wp-content\/uploads\/sites\/2\/2013\/05\/ZIt1_9-220x290.jpg\" class=\"attachment-thumbnail size-thumbnail\" alt=\"\" srcset=\"https:\/\/centrala.org.uk\/pl\/wp-content\/uploads\/sites\/2\/2013\/05\/ZIt1_9-220x290.jpg 220w, https:\/\/centrala.org.uk\/pl\/wp-content\/uploads\/sites\/2\/2013\/05\/ZIt1_9-640x844.jpg 640w, https:\/\/centrala.org.uk\/pl\/wp-content\/uploads\/sites\/2\/2013\/05\/ZIt1_9-681x900.jpg 681w, https:\/\/centrala.org.uk\/pl\/wp-content\/uploads\/sites\/2\/2013\/05\/ZIt1_9-210x277.jpg 210w, https:\/\/centrala.org.uk\/pl\/wp-content\/uploads\/sites\/2\/2013\/05\/ZIt1_9-480x633.jpg 480w, https:\/\/centrala.org.uk\/pl\/wp-content\/uploads\/sites\/2\/2013\/05\/ZIt1_9.jpg 1298w\" sizes=\"auto, (max-width: 220px) 100vw, 220px\" \/><\/a>\n\t\t\t<\/div><\/figure><figure class='gallery-item'>\n\t\t\t<div class='gallery-icon portrait'>\n\t\t\t\t<a href='https:\/\/centrala.org.uk\/pl\/?attachment_id=253'><img loading=\"lazy\" decoding=\"async\" width=\"220\" height=\"290\" src=\"https:\/\/centrala.org.uk\/pl\/wp-content\/uploads\/sites\/2\/2013\/05\/ZIt1_10-220x290.jpg\" class=\"attachment-thumbnail size-thumbnail\" alt=\"\" srcset=\"https:\/\/centrala.org.uk\/pl\/wp-content\/uploads\/sites\/2\/2013\/05\/ZIt1_10-220x290.jpg 220w, https:\/\/centrala.org.uk\/pl\/wp-content\/uploads\/sites\/2\/2013\/05\/ZIt1_10-640x844.jpg 640w, https:\/\/centrala.org.uk\/pl\/wp-content\/uploads\/sites\/2\/2013\/05\/ZIt1_10-681x900.jpg 681w, https:\/\/centrala.org.uk\/pl\/wp-content\/uploads\/sites\/2\/2013\/05\/ZIt1_10-210x277.jpg 210w, https:\/\/centrala.org.uk\/pl\/wp-content\/uploads\/sites\/2\/2013\/05\/ZIt1_10-480x633.jpg 480w, https:\/\/centrala.org.uk\/pl\/wp-content\/uploads\/sites\/2\/2013\/05\/ZIt1_10.jpg 1298w\" sizes=\"auto, (max-width: 220px) 100vw, 220px\" \/><\/a>\n\t\t\t<\/div><\/figure>\n\t\t<\/div>\n\n","protected":false},"excerpt":{"rendered":"<p>Imperium jest u szczytu swojej pot\u0119gi. \u017badna armia \u015bwiata nie jest w stanie przeciwstawi\u0107 si\u0119 niepokonanym legionom. W tym czasie kapitan Glorim Cortis otrzymuje rozkaz od Cesarza, aby uda\u0107 si\u0119 ze swoim elitarnym oddzia\u0142em na niezwyk\u0142\u0105 misj\u0119, kt\u00f3ra ma zapocz\u0105tkowa\u0107 now\u0105 epok\u0119: poszukiwanie nieodkrytych terytori\u00f3w poza granicami Imperium.<\/p>\n","protected":false},"featured_media":185,"comment_status":"closed","ping_status":"closed","template":"","meta":{"_acf_changed":false},"product_brand":[],"product_cat":[32],"product_tag":[21,36,40,34,20,22],"series":[10112],"class_list":{"0":"post-180","1":"product","2":"type-product","3":"status-publish","4":"has-post-thumbnail","6":"product_cat-komiks","7":"product_tag-bastien-vives","8":"product_tag-fantasy","9":"product_tag-francuskie","10":"product_tag-kolor","11":"product_tag-merwan-chabane","12":"product_tag-za-imperium","13":"series-zycie","15":"first","16":"instock","17":"shipping-taxable","18":"purchasable","19":"product-type-simple"},"acf":[],"_links":{"self":[{"href":"https:\/\/centrala.org.uk\/pl\/wp-json\/wp\/v2\/product\/180","targetHints":{"allow":["GET"]}}],"collection":[{"href":"https:\/\/centrala.org.uk\/pl\/wp-json\/wp\/v2\/product"}],"about":[{"href":"https:\/\/centrala.org.uk\/pl\/wp-json\/wp\/v2\/types\/product"}],"replies":[{"embeddable":true,"href":"https:\/\/centrala.org.uk\/pl\/wp-json\/wp\/v2\/comments?post=180"}],"wp:featuredmedia":[{"embeddable":true,"href":"https:\/\/centrala.org.uk\/pl\/wp-json\/wp\/v2\/media\/185"}],"wp:attachment":[{"href":"https:\/\/centrala.org.uk\/pl\/wp-json\/wp\/v2\/media?parent=180"}],"wp:term":[{"taxonomy":"product_brand","embeddable":true,"href":"https:\/\/centrala.org.uk\/pl\/wp-json\/wp\/v2\/product_brand?post=180"},{"taxonomy":"product_cat","embeddable":true,"href":"https:\/\/centrala.org.uk\/pl\/wp-json\/wp\/v2\/product_cat?post=180"},{"taxonomy":"product_tag","embeddable":true,"href":"https:\/\/centrala.org.uk\/pl\/wp-json\/wp\/v2\/product_tag?post=180"},{"taxonomy":"series","embeddable":true,"href":"https:\/\/centrala.org.uk\/pl\/wp-json\/wp\/v2\/series?post=180"}],"curies":[{"name":"wp","href":"https:\/\/api.w.org\/{rel}","templated":true}]}}