{"id":1837,"date":"2020-07-06T12:37:43","date_gmt":"2020-07-06T10:37:43","guid":{"rendered":"http:\/\/centrala.org.uk\/pl\/?post_type=product&#038;p=1837"},"modified":"2021-03-04T22:52:22","modified_gmt":"2021-03-04T21:52:22","slug":"dromaderki-marta-frej","status":"publish","type":"product","link":"https:\/\/centrala.org.uk\/pl\/sklep\/dromaderki-marta-frej\/","title":{"rendered":"Dromaderki, Marta Frej"},"content":{"rendered":"<div id='gallery-1' class='gallery galleryid-1837 gallery-columns-3 gallery-size-thumbnail'><figure class='gallery-item'>\n\t\t\t<div class='gallery-icon landscape'>\n\t\t\t\t<a href='https:\/\/centrala.org.uk\/pl\/?attachment_id=1851'><img loading=\"lazy\" decoding=\"async\" width=\"220\" height=\"220\" src=\"https:\/\/centrala.org.uk\/pl\/wp-content\/uploads\/sites\/2\/2020\/07\/15-220x220.jpg\" class=\"attachment-thumbnail size-thumbnail\" alt=\"\" srcset=\"https:\/\/centrala.org.uk\/pl\/wp-content\/uploads\/sites\/2\/2020\/07\/15-220x220.jpg 220w, https:\/\/centrala.org.uk\/pl\/wp-content\/uploads\/sites\/2\/2020\/07\/15-640x640.jpg 640w, https:\/\/centrala.org.uk\/pl\/wp-content\/uploads\/sites\/2\/2020\/07\/15-768x768.jpg 768w, https:\/\/centrala.org.uk\/pl\/wp-content\/uploads\/sites\/2\/2020\/07\/15-900x900.jpg 900w, https:\/\/centrala.org.uk\/pl\/wp-content\/uploads\/sites\/2\/2020\/07\/15-210x210.jpg 210w, https:\/\/centrala.org.uk\/pl\/wp-content\/uploads\/sites\/2\/2020\/07\/15-480x480.jpg 480w, https:\/\/centrala.org.uk\/pl\/wp-content\/uploads\/sites\/2\/2020\/07\/15-100x100.jpg 100w, https:\/\/centrala.org.uk\/pl\/wp-content\/uploads\/sites\/2\/2020\/07\/15.jpg 984w\" sizes=\"auto, (max-width: 220px) 100vw, 220px\" \/><\/a>\n\t\t\t<\/div><\/figure><figure class='gallery-item'>\n\t\t\t<div class='gallery-icon landscape'>\n\t\t\t\t<a href='https:\/\/centrala.org.uk\/pl\/?attachment_id=1852'><img loading=\"lazy\" decoding=\"async\" width=\"220\" height=\"220\" src=\"https:\/\/centrala.org.uk\/pl\/wp-content\/uploads\/sites\/2\/2020\/07\/16-220x220.jpg\" class=\"attachment-thumbnail size-thumbnail\" alt=\"\" srcset=\"https:\/\/centrala.org.uk\/pl\/wp-content\/uploads\/sites\/2\/2020\/07\/16-220x220.jpg 220w, https:\/\/centrala.org.uk\/pl\/wp-content\/uploads\/sites\/2\/2020\/07\/16-640x640.jpg 640w, https:\/\/centrala.org.uk\/pl\/wp-content\/uploads\/sites\/2\/2020\/07\/16-768x768.jpg 768w, https:\/\/centrala.org.uk\/pl\/wp-content\/uploads\/sites\/2\/2020\/07\/16-900x900.jpg 900w, https:\/\/centrala.org.uk\/pl\/wp-content\/uploads\/sites\/2\/2020\/07\/16-210x210.jpg 210w, https:\/\/centrala.org.uk\/pl\/wp-content\/uploads\/sites\/2\/2020\/07\/16-480x480.jpg 480w, https:\/\/centrala.org.uk\/pl\/wp-content\/uploads\/sites\/2\/2020\/07\/16-100x100.jpg 100w, https:\/\/centrala.org.uk\/pl\/wp-content\/uploads\/sites\/2\/2020\/07\/16.jpg 984w\" sizes=\"auto, (max-width: 220px) 100vw, 220px\" \/><\/a>\n\t\t\t<\/div><\/figure><figure class='gallery-item'>\n\t\t\t<div class='gallery-icon landscape'>\n\t\t\t\t<a href='https:\/\/centrala.org.uk\/pl\/?attachment_id=1853'><img loading=\"lazy\" decoding=\"async\" width=\"220\" height=\"220\" src=\"https:\/\/centrala.org.uk\/pl\/wp-content\/uploads\/sites\/2\/2020\/07\/17-220x220.jpg\" class=\"attachment-thumbnail size-thumbnail\" alt=\"\" srcset=\"https:\/\/centrala.org.uk\/pl\/wp-content\/uploads\/sites\/2\/2020\/07\/17-220x220.jpg 220w, https:\/\/centrala.org.uk\/pl\/wp-content\/uploads\/sites\/2\/2020\/07\/17-640x640.jpg 640w, https:\/\/centrala.org.uk\/pl\/wp-content\/uploads\/sites\/2\/2020\/07\/17-768x768.jpg 768w, https:\/\/centrala.org.uk\/pl\/wp-content\/uploads\/sites\/2\/2020\/07\/17-900x900.jpg 900w, https:\/\/centrala.org.uk\/pl\/wp-content\/uploads\/sites\/2\/2020\/07\/17-210x210.jpg 210w, https:\/\/centrala.org.uk\/pl\/wp-content\/uploads\/sites\/2\/2020\/07\/17-480x480.jpg 480w, https:\/\/centrala.org.uk\/pl\/wp-content\/uploads\/sites\/2\/2020\/07\/17-100x100.jpg 100w, https:\/\/centrala.org.uk\/pl\/wp-content\/uploads\/sites\/2\/2020\/07\/17.jpg 984w\" sizes=\"auto, (max-width: 220px) 100vw, 220px\" \/><\/a>\n\t\t\t<\/div><\/figure><figure class='gallery-item'>\n\t\t\t<div class='gallery-icon landscape'>\n\t\t\t\t<a href='https:\/\/centrala.org.uk\/pl\/?attachment_id=1854'><img loading=\"lazy\" decoding=\"async\" width=\"220\" height=\"220\" src=\"https:\/\/centrala.org.uk\/pl\/wp-content\/uploads\/sites\/2\/2020\/07\/18-220x220.jpg\" class=\"attachment-thumbnail size-thumbnail\" alt=\"\" srcset=\"https:\/\/centrala.org.uk\/pl\/wp-content\/uploads\/sites\/2\/2020\/07\/18-220x220.jpg 220w, https:\/\/centrala.org.uk\/pl\/wp-content\/uploads\/sites\/2\/2020\/07\/18-640x640.jpg 640w, https:\/\/centrala.org.uk\/pl\/wp-content\/uploads\/sites\/2\/2020\/07\/18-768x768.jpg 768w, https:\/\/centrala.org.uk\/pl\/wp-content\/uploads\/sites\/2\/2020\/07\/18-900x900.jpg 900w, https:\/\/centrala.org.uk\/pl\/wp-content\/uploads\/sites\/2\/2020\/07\/18-210x210.jpg 210w, https:\/\/centrala.org.uk\/pl\/wp-content\/uploads\/sites\/2\/2020\/07\/18-480x480.jpg 480w, https:\/\/centrala.org.uk\/pl\/wp-content\/uploads\/sites\/2\/2020\/07\/18-100x100.jpg 100w, https:\/\/centrala.org.uk\/pl\/wp-content\/uploads\/sites\/2\/2020\/07\/18.jpg 984w\" sizes=\"auto, (max-width: 220px) 100vw, 220px\" \/><\/a>\n\t\t\t<\/div><\/figure>\n\t\t<\/div>\n\n<p class=\"p1\"><span class=\"s1\">Wa\u017cn\u0105 rol\u0119 w zbrojnych zmaganiach z caratem odegra\u0142y kobiety dzia\u0142aj\u0105ce w ramach organizacji bojowych PPS. W gwarze konspiracyjnej nazywano je dromaderkami (od dromadera \u2013 wielb\u0142\u0105da wykorzystywanego do transportu ludzi i towar\u00f3w); przewozi\u0142y bro\u0144, amunicj\u0119 i materia\u0142y wybuchowe. <\/span><\/p>\n<p class=\"p1\"><span class=\"s1\">Tylko w okr\u0119gu cz\u0119stochowskim by\u0142o ich kilkadziesi\u0105t. Wi\u0119kszo\u015b\u0107 z nich pozosta\u0142a niestety anonimowa; nazwiska lub pseudonimy tylko niekt\u00f3rych przetrwa\u0142y do czas\u00f3w wsp\u00f3\u0142czesnych. W \u201ecywilu\u201d by\u0142y studentkami, nauczycielkami, lekarkami, gospodyniami domowymi czy robotnicami fabrycznymi. Anga\u017cuj\u0105c si\u0119 w walk\u0119 by\u0142y nara\u017cone na wi\u0119zienie, wieloletni\u0105 katorg\u0119 czy zes\u0142anie na Syberi\u0119.<\/span><\/p>\n<p class=\"p1\" style=\"text-align: right\"><span class=\"s1\">Fragment pos\u0142owia Juliusza S\u0119towskiego <\/span><\/p>\n<p class=\"p1\"><span class=\"s1\">Superbohaterki, kt\u00f3rych nie trzeba by\u0142o wymy\u015bla\u0107. Nasze w\u0142asne Wonder Women i Lary Croft, a w dodatku prawdziwe. Z dynamitem pod gorsetem i nabojami w pasie do po\u0144czoch. Inteligentne, sprytne, nieustraszone, nieust\u0119pliwe, zab\u00f3jczo niebezpieczne i\u2026 ma\u0142o komu w Polsce znane. Marta Frej w swoim b\u0142yskotliwym komiksie portretuje je tak, jak na to od dawna zas\u0142ugiwa\u0142y \u2013 z pazurem, humorem i uznaniem ich imponuj\u0105cej odwagi i dokona\u0144, udowadniaj\u0105c, \u017ce niedoceniane kobiece kulisy polskiej historii s\u0105 co najmniej r\u00f3wnie ciekawe, jak jej g\u0142\u00f3wna scena. Albo i ciekawsze. <\/span><\/p>\n<p class=\"p3\" style=\"text-align: right\"><span class=\"s1\">Anna Kowalczyk, autorka ksi\u0105\u017cki \u201eBrakuj\u0105ca po\u0142owa dziej\u00f3w. Kr\u00f3tka<\/span><\/p>\n<p class=\"p3\" style=\"text-align: right\"><span class=\"s1\">historia kobiet na ziemiach polskich&#8221;<\/span><\/p>\n","protected":false},"excerpt":{"rendered":"<p class=\"p1\"><span class=\"s1\">Marta Frej\u00a0w charakterystyczny dla siebie spos\u00f3b: \u017cartobliwy i zaanga\u017cowany, przedstawi\u0142a ciche\u00a0bohaterki, o kt\u00f3rych zapomnia\u0142y podr\u0119czniki.<\/span><\/p>\n<p class=\"p1\" style=\"text-align: right\"><span class=\"s1\">Sylwia Chutnik<\/span><\/p>\n","protected":false},"featured_media":1838,"comment_status":"closed","ping_status":"closed","template":"","meta":{"_acf_changed":false},"product_brand":[],"product_cat":[47,32],"product_tag":[24,9918,9920,223,9917,9922,9919,9921],"series":[10112],"class_list":{"0":"post-1837","1":"product","2":"type-product","3":"status-publish","4":"has-post-thumbnail","6":"product_cat-dla-mlodziezy","7":"product_cat-komiks","8":"product_tag-historia","9":"product_tag-historia-kobiet","10":"product_tag-historia-polski","11":"product_tag-komiks-kobiecy","12":"product_tag-marta-frej","13":"product_tag-niepodleglosc","14":"product_tag-polityka","15":"product_tag-prawa-kobiet","16":"series-zycie","18":"first","19":"instock","20":"sale","21":"shipping-taxable","22":"purchasable","23":"product-type-simple"},"acf":[],"_links":{"self":[{"href":"https:\/\/centrala.org.uk\/pl\/wp-json\/wp\/v2\/product\/1837","targetHints":{"allow":["GET"]}}],"collection":[{"href":"https:\/\/centrala.org.uk\/pl\/wp-json\/wp\/v2\/product"}],"about":[{"href":"https:\/\/centrala.org.uk\/pl\/wp-json\/wp\/v2\/types\/product"}],"replies":[{"embeddable":true,"href":"https:\/\/centrala.org.uk\/pl\/wp-json\/wp\/v2\/comments?post=1837"}],"wp:featuredmedia":[{"embeddable":true,"href":"https:\/\/centrala.org.uk\/pl\/wp-json\/wp\/v2\/media\/1838"}],"wp:attachment":[{"href":"https:\/\/centrala.org.uk\/pl\/wp-json\/wp\/v2\/media?parent=1837"}],"wp:term":[{"taxonomy":"product_brand","embeddable":true,"href":"https:\/\/centrala.org.uk\/pl\/wp-json\/wp\/v2\/product_brand?post=1837"},{"taxonomy":"product_cat","embeddable":true,"href":"https:\/\/centrala.org.uk\/pl\/wp-json\/wp\/v2\/product_cat?post=1837"},{"taxonomy":"product_tag","embeddable":true,"href":"https:\/\/centrala.org.uk\/pl\/wp-json\/wp\/v2\/product_tag?post=1837"},{"taxonomy":"series","embeddable":true,"href":"https:\/\/centrala.org.uk\/pl\/wp-json\/wp\/v2\/series?post=1837"}],"curies":[{"name":"wp","href":"https:\/\/api.w.org\/{rel}","templated":true}]}}