{"id":1855,"date":"2020-07-06T16:46:08","date_gmt":"2020-07-06T14:46:08","guid":{"rendered":"http:\/\/centrala.org.uk\/pl\/?post_type=product&#038;p=1855"},"modified":"2020-07-07T12:19:15","modified_gmt":"2020-07-07T10:19:15","slug":"ciemnosci-smalandii","status":"publish","type":"product","link":"https:\/\/centrala.org.uk\/pl\/sklep\/ciemnosci-smalandii\/","title":{"rendered":"Ciemno\u015bci Smalandii"},"content":{"rendered":"<p class=\"p1\"><span class=\"s1\">Erik dorasta w szwedzkiej Smalandii, w miasteczku N\u00e4ssj\u00f6, dawniej stanowi\u0105cym wa\u017cny kolejowy w\u0119ze\u0142 komunikacyjny a dzi\u015b powoli niszczej\u0105cym. \u017beby wype\u0142ni\u0107 pustk\u0119 i zwalczy\u0107 marazm Erik rysuje autobiograficzne komiksy i publikuje je w swoim fanzinie pod tytu\u0142em Twarz. Pomi\u0119dzy pierwszym a ostatnim numerem w jego \u017cyciu zachodz\u0105 du\u017ce zmiany. Nastolatek wkracza w doros\u0142o\u015b\u0107, do\u015bwiadczaj\u0105c przyja\u017ani, mi\u0142o\u015bci, rozczarowa\u0144 i przemocy. <\/span><\/p>\n<p class=\"p1\"><span class=\"s1\">W swojej epickiej powie\u015bci graficznej Henrik Bromander przesuwa granice tego, czym mo\u017ce by\u0107 komiks. Ciemno\u015bci Smalandii to celebracja uzdrawiaj\u0105cej mocy tw\u00f3rczej oraz niepokoj\u0105ca diagnoza wsp\u00f3\u0142czesno\u015bci prosto z Europy P\u00f3\u0142nocnej, gdzie polityczne wiatry s\u0105 coraz zimniejsze.<\/span><\/p>\n<p class=\"p1\"><span class=\"s1\">Mroczna opowie\u015b\u0107 o brutalno\u015bci spo\u0142ecze\u0144stwa klasowego.<br \/>\nKristina Lindquist, Dagens Nyheter<\/span><\/p>\n<p>Genialny. Realistyczna surowo\u015b\u0107 czyni \u201dCiemno\u015bci\u2026\u201d ci\u0105gle szokuj\u0105co aktualn\u0105 i psychicznie wyczerpuj\u0105c\u0105 lektur\u0105.<br \/>\nChristoffer R\u00f6stlund Jonsson, Aftonbladet<\/p>\n<p class=\"p1\"><span class=\"s1\">Nareszcie powie\u015b\u0107 graficzna, kt\u00f3ra tak bezlito\u015bnie obrazuje spo\u0142ecze\u0144stwo, w kt\u00f3rym \u017cyjemy.<br \/>\nAgnes Arpi, G\u00f6teborgs-Posten<\/span><\/p>\n<p class=\"p1\"><span class=\"s1\">Ciemno\u015bci Smalandii dosta\u0142y w 2012 roku nagrod\u0119 Prapsa (Urhundenpriset) za najlepszy szwedzki komiks a w 2014 roku trafi\u0142y na deski teatru Regionteatern Blekinge Kronoberg.<\/span><\/p>\n<p class=\"p1\"><span class=\"s1\">\u201dCiemno\u015bci Smalandii\u201d Bromandera powinny by\u0107 zawarte w programie nauczania o demokracji w liceum. To jedna z najbardziej przychylnych ocen, jak\u0105 czyja\u015b powie\u015b\u0107 mo\u017ce ode mnie otrzyma\u0107. <\/span><\/p>\n<p class=\"p1\"><span class=\"s1\">Ivar Andersen, Arbetaren <\/span><\/p>\n","protected":false},"excerpt":{"rendered":"<p class=\"p1\">Ciemno\u015bci Smalandii to obszerna komiksowa powie\u015b\u0107 prosto z g\u0119stych las\u00f3w szwedzkiej Smalandii, rzucaj\u0105ca wyzwanie konwencjom i tradycjom.<\/p>\n","protected":false},"featured_media":1856,"comment_status":"closed","ping_status":"closed","template":"","meta":{"_acf_changed":false},"product_brand":[],"product_cat":[27,32],"product_tag":[9927,9928,60,9933,9935,9930,9932,9934,9936,9929,9931],"series":[10112],"class_list":{"0":"post-1855","1":"product","2":"type-product","3":"status-publish","4":"has-post-thumbnail","6":"product_cat-powiesc-graficzna","7":"product_cat-komiks","8":"product_tag-faszyzm","9":"product_tag-homofobia","10":"product_tag-homoseksualizm","11":"product_tag-klasa-robotnicza","12":"product_tag-obyczajowe","13":"product_tag-panstwo-opiekuncze","14":"product_tag-prekariat","15":"product_tag-skandynawskie","16":"product_tag-spoleczne","17":"product_tag-szwecja","18":"product_tag-working-class","19":"series-zycie","21":"first","22":"instock","23":"shipping-taxable","24":"purchasable","25":"product-type-simple"},"acf":[],"_links":{"self":[{"href":"https:\/\/centrala.org.uk\/pl\/wp-json\/wp\/v2\/product\/1855","targetHints":{"allow":["GET"]}}],"collection":[{"href":"https:\/\/centrala.org.uk\/pl\/wp-json\/wp\/v2\/product"}],"about":[{"href":"https:\/\/centrala.org.uk\/pl\/wp-json\/wp\/v2\/types\/product"}],"replies":[{"embeddable":true,"href":"https:\/\/centrala.org.uk\/pl\/wp-json\/wp\/v2\/comments?post=1855"}],"wp:featuredmedia":[{"embeddable":true,"href":"https:\/\/centrala.org.uk\/pl\/wp-json\/wp\/v2\/media\/1856"}],"wp:attachment":[{"href":"https:\/\/centrala.org.uk\/pl\/wp-json\/wp\/v2\/media?parent=1855"}],"wp:term":[{"taxonomy":"product_brand","embeddable":true,"href":"https:\/\/centrala.org.uk\/pl\/wp-json\/wp\/v2\/product_brand?post=1855"},{"taxonomy":"product_cat","embeddable":true,"href":"https:\/\/centrala.org.uk\/pl\/wp-json\/wp\/v2\/product_cat?post=1855"},{"taxonomy":"product_tag","embeddable":true,"href":"https:\/\/centrala.org.uk\/pl\/wp-json\/wp\/v2\/product_tag?post=1855"},{"taxonomy":"series","embeddable":true,"href":"https:\/\/centrala.org.uk\/pl\/wp-json\/wp\/v2\/series?post=1855"}],"curies":[{"name":"wp","href":"https:\/\/api.w.org\/{rel}","templated":true}]}}