{"id":1927,"date":"2020-12-15T11:53:40","date_gmt":"2020-12-15T10:53:40","guid":{"rendered":"http:\/\/centrala.org.uk\/pl\/?post_type=product&#038;p=1927"},"modified":"2020-12-15T12:10:22","modified_gmt":"2020-12-15T11:10:22","slug":"niesamowici-sportowcy-50-nadzwyczajnych-postaci-w-historii-sportu","status":"publish","type":"product","link":"https:\/\/centrala.org.uk\/pl\/sklep\/niesamowici-sportowcy-50-nadzwyczajnych-postaci-w-historii-sportu\/","title":{"rendered":"Niesamowici sportowcy. 50 nadzwyczajnych postaci w historii sportu"},"content":{"rendered":"<div class=\"page\" title=\"Page 1\">\n<div class=\"section\">\n<div class=\"layoutArea\">\n<div class=\"column\">\n<p>Na miejsca, gotowi, start! I w droge\u0328. 50 niesamowitych atletek i atleto\u0301w wyte\u0328z\u0307a swoje cia\u0142a i umys\u0142y w wielkich zawodach sportowych. Kto z nich zdobe\u0328dzie medale, a kto serca? We\u0328druja\u0328c przez wieki, czytelnik dowie sie\u0328, na czym polega prawdziwy duch sportu. Niezalez\u0307nie od tego, czy atleci zawdzie\u0328czaja\u0328 wytrwa\u0142os\u0301c\u0301 nadludzkim zdolnos\u0301ciom fizycznym czy niewiarygodnej sile woli, wszyscy maja\u0328 ze soba\u0328 cos\u0301 wspo\u0301lnego &#8211; odwage\u0328, by po\u0301js\u0301c\u0301 o krok dalej niz\u0307 tylko do linii mety.<\/p>\n<p>O autorze<\/p>\n<p>Till Lukat urodzi\u0142 sie\u0328 w Walentynki 1991 w Berlinie w Niemczech. Studiowa\u0142 ilustracje\u0328 i komunikacje\u0328 wizualna\u0328 na Uniwersytecie Artystycznym w Berlinie oraz na University of the West of Englandi w Bristolu, kto\u0301re ukon\u0301czy\u0142 w 2015 roku z tytu\u0142em licencjata. Od tego czasu wyda\u0142 trzy ksia\u0328z\u0307ki, kto\u0301re zosta\u0142y przet\u0142umaczone na wiele je\u0328zyko\u0301w, wygra\u0142 Ligatura Pitching i druga\u0328 nagrode\u0328 w Mie\u0328dzynarodowym Festiwalu Komiksu Fumetto w Lucernie w 2019 r. Jego prace ukaza\u0142y sie\u0328 w takich publikacjach jak Le Monde Diplomatique. , Strapazine, Stripburger, Beneficial Shock !, Kus\u030c !, O&#8217; Life i wiele innych. Niedawno przenio\u0301s\u0142 sie\u0328 do Bristolu w Wielkiej Brytanii. W 2019 roku wspo\u0301\u0142pracowa\u0142 z Europejska\u0328 Rada\u0328 ds.Badan\u0301 nad stworzeniem komiksu internetowego o pocza\u0328tkach z\u0307ycia na naszej planecie na podstawie prac badawczych projektu PROMETHEUS.<\/p>\n<p>Nak\u0142adem wydawnictwa Centrala ukaza\u0142 sie\u0328 ro\u0301wniez\u0307 jego debiutancki komiks: Tuff Ladies. 24 Remarkable Women of History<\/p>\n<div id='gallery-1' class='gallery galleryid-1927 gallery-columns-3 gallery-size-thumbnail'><figure class='gallery-item'>\n\t\t\t<div class='gallery-icon landscape'>\n\t\t\t\t<a href='https:\/\/centrala.org.uk\/pl\/?attachment_id=1929'><img loading=\"lazy\" decoding=\"async\" width=\"220\" height=\"149\" src=\"https:\/\/centrala.org.uk\/pl\/wp-content\/uploads\/sites\/2\/2020\/12\/Screenshot-2020-12-08-at-20.21.11-220x149.png\" class=\"attachment-thumbnail size-thumbnail\" alt=\"\" srcset=\"https:\/\/centrala.org.uk\/pl\/wp-content\/uploads\/sites\/2\/2020\/12\/Screenshot-2020-12-08-at-20.21.11-220x149.png 220w, https:\/\/centrala.org.uk\/pl\/wp-content\/uploads\/sites\/2\/2020\/12\/Screenshot-2020-12-08-at-20.21.11-640x434.png 640w, https:\/\/centrala.org.uk\/pl\/wp-content\/uploads\/sites\/2\/2020\/12\/Screenshot-2020-12-08-at-20.21.11-768x520.png 768w, https:\/\/centrala.org.uk\/pl\/wp-content\/uploads\/sites\/2\/2020\/12\/Screenshot-2020-12-08-at-20.21.11-210x142.png 210w, https:\/\/centrala.org.uk\/pl\/wp-content\/uploads\/sites\/2\/2020\/12\/Screenshot-2020-12-08-at-20.21.11-480x325.png 480w, https:\/\/centrala.org.uk\/pl\/wp-content\/uploads\/sites\/2\/2020\/12\/Screenshot-2020-12-08-at-20.21.11.png 980w\" sizes=\"auto, (max-width: 220px) 100vw, 220px\" \/><\/a>\n\t\t\t<\/div><\/figure><figure class='gallery-item'>\n\t\t\t<div class='gallery-icon landscape'>\n\t\t\t\t<a href='https:\/\/centrala.org.uk\/pl\/?attachment_id=1930'><img loading=\"lazy\" decoding=\"async\" width=\"220\" height=\"149\" src=\"https:\/\/centrala.org.uk\/pl\/wp-content\/uploads\/sites\/2\/2020\/12\/Screenshot-2020-12-08-at-20.21.30-220x149.png\" class=\"attachment-thumbnail size-thumbnail\" alt=\"\" srcset=\"https:\/\/centrala.org.uk\/pl\/wp-content\/uploads\/sites\/2\/2020\/12\/Screenshot-2020-12-08-at-20.21.30-220x149.png 220w, https:\/\/centrala.org.uk\/pl\/wp-content\/uploads\/sites\/2\/2020\/12\/Screenshot-2020-12-08-at-20.21.30-640x434.png 640w, https:\/\/centrala.org.uk\/pl\/wp-content\/uploads\/sites\/2\/2020\/12\/Screenshot-2020-12-08-at-20.21.30-768x521.png 768w, https:\/\/centrala.org.uk\/pl\/wp-content\/uploads\/sites\/2\/2020\/12\/Screenshot-2020-12-08-at-20.21.30-210x142.png 210w, https:\/\/centrala.org.uk\/pl\/wp-content\/uploads\/sites\/2\/2020\/12\/Screenshot-2020-12-08-at-20.21.30-480x326.png 480w, https:\/\/centrala.org.uk\/pl\/wp-content\/uploads\/sites\/2\/2020\/12\/Screenshot-2020-12-08-at-20.21.30.png 979w\" sizes=\"auto, (max-width: 220px) 100vw, 220px\" \/><\/a>\n\t\t\t<\/div><\/figure><figure class='gallery-item'>\n\t\t\t<div class='gallery-icon landscape'>\n\t\t\t\t<a href='https:\/\/centrala.org.uk\/pl\/?attachment_id=1931'><img loading=\"lazy\" decoding=\"async\" width=\"220\" height=\"149\" src=\"https:\/\/centrala.org.uk\/pl\/wp-content\/uploads\/sites\/2\/2020\/12\/Screenshot-2020-12-08-at-20.21.44-220x149.png\" class=\"attachment-thumbnail size-thumbnail\" alt=\"\" srcset=\"https:\/\/centrala.org.uk\/pl\/wp-content\/uploads\/sites\/2\/2020\/12\/Screenshot-2020-12-08-at-20.21.44-220x149.png 220w, https:\/\/centrala.org.uk\/pl\/wp-content\/uploads\/sites\/2\/2020\/12\/Screenshot-2020-12-08-at-20.21.44-640x433.png 640w, https:\/\/centrala.org.uk\/pl\/wp-content\/uploads\/sites\/2\/2020\/12\/Screenshot-2020-12-08-at-20.21.44-768x520.png 768w, https:\/\/centrala.org.uk\/pl\/wp-content\/uploads\/sites\/2\/2020\/12\/Screenshot-2020-12-08-at-20.21.44-210x142.png 210w, https:\/\/centrala.org.uk\/pl\/wp-content\/uploads\/sites\/2\/2020\/12\/Screenshot-2020-12-08-at-20.21.44-480x325.png 480w, https:\/\/centrala.org.uk\/pl\/wp-content\/uploads\/sites\/2\/2020\/12\/Screenshot-2020-12-08-at-20.21.44.png 976w\" sizes=\"auto, (max-width: 220px) 100vw, 220px\" \/><\/a>\n\t\t\t<\/div><\/figure><figure class='gallery-item'>\n\t\t\t<div class='gallery-icon landscape'>\n\t\t\t\t<a href='https:\/\/centrala.org.uk\/pl\/?attachment_id=1932'><img loading=\"lazy\" decoding=\"async\" width=\"220\" height=\"149\" src=\"https:\/\/centrala.org.uk\/pl\/wp-content\/uploads\/sites\/2\/2020\/12\/Screenshot-2020-12-08-at-20.21.54-220x149.png\" class=\"attachment-thumbnail size-thumbnail\" alt=\"\" srcset=\"https:\/\/centrala.org.uk\/pl\/wp-content\/uploads\/sites\/2\/2020\/12\/Screenshot-2020-12-08-at-20.21.54-220x149.png 220w, https:\/\/centrala.org.uk\/pl\/wp-content\/uploads\/sites\/2\/2020\/12\/Screenshot-2020-12-08-at-20.21.54-640x434.png 640w, https:\/\/centrala.org.uk\/pl\/wp-content\/uploads\/sites\/2\/2020\/12\/Screenshot-2020-12-08-at-20.21.54-768x520.png 768w, https:\/\/centrala.org.uk\/pl\/wp-content\/uploads\/sites\/2\/2020\/12\/Screenshot-2020-12-08-at-20.21.54-210x142.png 210w, https:\/\/centrala.org.uk\/pl\/wp-content\/uploads\/sites\/2\/2020\/12\/Screenshot-2020-12-08-at-20.21.54-480x325.png 480w, https:\/\/centrala.org.uk\/pl\/wp-content\/uploads\/sites\/2\/2020\/12\/Screenshot-2020-12-08-at-20.21.54.png 977w\" sizes=\"auto, (max-width: 220px) 100vw, 220px\" \/><\/a>\n\t\t\t<\/div><\/figure><figure class='gallery-item'>\n\t\t\t<div class='gallery-icon landscape'>\n\t\t\t\t<a href='https:\/\/centrala.org.uk\/pl\/?attachment_id=1933'><img loading=\"lazy\" decoding=\"async\" width=\"220\" height=\"150\" src=\"https:\/\/centrala.org.uk\/pl\/wp-content\/uploads\/sites\/2\/2020\/12\/Screenshot-2020-12-08-at-20.22.11-220x150.png\" class=\"attachment-thumbnail size-thumbnail\" alt=\"\" srcset=\"https:\/\/centrala.org.uk\/pl\/wp-content\/uploads\/sites\/2\/2020\/12\/Screenshot-2020-12-08-at-20.22.11-220x150.png 220w, https:\/\/centrala.org.uk\/pl\/wp-content\/uploads\/sites\/2\/2020\/12\/Screenshot-2020-12-08-at-20.22.11-640x436.png 640w, https:\/\/centrala.org.uk\/pl\/wp-content\/uploads\/sites\/2\/2020\/12\/Screenshot-2020-12-08-at-20.22.11-768x523.png 768w, https:\/\/centrala.org.uk\/pl\/wp-content\/uploads\/sites\/2\/2020\/12\/Screenshot-2020-12-08-at-20.22.11-210x143.png 210w, https:\/\/centrala.org.uk\/pl\/wp-content\/uploads\/sites\/2\/2020\/12\/Screenshot-2020-12-08-at-20.22.11-480x327.png 480w, https:\/\/centrala.org.uk\/pl\/wp-content\/uploads\/sites\/2\/2020\/12\/Screenshot-2020-12-08-at-20.22.11.png 975w\" sizes=\"auto, (max-width: 220px) 100vw, 220px\" \/><\/a>\n\t\t\t<\/div><\/figure><figure class='gallery-item'>\n\t\t\t<div class='gallery-icon landscape'>\n\t\t\t\t<a href='https:\/\/centrala.org.uk\/pl\/?attachment_id=1934'><img loading=\"lazy\" decoding=\"async\" width=\"220\" height=\"150\" src=\"https:\/\/centrala.org.uk\/pl\/wp-content\/uploads\/sites\/2\/2020\/12\/Screenshot-2020-12-08-at-20.22.18-220x150.png\" class=\"attachment-thumbnail size-thumbnail\" alt=\"\" srcset=\"https:\/\/centrala.org.uk\/pl\/wp-content\/uploads\/sites\/2\/2020\/12\/Screenshot-2020-12-08-at-20.22.18-220x150.png 220w, https:\/\/centrala.org.uk\/pl\/wp-content\/uploads\/sites\/2\/2020\/12\/Screenshot-2020-12-08-at-20.22.18-640x436.png 640w, https:\/\/centrala.org.uk\/pl\/wp-content\/uploads\/sites\/2\/2020\/12\/Screenshot-2020-12-08-at-20.22.18-768x523.png 768w, https:\/\/centrala.org.uk\/pl\/wp-content\/uploads\/sites\/2\/2020\/12\/Screenshot-2020-12-08-at-20.22.18-210x143.png 210w, https:\/\/centrala.org.uk\/pl\/wp-content\/uploads\/sites\/2\/2020\/12\/Screenshot-2020-12-08-at-20.22.18-480x327.png 480w, https:\/\/centrala.org.uk\/pl\/wp-content\/uploads\/sites\/2\/2020\/12\/Screenshot-2020-12-08-at-20.22.18.png 972w\" sizes=\"auto, (max-width: 220px) 100vw, 220px\" \/><\/a>\n\t\t\t<\/div><\/figure><figure class='gallery-item'>\n\t\t\t<div class='gallery-icon landscape'>\n\t\t\t\t<a href='https:\/\/centrala.org.uk\/pl\/?attachment_id=1935'><img loading=\"lazy\" decoding=\"async\" width=\"220\" height=\"149\" src=\"https:\/\/centrala.org.uk\/pl\/wp-content\/uploads\/sites\/2\/2020\/12\/Screenshot-2020-12-08-at-20.22.36-220x149.png\" class=\"attachment-thumbnail size-thumbnail\" alt=\"\" srcset=\"https:\/\/centrala.org.uk\/pl\/wp-content\/uploads\/sites\/2\/2020\/12\/Screenshot-2020-12-08-at-20.22.36-220x149.png 220w, https:\/\/centrala.org.uk\/pl\/wp-content\/uploads\/sites\/2\/2020\/12\/Screenshot-2020-12-08-at-20.22.36-640x434.png 640w, https:\/\/centrala.org.uk\/pl\/wp-content\/uploads\/sites\/2\/2020\/12\/Screenshot-2020-12-08-at-20.22.36-768x521.png 768w, https:\/\/centrala.org.uk\/pl\/wp-content\/uploads\/sites\/2\/2020\/12\/Screenshot-2020-12-08-at-20.22.36-210x143.png 210w, https:\/\/centrala.org.uk\/pl\/wp-content\/uploads\/sites\/2\/2020\/12\/Screenshot-2020-12-08-at-20.22.36-480x326.png 480w, https:\/\/centrala.org.uk\/pl\/wp-content\/uploads\/sites\/2\/2020\/12\/Screenshot-2020-12-08-at-20.22.36.png 977w\" sizes=\"auto, (max-width: 220px) 100vw, 220px\" \/><\/a>\n\t\t\t<\/div><\/figure><figure class='gallery-item'>\n\t\t\t<div class='gallery-icon landscape'>\n\t\t\t\t<a href='https:\/\/centrala.org.uk\/pl\/?attachment_id=1936'><img loading=\"lazy\" decoding=\"async\" width=\"220\" height=\"150\" src=\"https:\/\/centrala.org.uk\/pl\/wp-content\/uploads\/sites\/2\/2020\/12\/Screenshot-2020-12-08-at-20.22.42-220x150.png\" class=\"attachment-thumbnail size-thumbnail\" alt=\"\" srcset=\"https:\/\/centrala.org.uk\/pl\/wp-content\/uploads\/sites\/2\/2020\/12\/Screenshot-2020-12-08-at-20.22.42-220x150.png 220w, https:\/\/centrala.org.uk\/pl\/wp-content\/uploads\/sites\/2\/2020\/12\/Screenshot-2020-12-08-at-20.22.42-640x437.png 640w, https:\/\/centrala.org.uk\/pl\/wp-content\/uploads\/sites\/2\/2020\/12\/Screenshot-2020-12-08-at-20.22.42-768x524.png 768w, https:\/\/centrala.org.uk\/pl\/wp-content\/uploads\/sites\/2\/2020\/12\/Screenshot-2020-12-08-at-20.22.42-210x143.png 210w, https:\/\/centrala.org.uk\/pl\/wp-content\/uploads\/sites\/2\/2020\/12\/Screenshot-2020-12-08-at-20.22.42-480x327.png 480w, https:\/\/centrala.org.uk\/pl\/wp-content\/uploads\/sites\/2\/2020\/12\/Screenshot-2020-12-08-at-20.22.42.png 975w\" sizes=\"auto, (max-width: 220px) 100vw, 220px\" \/><\/a>\n\t\t\t<\/div><\/figure><figure class='gallery-item'>\n\t\t\t<div class='gallery-icon landscape'>\n\t\t\t\t<a href='https:\/\/centrala.org.uk\/pl\/?attachment_id=1937'><img loading=\"lazy\" decoding=\"async\" width=\"220\" height=\"150\" src=\"https:\/\/centrala.org.uk\/pl\/wp-content\/uploads\/sites\/2\/2020\/12\/Screenshot-2020-12-08-at-20.23.05-220x150.png\" class=\"attachment-thumbnail size-thumbnail\" alt=\"\" srcset=\"https:\/\/centrala.org.uk\/pl\/wp-content\/uploads\/sites\/2\/2020\/12\/Screenshot-2020-12-08-at-20.23.05-220x150.png 220w, https:\/\/centrala.org.uk\/pl\/wp-content\/uploads\/sites\/2\/2020\/12\/Screenshot-2020-12-08-at-20.23.05-640x435.png 640w, https:\/\/centrala.org.uk\/pl\/wp-content\/uploads\/sites\/2\/2020\/12\/Screenshot-2020-12-08-at-20.23.05-768x522.png 768w, https:\/\/centrala.org.uk\/pl\/wp-content\/uploads\/sites\/2\/2020\/12\/Screenshot-2020-12-08-at-20.23.05-210x143.png 210w, https:\/\/centrala.org.uk\/pl\/wp-content\/uploads\/sites\/2\/2020\/12\/Screenshot-2020-12-08-at-20.23.05-480x326.png 480w, https:\/\/centrala.org.uk\/pl\/wp-content\/uploads\/sites\/2\/2020\/12\/Screenshot-2020-12-08-at-20.23.05.png 975w\" sizes=\"auto, (max-width: 220px) 100vw, 220px\" \/><\/a>\n\t\t\t<\/div><\/figure><figure class='gallery-item'>\n\t\t\t<div class='gallery-icon landscape'>\n\t\t\t\t<a href='https:\/\/centrala.org.uk\/pl\/?attachment_id=1938'><img loading=\"lazy\" decoding=\"async\" width=\"220\" height=\"149\" src=\"https:\/\/centrala.org.uk\/pl\/wp-content\/uploads\/sites\/2\/2020\/12\/Screenshot-2020-12-08-at-20.23.08-220x149.png\" class=\"attachment-thumbnail size-thumbnail\" alt=\"\" srcset=\"https:\/\/centrala.org.uk\/pl\/wp-content\/uploads\/sites\/2\/2020\/12\/Screenshot-2020-12-08-at-20.23.08-220x149.png 220w, https:\/\/centrala.org.uk\/pl\/wp-content\/uploads\/sites\/2\/2020\/12\/Screenshot-2020-12-08-at-20.23.08-640x433.png 640w, https:\/\/centrala.org.uk\/pl\/wp-content\/uploads\/sites\/2\/2020\/12\/Screenshot-2020-12-08-at-20.23.08-768x520.png 768w, https:\/\/centrala.org.uk\/pl\/wp-content\/uploads\/sites\/2\/2020\/12\/Screenshot-2020-12-08-at-20.23.08-210x142.png 210w, https:\/\/centrala.org.uk\/pl\/wp-content\/uploads\/sites\/2\/2020\/12\/Screenshot-2020-12-08-at-20.23.08-480x325.png 480w, https:\/\/centrala.org.uk\/pl\/wp-content\/uploads\/sites\/2\/2020\/12\/Screenshot-2020-12-08-at-20.23.08.png 977w\" sizes=\"auto, (max-width: 220px) 100vw, 220px\" \/><\/a>\n\t\t\t<\/div><\/figure><figure class='gallery-item'>\n\t\t\t<div class='gallery-icon landscape'>\n\t\t\t\t<a href='https:\/\/centrala.org.uk\/pl\/?attachment_id=1939'><img loading=\"lazy\" decoding=\"async\" width=\"220\" height=\"150\" src=\"https:\/\/centrala.org.uk\/pl\/wp-content\/uploads\/sites\/2\/2020\/12\/Screenshot-2020-12-08-at-20.23.12-220x150.png\" class=\"attachment-thumbnail size-thumbnail\" alt=\"\" srcset=\"https:\/\/centrala.org.uk\/pl\/wp-content\/uploads\/sites\/2\/2020\/12\/Screenshot-2020-12-08-at-20.23.12-220x150.png 220w, https:\/\/centrala.org.uk\/pl\/wp-content\/uploads\/sites\/2\/2020\/12\/Screenshot-2020-12-08-at-20.23.12-640x435.png 640w, https:\/\/centrala.org.uk\/pl\/wp-content\/uploads\/sites\/2\/2020\/12\/Screenshot-2020-12-08-at-20.23.12-768x522.png 768w, https:\/\/centrala.org.uk\/pl\/wp-content\/uploads\/sites\/2\/2020\/12\/Screenshot-2020-12-08-at-20.23.12-210x143.png 210w, https:\/\/centrala.org.uk\/pl\/wp-content\/uploads\/sites\/2\/2020\/12\/Screenshot-2020-12-08-at-20.23.12-480x326.png 480w, https:\/\/centrala.org.uk\/pl\/wp-content\/uploads\/sites\/2\/2020\/12\/Screenshot-2020-12-08-at-20.23.12.png 972w\" sizes=\"auto, (max-width: 220px) 100vw, 220px\" \/><\/a>\n\t\t\t<\/div><\/figure>\n\t\t<\/div>\n\n<\/div>\n<\/div>\n<\/div>\n<\/div>\n","protected":false},"excerpt":{"rendered":"<div class=\"page\" title=\"Page 1\">\n<div class=\"section\">\n<div class=\"layoutArea\">\n<div class=\"column\">\n<p>Wyja\u0328tkowy leksykon nieprzecie\u0328tnych postaci, dyscyplin, wyczyno\u0301w i osia\u0328gnie\u0328c\u0301 ale i poraz\u0307ek. Sportowa ksie\u0328ga rekordo\u0301w, kto\u0301re nie zawsze da sie\u0328 mierzyc\u0301 cyframi.<\/p>\n<\/div>\n<\/div>\n<\/div>\n<\/div>\n","protected":false},"featured_media":1928,"comment_status":"closed","ping_status":"closed","template":"","meta":{"_acf_changed":false},"product_brand":[],"product_cat":[47,32],"product_tag":[24,9918,9956,9953,9955,9954,275],"series":[10112],"class_list":{"0":"post-1927","1":"product","2":"type-product","3":"status-publish","4":"has-post-thumbnail","6":"product_cat-dla-mlodziezy","7":"product_cat-komiks","8":"product_tag-historia","9":"product_tag-historia-kobiet","10":"product_tag-kultura","11":"product_tag-seria-zycie","12":"product_tag-spoleczenstwo","13":"product_tag-sport","14":"product_tag-till-lukat","15":"series-zycie","17":"first","18":"instock","19":"shipping-taxable","20":"purchasable","21":"product-type-simple"},"acf":[],"_links":{"self":[{"href":"https:\/\/centrala.org.uk\/pl\/wp-json\/wp\/v2\/product\/1927","targetHints":{"allow":["GET"]}}],"collection":[{"href":"https:\/\/centrala.org.uk\/pl\/wp-json\/wp\/v2\/product"}],"about":[{"href":"https:\/\/centrala.org.uk\/pl\/wp-json\/wp\/v2\/types\/product"}],"replies":[{"embeddable":true,"href":"https:\/\/centrala.org.uk\/pl\/wp-json\/wp\/v2\/comments?post=1927"}],"wp:featuredmedia":[{"embeddable":true,"href":"https:\/\/centrala.org.uk\/pl\/wp-json\/wp\/v2\/media\/1928"}],"wp:attachment":[{"href":"https:\/\/centrala.org.uk\/pl\/wp-json\/wp\/v2\/media?parent=1927"}],"wp:term":[{"taxonomy":"product_brand","embeddable":true,"href":"https:\/\/centrala.org.uk\/pl\/wp-json\/wp\/v2\/product_brand?post=1927"},{"taxonomy":"product_cat","embeddable":true,"href":"https:\/\/centrala.org.uk\/pl\/wp-json\/wp\/v2\/product_cat?post=1927"},{"taxonomy":"product_tag","embeddable":true,"href":"https:\/\/centrala.org.uk\/pl\/wp-json\/wp\/v2\/product_tag?post=1927"},{"taxonomy":"series","embeddable":true,"href":"https:\/\/centrala.org.uk\/pl\/wp-json\/wp\/v2\/series?post=1927"}],"curies":[{"name":"wp","href":"https:\/\/api.w.org\/{rel}","templated":true}]}}