{"id":1944,"date":"2020-12-15T13:56:01","date_gmt":"2020-12-15T12:56:01","guid":{"rendered":"http:\/\/centrala.org.uk\/pl\/?post_type=product&#038;p=1944"},"modified":"2021-04-28T00:56:16","modified_gmt":"2021-04-27T22:56:16","slug":"koszulka-jarmil-2020","status":"publish","type":"product","link":"https:\/\/centrala.org.uk\/pl\/sklep\/koszulka-jarmil-2020\/","title":{"rendered":"Koszulka Jarmil 2020"},"content":{"rendered":"<div id='gallery-1' class='gallery galleryid-1944 gallery-columns-3 gallery-size-thumbnail'><figure class='gallery-item'>\n\t\t\t<div class='gallery-icon portrait'>\n\t\t\t\t<a href='https:\/\/centrala.org.uk\/pl\/?attachment_id=1946'><img loading=\"lazy\" decoding=\"async\" width=\"220\" height=\"288\" src=\"https:\/\/centrala.org.uk\/pl\/wp-content\/uploads\/sites\/2\/2020\/12\/zelena_holka-220x288.jpg\" class=\"attachment-thumbnail size-thumbnail\" alt=\"\" srcset=\"https:\/\/centrala.org.uk\/pl\/wp-content\/uploads\/sites\/2\/2020\/12\/zelena_holka-220x288.jpg 220w, https:\/\/centrala.org.uk\/pl\/wp-content\/uploads\/sites\/2\/2020\/12\/zelena_holka-640x837.jpg 640w, https:\/\/centrala.org.uk\/pl\/wp-content\/uploads\/sites\/2\/2020\/12\/zelena_holka-768x1005.jpg 768w, https:\/\/centrala.org.uk\/pl\/wp-content\/uploads\/sites\/2\/2020\/12\/zelena_holka-688x900.jpg 688w, https:\/\/centrala.org.uk\/pl\/wp-content\/uploads\/sites\/2\/2020\/12\/zelena_holka-210x275.jpg 210w, https:\/\/centrala.org.uk\/pl\/wp-content\/uploads\/sites\/2\/2020\/12\/zelena_holka-480x628.jpg 480w, https:\/\/centrala.org.uk\/pl\/wp-content\/uploads\/sites\/2\/2020\/12\/zelena_holka.jpg 1089w\" sizes=\"auto, (max-width: 220px) 100vw, 220px\" \/><\/a>\n\t\t\t<\/div><\/figure><figure class='gallery-item'>\n\t\t\t<div class='gallery-icon portrait'>\n\t\t\t\t<a href='https:\/\/centrala.org.uk\/pl\/?attachment_id=1947'><img loading=\"lazy\" decoding=\"async\" width=\"220\" height=\"333\" src=\"https:\/\/centrala.org.uk\/pl\/wp-content\/uploads\/sites\/2\/2020\/12\/zelena_kluk-220x333.jpg\" class=\"attachment-thumbnail size-thumbnail\" alt=\"\" srcset=\"https:\/\/centrala.org.uk\/pl\/wp-content\/uploads\/sites\/2\/2020\/12\/zelena_kluk-220x333.jpg 220w, https:\/\/centrala.org.uk\/pl\/wp-content\/uploads\/sites\/2\/2020\/12\/zelena_kluk-640x970.jpg 640w, https:\/\/centrala.org.uk\/pl\/wp-content\/uploads\/sites\/2\/2020\/12\/zelena_kluk-768x1164.jpg 768w, https:\/\/centrala.org.uk\/pl\/wp-content\/uploads\/sites\/2\/2020\/12\/zelena_kluk-594x900.jpg 594w, https:\/\/centrala.org.uk\/pl\/wp-content\/uploads\/sites\/2\/2020\/12\/zelena_kluk-210x318.jpg 210w, https:\/\/centrala.org.uk\/pl\/wp-content\/uploads\/sites\/2\/2020\/12\/zelena_kluk-480x728.jpg 480w, https:\/\/centrala.org.uk\/pl\/wp-content\/uploads\/sites\/2\/2020\/12\/zelena_kluk.jpg 1010w\" sizes=\"auto, (max-width: 220px) 100vw, 220px\" \/><\/a>\n\t\t\t<\/div><\/figure><figure class='gallery-item'>\n\t\t\t<div class='gallery-icon portrait'>\n\t\t\t\t<a href='https:\/\/centrala.org.uk\/pl\/?attachment_id=1948'><img loading=\"lazy\" decoding=\"async\" width=\"220\" height=\"368\" src=\"https:\/\/centrala.org.uk\/pl\/wp-content\/uploads\/sites\/2\/2020\/12\/bila_kluk-220x368.jpg\" class=\"attachment-thumbnail size-thumbnail\" alt=\"\" srcset=\"https:\/\/centrala.org.uk\/pl\/wp-content\/uploads\/sites\/2\/2020\/12\/bila_kluk-220x368.jpg 220w, https:\/\/centrala.org.uk\/pl\/wp-content\/uploads\/sites\/2\/2020\/12\/bila_kluk-640x1071.jpg 640w, https:\/\/centrala.org.uk\/pl\/wp-content\/uploads\/sites\/2\/2020\/12\/bila_kluk-768x1285.jpg 768w, https:\/\/centrala.org.uk\/pl\/wp-content\/uploads\/sites\/2\/2020\/12\/bila_kluk-918x1536.jpg 918w, https:\/\/centrala.org.uk\/pl\/wp-content\/uploads\/sites\/2\/2020\/12\/bila_kluk-538x900.jpg 538w, https:\/\/centrala.org.uk\/pl\/wp-content\/uploads\/sites\/2\/2020\/12\/bila_kluk-210x351.jpg 210w, https:\/\/centrala.org.uk\/pl\/wp-content\/uploads\/sites\/2\/2020\/12\/bila_kluk-480x803.jpg 480w, https:\/\/centrala.org.uk\/pl\/wp-content\/uploads\/sites\/2\/2020\/12\/bila_kluk.jpg 952w\" sizes=\"auto, (max-width: 220px) 100vw, 220px\" \/><\/a>\n\t\t\t<\/div><\/figure><figure class='gallery-item'>\n\t\t\t<div class='gallery-icon portrait'>\n\t\t\t\t<a href='https:\/\/centrala.org.uk\/pl\/?attachment_id=1949'><img loading=\"lazy\" decoding=\"async\" width=\"220\" height=\"338\" src=\"https:\/\/centrala.org.uk\/pl\/wp-content\/uploads\/sites\/2\/2020\/12\/ruzova-holka-1-220x338.jpg\" class=\"attachment-thumbnail size-thumbnail\" alt=\"\" srcset=\"https:\/\/centrala.org.uk\/pl\/wp-content\/uploads\/sites\/2\/2020\/12\/ruzova-holka-1-220x338.jpg 220w, https:\/\/centrala.org.uk\/pl\/wp-content\/uploads\/sites\/2\/2020\/12\/ruzova-holka-1-640x984.jpg 640w, https:\/\/centrala.org.uk\/pl\/wp-content\/uploads\/sites\/2\/2020\/12\/ruzova-holka-1-768x1181.jpg 768w, https:\/\/centrala.org.uk\/pl\/wp-content\/uploads\/sites\/2\/2020\/12\/ruzova-holka-1-585x900.jpg 585w, https:\/\/centrala.org.uk\/pl\/wp-content\/uploads\/sites\/2\/2020\/12\/ruzova-holka-1-210x323.jpg 210w, https:\/\/centrala.org.uk\/pl\/wp-content\/uploads\/sites\/2\/2020\/12\/ruzova-holka-1-480x738.jpg 480w, https:\/\/centrala.org.uk\/pl\/wp-content\/uploads\/sites\/2\/2020\/12\/ruzova-holka-1.jpg 996w\" sizes=\"auto, (max-width: 220px) 100vw, 220px\" \/><\/a>\n\t\t\t<\/div><\/figure><figure class='gallery-item'>\n\t\t\t<div class='gallery-icon portrait'>\n\t\t\t\t<a href='https:\/\/centrala.org.uk\/pl\/?attachment_id=1950'><img loading=\"lazy\" decoding=\"async\" width=\"220\" height=\"364\" src=\"https:\/\/centrala.org.uk\/pl\/wp-content\/uploads\/sites\/2\/2020\/12\/sediva_kluk-220x364.jpg\" class=\"attachment-thumbnail size-thumbnail\" alt=\"\" srcset=\"https:\/\/centrala.org.uk\/pl\/wp-content\/uploads\/sites\/2\/2020\/12\/sediva_kluk-220x364.jpg 220w, https:\/\/centrala.org.uk\/pl\/wp-content\/uploads\/sites\/2\/2020\/12\/sediva_kluk-640x1060.jpg 640w, https:\/\/centrala.org.uk\/pl\/wp-content\/uploads\/sites\/2\/2020\/12\/sediva_kluk-768x1271.jpg 768w, https:\/\/centrala.org.uk\/pl\/wp-content\/uploads\/sites\/2\/2020\/12\/sediva_kluk-928x1536.jpg 928w, https:\/\/centrala.org.uk\/pl\/wp-content\/uploads\/sites\/2\/2020\/12\/sediva_kluk-544x900.jpg 544w, https:\/\/centrala.org.uk\/pl\/wp-content\/uploads\/sites\/2\/2020\/12\/sediva_kluk-210x348.jpg 210w, https:\/\/centrala.org.uk\/pl\/wp-content\/uploads\/sites\/2\/2020\/12\/sediva_kluk-480x795.jpg 480w, https:\/\/centrala.org.uk\/pl\/wp-content\/uploads\/sites\/2\/2020\/12\/sediva_kluk.jpg 958w\" sizes=\"auto, (max-width: 220px) 100vw, 220px\" \/><\/a>\n\t\t\t<\/div><\/figure>\n\t\t<\/div>\n\n<p>No c\u00f3\u017c. Kto czyta\u0142 Jarmila ten wie jak to si\u0119 sko\u0144czy\u0142o. Kto nie czyta\u0142 mo\u017ce tylko westchn\u0105\u0107: tak to si\u0119 czasami ko\u0144czy.<\/p>\n<p>W 2021 roku b\u0119dziemy realizowali projekt #rokdiab\u0142a #najnowszaczeskaliteraturagraficzna w ramach kt\u00f3rego wydamy 8 wyj\u0105tkowych ksi\u0105\u017cek.<\/p>\n<p>Z tej okazji wypu\u015bcili\u015bmy limitowan\u0105 seri\u0119 koszulek w czterech kolorach.<\/p>\n<p>Szary, Bia\u0142y, Zielony, R\u00f3\u017cowy<\/p>\n<p>Prosimy poda\u0107 w zam\u00f3wieniu kolor i rozmiar<\/p>\n<p>Zapraszamy!<\/p>\n","protected":false},"excerpt":{"rendered":"<p>No c\u00f3\u017c. Kto czyta\u0142 Jarmila ten wie jak to si\u0119 sko\u0144czy\u0142o. Kto nie czyta\u0142 mo\u017ce tylko westchn\u0105\u0107: tak to si\u0119 czasami ko\u0144czy. W 2021 roku b\u0119dziemy realizowali projekt #rokdiab\u0142a #najnowszaczeskaliteraturagraficzna w ramach kt\u00f3rego wydamy 8 wyj\u0105tkowych ksi\u0105\u017cek. Z tej okazji wypu\u015bcili\u015bmy limitowan\u0105 seri\u0119 koszulek w czterech kolorach. Szary, Bia\u0142y, Zielony, R\u00f3\u017cowy Prosimy poda\u0107 w zam\u00f3wieniu [&hellip;]<\/p>\n","protected":false},"featured_media":1945,"comment_status":"closed","ping_status":"closed","template":"","meta":{"_acf_changed":false},"product_brand":[],"product_cat":[9916],"product_tag":[9964,9965,9967,9966,10036,10037],"series":[],"class_list":{"0":"post-1944","1":"product","2":"type-product","3":"status-publish","4":"has-post-thumbnail","6":"product_cat-bez-kategorii","7":"product_tag-jarmil","8":"product_tag-koszulki","9":"product_tag-najnowszaczeskaliteraturagraficzna","10":"product_tag-rokdiabla","11":"product_tag-tekstylia","12":"product_tag-tylko-u-nas","14":"first","15":"instock","16":"shipping-taxable","17":"purchasable","18":"product-type-simple"},"acf":[],"_links":{"self":[{"href":"https:\/\/centrala.org.uk\/pl\/wp-json\/wp\/v2\/product\/1944","targetHints":{"allow":["GET"]}}],"collection":[{"href":"https:\/\/centrala.org.uk\/pl\/wp-json\/wp\/v2\/product"}],"about":[{"href":"https:\/\/centrala.org.uk\/pl\/wp-json\/wp\/v2\/types\/product"}],"replies":[{"embeddable":true,"href":"https:\/\/centrala.org.uk\/pl\/wp-json\/wp\/v2\/comments?post=1944"}],"wp:featuredmedia":[{"embeddable":true,"href":"https:\/\/centrala.org.uk\/pl\/wp-json\/wp\/v2\/media\/1945"}],"wp:attachment":[{"href":"https:\/\/centrala.org.uk\/pl\/wp-json\/wp\/v2\/media?parent=1944"}],"wp:term":[{"taxonomy":"product_brand","embeddable":true,"href":"https:\/\/centrala.org.uk\/pl\/wp-json\/wp\/v2\/product_brand?post=1944"},{"taxonomy":"product_cat","embeddable":true,"href":"https:\/\/centrala.org.uk\/pl\/wp-json\/wp\/v2\/product_cat?post=1944"},{"taxonomy":"product_tag","embeddable":true,"href":"https:\/\/centrala.org.uk\/pl\/wp-json\/wp\/v2\/product_tag?post=1944"},{"taxonomy":"series","embeddable":true,"href":"https:\/\/centrala.org.uk\/pl\/wp-json\/wp\/v2\/series?post=1944"}],"curies":[{"name":"wp","href":"https:\/\/api.w.org\/{rel}","templated":true}]}}