{"id":1969,"date":"2021-01-12T17:23:24","date_gmt":"2021-01-12T16:23:24","guid":{"rendered":"http:\/\/centrala.org.uk\/pl\/?post_type=product&#038;p=1969"},"modified":"2021-01-12T17:23:24","modified_gmt":"2021-01-12T16:23:24","slug":"jak-schudnac-30-kg-prawdziwa-historia-milosna-wydanie-ii","status":"publish","type":"product","link":"https:\/\/centrala.org.uk\/pl\/sklep\/jak-schudnac-30-kg-prawdziwa-historia-milosna-wydanie-ii\/","title":{"rendered":"Jak schudn\u0105\u0107 30 kg? Prawdziwa historia mi\u0142osna. Wydanie II"},"content":{"rendered":"<p>Urzekaj\u0105ca, przepe\u0142niona ciep\u0142em powie\u015b\u0107 graficzna o toksycznym cyberromansie, przezwyci\u0119\u017caniu w\u0142asnych s\u0142abo\u015bci i zdobywaniu nieosi\u0105galnych &#8211; zdawa\u0142oby si\u0119 &#8211; szczyt\u00f3w<br \/>\nCraig Thompson<\/p>\n<p>To opowie\u015b\u0107 o tym, jak nasze my\u015blenie o mi\u0142o\u015bci sformatowa\u0142a popkultura i jak doprowadzili\u015bmy do tego, \u017ce zakochujemy si\u0119 w ludziach, kt\u00f3rzy nie istniej\u0105. Uwielbiam<br \/>\nAline Kominsky-Crumb<\/p>\n<p>Jest co\u015b bardzo poci\u0105gaj\u0105cego w byciu okrutnym wobec siebie. Je\u015bli masz lewicow\u0105 wra\u017cliwo\u015b\u0107, to starasz si\u0119 nie by\u0107 okrutnym wobec nikogo. Ale jednak masz w sobie troch\u0119 okrucie\u0144stwa, wi\u0119c z czystym sumieniem mo\u017cesz by\u0107 okrutny tylko wobec siebie. I ja to lubi\u0119.<br \/>\nz wywiadu z Przemkiem Guld\u0105 dla Wyborcza.pl<\/p>\n<p>Bohater tego autobiografizuj\u0105cego komiksu jest grubasem. Ma 25 lat i jest niezbyt zadowolony ze swego cia\u0142a, \u017cycia i pracy. Prowadzi bloga i zostaje zaczepiony przez czytelniczk\u0119, m\u0142od\u0105 kobiet\u0119 pracuj\u0105c\u0105 za granic\u0105. Rozkwita romans esemesowo-internetowy. Ona ma go odwiedzi\u0107 przy okazji pobytu w Polsce, ale w ostatniej chwili si\u0119 wymiguje. On szuka o niej informacji w necie i znajduje. Jego mi\u0142o\u015b\u0107 jest gimnazjalistk\u0105. Czuje si\u0119 jak idiota, ale zamiast j\u0105 spu\u015bci\u0107, a sobie odpu\u015bci\u0107, prosi o nagie fotki. Dostaje. Ale nie dostaje wiele wi\u0119cej.<\/p>\n<p style=\"text-align: right\">To \u015bwietnie opowiedziana historia mi\u0142osnej obsesji, kt\u00f3rej obiekt w gruncie rzeczy nie istnieje. Prawie wszystko dzieje si\u0119 w g\u0142owie, sercu i penisie \u2013 pod tym wzgl\u0119dem to do\u015b\u0107 odwa\u017cny komiks \u2013 bohatera. Kt\u00f3ry w zasadzie wie, co si\u0119 z nim dzieje, ale nie potrafi nad tym zapanowa\u0107. W tym wypadku nie mamy k\u0142opot\u00f3w z empati\u0105. Jest to te\u017c zabawne.<br \/>\nJe\u015bli kto\u015b chce dopisa\u0107 do tego jak\u0105\u015b grubsz\u0105 interpretacj\u0119, to mo\u017cna powiedzie\u0107, \u017ce jest to przypowie\u015b\u0107 o mi\u0142osnych fantazmatach w \u015bwiecie internetu i telefonii kom\u00f3rkowej.<br \/>\nA co z odchudzaniem? Tomek zdradza nam dwa sposoby, dzi\u0119ki kt\u00f3rym straci\u0142 tytu\u0142owe 30 kg:<br \/>\nPierwszy. Przesta\u0142em je\u015b\u0107. Zupe\u0142nie. \u017by\u0142em tylko dzi\u0119ki kawie, piwu i fajkom. Ponad 10 miesi\u0119cy nieko\u0144cz\u0105cej si\u0119 depresji. Palenia, tabs\u00f3w, wymiot\u00f3w, pija\u0144stwa.<br \/>\nDrugi. Kurwa, po prostu wzi\u0105\u0142em si\u0119 za siebie. Codziennie 40 minut na rowerku. Raz w tygodniu godzina na basenie. Na rowerze do pracy. Wywali\u0142em z diety t\u0142uszcz, s\u0142odycze, chipsy, s\u0142odkie napoje. Uregulowa\u0142em posi\u0142ki. Policzy\u0142em kalorie.<br \/>\nKa\u017cdy mo\u017ce sobie wybra\u0107 kt\u00f3ry\u015b z tych sposob\u00f3w, najpierw jednak potrzebne jest fatalne zauroczenie.<br \/>\nKinga Dunin<br \/>\nKrytyka Polityczna<\/p>\n<div id='gallery-1' class='gallery galleryid-1969 gallery-columns-3 gallery-size-thumbnail'><figure class='gallery-item'>\n\t\t\t<div class='gallery-icon portrait'>\n\t\t\t\t<a href='https:\/\/centrala.org.uk\/pl\/?attachment_id=1970'><img loading=\"lazy\" decoding=\"async\" width=\"220\" height=\"311\" src=\"https:\/\/centrala.org.uk\/pl\/wp-content\/uploads\/sites\/2\/2021\/01\/z21969168Q-Jak-schudnac-30-kg-Prawdziwa-historia-milosna--220x311.jpg\" class=\"attachment-thumbnail size-thumbnail\" alt=\"\" srcset=\"https:\/\/centrala.org.uk\/pl\/wp-content\/uploads\/sites\/2\/2021\/01\/z21969168Q-Jak-schudnac-30-kg-Prawdziwa-historia-milosna--220x311.jpg 220w, https:\/\/centrala.org.uk\/pl\/wp-content\/uploads\/sites\/2\/2021\/01\/z21969168Q-Jak-schudnac-30-kg-Prawdziwa-historia-milosna--210x297.jpg 210w, https:\/\/centrala.org.uk\/pl\/wp-content\/uploads\/sites\/2\/2021\/01\/z21969168Q-Jak-schudnac-30-kg-Prawdziwa-historia-milosna--480x679.jpg 480w, https:\/\/centrala.org.uk\/pl\/wp-content\/uploads\/sites\/2\/2021\/01\/z21969168Q-Jak-schudnac-30-kg-Prawdziwa-historia-milosna-.jpg 620w\" sizes=\"auto, (max-width: 220px) 100vw, 220px\" \/><\/a>\n\t\t\t<\/div><\/figure><figure class='gallery-item'>\n\t\t\t<div class='gallery-icon portrait'>\n\t\t\t\t<a href='https:\/\/centrala.org.uk\/pl\/?attachment_id=1971'><img loading=\"lazy\" decoding=\"async\" width=\"220\" height=\"312\" src=\"https:\/\/centrala.org.uk\/pl\/wp-content\/uploads\/sites\/2\/2021\/01\/z21969190Q-Jak-schudnac-30-kg-Prawdziwa-historia-milosna--220x312.jpg\" class=\"attachment-thumbnail size-thumbnail\" alt=\"\" srcset=\"https:\/\/centrala.org.uk\/pl\/wp-content\/uploads\/sites\/2\/2021\/01\/z21969190Q-Jak-schudnac-30-kg-Prawdziwa-historia-milosna--220x312.jpg 220w, https:\/\/centrala.org.uk\/pl\/wp-content\/uploads\/sites\/2\/2021\/01\/z21969190Q-Jak-schudnac-30-kg-Prawdziwa-historia-milosna--210x297.jpg 210w, https:\/\/centrala.org.uk\/pl\/wp-content\/uploads\/sites\/2\/2021\/01\/z21969190Q-Jak-schudnac-30-kg-Prawdziwa-historia-milosna--480x680.jpg 480w, https:\/\/centrala.org.uk\/pl\/wp-content\/uploads\/sites\/2\/2021\/01\/z21969190Q-Jak-schudnac-30-kg-Prawdziwa-historia-milosna-.jpg 620w\" sizes=\"auto, (max-width: 220px) 100vw, 220px\" \/><\/a>\n\t\t\t<\/div><\/figure>\n\t\t<\/div>\n\n","protected":false},"excerpt":{"rendered":"<p>Urzekaj\u0105ca, przepe\u0142niona ciep\u0142em powie\u015b\u0107 graficzna o toksycznym cyberromansie, przezwyci\u0119\u017caniu w\u0142asnych s\u0142abo\u015bci i zdobywaniu nieosi\u0105galnych &#8211; zdawa\u0142oby si\u0119 &#8211; szczyt\u00f3w<br \/>\nCraig Thompson<\/p>\n","protected":false},"featured_media":1965,"comment_status":"closed","ping_status":"closed","template":"","meta":{"_acf_changed":false},"product_brand":[],"product_cat":[27,32],"product_tag":[9972,205,204,118,38,9970,9973,9971],"series":[10112],"class_list":{"0":"post-1969","1":"product","2":"type-product","3":"status-publish","4":"has-post-thumbnail","6":"product_cat-powiesc-graficzna","7":"product_cat-komiks","8":"product_tag-maciej-palka","9":"product_tag-polska-rzeczywistosc","10":"product_tag-polska-rzeczywistosc-w-komiksie","11":"product_tag-polski-komiks","12":"product_tag-polskie","13":"product_tag-romans","14":"product_tag-tomasz-pstragowski","15":"product_tag-walentynki","16":"series-zycie","18":"first","19":"instock","20":"shipping-taxable","21":"purchasable","22":"product-type-simple"},"acf":[],"_links":{"self":[{"href":"https:\/\/centrala.org.uk\/pl\/wp-json\/wp\/v2\/product\/1969","targetHints":{"allow":["GET"]}}],"collection":[{"href":"https:\/\/centrala.org.uk\/pl\/wp-json\/wp\/v2\/product"}],"about":[{"href":"https:\/\/centrala.org.uk\/pl\/wp-json\/wp\/v2\/types\/product"}],"replies":[{"embeddable":true,"href":"https:\/\/centrala.org.uk\/pl\/wp-json\/wp\/v2\/comments?post=1969"}],"wp:featuredmedia":[{"embeddable":true,"href":"https:\/\/centrala.org.uk\/pl\/wp-json\/wp\/v2\/media\/1965"}],"wp:attachment":[{"href":"https:\/\/centrala.org.uk\/pl\/wp-json\/wp\/v2\/media?parent=1969"}],"wp:term":[{"taxonomy":"product_brand","embeddable":true,"href":"https:\/\/centrala.org.uk\/pl\/wp-json\/wp\/v2\/product_brand?post=1969"},{"taxonomy":"product_cat","embeddable":true,"href":"https:\/\/centrala.org.uk\/pl\/wp-json\/wp\/v2\/product_cat?post=1969"},{"taxonomy":"product_tag","embeddable":true,"href":"https:\/\/centrala.org.uk\/pl\/wp-json\/wp\/v2\/product_tag?post=1969"},{"taxonomy":"series","embeddable":true,"href":"https:\/\/centrala.org.uk\/pl\/wp-json\/wp\/v2\/series?post=1969"}],"curies":[{"name":"wp","href":"https:\/\/api.w.org\/{rel}","templated":true}]}}