{"id":2017,"date":"2021-04-09T00:54:02","date_gmt":"2021-04-08T22:54:02","guid":{"rendered":"http:\/\/centrala.org.uk\/pl\/?post_type=product&#038;p=2017"},"modified":"2021-04-09T01:30:09","modified_gmt":"2021-04-08T23:30:09","slug":"panic-dziennik-pandemiczny-z-wloch","status":"publish","type":"product","link":"https:\/\/centrala.org.uk\/pl\/sklep\/panic-dziennik-pandemiczny-z-wloch\/","title":{"rendered":"Panic! Dziennik pandemiczny z W\u0142och"},"content":{"rendered":"<p>Diego boi si\u0119 wszystkiego i chce na zawsze zamkn\u0105\u0107 si\u0119 w swoim domu. Viola nosi tylko pi\u017cam\u0119 i obawia si\u0119, \u017ce jej rodzina zostanie zara\u017cona. Maj\u0105 psa o imieniu Panika, kt\u00f3ry podczas lockdownu gwa\u0142townie ro\u015bnie, a zakupy spo\u017cywcze czyszcz\u0105 \u017celem dezynfekuj\u0105cym. Komiks ten niczym szk\u0142o powi\u0119kszaj\u0105ce przybli\u017ca nam ekosystem Violi i Diego: ich dom. To historia ich l\u0119k\u00f3w. Panika jest autobiograficzn\u0105 opowie\u015bci\u0105, w kt\u00f3rej odkrywamy, \u017ce nawet dom mo\u017ce sta\u0107 si\u0119 zat\u0142oczonym miejscem.<\/p>\n<div id='gallery-1' class='gallery galleryid-2017 gallery-columns-3 gallery-size-thumbnail'><figure class='gallery-item'>\n\t\t\t<div class='gallery-icon portrait'>\n\t\t\t\t<a href='https:\/\/centrala.org.uk\/pl\/?attachment_id=2019'><img loading=\"lazy\" decoding=\"async\" width=\"220\" height=\"285\" src=\"https:\/\/centrala.org.uk\/pl\/wp-content\/uploads\/sites\/2\/2021\/04\/PANIK_PL_JPG9-220x285.jpg\" class=\"attachment-thumbnail size-thumbnail\" alt=\"\" srcset=\"https:\/\/centrala.org.uk\/pl\/wp-content\/uploads\/sites\/2\/2021\/04\/PANIK_PL_JPG9-220x285.jpg 220w, https:\/\/centrala.org.uk\/pl\/wp-content\/uploads\/sites\/2\/2021\/04\/PANIK_PL_JPG9-640x829.jpg 640w, https:\/\/centrala.org.uk\/pl\/wp-content\/uploads\/sites\/2\/2021\/04\/PANIK_PL_JPG9-768x994.jpg 768w, https:\/\/centrala.org.uk\/pl\/wp-content\/uploads\/sites\/2\/2021\/04\/PANIK_PL_JPG9-695x900.jpg 695w, https:\/\/centrala.org.uk\/pl\/wp-content\/uploads\/sites\/2\/2021\/04\/PANIK_PL_JPG9-210x272.jpg 210w, https:\/\/centrala.org.uk\/pl\/wp-content\/uploads\/sites\/2\/2021\/04\/PANIK_PL_JPG9-480x622.jpg 480w, https:\/\/centrala.org.uk\/pl\/wp-content\/uploads\/sites\/2\/2021\/04\/PANIK_PL_JPG9.jpg 1004w\" sizes=\"auto, (max-width: 220px) 100vw, 220px\" \/><\/a>\n\t\t\t<\/div><\/figure><figure class='gallery-item'>\n\t\t\t<div class='gallery-icon portrait'>\n\t\t\t\t<a href='https:\/\/centrala.org.uk\/pl\/?attachment_id=2020'><img loading=\"lazy\" decoding=\"async\" width=\"220\" height=\"285\" src=\"https:\/\/centrala.org.uk\/pl\/wp-content\/uploads\/sites\/2\/2021\/04\/PANIK_PL_JPG10-220x285.jpg\" class=\"attachment-thumbnail size-thumbnail\" alt=\"\" srcset=\"https:\/\/centrala.org.uk\/pl\/wp-content\/uploads\/sites\/2\/2021\/04\/PANIK_PL_JPG10-220x285.jpg 220w, https:\/\/centrala.org.uk\/pl\/wp-content\/uploads\/sites\/2\/2021\/04\/PANIK_PL_JPG10-640x829.jpg 640w, https:\/\/centrala.org.uk\/pl\/wp-content\/uploads\/sites\/2\/2021\/04\/PANIK_PL_JPG10-768x994.jpg 768w, https:\/\/centrala.org.uk\/pl\/wp-content\/uploads\/sites\/2\/2021\/04\/PANIK_PL_JPG10-695x900.jpg 695w, https:\/\/centrala.org.uk\/pl\/wp-content\/uploads\/sites\/2\/2021\/04\/PANIK_PL_JPG10-210x272.jpg 210w, https:\/\/centrala.org.uk\/pl\/wp-content\/uploads\/sites\/2\/2021\/04\/PANIK_PL_JPG10-480x622.jpg 480w, https:\/\/centrala.org.uk\/pl\/wp-content\/uploads\/sites\/2\/2021\/04\/PANIK_PL_JPG10.jpg 1004w\" sizes=\"auto, (max-width: 220px) 100vw, 220px\" \/><\/a>\n\t\t\t<\/div><\/figure><figure class='gallery-item'>\n\t\t\t<div class='gallery-icon portrait'>\n\t\t\t\t<a href='https:\/\/centrala.org.uk\/pl\/?attachment_id=2021'><img loading=\"lazy\" decoding=\"async\" width=\"220\" height=\"285\" src=\"https:\/\/centrala.org.uk\/pl\/wp-content\/uploads\/sites\/2\/2021\/04\/PANIK_PL_JPG11-220x285.jpg\" class=\"attachment-thumbnail size-thumbnail\" alt=\"\" srcset=\"https:\/\/centrala.org.uk\/pl\/wp-content\/uploads\/sites\/2\/2021\/04\/PANIK_PL_JPG11-220x285.jpg 220w, https:\/\/centrala.org.uk\/pl\/wp-content\/uploads\/sites\/2\/2021\/04\/PANIK_PL_JPG11-640x829.jpg 640w, https:\/\/centrala.org.uk\/pl\/wp-content\/uploads\/sites\/2\/2021\/04\/PANIK_PL_JPG11-768x994.jpg 768w, https:\/\/centrala.org.uk\/pl\/wp-content\/uploads\/sites\/2\/2021\/04\/PANIK_PL_JPG11-695x900.jpg 695w, https:\/\/centrala.org.uk\/pl\/wp-content\/uploads\/sites\/2\/2021\/04\/PANIK_PL_JPG11-210x272.jpg 210w, https:\/\/centrala.org.uk\/pl\/wp-content\/uploads\/sites\/2\/2021\/04\/PANIK_PL_JPG11-480x622.jpg 480w, https:\/\/centrala.org.uk\/pl\/wp-content\/uploads\/sites\/2\/2021\/04\/PANIK_PL_JPG11.jpg 1004w\" sizes=\"auto, (max-width: 220px) 100vw, 220px\" \/><\/a>\n\t\t\t<\/div><\/figure>\n\t\t<\/div>\n\n","protected":false},"excerpt":{"rendered":"<p>\u201ePanic!\u201d opowiada o trzymiesi\u0119cznej kwarantannie Diego i Violi w ma\u0142ym mieszkanku na przedmie\u015bciach Bolonii.<\/p>\n","protected":false},"featured_media":2018,"comment_status":"closed","ping_status":"closed","template":"","meta":{"_acf_changed":false},"product_brand":[],"product_cat":[27,32],"product_tag":[9992,9991,9993,9994,9989,9990],"series":[10112],"class_list":{"0":"post-2017","1":"product","2":"type-product","3":"status-publish","4":"has-post-thumbnail","6":"product_cat-powiesc-graficzna","7":"product_cat-komiks","8":"product_tag-bolonia","9":"product_tag-covid","10":"product_tag-dziennik-pandemiczny","11":"product_tag-korona-wirus","12":"product_tag-pandemia","13":"product_tag-wlochy","14":"series-zycie","16":"first","17":"instock","18":"shipping-taxable","19":"purchasable","20":"product-type-simple"},"acf":[],"_links":{"self":[{"href":"https:\/\/centrala.org.uk\/pl\/wp-json\/wp\/v2\/product\/2017","targetHints":{"allow":["GET"]}}],"collection":[{"href":"https:\/\/centrala.org.uk\/pl\/wp-json\/wp\/v2\/product"}],"about":[{"href":"https:\/\/centrala.org.uk\/pl\/wp-json\/wp\/v2\/types\/product"}],"replies":[{"embeddable":true,"href":"https:\/\/centrala.org.uk\/pl\/wp-json\/wp\/v2\/comments?post=2017"}],"wp:featuredmedia":[{"embeddable":true,"href":"https:\/\/centrala.org.uk\/pl\/wp-json\/wp\/v2\/media\/2018"}],"wp:attachment":[{"href":"https:\/\/centrala.org.uk\/pl\/wp-json\/wp\/v2\/media?parent=2017"}],"wp:term":[{"taxonomy":"product_brand","embeddable":true,"href":"https:\/\/centrala.org.uk\/pl\/wp-json\/wp\/v2\/product_brand?post=2017"},{"taxonomy":"product_cat","embeddable":true,"href":"https:\/\/centrala.org.uk\/pl\/wp-json\/wp\/v2\/product_cat?post=2017"},{"taxonomy":"product_tag","embeddable":true,"href":"https:\/\/centrala.org.uk\/pl\/wp-json\/wp\/v2\/product_tag?post=2017"},{"taxonomy":"series","embeddable":true,"href":"https:\/\/centrala.org.uk\/pl\/wp-json\/wp\/v2\/series?post=2017"}],"curies":[{"name":"wp","href":"https:\/\/api.w.org\/{rel}","templated":true}]}}