{"id":2022,"date":"2021-04-09T01:11:09","date_gmt":"2021-04-08T23:11:09","guid":{"rendered":"http:\/\/centrala.org.uk\/pl\/?post_type=product&#038;p=2022"},"modified":"2021-04-09T01:11:10","modified_gmt":"2021-04-08T23:11:10","slug":"pajacyk-pestka-sliwka-polano-i-znow-pajacyk","status":"publish","type":"product","link":"https:\/\/centrala.org.uk\/pl\/sklep\/pajacyk-pestka-sliwka-polano-i-znow-pajacyk\/","title":{"rendered":"Pajacyk, Pestka, \u015aliwka, Polano i zn\u00f3w Pajacyk"},"content":{"rendered":"<p>Pinokio, \u017cywio\u0142owy i psotny drewniany pajacyk Carlo Collodiego, musi prze\u017cy\u0107 wiele przyg\u00f3d, zanim w ko\u0144cu si\u0119 opami\u0119ta&#8230; Ale co musi znie\u015b\u0107 \u015bliwka, zanim stanie si\u0119 pajacykiem?<br \/>\nTa pe\u0142na przyg\u00f3d i komizmu opowie\u015b\u0107, snuta przez gadaj\u0105c\u0105 desk\u0119, przedstawia kr\u0119t\u0105 i kapry\u015bn\u0105 histori\u0119 \u017cycia \u015bliwkowej pestki, sk\u0142onnej do eskapad. Scenarzysta, tw\u00f3rca komiks\u00f3w i autor, Vojt\u011bch Ma\u0161ek, wykazuje si\u0119 zmys\u0142em do \u017cywio\u0142owego, niemal teatralnego opowiadania i przywraca absurdalny humor oraz k\u0105\u015bliw\u0105 beztrosk\u0119 na scen\u0119 literatury dzieci\u0119cej. Obfite ilustracje linorytnicze i grafiki artysty Chrudo\u0161a Valou\u0161ka s\u0105 jak zawsze osza\u0142amiaj\u0105ce.<\/p>\n<p style=\"text-align: right\">Ukochana kukie\u0142ka literatury dzieci\u0119cej, posta\u0107 b\u0119d\u0105ca nieustaj\u0105c\u0105 inspiracj\u0105 dla artyst\u00f3w na ca\u0142ym \u015bwiecie, prezentuje tu zupe\u0142nie now\u0105 galeri\u0119 bohater\u00f3w i przyg\u00f3d. Projekt graficzny bawi si\u0119 skal\u0105. Na stronach pojawiaj\u0105 si\u0119 historyzuj\u0105ce inicja\u0142y przypominaj\u0105ce iluminowane manuskrypty, olbrzymie numery stron, awangardowe odniesienia i gama geometrycznych znak\u00f3w, kt\u00f3rych neonowe kolory \u015bmia\u0142o zarysowuj\u0105 si\u0119 w czerni. Rozk\u0142ad\u00f3wka po rozk\u0142ad\u00f3wce, mieszanka r\u00f3\u017cnych uk\u0142ad\u00f3w i niecodzienne zastosowanie techniki linorytu sk\u0142adaj\u0105 si\u0119 na naprawd\u0119 niezwyk\u0142\u0105 ksi\u0105\u017ck\u0119 graficzn\u0105.<br \/>\nJury Targ\u00f3w Ksi\u0105\u017cki Dzieci\u0119cej w Bolonii 2019<\/p>\n<div id='gallery-1' class='gallery galleryid-2022 gallery-columns-3 gallery-size-thumbnail'><figure class='gallery-item'>\n\t\t\t<div class='gallery-icon portrait'>\n\t\t\t\t<a href='https:\/\/centrala.org.uk\/pl\/?attachment_id=2024'><img loading=\"lazy\" decoding=\"async\" width=\"220\" height=\"299\" src=\"https:\/\/centrala.org.uk\/pl\/wp-content\/uploads\/sites\/2\/2021\/04\/PAJACYK_PL_150dpi_34-220x299.jpeg\" class=\"attachment-thumbnail size-thumbnail\" alt=\"\" srcset=\"https:\/\/centrala.org.uk\/pl\/wp-content\/uploads\/sites\/2\/2021\/04\/PAJACYK_PL_150dpi_34-220x299.jpeg 220w, https:\/\/centrala.org.uk\/pl\/wp-content\/uploads\/sites\/2\/2021\/04\/PAJACYK_PL_150dpi_34-640x870.jpeg 640w, https:\/\/centrala.org.uk\/pl\/wp-content\/uploads\/sites\/2\/2021\/04\/PAJACYK_PL_150dpi_34-1400x1903.jpeg 1400w, https:\/\/centrala.org.uk\/pl\/wp-content\/uploads\/sites\/2\/2021\/04\/PAJACYK_PL_150dpi_34-768x1044.jpeg 768w, https:\/\/centrala.org.uk\/pl\/wp-content\/uploads\/sites\/2\/2021\/04\/PAJACYK_PL_150dpi_34-1130x1536.jpeg 1130w, https:\/\/centrala.org.uk\/pl\/wp-content\/uploads\/sites\/2\/2021\/04\/PAJACYK_PL_150dpi_34-662x900.jpeg 662w, https:\/\/centrala.org.uk\/pl\/wp-content\/uploads\/sites\/2\/2021\/04\/PAJACYK_PL_150dpi_34-210x285.jpeg 210w, https:\/\/centrala.org.uk\/pl\/wp-content\/uploads\/sites\/2\/2021\/04\/PAJACYK_PL_150dpi_34-480x653.jpeg 480w, https:\/\/centrala.org.uk\/pl\/wp-content\/uploads\/sites\/2\/2021\/04\/PAJACYK_PL_150dpi_34.jpeg 1477w\" sizes=\"auto, (max-width: 220px) 100vw, 220px\" \/><\/a>\n\t\t\t<\/div><\/figure><figure class='gallery-item'>\n\t\t\t<div class='gallery-icon portrait'>\n\t\t\t\t<a href='https:\/\/centrala.org.uk\/pl\/?attachment_id=2025'><img loading=\"lazy\" decoding=\"async\" width=\"220\" height=\"296\" src=\"https:\/\/centrala.org.uk\/pl\/wp-content\/uploads\/sites\/2\/2021\/04\/pajacyk-11-220x296.png\" class=\"attachment-thumbnail size-thumbnail\" alt=\"\" srcset=\"https:\/\/centrala.org.uk\/pl\/wp-content\/uploads\/sites\/2\/2021\/04\/pajacyk-11-220x296.png 220w, https:\/\/centrala.org.uk\/pl\/wp-content\/uploads\/sites\/2\/2021\/04\/pajacyk-11-210x282.png 210w, https:\/\/centrala.org.uk\/pl\/wp-content\/uploads\/sites\/2\/2021\/04\/pajacyk-11-480x645.png 480w, https:\/\/centrala.org.uk\/pl\/wp-content\/uploads\/sites\/2\/2021\/04\/pajacyk-11.png 499w\" sizes=\"auto, (max-width: 220px) 100vw, 220px\" \/><\/a>\n\t\t\t<\/div><\/figure><figure class='gallery-item'>\n\t\t\t<div class='gallery-icon portrait'>\n\t\t\t\t<a href='https:\/\/centrala.org.uk\/pl\/?attachment_id=2026'><img loading=\"lazy\" decoding=\"async\" width=\"220\" height=\"299\" src=\"https:\/\/centrala.org.uk\/pl\/wp-content\/uploads\/sites\/2\/2021\/04\/pajacyk-35-220x299.png\" class=\"attachment-thumbnail size-thumbnail\" alt=\"\" srcset=\"https:\/\/centrala.org.uk\/pl\/wp-content\/uploads\/sites\/2\/2021\/04\/pajacyk-35-220x299.png 220w, https:\/\/centrala.org.uk\/pl\/wp-content\/uploads\/sites\/2\/2021\/04\/pajacyk-35-210x285.png 210w, https:\/\/centrala.org.uk\/pl\/wp-content\/uploads\/sites\/2\/2021\/04\/pajacyk-35-480x652.png 480w, https:\/\/centrala.org.uk\/pl\/wp-content\/uploads\/sites\/2\/2021\/04\/pajacyk-35.png 499w\" sizes=\"auto, (max-width: 220px) 100vw, 220px\" \/><\/a>\n\t\t\t<\/div><\/figure>\n\t\t<\/div>\n\n","protected":false},"excerpt":{"rendered":"<p>Zwyci\u0119zca Bologna Ragazzi Award 2019<\/p>\n","protected":false},"featured_media":2023,"comment_status":"closed","ping_status":"closed","template":"","meta":{"_acf_changed":false},"product_brand":[],"product_cat":[27,42,47,32],"product_tag":[9996,41,9995,9967,9966],"series":[10113],"class_list":{"0":"post-2022","1":"product","2":"type-product","3":"status-publish","4":"has-post-thumbnail","6":"product_cat-powiesc-graficzna","7":"product_cat-dla-dzieci","8":"product_cat-dla-mlodziezy","9":"product_cat-komiks","10":"product_tag-bajki","11":"product_tag-czeskie","12":"product_tag-nagradzane","13":"product_tag-najnowszaczeskaliteraturagraficzna","14":"product_tag-rokdiabla","15":"series-milosc","17":"first","18":"instock","19":"shipping-taxable","20":"purchasable","21":"product-type-simple"},"acf":[],"_links":{"self":[{"href":"https:\/\/centrala.org.uk\/pl\/wp-json\/wp\/v2\/product\/2022","targetHints":{"allow":["GET"]}}],"collection":[{"href":"https:\/\/centrala.org.uk\/pl\/wp-json\/wp\/v2\/product"}],"about":[{"href":"https:\/\/centrala.org.uk\/pl\/wp-json\/wp\/v2\/types\/product"}],"replies":[{"embeddable":true,"href":"https:\/\/centrala.org.uk\/pl\/wp-json\/wp\/v2\/comments?post=2022"}],"wp:featuredmedia":[{"embeddable":true,"href":"https:\/\/centrala.org.uk\/pl\/wp-json\/wp\/v2\/media\/2023"}],"wp:attachment":[{"href":"https:\/\/centrala.org.uk\/pl\/wp-json\/wp\/v2\/media?parent=2022"}],"wp:term":[{"taxonomy":"product_brand","embeddable":true,"href":"https:\/\/centrala.org.uk\/pl\/wp-json\/wp\/v2\/product_brand?post=2022"},{"taxonomy":"product_cat","embeddable":true,"href":"https:\/\/centrala.org.uk\/pl\/wp-json\/wp\/v2\/product_cat?post=2022"},{"taxonomy":"product_tag","embeddable":true,"href":"https:\/\/centrala.org.uk\/pl\/wp-json\/wp\/v2\/product_tag?post=2022"},{"taxonomy":"series","embeddable":true,"href":"https:\/\/centrala.org.uk\/pl\/wp-json\/wp\/v2\/series?post=2022"}],"curies":[{"name":"wp","href":"https:\/\/api.w.org\/{rel}","templated":true}]}}