{"id":207,"date":"2009-03-04T14:59:55","date_gmt":"2009-03-04T13:59:55","guid":{"rendered":"http:\/\/centrala.org.uk\/pl\/?post_type=product&#038;p=207"},"modified":"2025-05-26T17:10:35","modified_gmt":"2025-05-26T15:10:35","slug":"45-89-comics-behind-the-iron-curtain-komiks-za-zelazna-kurtyna","status":"publish","type":"product","link":"https:\/\/centrala.org.uk\/pl\/sklep\/45-89-comics-behind-the-iron-curtain-komiks-za-zelazna-kurtyna\/","title":{"rendered":"45-89. Comics behind the iron curtain \/ Komiks za \u017celazn\u0105 kurtyn\u0105"},"content":{"rendered":"<blockquote><p>Cho\u0107 komiksy w\u00a0demoludach traktowano jako sztuk\u0119 niepowa\u017cn\u0105, mo\u017cna by\u0142o przez nie straci\u0107 \u017cycie. Nie tylko dlatego ksi\u0105\u017ck\u0119 \u201e45\u201389. Comics behind the Iron Curtain\u201d naprawd\u0119 warto przeczyta\u0107.<\/p>\n<p>Serbski rysownik historii obrazkowych Veljko Kockar niezbyt d\u0142ugo cieszy\u0142 si\u0119 swoj\u0105 karier\u0105. W\u00a01944\u00a0roku mia\u0142 24 lata. W\u00a0czasie niemieckiej okupacji Belgradu publikowa\u0142 komiksy w\u00a0gazetach zalegalizowanych przez okupanta. Kiedy do\u00a0miasta wesz\u0142a Narodowa Armia Wyzwolenia Jugos\u0142awii, zosta\u0142 skazany na\u00a0\u015bmier\u0107 za\u00a0wsp\u00f3\u0142prac\u0119 z\u00a0faszystami.<\/p>\n<p>Los serbskiego artysty to\u00a0przypadek skrajny. Ale w\u00a0ksi\u0105\u017cce- \u201e45\u201389. Comics behind the Iron Curtain\u201d, po\u015bwi\u0119conej historii sztuki obrazkowej w\u00a0Europie \u015arodkowej, znajdziemy wiele opowie\u015bci \u015bwiadcz\u0105cych o\u00a0tym, \u017ce dla w\u0142adz komunistycznych komiks by\u0142 szczeg\u00f3lnie k\u0142opotliwy. Z\u00a0jednej strony uwa\u017ca\u0142y one obrazkowe medium za\u00a0produkt zgni\u0142ego Zachodu, z\u00a0drugiej zdawa\u0142y sobie spraw\u0119 z\u00a0jego mo\u017cliwo\u015bci propagandowych. Czy to\u00a0w\u00a0Warszawie, czy w\u00a0Belgradzie komiks stanowi\u0142 namiastk\u0119 ameryka\u0144skiej kultury, dlatego ci\u0105gle kto\u015b uwa\u017cnie go obserwowa\u0142 \u2013\u00a0albo rz\u0105d, albo \u015brodowiska intelektualne, kt\u00f3re najcz\u0119\u015bciej bywa\u0142y do\u00a0niego uprzedzone. Wystarczy wspomnie\u0107 chocia\u017cby \u201eKsi\u0105\u017cki najgorsze\u201d Bara\u0144czaka z\u00a0k\u0105\u015bliwym tekstem o\u00a0magazynie<\/p><\/blockquote>\n<p>frag. recenzji z \u201cPrzekroju\u201d <em>Sebastian Fr\u0105ckiewicz<\/em><\/p>\n","protected":false},"excerpt":{"rendered":"<p>Cho\u0107 komiksy w demoludach traktowano jako sztuk\u0119 niepowa\u017cn\u0105, mo\u017cna by\u0142o przez nie straci\u0107 \u017cycie. Nie tylko dlatego ksi\u0105\u017ck\u0119 \u201e45\u201389. Comics behind the Iron Curtain\u201d naprawd\u0119 warto przeczyta\u0107.<\/p>\n","protected":false},"featured_media":211,"comment_status":"closed","ping_status":"closed","template":"","meta":{"_acf_changed":false},"product_brand":[],"product_cat":[32,28],"product_tag":[24,23,26,25],"series":[],"class_list":{"0":"post-207","1":"product","2":"type-product","3":"status-publish","4":"has-post-thumbnail","6":"product_cat-komiks","7":"product_cat-teksty-o-komiksie","8":"product_tag-historia","9":"product_tag-komunizm","10":"product_tag-praca-zbiorowa","11":"product_tag-teksty-teoretyczne","13":"first","14":"instock","15":"shipping-taxable","16":"purchasable","17":"product-type-simple"},"acf":[],"_links":{"self":[{"href":"https:\/\/centrala.org.uk\/pl\/wp-json\/wp\/v2\/product\/207","targetHints":{"allow":["GET"]}}],"collection":[{"href":"https:\/\/centrala.org.uk\/pl\/wp-json\/wp\/v2\/product"}],"about":[{"href":"https:\/\/centrala.org.uk\/pl\/wp-json\/wp\/v2\/types\/product"}],"replies":[{"embeddable":true,"href":"https:\/\/centrala.org.uk\/pl\/wp-json\/wp\/v2\/comments?post=207"}],"wp:featuredmedia":[{"embeddable":true,"href":"https:\/\/centrala.org.uk\/pl\/wp-json\/wp\/v2\/media\/211"}],"wp:attachment":[{"href":"https:\/\/centrala.org.uk\/pl\/wp-json\/wp\/v2\/media?parent=207"}],"wp:term":[{"taxonomy":"product_brand","embeddable":true,"href":"https:\/\/centrala.org.uk\/pl\/wp-json\/wp\/v2\/product_brand?post=207"},{"taxonomy":"product_cat","embeddable":true,"href":"https:\/\/centrala.org.uk\/pl\/wp-json\/wp\/v2\/product_cat?post=207"},{"taxonomy":"product_tag","embeddable":true,"href":"https:\/\/centrala.org.uk\/pl\/wp-json\/wp\/v2\/product_tag?post=207"},{"taxonomy":"series","embeddable":true,"href":"https:\/\/centrala.org.uk\/pl\/wp-json\/wp\/v2\/series?post=207"}],"curies":[{"name":"wp","href":"https:\/\/api.w.org\/{rel}","templated":true}]}}