{"id":2134,"date":"2021-04-27T22:27:31","date_gmt":"2021-04-27T20:27:31","guid":{"rendered":"http:\/\/centrala.org.uk\/pl\/?post_type=product&#038;p=2134"},"modified":"2021-05-28T11:22:30","modified_gmt":"2021-05-28T09:22:30","slug":"zle-sny","status":"publish","type":"product","link":"https:\/\/centrala.org.uk\/pl\/sklep\/zle-sny\/","title":{"rendered":"Z\u0142e sny"},"content":{"rendered":"<div class=\"page\" title=\"Page 51\">\n<div class=\"layoutArea\">\n<div class=\"column\">\n<div id='gallery-1' class='gallery galleryid-2134 gallery-columns-3 gallery-size-thumbnail'><figure class='gallery-item'>\n\t\t\t<div class='gallery-icon portrait'>\n\t\t\t\t<a href='https:\/\/centrala.org.uk\/pl\/?attachment_id=2142'><img loading=\"lazy\" decoding=\"async\" width=\"220\" height=\"314\" src=\"https:\/\/centrala.org.uk\/pl\/wp-content\/uploads\/sites\/2\/2021\/04\/zle_sny01-220x314.jpg\" class=\"attachment-thumbnail size-thumbnail\" alt=\"\" srcset=\"https:\/\/centrala.org.uk\/pl\/wp-content\/uploads\/sites\/2\/2021\/04\/zle_sny01-220x314.jpg 220w, https:\/\/centrala.org.uk\/pl\/wp-content\/uploads\/sites\/2\/2021\/04\/zle_sny01-640x912.jpg 640w, https:\/\/centrala.org.uk\/pl\/wp-content\/uploads\/sites\/2\/2021\/04\/zle_sny01-631x900.jpg 631w, https:\/\/centrala.org.uk\/pl\/wp-content\/uploads\/sites\/2\/2021\/04\/zle_sny01-210x299.jpg 210w, https:\/\/centrala.org.uk\/pl\/wp-content\/uploads\/sites\/2\/2021\/04\/zle_sny01-480x684.jpg 480w, https:\/\/centrala.org.uk\/pl\/wp-content\/uploads\/sites\/2\/2021\/04\/zle_sny01.jpg 649w\" sizes=\"auto, (max-width: 220px) 100vw, 220px\" \/><\/a>\n\t\t\t<\/div><\/figure><figure class='gallery-item'>\n\t\t\t<div class='gallery-icon portrait'>\n\t\t\t\t<a href='https:\/\/centrala.org.uk\/pl\/?attachment_id=2143'><img loading=\"lazy\" decoding=\"async\" width=\"220\" height=\"314\" src=\"https:\/\/centrala.org.uk\/pl\/wp-content\/uploads\/sites\/2\/2021\/04\/zle_sny02-220x314.jpg\" class=\"attachment-thumbnail size-thumbnail\" alt=\"\" srcset=\"https:\/\/centrala.org.uk\/pl\/wp-content\/uploads\/sites\/2\/2021\/04\/zle_sny02-220x314.jpg 220w, https:\/\/centrala.org.uk\/pl\/wp-content\/uploads\/sites\/2\/2021\/04\/zle_sny02-640x912.jpg 640w, https:\/\/centrala.org.uk\/pl\/wp-content\/uploads\/sites\/2\/2021\/04\/zle_sny02-631x900.jpg 631w, https:\/\/centrala.org.uk\/pl\/wp-content\/uploads\/sites\/2\/2021\/04\/zle_sny02-210x299.jpg 210w, https:\/\/centrala.org.uk\/pl\/wp-content\/uploads\/sites\/2\/2021\/04\/zle_sny02-480x684.jpg 480w, https:\/\/centrala.org.uk\/pl\/wp-content\/uploads\/sites\/2\/2021\/04\/zle_sny02.jpg 649w\" sizes=\"auto, (max-width: 220px) 100vw, 220px\" \/><\/a>\n\t\t\t<\/div><\/figure><figure class='gallery-item'>\n\t\t\t<div class='gallery-icon portrait'>\n\t\t\t\t<a href='https:\/\/centrala.org.uk\/pl\/?attachment_id=2144'><img loading=\"lazy\" decoding=\"async\" width=\"220\" height=\"314\" src=\"https:\/\/centrala.org.uk\/pl\/wp-content\/uploads\/sites\/2\/2021\/04\/zle_sny03-220x314.jpg\" class=\"attachment-thumbnail size-thumbnail\" alt=\"\" srcset=\"https:\/\/centrala.org.uk\/pl\/wp-content\/uploads\/sites\/2\/2021\/04\/zle_sny03-220x314.jpg 220w, https:\/\/centrala.org.uk\/pl\/wp-content\/uploads\/sites\/2\/2021\/04\/zle_sny03-640x912.jpg 640w, https:\/\/centrala.org.uk\/pl\/wp-content\/uploads\/sites\/2\/2021\/04\/zle_sny03-631x900.jpg 631w, https:\/\/centrala.org.uk\/pl\/wp-content\/uploads\/sites\/2\/2021\/04\/zle_sny03-210x299.jpg 210w, https:\/\/centrala.org.uk\/pl\/wp-content\/uploads\/sites\/2\/2021\/04\/zle_sny03-480x684.jpg 480w, https:\/\/centrala.org.uk\/pl\/wp-content\/uploads\/sites\/2\/2021\/04\/zle_sny03.jpg 649w\" sizes=\"auto, (max-width: 220px) 100vw, 220px\" \/><\/a>\n\t\t\t<\/div><\/figure><figure class='gallery-item'>\n\t\t\t<div class='gallery-icon portrait'>\n\t\t\t\t<a href='https:\/\/centrala.org.uk\/pl\/?attachment_id=2145'><img loading=\"lazy\" decoding=\"async\" width=\"220\" height=\"314\" src=\"https:\/\/centrala.org.uk\/pl\/wp-content\/uploads\/sites\/2\/2021\/04\/zle_sny04-220x314.jpg\" class=\"attachment-thumbnail size-thumbnail\" alt=\"\" srcset=\"https:\/\/centrala.org.uk\/pl\/wp-content\/uploads\/sites\/2\/2021\/04\/zle_sny04-220x314.jpg 220w, https:\/\/centrala.org.uk\/pl\/wp-content\/uploads\/sites\/2\/2021\/04\/zle_sny04-640x912.jpg 640w, https:\/\/centrala.org.uk\/pl\/wp-content\/uploads\/sites\/2\/2021\/04\/zle_sny04-631x900.jpg 631w, https:\/\/centrala.org.uk\/pl\/wp-content\/uploads\/sites\/2\/2021\/04\/zle_sny04-210x299.jpg 210w, https:\/\/centrala.org.uk\/pl\/wp-content\/uploads\/sites\/2\/2021\/04\/zle_sny04-480x684.jpg 480w, https:\/\/centrala.org.uk\/pl\/wp-content\/uploads\/sites\/2\/2021\/04\/zle_sny04.jpg 649w\" sizes=\"auto, (max-width: 220px) 100vw, 220px\" \/><\/a>\n\t\t\t<\/div><\/figure><figure class='gallery-item'>\n\t\t\t<div class='gallery-icon portrait'>\n\t\t\t\t<a href='https:\/\/centrala.org.uk\/pl\/?attachment_id=2146'><img loading=\"lazy\" decoding=\"async\" width=\"220\" height=\"314\" src=\"https:\/\/centrala.org.uk\/pl\/wp-content\/uploads\/sites\/2\/2021\/04\/zle_sny05-220x314.jpg\" class=\"attachment-thumbnail size-thumbnail\" alt=\"\" srcset=\"https:\/\/centrala.org.uk\/pl\/wp-content\/uploads\/sites\/2\/2021\/04\/zle_sny05-220x314.jpg 220w, https:\/\/centrala.org.uk\/pl\/wp-content\/uploads\/sites\/2\/2021\/04\/zle_sny05-640x912.jpg 640w, https:\/\/centrala.org.uk\/pl\/wp-content\/uploads\/sites\/2\/2021\/04\/zle_sny05-631x900.jpg 631w, https:\/\/centrala.org.uk\/pl\/wp-content\/uploads\/sites\/2\/2021\/04\/zle_sny05-210x299.jpg 210w, https:\/\/centrala.org.uk\/pl\/wp-content\/uploads\/sites\/2\/2021\/04\/zle_sny05-480x684.jpg 480w, https:\/\/centrala.org.uk\/pl\/wp-content\/uploads\/sites\/2\/2021\/04\/zle_sny05.jpg 649w\" sizes=\"auto, (max-width: 220px) 100vw, 220px\" \/><\/a>\n\t\t\t<\/div><\/figure><figure class='gallery-item'>\n\t\t\t<div class='gallery-icon portrait'>\n\t\t\t\t<a href='https:\/\/centrala.org.uk\/pl\/?attachment_id=2147'><img loading=\"lazy\" decoding=\"async\" width=\"220\" height=\"314\" src=\"https:\/\/centrala.org.uk\/pl\/wp-content\/uploads\/sites\/2\/2021\/04\/zle_sny06-220x314.jpg\" class=\"attachment-thumbnail size-thumbnail\" alt=\"\" srcset=\"https:\/\/centrala.org.uk\/pl\/wp-content\/uploads\/sites\/2\/2021\/04\/zle_sny06-220x314.jpg 220w, https:\/\/centrala.org.uk\/pl\/wp-content\/uploads\/sites\/2\/2021\/04\/zle_sny06-640x912.jpg 640w, https:\/\/centrala.org.uk\/pl\/wp-content\/uploads\/sites\/2\/2021\/04\/zle_sny06-631x900.jpg 631w, https:\/\/centrala.org.uk\/pl\/wp-content\/uploads\/sites\/2\/2021\/04\/zle_sny06-210x299.jpg 210w, https:\/\/centrala.org.uk\/pl\/wp-content\/uploads\/sites\/2\/2021\/04\/zle_sny06-480x684.jpg 480w, https:\/\/centrala.org.uk\/pl\/wp-content\/uploads\/sites\/2\/2021\/04\/zle_sny06.jpg 649w\" sizes=\"auto, (max-width: 220px) 100vw, 220px\" \/><\/a>\n\t\t\t<\/div><\/figure>\n\t\t<\/div>\n\n<p>&nbsp;<\/p>\n<p>Sportretowane przez Janka Koze\u0328 dziewie\u0328c\u0301 postaci, rozedrganych niczym kreska autora, zmaga sie\u0328 z frustruja\u0328ca\u0328 praca\u0328, nuda\u0328, nieudanymi zwia\u0328zkami lub koszmarem bezsennos\u0301ci. Chca\u0328c odmienic\u0301 swo\u0301j los, zanurzaja\u0328 sie\u0328 w senne marzenia i osia\u0328gaja\u0328 swoje ma\u0142e momenty spe\u0142nienia, kto\u0301re rozs\u0301wietlaja\u0328 im mroki szarej polskiej codziennos\u0301ci. Ich urzeczywistnienie pozostawia jednak bohatero\u0301w w marazmie i osamotnieniu. Koza, z w\u0142as\u0301ciwym sobie naturalistycznym spojrzeniem, zarysowuje obraz problemo\u0301w i pragnien\u0301, grymaso\u0301w i uniesien\u0301 przekroju naszego spo\u0142eczen\u0301stwa, od dwudziestokilku- do pie\u0328c\u0301dziesie\u0328ciolatko\u0301w. I nie wiadomo tylko czy ich z\u0142y sen rozpoczyna sie\u0328 gdy uk\u0142adaja\u0328 g\u0142owe\u0328 na poduszce, czy kiedy otwieraja\u0328 oczy po nocnych rojeniach.<\/p>\n<div class=\"page\" title=\"Page 53\">\n<div class=\"layoutArea\">\n<div class=\"column\">\n<p>Janek Koza, urodzony w 1970 roku. W czerwcu 1987 roku s\u0301ni\u0142o mu sie\u0328, z\u0307e jest takso\u0301wkarzem. Ok. 1994 roku zda\u0142 egzamin na prawo jazdy na cia\u0328gnik rolniczy. Dzie\u0328ki cie\u0328z\u0307kiej pracy rozwina\u0328\u0142 w\u0142asna\u0328 firme\u0328 spedycyjna\u0328 dzia\u0142aja\u0328ca\u0328 na terenie ca\u0142ej Europy. W drodze do Niemiec, podczas zmiany ko\u0142a na poboczu, pozna\u0142 swoja\u0328 przysz\u0142a\u0328 z\u0307one\u0328 Jadwige\u0328 (s\u0301lub w 1998 roku).  Dwoje dzieci (Anna, ur. 1999 r. i Krystyna, ur. 2000 r.). Cze\u0328ste wyjazdy i nieobecnos\u0301ci w domu doprowadzi\u0142y do serii problemo\u0301w rodzinnych w 2001 roku, a ostatecznie do rozwodu w 2002 roku. Zmar\u0142 samotnie w swoim domu na przedmies\u0301ciach Warszawy w 2019 roku na udar mo\u0301zgu. Niestety, to marzenie sie\u0328 nie spe\u0142ni\u0142o. Po przebudzeniu przez kilka dni bola\u0142 go kark.<\/p>\n<\/div>\n<\/div>\n<\/div>\n<\/div>\n<\/div>\n<\/div>\n","protected":false},"excerpt":{"rendered":"<div class=\"page\" title=\"Page 51\">\n<div class=\"layoutArea\">\n<div class=\"column\">\n<p>Janek Koza patrzy na tych, kto\u0301rych nie chcemy widziec\u0301, z\u0307ebys\u0301my nie mogli udawac\u0301, z\u0307e czyms\u0301 sie\u0328 od nich ro\u0301z\u0307nimy.<\/p>\n<\/div>\n<\/div>\n<div class=\"layoutArea\">\n<div class=\"column\">\n<p style=\"text-align: right\">Marceli Szpak<\/p>\n<p>Freud p\u0142aka\u0142 jak analizowa\u0142.<\/p>\n<\/div>\n<\/div>\n<div class=\"layoutArea\">\n<div class=\"column\">\n<p style=\"text-align: right\">Olga Wro\u0301bel<\/p>\n<\/div>\n<\/div>\n<\/div>\n","protected":false},"featured_media":2135,"comment_status":"closed","ping_status":"closed","template":"","meta":{"_acf_changed":false},"product_brand":[],"product_cat":[47,32],"product_tag":[102,10027,38,9936],"series":[10112],"class_list":{"0":"post-2134","1":"product","2":"type-product","3":"status-publish","4":"has-post-thumbnail","6":"product_cat-dla-mlodziezy","7":"product_cat-komiks","8":"product_tag-janek-koza","9":"product_tag-korporacja","10":"product_tag-polskie","11":"product_tag-spoleczne","12":"series-zycie","14":"first","15":"instock","16":"shipping-taxable","17":"purchasable","18":"product-type-simple"},"acf":[],"_links":{"self":[{"href":"https:\/\/centrala.org.uk\/pl\/wp-json\/wp\/v2\/product\/2134","targetHints":{"allow":["GET"]}}],"collection":[{"href":"https:\/\/centrala.org.uk\/pl\/wp-json\/wp\/v2\/product"}],"about":[{"href":"https:\/\/centrala.org.uk\/pl\/wp-json\/wp\/v2\/types\/product"}],"replies":[{"embeddable":true,"href":"https:\/\/centrala.org.uk\/pl\/wp-json\/wp\/v2\/comments?post=2134"}],"wp:featuredmedia":[{"embeddable":true,"href":"https:\/\/centrala.org.uk\/pl\/wp-json\/wp\/v2\/media\/2135"}],"wp:attachment":[{"href":"https:\/\/centrala.org.uk\/pl\/wp-json\/wp\/v2\/media?parent=2134"}],"wp:term":[{"taxonomy":"product_brand","embeddable":true,"href":"https:\/\/centrala.org.uk\/pl\/wp-json\/wp\/v2\/product_brand?post=2134"},{"taxonomy":"product_cat","embeddable":true,"href":"https:\/\/centrala.org.uk\/pl\/wp-json\/wp\/v2\/product_cat?post=2134"},{"taxonomy":"product_tag","embeddable":true,"href":"https:\/\/centrala.org.uk\/pl\/wp-json\/wp\/v2\/product_tag?post=2134"},{"taxonomy":"series","embeddable":true,"href":"https:\/\/centrala.org.uk\/pl\/wp-json\/wp\/v2\/series?post=2134"}],"curies":[{"name":"wp","href":"https:\/\/api.w.org\/{rel}","templated":true}]}}