{"id":2155,"date":"2021-04-27T23:39:11","date_gmt":"2021-04-27T21:39:11","guid":{"rendered":"http:\/\/centrala.org.uk\/pl\/?post_type=product&#038;p=2155"},"modified":"2021-04-27T23:39:11","modified_gmt":"2021-04-27T21:39:11","slug":"to-byla-wojna-okopow-2","status":"publish","type":"product","link":"https:\/\/centrala.org.uk\/pl\/sklep\/to-byla-wojna-okopow-2\/","title":{"rendered":"To by\u0142a wojna okop\u00f3w"},"content":{"rendered":"<div class=\"page\" title=\"Page 66\">\n<div class=\"layoutArea\">\n<div class=\"column\">\n<div id='gallery-1' class='gallery galleryid-2155 gallery-columns-3 gallery-size-thumbnail'><figure class='gallery-item'>\n\t\t\t<div class='gallery-icon portrait'>\n\t\t\t\t<a href='https:\/\/centrala.org.uk\/pl\/?attachment_id=2157'><img loading=\"lazy\" decoding=\"async\" width=\"220\" height=\"284\" src=\"https:\/\/centrala.org.uk\/pl\/wp-content\/uploads\/sites\/2\/2021\/04\/ToByla01-220x284.jpg\" class=\"attachment-thumbnail size-thumbnail\" alt=\"\" srcset=\"https:\/\/centrala.org.uk\/pl\/wp-content\/uploads\/sites\/2\/2021\/04\/ToByla01-220x284.jpg 220w, https:\/\/centrala.org.uk\/pl\/wp-content\/uploads\/sites\/2\/2021\/04\/ToByla01-640x825.jpg 640w, https:\/\/centrala.org.uk\/pl\/wp-content\/uploads\/sites\/2\/2021\/04\/ToByla01-768x990.jpg 768w, https:\/\/centrala.org.uk\/pl\/wp-content\/uploads\/sites\/2\/2021\/04\/ToByla01-698x900.jpg 698w, https:\/\/centrala.org.uk\/pl\/wp-content\/uploads\/sites\/2\/2021\/04\/ToByla01-210x271.jpg 210w, https:\/\/centrala.org.uk\/pl\/wp-content\/uploads\/sites\/2\/2021\/04\/ToByla01-480x619.jpg 480w, https:\/\/centrala.org.uk\/pl\/wp-content\/uploads\/sites\/2\/2021\/04\/ToByla01.jpg 885w\" sizes=\"auto, (max-width: 220px) 100vw, 220px\" \/><\/a>\n\t\t\t<\/div><\/figure><figure class='gallery-item'>\n\t\t\t<div class='gallery-icon portrait'>\n\t\t\t\t<a href='https:\/\/centrala.org.uk\/pl\/?attachment_id=2158'><img loading=\"lazy\" decoding=\"async\" width=\"220\" height=\"284\" src=\"https:\/\/centrala.org.uk\/pl\/wp-content\/uploads\/sites\/2\/2021\/04\/ToByla02-220x284.jpg\" class=\"attachment-thumbnail size-thumbnail\" alt=\"\" srcset=\"https:\/\/centrala.org.uk\/pl\/wp-content\/uploads\/sites\/2\/2021\/04\/ToByla02-220x284.jpg 220w, https:\/\/centrala.org.uk\/pl\/wp-content\/uploads\/sites\/2\/2021\/04\/ToByla02-640x825.jpg 640w, https:\/\/centrala.org.uk\/pl\/wp-content\/uploads\/sites\/2\/2021\/04\/ToByla02-768x990.jpg 768w, https:\/\/centrala.org.uk\/pl\/wp-content\/uploads\/sites\/2\/2021\/04\/ToByla02-698x900.jpg 698w, https:\/\/centrala.org.uk\/pl\/wp-content\/uploads\/sites\/2\/2021\/04\/ToByla02-210x271.jpg 210w, https:\/\/centrala.org.uk\/pl\/wp-content\/uploads\/sites\/2\/2021\/04\/ToByla02-480x619.jpg 480w, https:\/\/centrala.org.uk\/pl\/wp-content\/uploads\/sites\/2\/2021\/04\/ToByla02.jpg 885w\" sizes=\"auto, (max-width: 220px) 100vw, 220px\" \/><\/a>\n\t\t\t<\/div><\/figure><figure class='gallery-item'>\n\t\t\t<div class='gallery-icon portrait'>\n\t\t\t\t<a href='https:\/\/centrala.org.uk\/pl\/?attachment_id=2159'><img loading=\"lazy\" decoding=\"async\" width=\"220\" height=\"284\" src=\"https:\/\/centrala.org.uk\/pl\/wp-content\/uploads\/sites\/2\/2021\/04\/ToByla03-220x284.jpg\" class=\"attachment-thumbnail size-thumbnail\" alt=\"\" srcset=\"https:\/\/centrala.org.uk\/pl\/wp-content\/uploads\/sites\/2\/2021\/04\/ToByla03-220x284.jpg 220w, https:\/\/centrala.org.uk\/pl\/wp-content\/uploads\/sites\/2\/2021\/04\/ToByla03-640x825.jpg 640w, https:\/\/centrala.org.uk\/pl\/wp-content\/uploads\/sites\/2\/2021\/04\/ToByla03-768x990.jpg 768w, https:\/\/centrala.org.uk\/pl\/wp-content\/uploads\/sites\/2\/2021\/04\/ToByla03-698x900.jpg 698w, https:\/\/centrala.org.uk\/pl\/wp-content\/uploads\/sites\/2\/2021\/04\/ToByla03-210x271.jpg 210w, https:\/\/centrala.org.uk\/pl\/wp-content\/uploads\/sites\/2\/2021\/04\/ToByla03-480x619.jpg 480w, https:\/\/centrala.org.uk\/pl\/wp-content\/uploads\/sites\/2\/2021\/04\/ToByla03.jpg 885w\" sizes=\"auto, (max-width: 220px) 100vw, 220px\" \/><\/a>\n\t\t\t<\/div><\/figure><figure class='gallery-item'>\n\t\t\t<div class='gallery-icon portrait'>\n\t\t\t\t<a href='https:\/\/centrala.org.uk\/pl\/?attachment_id=2160'><img loading=\"lazy\" decoding=\"async\" width=\"220\" height=\"284\" src=\"https:\/\/centrala.org.uk\/pl\/wp-content\/uploads\/sites\/2\/2021\/04\/ToByla04-220x284.jpg\" class=\"attachment-thumbnail size-thumbnail\" alt=\"\" srcset=\"https:\/\/centrala.org.uk\/pl\/wp-content\/uploads\/sites\/2\/2021\/04\/ToByla04-220x284.jpg 220w, https:\/\/centrala.org.uk\/pl\/wp-content\/uploads\/sites\/2\/2021\/04\/ToByla04-640x825.jpg 640w, https:\/\/centrala.org.uk\/pl\/wp-content\/uploads\/sites\/2\/2021\/04\/ToByla04-768x990.jpg 768w, https:\/\/centrala.org.uk\/pl\/wp-content\/uploads\/sites\/2\/2021\/04\/ToByla04-698x900.jpg 698w, https:\/\/centrala.org.uk\/pl\/wp-content\/uploads\/sites\/2\/2021\/04\/ToByla04-210x271.jpg 210w, https:\/\/centrala.org.uk\/pl\/wp-content\/uploads\/sites\/2\/2021\/04\/ToByla04-480x619.jpg 480w, https:\/\/centrala.org.uk\/pl\/wp-content\/uploads\/sites\/2\/2021\/04\/ToByla04.jpg 885w\" sizes=\"auto, (max-width: 220px) 100vw, 220px\" \/><\/a>\n\t\t\t<\/div><\/figure><figure class='gallery-item'>\n\t\t\t<div class='gallery-icon portrait'>\n\t\t\t\t<a href='https:\/\/centrala.org.uk\/pl\/?attachment_id=2161'><img loading=\"lazy\" decoding=\"async\" width=\"220\" height=\"284\" src=\"https:\/\/centrala.org.uk\/pl\/wp-content\/uploads\/sites\/2\/2021\/04\/ToByla05-220x284.jpg\" class=\"attachment-thumbnail size-thumbnail\" alt=\"\" srcset=\"https:\/\/centrala.org.uk\/pl\/wp-content\/uploads\/sites\/2\/2021\/04\/ToByla05-220x284.jpg 220w, https:\/\/centrala.org.uk\/pl\/wp-content\/uploads\/sites\/2\/2021\/04\/ToByla05-640x825.jpg 640w, https:\/\/centrala.org.uk\/pl\/wp-content\/uploads\/sites\/2\/2021\/04\/ToByla05-768x990.jpg 768w, https:\/\/centrala.org.uk\/pl\/wp-content\/uploads\/sites\/2\/2021\/04\/ToByla05-698x900.jpg 698w, https:\/\/centrala.org.uk\/pl\/wp-content\/uploads\/sites\/2\/2021\/04\/ToByla05-210x271.jpg 210w, https:\/\/centrala.org.uk\/pl\/wp-content\/uploads\/sites\/2\/2021\/04\/ToByla05-480x619.jpg 480w, https:\/\/centrala.org.uk\/pl\/wp-content\/uploads\/sites\/2\/2021\/04\/ToByla05.jpg 885w\" sizes=\"auto, (max-width: 220px) 100vw, 220px\" \/><\/a>\n\t\t\t<\/div><\/figure><figure class='gallery-item'>\n\t\t\t<div class='gallery-icon portrait'>\n\t\t\t\t<a href='https:\/\/centrala.org.uk\/pl\/?attachment_id=2162'><img loading=\"lazy\" decoding=\"async\" width=\"220\" height=\"284\" src=\"https:\/\/centrala.org.uk\/pl\/wp-content\/uploads\/sites\/2\/2021\/04\/ToByla06-220x284.jpg\" class=\"attachment-thumbnail size-thumbnail\" alt=\"\" srcset=\"https:\/\/centrala.org.uk\/pl\/wp-content\/uploads\/sites\/2\/2021\/04\/ToByla06-220x284.jpg 220w, https:\/\/centrala.org.uk\/pl\/wp-content\/uploads\/sites\/2\/2021\/04\/ToByla06-640x825.jpg 640w, https:\/\/centrala.org.uk\/pl\/wp-content\/uploads\/sites\/2\/2021\/04\/ToByla06-768x990.jpg 768w, https:\/\/centrala.org.uk\/pl\/wp-content\/uploads\/sites\/2\/2021\/04\/ToByla06-698x900.jpg 698w, https:\/\/centrala.org.uk\/pl\/wp-content\/uploads\/sites\/2\/2021\/04\/ToByla06-210x271.jpg 210w, https:\/\/centrala.org.uk\/pl\/wp-content\/uploads\/sites\/2\/2021\/04\/ToByla06-480x619.jpg 480w, https:\/\/centrala.org.uk\/pl\/wp-content\/uploads\/sites\/2\/2021\/04\/ToByla06.jpg 885w\" sizes=\"auto, (max-width: 220px) 100vw, 220px\" \/><\/a>\n\t\t\t<\/div><\/figure><figure class='gallery-item'>\n\t\t\t<div class='gallery-icon portrait'>\n\t\t\t\t<a href='https:\/\/centrala.org.uk\/pl\/?attachment_id=2163'><img loading=\"lazy\" decoding=\"async\" width=\"220\" height=\"284\" src=\"https:\/\/centrala.org.uk\/pl\/wp-content\/uploads\/sites\/2\/2021\/04\/ToByla07-220x284.jpg\" class=\"attachment-thumbnail size-thumbnail\" alt=\"\" srcset=\"https:\/\/centrala.org.uk\/pl\/wp-content\/uploads\/sites\/2\/2021\/04\/ToByla07-220x284.jpg 220w, https:\/\/centrala.org.uk\/pl\/wp-content\/uploads\/sites\/2\/2021\/04\/ToByla07-640x825.jpg 640w, https:\/\/centrala.org.uk\/pl\/wp-content\/uploads\/sites\/2\/2021\/04\/ToByla07-768x990.jpg 768w, https:\/\/centrala.org.uk\/pl\/wp-content\/uploads\/sites\/2\/2021\/04\/ToByla07-698x900.jpg 698w, https:\/\/centrala.org.uk\/pl\/wp-content\/uploads\/sites\/2\/2021\/04\/ToByla07-210x271.jpg 210w, https:\/\/centrala.org.uk\/pl\/wp-content\/uploads\/sites\/2\/2021\/04\/ToByla07-480x619.jpg 480w, https:\/\/centrala.org.uk\/pl\/wp-content\/uploads\/sites\/2\/2021\/04\/ToByla07.jpg 885w\" sizes=\"auto, (max-width: 220px) 100vw, 220px\" \/><\/a>\n\t\t\t<\/div><\/figure>\n\t\t<\/div>\n\n<p>Chodzi o nasza\u0328 Historie\u0328, Historie\u0328 Europy, to w Sarajewie zaczyna sie\u0328 XX wiek, wiek uprzemys\u0142owienia s\u0301mierci. \u201ePierwsza Wojna S\u0301wiatowa\u201d , wynalazek, kto\u0301ry najwyraz\u0301niej sie\u0328 spodoba\u0142: gazy otworzy\u0142y nowe horyzonty, przyczyni\u0142y sie\u0328 do powstania nowych idei, wszystko to by\u0142o bardzo \u201enowoczesne\u201d&#8230; Wszystkie te idee by\u0142y juz\u0307 dobrze zakorzenione u cz\u0142owieka z Cro-Magnon. To okrucien\u0301stwo, kto\u0301re cz\u0142owiek nosi w sobie. Tylko metody eksterminacji sta\u0142y sie\u0328 bardziej wyrafinowane i w tym wzgle\u0328dzie powinnis\u0301my chylic\u0301 czo\u0142a przed wojna\u0328 1914-1918!<\/p>\n<\/div>\n<\/div>\n<\/div>\n","protected":false},"excerpt":{"rendered":"<div class=\"page\" title=\"Page 66\">\n<div class=\"layoutArea\">\n<div class=\"column\">\n<p>Interesuje mnie wy\u0142a\u0328cznie cz\u0142owiek i jego cierpienia, i moje oburzenie jest ogromne&#8230;<\/p>\n<\/div>\n<\/div>\n<\/div>\n","protected":false},"featured_media":2156,"comment_status":"closed","ping_status":"closed","template":"","meta":{"_acf_changed":false},"product_brand":[],"product_cat":[27,47,32],"product_tag":[40,24,10029,10030],"series":[10112],"class_list":{"0":"post-2155","1":"product","2":"type-product","3":"status-publish","4":"has-post-thumbnail","6":"product_cat-powiesc-graficzna","7":"product_cat-dla-mlodziezy","8":"product_cat-komiks","9":"product_tag-francuskie","10":"product_tag-historia","11":"product_tag-i-wojna-swiatowa","12":"product_tag-wojenne","13":"series-zycie","15":"first","16":"instock","17":"shipping-taxable","18":"purchasable","19":"product-type-simple"},"acf":[],"_links":{"self":[{"href":"https:\/\/centrala.org.uk\/pl\/wp-json\/wp\/v2\/product\/2155","targetHints":{"allow":["GET"]}}],"collection":[{"href":"https:\/\/centrala.org.uk\/pl\/wp-json\/wp\/v2\/product"}],"about":[{"href":"https:\/\/centrala.org.uk\/pl\/wp-json\/wp\/v2\/types\/product"}],"replies":[{"embeddable":true,"href":"https:\/\/centrala.org.uk\/pl\/wp-json\/wp\/v2\/comments?post=2155"}],"wp:featuredmedia":[{"embeddable":true,"href":"https:\/\/centrala.org.uk\/pl\/wp-json\/wp\/v2\/media\/2156"}],"wp:attachment":[{"href":"https:\/\/centrala.org.uk\/pl\/wp-json\/wp\/v2\/media?parent=2155"}],"wp:term":[{"taxonomy":"product_brand","embeddable":true,"href":"https:\/\/centrala.org.uk\/pl\/wp-json\/wp\/v2\/product_brand?post=2155"},{"taxonomy":"product_cat","embeddable":true,"href":"https:\/\/centrala.org.uk\/pl\/wp-json\/wp\/v2\/product_cat?post=2155"},{"taxonomy":"product_tag","embeddable":true,"href":"https:\/\/centrala.org.uk\/pl\/wp-json\/wp\/v2\/product_tag?post=2155"},{"taxonomy":"series","embeddable":true,"href":"https:\/\/centrala.org.uk\/pl\/wp-json\/wp\/v2\/series?post=2155"}],"curies":[{"name":"wp","href":"https:\/\/api.w.org\/{rel}","templated":true}]}}